{"id":49,"date":"2018-09-17T10:38:24","date_gmt":"2018-09-17T10:38:24","guid":{"rendered":"https:\/\/cmu-edu.eu\/electromecanica\/?page_id=49"},"modified":"2025-11-20T10:18:36","modified_gmt":"2025-11-20T10:18:36","slug":"departamentul-stiinte-ingineresti-in-domeniul-mecanic","status":"publish","type":"page","link":"https:\/\/cmu-edu.eu\/electromecanica\/departamentul-stiinte-ingineresti-in-domeniul-mecanic\/","title":{"rendered":"Departamentul \u0218tiin\u021be Ingineresti \u00een Domeniul Mecanic \u0219i Mediu"},"content":{"rendered":"<table>\n<tbody>\n<tr>\n<td width=\"338\"><strong>NUME CADRU DIDACTIC<\/strong><\/td>\n<td width=\"321\"><strong>ADRESA E-MAIL INSTITU\u021aIONAL\u0102<\/strong><\/td>\n<\/tr>\n<tr>\n<td width=\"338\">Prof.dr.ing. Mariana PANAITESCU<\/td>\n<td width=\"321\"><a href=\"mailto:mariana.panaitescu@cmu-edu.eu\">mariana.panaitescu@cmu-edu.eu<\/a><\/td>\n<\/tr>\n<tr>\n<td width=\"338\">Prof.dr.ing. F\u0103nel-Viorel PANAITESCU<\/td>\n<td width=\"321\"><a href=\"mailto:viorel.panaitescu@cmu-edu.eu\">viorel.panaitescu@cmu-edu.eu<\/a><\/td>\n<\/tr>\n<tr>\n<td width=\"338\">Conf.dr.ing. Adrian SAB\u0102U<\/td>\n<td width=\"321\"><a href=\"mailto:adrian.sabau@cmu-edu.eu\">adrian.sabau@cmu-edu.eu<\/a><\/td>\n<\/tr>\n<tr>\n<td width=\"338\">Conf.dr-habil.ing. Liviu-Constantin STAN<\/td>\n<td width=\"321\"><a href=\"mailto:liviu.stan@cmu-edu.eu\">liviu.stan@cmu-edu.eu<\/a><\/td>\n<\/tr>\n<tr>\n<td width=\"338\">\u0218.l.dr.ing. C\u0103t\u0103lin FAIT\u0102R<\/td>\n<td width=\"321\"><a href=\"mailto:catalin.fatar@cmu-edu.eu\">catalin.faitar@cmu-edu.eu<\/a><\/td>\n<\/tr>\n<tr>\n<td width=\"338\">Lector dr. Simona GHI\u021a\u0102<\/td>\n<td width=\"321\"><a href=\"mailto:simona.ghita@cmu-edu.eu\">simona.ghita@cmu-edu.eu<\/a><\/td>\n<\/tr>\n<tr>\n<td width=\"338\">\u0218.l.dr.ing. Daniela Elena JUG\u0102NARU<\/td>\n<td width=\"321\"><a href=\"mailto:dana.mitu@cmu-edu.eu\">dana.mitu@cmu-edu.eu<\/a><\/td>\n<\/tr>\n<tr>\n<td width=\"338\">\u0218.l.dr.ing. Andrei Alexandru SCUPI<\/td>\n<td width=\"321\"><a href=\"mailto:andrei.scupi@cmu-edu.eu\">andrei.scupi@cmu-edu.eu<\/a><\/td>\n<\/tr>\n<tr>\n<td width=\"338\">\u0218.l.dr.ing. Ion \u0218ERB\u0102NESCU<\/td>\n<td width=\"321\"><a href=\"mailto:ion.serbanescu@cmu-edu.eu\">ion.serbanescu@cmu-edu.eu<\/a><\/td>\n<\/tr>\n<tr>\n<td width=\"338\">Lector dr. Mirela Iuliana \u0218UNDRI<\/td>\n<td width=\"321\"><a href=\"mailto:iuliana.sundri@cmu-edu.eu\">iuliana.sundri@cmu-edu.eu<\/a><\/td>\n<\/tr>\n<tr>\n<td width=\"338\">\u0218.l.dr.ing. Ionu\u021b VOICU<\/td>\n<td width=\"321\"><a href=\"mailto:ionut.voicu@cmu-edu.eu\">ionut.voicu@cmu-edu.eu<\/a><\/td>\n<\/tr>\n<tr>\n<td width=\"338\">&nbsp;<\/td>\n<td width=\"321\">&nbsp;<\/td>\n<\/tr>\n<tr>\n<td width=\"338\"><strong>Personal didactic auxiliar<\/strong><\/td>\n<td width=\"321\">&nbsp;<\/td>\n<\/tr>\n<tr>\n<td width=\"338\">Ing. Marcela APOSTOL<\/td>\n<td width=\"321\"><a href=\"mailto:marcela.apostol@cmu-edu.eu\">marcela.apostol@cmu-edu.eu<\/a><\/td>\n<\/tr>\n<tr>\n<td width=\"338\">Ing. Viorel GROZAVU<\/td>\n<td width=\"321\"><a href=\"mailto:viorel.gorzavu@cmu-edu.eu\">viorel.grozavu@cmu-edu.eu<\/a><\/td>\n<\/tr>\n<\/tbody>\n<\/table>\n<p><strong>Director Departament:<\/strong> \u0218.L. dr. ing. C\u0103t\u0103lin FAIT\u0102R<\/p>\n<p><strong>INGINER:<\/strong> Marcela Apostol<\/p>\n<p>E-Mail:\u00a0 <a href=\"mailto:departament.simm@cmu-edu.eu\">departament.simm@cmu-edu.eu<\/a><\/p>\n<p><span data-ogsc=\"\" data-olk-copy-source=\"MessageBody\">Baza Nautic\u0103,\u00a0<\/span>Str. Cuar\u021bului, nr. 2,\u00a0 Corp A, camera A105<\/p>\n","protected":false},"excerpt":{"rendered":"<p>NUME CADRU DIDACTIC ADRESA E-MAIL INSTITU\u021aIONAL\u0102 Prof.dr.ing. Mariana PANAITESCU mariana.panaitescu@cmu-edu.eu Prof.dr.ing. F\u0103nel-Viorel PANAITESCU viorel.panaitescu@cmu-edu.eu Conf.dr.ing. Adrian SAB\u0102U adrian.sabau@cmu-edu.eu Conf.dr-habil.ing. Liviu-Constantin STAN liviu.stan@cmu-edu.eu \u0218.l.dr.ing. C\u0103t\u0103lin FAIT\u0102R catalin.faitar@cmu-edu.eu Lector dr. Simona GHI\u021a\u0102 simona.ghita@cmu-edu.eu \u0218.l.dr.ing. Daniela Elena JUG\u0102NARU dana.mitu@cmu-edu.eu \u0218.l.dr.ing. Andrei Alexandru SCUPI andrei.scupi@cmu-edu.eu \u0218.l.dr.ing. Ion \u0218ERB\u0102NESCU ion.serbanescu@cmu-edu.eu Lector dr. Mirela Iuliana \u0218UNDRI iuliana.sundri@cmu-edu.eu \u0218.l.dr.ing. Ionu\u021b VOICU ionut.voicu@cmu-edu.eu [&hellip;]<\/p>\n","protected":false},"author":4,"featured_media":0,"parent":0,"menu_order":0,"comment_status":"closed","ping_status":"closed","template":"","meta":{"footnotes":""},"class_list":["post-49","page","type-page","status-publish","hentry"],"_links":{"self":[{"href":"https:\/\/cmu-edu.eu\/electromecanica\/wp-json\/wp\/v2\/pages\/49","targetHints":{"allow":["GET"]}}],"collection":[{"href":"https:\/\/cmu-edu.eu\/electromecanica\/wp-json\/wp\/v2\/pages"}],"about":[{"href":"https:\/\/cmu-edu.eu\/electromecanica\/wp-json\/wp\/v2\/types\/page"}],"author":[{"embeddable":true,"href":"https:\/\/cmu-edu.eu\/electromecanica\/wp-json\/wp\/v2\/users\/4"}],"replies":[{"embeddable":true,"href":"https:\/\/cmu-edu.eu\/electromecanica\/wp-json\/wp\/v2\/comments?post=49"}],"version-history":[{"count":11,"href":"https:\/\/cmu-edu.eu\/electromecanica\/wp-json\/wp\/v2\/pages\/49\/revisions"}],"predecessor-version":[{"id":1956,"href":"https:\/\/cmu-edu.eu\/electromecanica\/wp-json\/wp\/v2\/pages\/49\/revisions\/1956"}],"wp:attachment":[{"href":"https:\/\/cmu-edu.eu\/electromecanica\/wp-json\/wp\/v2\/media?parent=49"}],"curies":[{"name":"wp","href":"https:\/\/api.w.org\/{rel}","templated":true}]}}