{"id":55,"date":"2018-09-17T10:40:13","date_gmt":"2018-09-17T10:40:13","guid":{"rendered":"https:\/\/cmu-edu.eu\/electromecanica\/?page_id=55"},"modified":"2025-11-20T10:20:36","modified_gmt":"2025-11-20T10:20:36","slug":"departamentul-stiinte-ingineresti-in-domeniul-electric","status":"publish","type":"page","link":"https:\/\/cmu-edu.eu\/electromecanica\/departamentul-stiinte-ingineresti-in-domeniul-electric\/","title":{"rendered":"Departamentul \u0218tiin\u021be Ingineresti \u00een Domeniul Electric"},"content":{"rendered":"<table>\n<tbody>\n<tr>\n<td width=\"324\"><strong>NUME CADRU DIDACTIC<\/strong><\/td>\n<td width=\"324\"><strong>ADRESA E-MAIL INSTITU\u021aIONAL\u0102<\/strong><\/td>\n<\/tr>\n<tr>\n<td width=\"324\">Prof.dr.ing. Violeta-Vali CIUCUR<\/td>\n<td width=\"324\"><a href=\"mailto:violeta.ciucur@cmu-edu.eu\">violeta.ciucur@cmu-edu.eu<\/a><\/td>\n<\/tr>\n<tr>\n<td width=\"324\">Prof.dr-habil.ing. Bogdan HNATIUC<\/td>\n<td width=\"324\"><a href=\"mailto:bogdan.hnatiuc@cmu-edu.eu\">bogdan.hnatiuc@cmu-edu.eu<\/a><\/td>\n<\/tr>\n<tr>\n<td width=\"324\">Conf.dr.ing. Marian DORDESCU<\/td>\n<td width=\"324\"><a href=\"mailto:marian.dordescu@cmu-edu.eu\">marian.dordescu@cmu-edu.eu<\/a><\/td>\n<\/tr>\n<tr>\n<td width=\"324\">Conf.dr.ing. Ion OMOCEA<\/td>\n<td width=\"324\"><a href=\"mailto:ion.omocea@cmu-edu.eu\">ion.omocea@cmu-edu.eu<\/a><\/td>\n<\/tr>\n<tr>\n<td width=\"324\">Conf.dr.ing. Sorin-Robertino SINTEA<\/td>\n<td width=\"324\"><a href=\"mailto:sorin.sintea@cmu-edu.eu\">sorin.sintea@cmu-edu.eu<\/a><\/td>\n<\/tr>\n<tr>\n<td width=\"324\">\u015e.l.dr.ing. Ana DUMITRA\u0218CU<\/td>\n<td width=\"324\"><a href=\"mailto:ana.dumitrascu@cmu-edu.eu\">ana.dumitrascu@cmu-edu.eu<\/a><\/td>\n<\/tr>\n<tr>\n<td width=\"324\">\u015e.l.dr.ing. Carmen DUMITRESCU<\/td>\n<td width=\"324\"><a href=\"mailto:carmen.dumitrescu@cmu-edu.eu\">carmen.dumitrescu@cmu-edu.eu<\/a><\/td>\n<\/tr>\n<tr>\n<td width=\"324\">\u015e.l.dr.ing. Elena NEDELCU<\/td>\n<td width=\"324\"><a href=\"mailto:elena.nedelcu@cmu-edu.eu\">elena.nedelcu@cmu-edu.eu<\/a><\/td>\n<\/tr>\n<tr>\n<td width=\"324\">\u015e.l.dr.ing. Florin NICOLESCU<\/td>\n<td width=\"324\"><a href=\"mailto:florin.nicolescu@cmu-edu.eu\">florin.nicolescu@cmu-edu.eu<\/a><\/td>\n<\/tr>\n<tr>\n<td width=\"324\"><strong>Personal didactic auxiliar<\/strong><\/td>\n<td width=\"324\"><strong>Adresa e-mail institu\u021bional\u0103<\/strong><\/td>\n<\/tr>\n<tr>\n<td width=\"324\">Inginer Minodora BADEA<\/td>\n<td width=\"324\"><a href=\"mailto:minodora.badea@cmu-edu.eu\">minodora.badea@cmu-edu.eu<\/a><\/td>\n<\/tr>\n<\/tbody>\n<\/table>\n<p><strong>Director Departament:<\/strong> Conf.univ.dr.ing. DORDESCU MARIAN<\/p>\n<p><strong>Inginer:<\/strong> BADEA MINODORA<\/p>\n<p>Mail: <a href=\"mailto:departament.side@cmu-edu.eu\">departament.side@cmu-edu.eu<\/a><\/p>\n<p><span data-ogsc=\"\" data-olk-copy-source=\"MessageBody\">Baza Nautic\u0103,\u00a0<\/span>Str. Cuar\u021bului, nr. 2,\u00a0 Corp B, camera\u00a0B102<\/p>\n","protected":false},"excerpt":{"rendered":"<p>NUME CADRU DIDACTIC ADRESA E-MAIL INSTITU\u021aIONAL\u0102 Prof.dr.ing. Violeta-Vali CIUCUR violeta.ciucur@cmu-edu.eu Prof.dr-habil.ing. Bogdan HNATIUC bogdan.hnatiuc@cmu-edu.eu Conf.dr.ing. Marian DORDESCU marian.dordescu@cmu-edu.eu Conf.dr.ing. Ion OMOCEA ion.omocea@cmu-edu.eu Conf.dr.ing. Sorin-Robertino SINTEA sorin.sintea@cmu-edu.eu \u015e.l.dr.ing. Ana DUMITRA\u0218CU ana.dumitrascu@cmu-edu.eu \u015e.l.dr.ing. Carmen DUMITRESCU carmen.dumitrescu@cmu-edu.eu \u015e.l.dr.ing. Elena NEDELCU elena.nedelcu@cmu-edu.eu \u015e.l.dr.ing. Florin NICOLESCU florin.nicolescu@cmu-edu.eu Personal didactic auxiliar Adresa e-mail institu\u021bional\u0103 Inginer Minodora BADEA minodora.badea@cmu-edu.eu Director Departament: Conf.univ.dr.ing. [&hellip;]<\/p>\n","protected":false},"author":4,"featured_media":0,"parent":0,"menu_order":0,"comment_status":"closed","ping_status":"closed","template":"","meta":{"footnotes":""},"class_list":["post-55","page","type-page","status-publish","hentry"],"_links":{"self":[{"href":"https:\/\/cmu-edu.eu\/electromecanica\/wp-json\/wp\/v2\/pages\/55","targetHints":{"allow":["GET"]}}],"collection":[{"href":"https:\/\/cmu-edu.eu\/electromecanica\/wp-json\/wp\/v2\/pages"}],"about":[{"href":"https:\/\/cmu-edu.eu\/electromecanica\/wp-json\/wp\/v2\/types\/page"}],"author":[{"embeddable":true,"href":"https:\/\/cmu-edu.eu\/electromecanica\/wp-json\/wp\/v2\/users\/4"}],"replies":[{"embeddable":true,"href":"https:\/\/cmu-edu.eu\/electromecanica\/wp-json\/wp\/v2\/comments?post=55"}],"version-history":[{"count":8,"href":"https:\/\/cmu-edu.eu\/electromecanica\/wp-json\/wp\/v2\/pages\/55\/revisions"}],"predecessor-version":[{"id":1732,"href":"https:\/\/cmu-edu.eu\/electromecanica\/wp-json\/wp\/v2\/pages\/55\/revisions\/1732"}],"wp:attachment":[{"href":"https:\/\/cmu-edu.eu\/electromecanica\/wp-json\/wp\/v2\/media?parent=55"}],"curies":[{"name":"wp","href":"https:\/\/api.w.org\/{rel}","templated":true}]}}