{"id":65,"date":"2018-09-18T08:11:27","date_gmt":"2018-09-18T08:11:27","guid":{"rendered":"https:\/\/cmu-edu.eu\/electromecanica\/?page_id=65"},"modified":"2026-01-09T07:25:21","modified_gmt":"2026-01-09T07:25:21","slug":"doctorat","status":"publish","type":"page","link":"https:\/\/cmu-edu.eu\/electromecanica\/doctorat\/","title":{"rendered":"Doctorat"},"content":{"rendered":"<p><a class=\"zola\" href=\"https:\/\/cmu-edu.eu\/electromecanica\/wp-content\/uploads\/sites\/19\/2026\/01\/Programare-examene-doctorat.pdf\">Programare Examene Doctorat<\/a><br \/>\n<a class=\"animation-but\" href=\"https:\/\/cmu-edu.eu\/electromecanica\/doctorat\/admitere-doctorat\/\">Admitere Doctorat<\/a><\/p>\n<h2>Organizare Concurs Director CSUD<\/h2>\n<ul class=\"lista-doi\">\n<li style=\"list-style-type: none\">\n<ul class=\"lista-doi\">\n<li><a href=\"https:\/\/cmu-edu.eu\/electromecanica\/wp-content\/uploads\/sites\/19\/2025\/09\/decizia-165-din-22.09.2025.pdf\">Decizia 165 din 22.09.2025<\/a><\/li>\n<li><a href=\"https:\/\/cmu-edu.eu\/electromecanica\/wp-content\/uploads\/sites\/19\/2025\/07\/Calendar-concurs-director-CSUD.pdf\">Calendar concurs director CSUD<\/a><\/li>\n<li><a href=\"https:\/\/cmu-edu.eu\/electromecanica\/wp-content\/uploads\/sites\/19\/2025\/07\/Monitor-oficial.pdf\">Monitor oficial organizare concurs Director CSUD<\/a><\/li>\n<li><a href=\"https:\/\/cmu-edu.eu\/wp-content\/uploads\/2025\/07\/Metodologia-ocuparea-functiei-de-director-al-CSUD-al-IOSUD.pdf\">Metodologia ocuparea functiei de director al CSUD al IOSUD<\/a><\/li>\n<\/ul>\n<\/li>\n<\/ul>\n<p>&nbsp;<\/p>\n<div style=\"text-align: center; padding: 20px 0;\"><a class=\"button3\" href=\"https:\/\/cmu-edu.eu\/electromecanica\/wp-content\/uploads\/sites\/19\/2025\/05\/Aviz-SDIMM_Redacted.pdf\">Aviz ARACIS 2025<\/a><a class=\"button3\" href=\"https:\/\/cmu-edu.eu\/electromecanica\/wp-content\/uploads\/sites\/19\/2025\/06\/Monitorul-Oficial-Partea-I-nr.-529_Redacted.pdf\">Monitorul Oficial Partea I nr. 529<\/a><\/div>\n<div class=\"clearfix ap-row\"><div class=\"ap_column ap-span4\"><h2>Misiune si obiective<\/h2>\n<p>Misiunea Domeniului de studii de doctorat Inginerie Mecanic\u0103 este acela de promovare a unui \u00eenv\u0103\u021b\u0103m\u00e2nt tehnic superior de profil larg, flexibil, interactiv \u015fi continuu, conform cu exigen\u021bele \u00eenv\u0103\u021b\u0103m\u00e2ntului european \u0219i mondial, conserv\u00e2nd tradi\u021biile academice na\u021bionale.<\/p>\n<p><strong>Obiectivele programului de studii universitare de doctorat \u00een Inginerie Mecanic\u0103 vizeaz\u0103:<\/strong><\/p>\n<ul class=\"lista-doi\">\n<li>Preg\u0103tirea teoretic\u0103 \u0219i practic\u0103 pentru realizarea unui program de cercetare \u0219tiin\u021bific\u0103 fundamental\u0103 \u0219i aplicativ\u0103, specific\u0103 domeniului inginerie naval\u0103 \u0219i celor\u00a0 conexe compatibile cu cerin\u021belor \u0219i necesit\u0103\u021bilor contemporane, folosind \u00eentregul poten\u021bial creator al conduc\u0103torilor de doctorat \u0219i a altor cadre didactice, masteranzilor \u015fi doctoranzilor, dar \u0219i a speciali\u0219tilor consacra\u021bi \u00een acest domeniu.<\/li>\n<li>Extinderea procesului formativ al speciali\u0219tilor ingineri din domeniul inginerie mecanic\u0103 \u0219i nu numai, din perspectiva conferirii capabilit\u0103\u021bii tehnico-economice \u015fi manageriale necesare pentru abordarea cercet\u0103rii, proiect\u0103rii \u015fi realiz\u0103rii sistemelor \u015fi echipamentelor specifice industriei de construc\u021bii \u0219i de exploatare a navelor fluviale, maritime \u0219i offshore c\u00e2t \u0219i a industriei transportului maritim supuse criteriilor europene, respectiv mondiale, de certificare calitativ\u0103. Ini\u021bierea de programe de cercetare \u0219tiin\u021bific\u0103 fundamental\u0103 \u015fi aplicativ\u0103, specific\u0103 domeniului Inginerie mecanic\u0103 \u015fi celor conexe, compatibile cu cerin\u021bele \u015fi necesit\u0103\u021bile contemporane, folosind \u00eentregul poten\u021bial creator al cadrelor didactice, masteranzilor \u015fi studen\u021bilor doctoranzi, dar \u015fi a speciali\u0219tilor consacra\u021bi \u00een acest domeniu de mare c\u0103utare \u015fi cu o perspectiv\u0103 din ce \u00een ce mai bun\u0103 \u00een Rom\u00e2nia, prin prisma studen\u021bilor str\u0103ini care vin s\u0103 studieze \u00een Universitatea Maritim\u0103 din Constan\u021ba.<\/li>\n<\/ul><\/div>\n<div class=\"ap_column ap-span2\"><h2>Direc\u021bii de cercetare<\/h2>\n<p>\u0218coala Doctoral\u0103 de Inginerie Mecanic\u0103 \u0219i Mecatronic\u0103 ofer\u0103 doctoranzilor \u00eendrumare \u00een urm\u0103toarele direc\u021bii de cercetare:<\/p>\n<ul class=\"lista-doi\" style=\"color: #1560a6;\">\n<li>Dinamica sistemelor de propulsie naval\u0103<\/li>\n<li>Precese termogazodinamice din motoarele cu ardere intern\u0103<\/li>\n<li>Poluarea atmosferic\u0103 produs\u0103 de motoarele cu ardere intern\u0103<\/li>\n<li>Algoritmi moderni \u00een abord\u0103rile inter-domenii<\/li>\n<li>Metode flexibile de interfa\u021bare a studiilor in modelarea hibrida<\/li>\n<li>Cercetarea experimental\u0103 a deforma\u021biilor\/tensiunilor mecanice din structurile folosite \u00een inginerie<\/li>\n<li>Elemente de proiectare automat\u0103 a structurilor folosite \u00een inginerie<\/li>\n<li>Elemente de inteligen\u021b\u0103 artificial\u0103 aplicate \u00een ingineria mecanic\u0103<\/li>\n<\/ul><\/div><\/div>\n<p><hr class=\"ap-spacing\" style=\"height:20px\"\/><br \/>\n<a class=\"but1\" href=\"https:\/\/cmu-edu.eu\/electromecanica\/wp-content\/uploads\/sites\/19\/2025\/03\/Strategia-cercetarii-stiintifice-a-Facultatii-de-Electromecanica-Navala.pdf\">Strategia cercet\u0103rii \u0219tiin\u021bifice a Facult\u0103\u021bii de Electromecanic\u0103 Naval\u0103<\/a><\/p>\n<hr class=\"ap-spacing\" style=\"height:20px\"\/>\n<div style=\"background-color: #fff; padding: 10px;\">\n<h1 style=\"padding-bottom: 30px; text-align: center; font-weight: bold;\">Programul de preg\u0103tire<\/h1>\n<p><strong>Programul de doctorat se desf\u0103\u0219oar\u0103 sub coordonarea unui conduc\u0103tor de doctorat \u0219i include \u00a0parcurgerea a dou\u0103 etape specifice:<\/strong><\/p>\n<ul class=\"lista-doi\">\n<li>Program de preg\u0103tire bazat pe studii universitare avansate (2 semestre, 60 credite)<\/li>\n<li>Program de cercetare \u0219tiin\u021bific\u0103\u00a0(6\u00a0semestre)<\/li>\n<\/ul>\n<p><strong><br \/>\nProgramul de preg\u0103tire universitar\u0103 avansat\u0103<\/strong> se desf\u0103\u0219oar\u0103 conform planului de \u00eenv\u0103\u021b\u0103m\u00e2nt (<span class=\"x__Entity x__EType_OWALink x__EId_OWALink_2 x__EReadonly_1\" data-ogsc=\"\"><a id=\"OLK_Beautified_0c81d24f-bfff-cb6b-7ff5-adf97638ce0e\" class=\"x_OWAAutoLink x_eScj0 x_none\" title=\"Original URL: https:\/\/univmaritima-my.sharepoint.com\/:b:\/g\/personal\/calitate_cmu-edu_eu\/EQ55coSMGVpIjgQduB8lbAgBzJg-BOEriKnrb0lei2RvfQ. Click or tap if you trust this link.\" href=\"https:\/\/cmu-edu.eu\/electromecanica\/wp-content\/uploads\/sites\/19\/2025\/03\/plan-invatamant-dr.pdf\" data-loopstyle=\"linkonly\" data-ogsc=\"\" data-auth=\"NotApplicable\" data-linkindex=\"3\" data-ogsb=\"rgb(243, 242, 241)\">descarc\u0103<\/a><\/span>) \u0219i cuprinde discipline obligatorii \u015fi discipline la alegere relevante pentru preg\u0103tirea \u00een cercetarea \u0219tiin\u021bific\u0103 \u00een domeniul de doctorat Inginerie Mecanic\u0103.<strong><br \/>\n<\/strong><\/p>\n<p><strong>Programul de cercetare \u015ftiin\u0163ific\u0103<\/strong> se realizeaz\u0103 sub \u00eendrumarea conduc\u0103torului de doctorat \u015fi a comisiei de \u00eendrumare \u0219i presupune participarea studentului-doctorand \u00een proiecte \u0219tiin\u021bifice, dezbateri \u0219tiin\u021bifice, conferin\u021be, workshopuri. La finele fiec\u0103rui an de studiu, doctoranzii vor prezenta Rapoarte de activitate \u0219tiin\u021bific\u0103, ce vor cuprinde rezultatele cercet\u0103rii \u0219tiin\u021bifice proprii (3 astfel de Rapoarte de activitate).<\/p>\n<p>Criteriile minimale pentru rapoartele de activitate \u0219tiin\u021bific\u0103 \u0219i pentru sus\u021binerea public\u0103 a tezei de doctorat sunt stabilite de c\u0103tre Consiliul Scolii Doctorale \u0219i incluse \u00een Regulamentul de organizare studii de doctorat.<\/p>\n<hr class=\"ap-spacing\" style=\"height:20px\"\/>\n<h3>Lista disciplinelor din planul de \u00eenv\u0103\u021b\u0103m\u00e2nt Inginerie Mecanic\u0103<\/h3>\n<ul class=\"lista-doi\">\n<li><a href=\"https:\/\/cmu-edu.eu\/electromecanica\/wp-content\/uploads\/sites\/19\/2025\/03\/Anexa-II.63.-FD-MPCEN.pdf\">Managementul proiectelor de cercetare experimental\u0103 naval\u0103<\/a><\/li>\n<li><a href=\"https:\/\/cmu-edu.eu\/electromecanica\/wp-content\/uploads\/sites\/19\/2025\/03\/Anexa-II.64.-FD-MMNDSPN.pdf\">Modelarea \u0219i simularea numeric\u0103 a dinamicii sistemelor de propulsie naval\u0103<\/a><\/li>\n<li><a href=\"https:\/\/cmu-edu.eu\/electromecanica\/wp-content\/uploads\/sites\/19\/2025\/03\/Anexa-II.65.-FD-MNFTMMINSNSA.pdf\">Modelarea numeric\u0103 a fenomenelor termogazodinamice, mecanice, a ma\u0219inilor, instala\u021biilor navale \u0219i sistemelor auxiliare ale acestora<\/a><\/li>\n<li><a href=\"https:\/\/cmu-edu.eu\/electromecanica\/wp-content\/uploads\/sites\/19\/2025\/03\/Anexa-II.66.-FD-MMOARFEM.pdf\">Modele multicriteriale \u0219i de optimizare pentru analiza riscului \u0219i a fiabilit\u0103\u021bii echipamentelor mecanice<\/a><\/li>\n<li><a href=\"https:\/\/cmu-edu.eu\/electromecanica\/wp-content\/uploads\/sites\/19\/2025\/03\/Anexa-II.68.-FD_Modelare-hibrida.pdf\">Modelare hibrid\u0103 &#8211; concepte avansate \u0219i dezvoltarea de instrumente software originale<\/a><\/li>\n<li><a href=\"https:\/\/cmu-edu.eu\/electromecanica\/wp-content\/uploads\/sites\/19\/2025\/03\/Anexa-II.69.-FD-Metodologia-Cercetarii.pdf\">Metodologia cercet\u0103rii<\/a><\/li>\n<li><a href=\"https:\/\/cmu-edu.eu\/electromecanica\/wp-content\/uploads\/sites\/19\/2025\/03\/Anexa-II.70.-FD-Complemente-de-matematici-speciale.pdf\">Complemente de matematici speciale<\/a><\/li>\n<li><a href=\"https:\/\/cmu-edu.eu\/electromecanica\/wp-content\/uploads\/sites\/19\/2025\/03\/Anexa-II.67.-FD-Etica-si-integritate-academica.pdf\">Etic\u0103 \u0219i integritate academic\u0103<\/a><\/li>\n<\/ul>\n<\/div>\n<div style=\"padding: 40px 10px 10px; text-align: center; margin-top: 40px;\">\n<h1 style=\"padding-bottom: 30px;\">Conduc\u0103torii de doctorat \u00een domeniul Inginerie Mecanic\u0103<\/h1>\n<div style=\"margin: 20px auto; display: flex; align-items: center; justify-content: space-evenly; border-bottom: 2px solid gray; padding: 10px;\">\n<div style=\"display: flex; flex-direction: column;\">\n<h3><strong>Prof.univ.dr.ing. Nicolae Buzbuchi<\/strong><\/h3>\n<p><strong><a href=\"https:\/\/cmu-edu.eu\/electromecanica\/wp-content\/uploads\/sites\/19\/2025\/03\/CV_Buzbuchi-Nicolae.pdf\">Vezi Curriculum Vitae<\/a><\/strong><br \/>\n<em>Email:<a style=\"margin: 10px;\" href=\"mailto:nicolae.buzbuchi@cmu-edu.eu\">nicolae.buzbuchi@cmu-edu.eu<\/a><\/em><\/p>\n<\/div>\n<\/div>\n<div style=\"margin: 20px auto; display: flex; align-items: center; justify-content: space-evenly; border-bottom: 2px solid gray; padding: 10px;\">\n<div style=\"display: flex; flex-direction: column;\">\n<h3><strong>Prof.univ.dr.ing. Emil Oan\u021b\u0103<\/strong><\/h3>\n<p><strong><a href=\"https:\/\/cmu-edu.eu\/electromecanica\/wp-content\/uploads\/sites\/19\/2025\/03\/CV_Oanta-Emil.pdf\">Vezi Curriculum Vitae<\/a><\/strong><br \/>\n<em>Email: <a style=\"margin: 10px;\" href=\"mailto:emil.oanta@cmu-edu.eu\">emil.oanta@cmu-edu.eu<\/a><\/em><\/p>\n<\/div>\n<\/div>\n<div style=\"margin: 20px auto; display: flex; align-items: center; justify-content: space-evenly; border-bottom: 2px solid gray; padding: 10px;\">\n<div style=\"display: flex; flex-direction: column;\">\n<h3><strong>Conf.univ.dr.ing. Liviu-Constantin Stan<\/strong><\/h3>\n<p><strong><a href=\"https:\/\/cmu-edu.eu\/electromecanica\/wp-content\/uploads\/sites\/19\/2025\/03\/CV_-Stan-Liviu.pdf\">Vezi Curriculum Vitae<\/a><\/strong><br \/>\n<em>Email: <a style=\"margin: 10px;\" href=\"mailto:liviu.stan@cmu-edu.eu\">liviu.stan@cmu-edu.eu<\/a><\/em><\/p>\n<\/div>\n<\/div>\n<\/div>\n<h3>Regulamente\/Metodologii<\/h3>\n<ul class=\"lista-doi\">\n<li><a href=\"https:\/\/cmu-edu.eu\/wp-content\/uploads\/2025\/06\/05.G.-Met-org-desf-concursului-de-admitere-la-doctorat-2025.pdf\">Metodologie privind organizarea \u0219i desf\u0103\u0219urarea concursului de admitere la doctorat<\/a><\/li>\n<li><a href=\"https:\/\/cmu-edu.eu\/wp-content\/uploads\/2025\/10\/02.G.-Reg-org-si-desf-stud-univ-de-doctorat-in-UMC.pdf\">Regulament organizare \u015fi desf\u0103\u0219urare studii univ de doctorat \u00een UMC<\/a><\/li>\n<li><a href=\"https:\/\/cmu-edu.eu\/wp-content\/uploads\/2025\/10\/03.G.-Metodologie-finalizare-a-studiilor-universitare-de-doctorat.pdf\">Metodologie finalizare a studiilor universitare de doctorat<\/a><\/li>\n<li><a href=\"https:\/\/cmu-edu.eu\/wp-content\/uploads\/2025\/01\/Regulament-de-functionare-a-Scolii-Doctorale-Inginerie-Mecanica-si-Mecatronica_Redacted.pdf\">Regulament de func\u021bionare a \u0218colii Doctorale Inginerie Mecanic\u0103 \u0219i Mecatronic\u0103<\/a><\/li>\n<li><a href=\"https:\/\/cmu-edu.eu\/wp-content\/uploads\/2025\/06\/Metodologie-organizare-a-alegerilor-si-desemnarea-conducerii-SD-IMM.pdf\">Metodologie organizare a alegerilor \u0219i desemnarea conducerii \u0218colii Doctorale Inginerie Mecanic\u0103 \u0219i Mecatronic\u0103<\/a><\/li>\n<li><a href=\"https:\/\/cmu-edu.eu\/wp-content\/uploads\/2025\/07\/Metodologia-ocuparea-functiei-de-director-al-CSUD-al-IOSUD.pdf\">Metodologia ocuparea functiei de director al CSUD al IOSUD<\/a><\/li>\n<li><a href=\"https:\/\/cmu-edu.eu\/wp-content\/uploads\/2025\/10\/07.G.-Reg-abilitarea-si-acordarea-calitatii-de-conducator-de-doctorat-in-UMC.pdf\">Regulamentul abilitarea \u0219i acordarea calit\u0103\u021bii de conduc\u0103tor de doctorat \u00een UMC<\/a><\/li>\n<li><a href=\"https:\/\/cmu-edu.eu\/wp-content\/uploads\/2025\/01\/Metodologie-privind-recunoasterea-automata-a-calitatii-de-conducator-de-doctorat_Redacted.pdf\">Metodologie privind recunoa\u0219terea automat\u0103 a calit\u0103\u021bii de conduc\u0103tor de doctorat<\/a><\/li>\n<li><a href=\"https:\/\/cmu-edu.eu\/wp-content\/uploads\/2025\/10\/09.G.-ROF-Consiliului-pentru-Studii-universitare-de-doctorat.pdf\">ROF Consiliului pentru Studii universitare de doctorat<\/a><\/li>\n<li><a href=\"https:\/\/cmu-edu.eu\/electromecanica\/wp-content\/uploads\/sites\/19\/2025\/03\/Standardele-de-elaborare-a-tezei-de-doctorat.pdf\">Standardele de elaborare a tezei de doctorat<\/a><\/li>\n<li><a href=\"https:\/\/cmu-edu.eu\/electromecanica\/wp-content\/uploads\/sites\/19\/2025\/03\/Procedura-de-pregatire-si-sustinere-publica-a-tezei.pdf\">Procedura de preg\u0103tire\u00a0\u0219i sus\u0163inere public\u0103 a tezei<\/a><\/li>\n<\/ul>\n<div style=\"background-color: #ffffff; padding: 10px; margin: 10px;\">\n<h3>Doctoranzi<\/h3>\n<p>Lista doctoranzilor din domeniu<br \/>\nRezumatele tezelor de doctorat<\/p>\n<\/div>\n<p><a href=\"https:\/\/cmu-edu.eu\/electromecanica\/doctorat-old\/\">Arhiv\u0103 \u0218coala Doctoral\u0103 Inginerie Mecanic\u0103 \u0219i Mecatronic\u0103<\/a><\/p>\n","protected":false},"excerpt":{"rendered":"<p>Programare Examene Doctorat Admitere Doctorat Organizare Concurs Director CSUD Decizia 165 din 22.09.2025 Calendar concurs director CSUD Monitor oficial organizare concurs Director CSUD Metodologia ocuparea functiei de director al CSUD al IOSUD &nbsp; Aviz ARACIS 2025Monitorul Oficial Partea I nr. 529 Strategia cercet\u0103rii \u0219tiin\u021bifice a Facult\u0103\u021bii de Electromecanic\u0103 Naval\u0103 Programul de preg\u0103tire Programul de doctorat [&hellip;]<\/p>\n","protected":false},"author":4,"featured_media":0,"parent":0,"menu_order":0,"comment_status":"closed","ping_status":"closed","template":"","meta":{"footnotes":""},"class_list":["post-65","page","type-page","status-publish","hentry"],"_links":{"self":[{"href":"https:\/\/cmu-edu.eu\/electromecanica\/wp-json\/wp\/v2\/pages\/65","targetHints":{"allow":["GET"]}}],"collection":[{"href":"https:\/\/cmu-edu.eu\/electromecanica\/wp-json\/wp\/v2\/pages"}],"about":[{"href":"https:\/\/cmu-edu.eu\/electromecanica\/wp-json\/wp\/v2\/types\/page"}],"author":[{"embeddable":true,"href":"https:\/\/cmu-edu.eu\/electromecanica\/wp-json\/wp\/v2\/users\/4"}],"replies":[{"embeddable":true,"href":"https:\/\/cmu-edu.eu\/electromecanica\/wp-json\/wp\/v2\/comments?post=65"}],"version-history":[{"count":76,"href":"https:\/\/cmu-edu.eu\/electromecanica\/wp-json\/wp\/v2\/pages\/65\/revisions"}],"predecessor-version":[{"id":2012,"href":"https:\/\/cmu-edu.eu\/electromecanica\/wp-json\/wp\/v2\/pages\/65\/revisions\/2012"}],"wp:attachment":[{"href":"https:\/\/cmu-edu.eu\/electromecanica\/wp-json\/wp\/v2\/media?parent=65"}],"curies":[{"name":"wp","href":"https:\/\/api.w.org\/{rel}","templated":true}]}}