{"id":650,"date":"2020-06-02T08:59:46","date_gmt":"2020-06-02T08:59:46","guid":{"rendered":"https:\/\/cmu-edu.eu\/electromecanica\/?page_id=650"},"modified":"2026-01-26T09:48:51","modified_gmt":"2026-01-26T09:48:51","slug":"consiliul-facultatii-de-electromecanica-navala","status":"publish","type":"page","link":"https:\/\/cmu-edu.eu\/electromecanica\/despre-facultate\/consiliul-facultatii-de-electromecanica-navala\/","title":{"rendered":"Consiliul Facult\u0103\u021bii de Electromecanic\u0103 Naval\u0103"},"content":{"rendered":"<table width=\"92%\">\n<tbody>\n<tr>\n<td width=\"58%\"><strong>\u00a0\u00a0\u00a0\u00a0 Functia\/Catedra<\/strong><\/td>\n<td width=\"41%\"><strong>\u00a0Numele si prenumele<\/strong><\/td>\n<\/tr>\n<tr>\n<td width=\"58%\">DECAN<\/td>\n<td width=\"41%\">Conf.dr-habil.ing. Liviu-Constantin STAN<\/td>\n<\/tr>\n<tr>\n<td width=\"58%\">Director Departament Stiinte Generale Inginere\u015fti<\/td>\n<td width=\"41%\">Conf.dr.ing. Alexandra RAICU<\/td>\n<\/tr>\n<tr>\n<td width=\"58%\">Departament \u015etiinte Generale Inginere\u015fti<\/td>\n<td width=\"41%\">Prof.dr.ing.\u00a0 Remus Z\u0102GAN<\/td>\n<\/tr>\n<tr>\n<td width=\"58%\">Departament \u015etiinte Generale Inginere\u015fti<\/td>\n<td width=\"41%\">Conf.dr.ing. Mihaela Lumini\u021ba B\u0102RH\u0102LESCU<\/td>\n<\/tr>\n<tr>\n<td width=\"58%\">Departament \u015etiinte Generale Inginere\u015fti<\/td>\n<td width=\"41%\">Conf.dr.ing. Dumitru DELEANU<\/td>\n<\/tr>\n<tr>\n<td width=\"58%\">Departament \u015etiinte Generale Inginere\u015fti<\/td>\n<td width=\"41%\">Conf.dr.ing. Feiza Sucuran MEMET<\/td>\n<\/tr>\n<tr>\n<td width=\"58%\">Director Departament \u015etiinte Inginere\u015fti \u00een Domeniul Mecanic \u015fi Mediu<\/td>\n<td width=\"41%\">S.l.dr.ing.C\u0103t\u0103lin FAIT\u0102R<\/td>\n<\/tr>\n<tr>\n<td width=\"58%\">Departament \u015etiinte Inginere\u015fti \u00een Domeniul Mecanic \u015fi Mediu<\/td>\n<td width=\"41%\">Prof.dr.ing. Mariana PANAITESCU<\/td>\n<\/tr>\n<tr>\n<td width=\"58%\">Departament \u015etiinte Inginere\u015fti \u00een Domeniul Mecanic \u015fi Mediu<\/td>\n<td width=\"41%\">Prof.dr.ing. Viorel F\u0103nel \u00a0PANAITESCU<\/td>\n<\/tr>\n<tr>\n<td width=\"58%\">Departament \u015etiinte Inginere\u015fti \u00een Domeniul Mecanic \u015fi Mediu<\/td>\n<td width=\"41%\">Lector dr. Simona GHI\u021a\u0102<\/td>\n<\/tr>\n<tr>\n<td width=\"58%\">Director Departament \u015etiinte Inginere\u015fti \u00een Domeniul Electric<\/td>\n<td width=\"41%\">Conf.dr.ing. Marian DORDESCU<\/td>\n<\/tr>\n<tr>\n<td width=\"58%\">Departament \u015etiinte Inginere\u015fti \u00een Domeniul Electric<\/td>\n<td width=\"41%\">Prof.dr.ing. Violeta CIUCUR<\/td>\n<\/tr>\n<tr>\n<td width=\"58%\">Departament \u015etiinte Inginere\u015fti \u00een Domeniul Electric<\/td>\n<td width=\"41%\">Conf.dr.ing. Sorin-Robertino SINTEA<\/td>\n<\/tr>\n<tr>\n<td width=\"58%\">Departament \u015etiinte Inginere\u015fti \u00een Domeniul Electric<\/td>\n<td width=\"41%\">Conf.dr.ing. Ion OMOCEA<\/td>\n<\/tr>\n<tr>\n<td width=\"58%\">Departament de Electronic\u0103 \u015fi Telecomunica\u0163ii<\/td>\n<td width=\"41%\">Conf.dr.ing. Mihaela HNATIUC<\/td>\n<\/tr>\n<tr>\n<td width=\"58%\">Departament de Electronic\u0103 \u015fi Telecomunica\u0163ii<\/td>\n<td width=\"41%\">Conf.dr.ing. Alin D\u0102NI\u0218OR<\/td>\n<\/tr>\n<tr>\n<td width=\"58%\">Departament de Electronic\u0103 \u015fi Telecomunica\u0163ii<\/td>\n<td width=\"41%\">Conf.dr.ing. Mirel-Ciprian P\u0102UN<\/td>\n<\/tr>\n<tr>\n<td width=\"58%\">Student<\/td>\n<td width=\"41%\">BACIU Daniel<\/td>\n<\/tr>\n<tr>\n<td width=\"58%\">Student<\/td>\n<td width=\"41%\">BILENCU Maria<\/td>\n<\/tr>\n<tr>\n<td width=\"58%\">Student<\/td>\n<td width=\"41%\">\u021aUGUI Bianca Maria<\/td>\n<\/tr>\n<tr>\n<td width=\"58%\">Student<\/td>\n<td width=\"41%\">SULTAN Rare\u0219 Marian<\/td>\n<\/tr>\n<tr>\n<td width=\"58%\">Student<\/td>\n<td width=\"41%\">STOIAN Irina Emilia<\/td>\n<\/tr>\n<tr>\n<td width=\"58%\">Student<\/td>\n<td width=\"41%\">V\u00ceNT C\u0103t\u0103lin Alex<\/td>\n<\/tr>\n<\/tbody>\n<\/table>\n<p><a class=\"OrangeBut\" href=\"https:\/\/cmu-edu.eu\/wp-content\/uploads\/2020\/01\/Regulament-de-organizare-%C8%99i-func%C8%9Bionare-Consiliul-Facult%C4%83%C8%9Bii.pdf\">Regulament de organizare \u0219i func\u021bionare Consiliul Facult\u0103\u021bii<\/a><\/p>\n","protected":false},"excerpt":{"rendered":"<p>\u00a0\u00a0\u00a0\u00a0 Functia\/Catedra \u00a0Numele si prenumele DECAN Conf.dr-habil.ing. Liviu-Constantin STAN Director Departament Stiinte Generale Inginere\u015fti Conf.dr.ing. Alexandra RAICU Departament \u015etiinte Generale Inginere\u015fti Prof.dr.ing.\u00a0 Remus Z\u0102GAN Departament \u015etiinte Generale Inginere\u015fti Conf.dr.ing. Mihaela Lumini\u021ba B\u0102RH\u0102LESCU Departament \u015etiinte Generale Inginere\u015fti Conf.dr.ing. Dumitru DELEANU Departament \u015etiinte Generale Inginere\u015fti Conf.dr.ing. Feiza Sucuran MEMET Director Departament \u015etiinte Inginere\u015fti \u00een Domeniul Mecanic \u015fi [&hellip;]<\/p>\n","protected":false},"author":4,"featured_media":0,"parent":7,"menu_order":0,"comment_status":"closed","ping_status":"closed","template":"","meta":{"footnotes":""},"class_list":["post-650","page","type-page","status-publish","hentry"],"_links":{"self":[{"href":"https:\/\/cmu-edu.eu\/electromecanica\/wp-json\/wp\/v2\/pages\/650","targetHints":{"allow":["GET"]}}],"collection":[{"href":"https:\/\/cmu-edu.eu\/electromecanica\/wp-json\/wp\/v2\/pages"}],"about":[{"href":"https:\/\/cmu-edu.eu\/electromecanica\/wp-json\/wp\/v2\/types\/page"}],"author":[{"embeddable":true,"href":"https:\/\/cmu-edu.eu\/electromecanica\/wp-json\/wp\/v2\/users\/4"}],"replies":[{"embeddable":true,"href":"https:\/\/cmu-edu.eu\/electromecanica\/wp-json\/wp\/v2\/comments?post=650"}],"version-history":[{"count":8,"href":"https:\/\/cmu-edu.eu\/electromecanica\/wp-json\/wp\/v2\/pages\/650\/revisions"}],"predecessor-version":[{"id":2013,"href":"https:\/\/cmu-edu.eu\/electromecanica\/wp-json\/wp\/v2\/pages\/650\/revisions\/2013"}],"up":[{"embeddable":true,"href":"https:\/\/cmu-edu.eu\/electromecanica\/wp-json\/wp\/v2\/pages\/7"}],"wp:attachment":[{"href":"https:\/\/cmu-edu.eu\/electromecanica\/wp-json\/wp\/v2\/media?parent=650"}],"curies":[{"name":"wp","href":"https:\/\/api.w.org\/{rel}","templated":true}]}}