{"id":7,"date":"2018-09-17T09:01:02","date_gmt":"2018-09-17T09:01:02","guid":{"rendered":"https:\/\/cmu-edu.eu\/electromecanica\/?page_id=7"},"modified":"2026-02-16T07:42:40","modified_gmt":"2026-02-16T07:42:40","slug":"despre-facultate","status":"publish","type":"page","link":"https:\/\/cmu-edu.eu\/electromecanica\/despre-facultate\/","title":{"rendered":"Despre Facultate"},"content":{"rendered":"<p>Preg\u0103tirea unor ingineri in domeniile Inginerie marin\u0103 \u0219i naviga\u021bie, Inginerie electric\u0103, Ingineria mediului \u0219i Inginerie Electronic\u0103 \u00een conformitate cu programelor de studii.<br \/>\nOrganizarea \u00eenv\u0103\u0163\u0103m\u00e2ntului \u015fi cercet\u0103rii \u00een acord cu Declara\u0163ia de la Bologna, fiecare ciclu asigur\u00e2nd absolven\u0163ilor competen\u0163e \u015fi abilit\u0103\u0163i specifice, m\u0103surabile \u015fi validate prin diploma eliberat\u0103.<br \/>\n<div class=\"clearfix ap-row\"><div class=\"ap_column ap-span4\"><h2>Conducerea Facult\u0103\u021bii de Electromecanic\u0103<\/h2>\n<p>&nbsp;<\/p>\n<ul class=\"lista-doi\">\n<li>Conf.univ.dr-habil.ing. Liviu-Constantin STAN \u2013 <strong>Decanul Facult\u0103\u021bii<\/strong><\/li>\n<li>Telefon: 0241\/66.47.40 int. 107<\/li>\n<li>Fax: 0241\/61.72.60<\/li>\n<li>e-mail: <a href=\"mailto:decanat@cmu-edu.eu\">decanat@cmu-edu.eu<\/a><\/li>\n<li><strong>Program audien\u0163e \u2013 Mar\u021bi\u00a0 11:00 \u2013 13:00<\/strong><\/li>\n<li><strong>Program audien\u0163e sediu Lac Mamaia \u2013 Luni 11:00 \u2013 13:00, sala A106<\/strong><\/li>\n<\/ul>\n<p>&nbsp;<\/p>\n<ul class=\"lista-doi\">\n<li>Conf.univ.dr.ing. Mihaela-Lumini\u021ba B\u0102RH\u0102LESCU \u2013 <strong>Prodecanul Facult\u0103\u021bii<\/strong><\/li>\n<li>Telefon: 0241\/66.47.40 int 107<\/li>\n<li>Fax: 0241\/61.72.60<\/li>\n<li>e-mail: <a href=\"mailto:decanat@cmu-edu.eu\">decanat@cmu-edu.eu<\/a><\/li>\n<li><strong>Program audien\u0163e \u2013 Miercuri 11:00 \u2013 13:00<\/strong><\/li>\n<li><strong>Program audien\u0163e sediu Lac Mamaia \u2013<\/strong> <strong>Joi 10:00 \u2013 15:00, sala A106<\/strong><\/li>\n<\/ul><\/div>\n<div class=\"ap_column ap-span2\"><h2>Decanat Program cu publicul<\/h2>\n<ul class=\"lista-doi\">\n<li>Luni: 12:00 \u2013 14:00<\/li>\n<li>Mar\u021bi: 12:00 \u2013 14:00<\/li>\n<li>Mirercuri: 12:00 \u2013 14:00<\/li>\n<li>Joi: 12:00 \u2013 14:00<\/li>\n<li>Vineri: 12:00 \u2013 14:00<\/li>\n<\/ul><\/div><\/div><br \/>\n<div class=\"divider\" style=\"margin-top:2px; margin-bottom:20px; border-top:1px solid #CCCCCC;width:100%\"\/><\/div><br \/>\n<a href=\"https:\/\/cmu-edu.eu\/electromecanica\/despre-facultate\/consiliul-facultatii-de-electromecanica-navala\/\"><span style=\"font-size: 18px;\"><strong>Consiliul Facult\u0103\u021bii de Electromecanic\u0103 Naval\u0103<\/strong><\/span><\/a><br \/>\n<div class=\"divider\" style=\"margin-top:2px; margin-bottom:2px; border-top:1px solid #CCCCCC;width:100%\"\/><\/div><br \/>\n<a href=\"https:\/\/cmu-edu.eu\/electromecanica\/wp-content\/uploads\/sites\/19\/2018\/09\/Organigrama-EM.png\" target=\"_blank\" rel=\"noopener noreferrer\"><strong><span style=\"font-size: 18px;\">Organigrama<\/span><\/strong><\/a><br \/>\n<div class=\"divider\" style=\"margin-top:2px; margin-bottom:25px; border-top:1px solid #CCCCCC;width:100%\"\/><\/div><\/p>\n<h2>Departamente<\/h2>\n<div class=\"clearfix ap-row\"><div class=\"ap_column ap-span3\"><p><a class=\"OrangeBut\" href=\"https:\/\/cmu-edu.eu\/electromecanica\/despre-facultate\/str-cons\/\">Structura Consiliilor departamentelor didactice<\/a>\n<a class=\"OrangeBut\" href=\"https:\/\/cmu-edu.eu\/electromecanica\/departamentul-stiinte-ingineresti-in-domeniul-mecanic\/\">Departamentul \u0218tiin\u021be Ingineresti \u00een Domeniul Mecanic \u0219i Mediu<\/a>\n<a class=\"OrangeBut\" href=\"https:\/\/cmu-edu.eu\/electromecanica\/departamentul-stiinte-generale-ingineresti\/\">Departamentul \u0218tiin\u021be Generale Inginere\u0219ti<\/a>\n<a class=\"OrangeBut\" href=\"https:\/\/cmu-edu.eu\/electromecanica\/departamentul-electronica-si-telecomunicatii\/\">Departamentul Electronic\u0103 \u0219i Telecomunica\u021bii<\/a>\n<a class=\"OrangeBut\" href=\"https:\/\/cmu-edu.eu\/electromecanica\/departamentul-stiinte-ingineresti-in-domeniul-electric\/\">Departamentul \u0218tiin\u021be Ingineresti \u00een Domeniul Electric<\/a>\n<a class=\"OrangeBut\" href=\"https:\/\/cmu-edu.eu\/secretariat\/\" target=\"_blank\" rel=\"noopener\">Secretariat<\/a>\n<a class=\"OrangeBut\" href=\"https:\/\/cmu-edu.eu\/electromecanica\/despre-facultate\/planuri-hotarari-rapoarte\/\">Planuri, Hot\u0103r\u0103ri \u0219i Rapoarte<\/a><\/div>\n<div class=\"ap_column ap-span3\"><img loading=\"lazy\" decoding=\"async\" class=\"wp-image-45 size-full aligncenter\" src=\"https:\/\/cmu-edu.eu\/electromecanica\/wp-content\/uploads\/sites\/19\/2018\/09\/p4.jpg\" alt=\"\" width=\"377\" height=\"400\" srcset=\"https:\/\/cmu-edu.eu\/electromecanica\/wp-content\/uploads\/sites\/19\/2018\/09\/p4.jpg 377w, https:\/\/cmu-edu.eu\/electromecanica\/wp-content\/uploads\/sites\/19\/2018\/09\/p4-283x300.jpg 283w\" sizes=\"auto, (max-width: 377px) 100vw, 377px\" \/><\/div><\/div>\n","protected":false},"excerpt":{"rendered":"<p>Preg\u0103tirea unor ingineri in domeniile Inginerie marin\u0103 \u0219i naviga\u021bie, Inginerie electric\u0103, Ingineria mediului \u0219i Inginerie Electronic\u0103 \u00een conformitate cu programelor de studii. Organizarea \u00eenv\u0103\u0163\u0103m\u00e2ntului \u015fi cercet\u0103rii \u00een acord cu Declara\u0163ia de la Bologna, fiecare ciclu asigur\u00e2nd absolven\u0163ilor competen\u0163e \u015fi abilit\u0103\u0163i specifice, m\u0103surabile \u015fi validate prin diploma eliberat\u0103. Consiliul Facult\u0103\u021bii de Electromecanic\u0103 Naval\u0103 Organigrama Departamente<\/p>\n","protected":false},"author":4,"featured_media":0,"parent":0,"menu_order":0,"comment_status":"closed","ping_status":"closed","template":"","meta":{"footnotes":""},"class_list":["post-7","page","type-page","status-publish","hentry"],"_links":{"self":[{"href":"https:\/\/cmu-edu.eu\/electromecanica\/wp-json\/wp\/v2\/pages\/7","targetHints":{"allow":["GET"]}}],"collection":[{"href":"https:\/\/cmu-edu.eu\/electromecanica\/wp-json\/wp\/v2\/pages"}],"about":[{"href":"https:\/\/cmu-edu.eu\/electromecanica\/wp-json\/wp\/v2\/types\/page"}],"author":[{"embeddable":true,"href":"https:\/\/cmu-edu.eu\/electromecanica\/wp-json\/wp\/v2\/users\/4"}],"replies":[{"embeddable":true,"href":"https:\/\/cmu-edu.eu\/electromecanica\/wp-json\/wp\/v2\/comments?post=7"}],"version-history":[{"count":31,"href":"https:\/\/cmu-edu.eu\/electromecanica\/wp-json\/wp\/v2\/pages\/7\/revisions"}],"predecessor-version":[{"id":2060,"href":"https:\/\/cmu-edu.eu\/electromecanica\/wp-json\/wp\/v2\/pages\/7\/revisions\/2060"}],"wp:attachment":[{"href":"https:\/\/cmu-edu.eu\/electromecanica\/wp-json\/wp\/v2\/media?parent=7"}],"curies":[{"name":"wp","href":"https:\/\/api.w.org\/{rel}","templated":true}]}}