{"id":736,"date":"2021-01-18T07:26:12","date_gmt":"2021-01-18T07:26:12","guid":{"rendered":"https:\/\/cmu-edu.eu\/electromecanica\/?page_id=736"},"modified":"2024-07-09T08:23:53","modified_gmt":"2024-07-09T08:23:53","slug":"cmim","status":"publish","type":"page","link":"https:\/\/cmu-edu.eu\/electromecanica\/cmim\/","title":{"rendered":"CONCEPTE MODERNE DE INGINERIE MECANIC\u0102"},"content":{"rendered":"<p><div class=\"clearfix ap-row\"><div class=\"ap_column ap-span3\"><h2>CONCEPTE MODERNE DE INGINERIE MECANIC\u0102<\/h2>\n<p>Transportul naval (maritim \u015fi fluvial) are rol esen\u0163ial pentru domeniul transportului rom\u00e2nesc, beneficiind \u00een spa\u0163iul geografic dobrogean de porturi maritime (Constan\u0163a, Mangalia, Midia, Sulina) \u015fi porturi fluviale (Tulcea, Br\u0103ila, Gala\u0163i), cuprinse \u00een fluxul portuar zonal \u015fi mondial. Acesta este complementat printr-o sus\u0163inere logistic\u0103 adecvat\u0103, \u00een cadrul c\u0103reia firmele de shipping \u0219i construc\u0163iile navale, materializate prin cele mai reprezentative \u015fantiere de profil din \u0163ar\u0103 (Constan\u0163a, Mangalia, Tulcea), de\u0163in un rol important.<\/p>\n<p>Profilul programului studii universitare de masterat <strong>Concepte moderne de inginerie mecanic\u0103 naval\u0103<\/strong> prezint\u0103 un deosebit interes pentru absolven\u021bii celor trei universit\u0103\u021bi din Constan\u021ba, \u00een mod special pentru absolven\u021bii Universit\u0103\u021bii Maritime care au ocazia s\u0103-\u0219i completeze studiile pentru nivelul managerial de competen\u021b\u0103.<\/p><\/div>\n<div class=\"ap_column ap-span3\"><h2>CE STUDIEZI<\/h2>\n<p>Curricula interdisciplinar\u0103 este aliniat\u0103 <strong>standardelor interna\u021bionale<\/strong> STCW (Standards of Training, Certification and Watchkeeping), pe baza modelului de curs IMO 7.02 si 7.04 (International Maritime Organization) \u0219i este certificat\u0103 de ANR (Autoritatea Naval\u0103 Rom\u00e2n\u0103) pentru a contribui la formarea de <strong>competen\u021bele tehnice \u0219i manageriale<\/strong> pentru o carier\u0103 de succes.<\/p>\n<ul class=\"lista-doi\">\n<li>Discipline ce vizeaz\u0103 mediul de naviga\u0163ie \u015fi comportamentul corpului navei ca suport al instala\u0163iilor, sistemelor \u015fi echipamentelor de la bordul acestuia.<\/li>\n<li>Discipline ce vizeaz\u0103 preponderent, ma\u015finile, instala\u0163iile, sistemele \u015fi echipamentele de bord, continuarea form\u0103rii deprinderilor practice \u00een specialitate viz\u00e2ndu-se at\u00e2t construc\u0163ia c\u00e2t \u015fi exploatarea naval\u0103.<\/li>\n<li>Discipline ce vizeaz\u0103 preponderent, ma\u015finile, instala\u0163iile, sistemele \u015fi echipamentele de bord, ini\u0163ierea \u00een managementul \u015fi marketingul naval, finalizarea form\u0103rii deprinderilor de proiectare \u015fi practice de specialitate, preg\u0103tirea \u015fi sus\u0163inerea examenului de diplom\u0103<\/li>\n<\/ul>\n<p>Absolven\u0163ii specializ\u0103rii <strong>Concepte moderne de inginerie mecanic\u0103 naval\u0103<\/strong>, au \u015fanse reale s\u0103 se integreze \u015fi s\u0103 evolueze \u00een activitatea profesional\u0103, av\u00e2nd \u0219i preg\u0103tirea pentru nivelul managerial, \u00een \u0163ar\u0103 \u015fi \u00een str\u0103in\u0103tate. Se men\u0163ioneaz\u0103 c\u0103, preg\u0103tirea tehnico-inginereasc\u0103 \u015fi complementar\u0103, recunoscut\u0103 pe plan na\u0163ional \u015fi interna\u0163ional, ofer\u0103 posibilitatea asimil\u0103rii, la nevoie, a absolven\u0163ilor specializ\u0103rii, \u00een domenii conexe din economia na\u0163ional\u0103, inclusiv ca personal ambarcat pe nave speciale.<\/p>\n<p><a class=\"but1\" href=\"https:\/\/cmu-edu.eu\/electromecanica\/wp-content\/uploads\/sites\/19\/2024\/05\/Plan-inv-CMIMN_Redacted.pdf\">Descarc\u0103 planul de \u00eenv\u0103\u021b\u0103m\u00e2nt<\/a><\/p><\/div><\/div><br \/>\n<a href=\"https:\/\/cmu-edu.eu\/navigatie\/wp-content\/uploads\/sites\/18\/2020\/06\/vaport-head.jpg\"><img loading=\"lazy\" decoding=\"async\" class=\"aligncenter size-full wp-image-463\" src=\"https:\/\/cmu-edu.eu\/navigatie\/wp-content\/uploads\/sites\/18\/2020\/06\/vaport-head.jpg\" alt=\"\" width=\"1920\" height=\"500\" \/><\/a><\/p>\n<div style=\"background-color: #f5f5f5; padding: 10px; text-align: center;\">\n<h1 style=\"padding-bottom: 30px;\">BENEFICII<\/h1>\n<p><div class=\"clearfix ap-row\"><div class=\"ap_column ap-span2\"><div style=\"background-color: #ffffff; padding: 10px; margin: 10px; height: 260px;\">\n<h3>Recunoa\u0219tere interna\u021bional\u0103<\/h3>\n<p>Diploma de master \u0219i brevetul de ofi\u021ber managerial sunt recunoscute interna\u021bional, oferindu-\u021bi posibilitatea de angajare oriunde \u00een lume.<\/p>\n<\/div><\/div>\n<div class=\"ap_column ap-span2\"><div style=\"background-color: #ffffff; padding: 10px; margin: 10px; height: 260px;\">\n<h3>Flexibilitate<\/h3>\n<p>Dac\u0103 pe parcursul studiilor universitare \u00ee\u021bi desf\u0103\u0219ori stagiul de practic\u0103 la bordul navei, \u00ee\u021bi oferim posibilitatea de a studia online pe campusul virtual. Vei beneficiade sesiune deschis\u0103 \u0219i\u00ee\u021bi po\u021bi reprograma \u0219i sus\u021bine examenele la \u00eentoarcerea \u00een \u021bar\u0103.<\/p>\n<\/div><\/div>\n<div class=\"ap_column ap-span2\"><div style=\"background-color: #ffffff; padding: 10px; margin: 10px; height: 260px;\">\n<h3>Oportunit\u0103\u021bi de studiu \u00een str\u0103in\u0103tate<\/h3>\n<p>Mul\u021bi dintre studen\u021bii no\u0219tri aleg s\u0103 studieze un semestru la una dintre facult\u0103\u021bile partenere, beneficiind de bursa ERASMUS.<\/p>\n<\/div><\/div><\/div><br \/>\n<div class=\"clearfix ap-row\"><div class=\"ap_column ap-span2\"><div style=\"background-color: #ffffff; padding: 10px; margin: 10px; height: 260px;\">\n<h3>Alternative<\/h3>\n<p>To\u021bi absolven\u021bii no\u0219tri pot opta pentru o carier\u0103 pe mare sau pe uscat<\/p>\n<\/div><\/div>\n<div class=\"ap_column ap-span2\"><div style=\"background-color: #ffffff; padding: 10px; margin: 10px; height: 260px;\">\n<h3>Tehnologie moderne<\/h3>\n<p>Domeniul ICT c\u00e2\u0219tig\u0103 din ce \u00een ce mai mult teren iar sectorul maritim \u021bine pasul cu acest trend. Vei lucra pe cele mai moderne simulatoare de ma\u015fin\u0103.<\/p>\n<\/div><\/div>\n<div class=\"ap_column ap-span2\"><div style=\"background-color: #ffffff; padding: 10px; margin: 10px; height: 260px;\">\n<h3>Conturarea inginerului specialist<\/h3>\n<p>Destinat construc\u0163iilor navale \u015fi cu posibilitatea de a accede \u00een transporturile navale, dup\u0103 preg\u0103tirea \u015fi sus\u0163inerea examenelor de brevetare impuse de legisla\u0163ie.<\/p>\n<\/div><\/div><\/div><\/p>\n<h3 style=\"text-align: left;\">Practic\u0103 la bord<\/h3>\n<p style=\"text-align: left;\">Peste 20 de companii de crewing au \u00eenchieat parteneriate cu universitatea, oferind studen\u021bilor \u0219ansa de a efectua stagiul de practic\u0103 \u00eentr-un cadru multicultural. Peste 150 de studen\u021bi sunt anual \u00een voiaje.<\/p>\n<h3 style=\"text-align: left;\">Practic\u0103 inginereasca<\/h3>\n<ul class=\"lista-doi\">\n<li style=\"text-align: left;\"><strong>ANUL \u00ceNT\u00c2I<em>:<\/em><\/strong><em> Profesionalizarea \u00een domeniul ingineriei electrice, prin dob\u00e2ndirea competen\u0163elor inginere\u015fti de specialitate \u015fi manageriale ce vizeaz\u0103 preponderent ingineria electromecanic\u0103 naval\u0103.<\/em><\/li>\n<li style=\"text-align: left;\"><strong>ANUL DOI:<\/strong> <em>Conturarea inginerului specialist, prin finalizarea preg\u0103tirii profesionale de specialitate \u015fi managerial. Dob\u00e2ndirea competen\u0163elor de cercetare-dezvoltare-inovare \u00een domeniul ingineriei marine \u015fi naviga\u0163iei.<\/em> <em>Elaborarea Lucr\u0103rii de Dizerta\u0163ie. Preg\u0103tirea \u015fi sus\u0163inerea Examenului de Dizerta\u0163ie<\/em>.<\/li>\n<\/ul>\n<\/div>\n<div style=\"background-color: #ffcb74; padding: 10px;\">\n<h2>OPORTUNIT\u0102\u021aI DE CARIER\u0102<\/h2>\n<p>Absolven\u021bii programului de studii <strong>Concepte Moderne de Inginerie Mecanic\u0103 Naval\u0103<\/strong> pot ocupa func\u021bii de ofi\u021ber managerial &#8211; Ofi\u0163er I Mecanic, Sef Mecanic sau diverse alte posturi \u00een industria maritim\u0103, printre care:<\/p>\n<ul>\n<li>Ofi\u0163er mecanic maritim de nivel managerial<\/li>\n<li>Specialist mentenan\u0163\u0103 electromecanic\u0103-automatic\u0103 echipamente industriale<\/li>\n<li>Inginer electromecanic SCB<\/li>\n<li>Proiectant inginer\/subinginer elctromecanic<\/li>\n<li>Inginer emisie<\/li>\n<li>Inginer instala\u0163ii pentru construc\u0163ii<\/li>\n<li>Expert \u00een conducerea \u015fi organizarea activit\u0103\u0163ilor de mentenan\u0163\u0103<\/li>\n<\/ul>\n<\/div>\n<div style=\"background-color: #f5f5f5; padding: 10px;\">\n<p>Absolven\u0163ii specializ\u0103rii <strong>Concepte moderne de inginerie mecanic\u0103 naval\u0103<\/strong>, au \u015fanse reale s\u0103 se integreze \u015fi s\u0103 evolueze \u00een activitatea profesional\u0103, av\u00e2nd \u0219i preg\u0103tirea pentru nivelul managerial, \u00een \u0163ar\u0103 \u015fi \u00een str\u0103in\u0103tate. Se men\u0163ioneaz\u0103 c\u0103, preg\u0103tirea tehnico-inginereasc\u0103 \u015fi complementar\u0103, recunoscut\u0103 pe plan na\u0163ional \u015fi interna\u0163ional, ofer\u0103 posibilitatea asimil\u0103rii, la nevoie, a absolven\u0163ilor specializ\u0103rii, \u00een domenii conexe din economia na\u0163ional\u0103, inclusiv ca personal ambarcat pe nave speciale.<\/p>\n<p><strong>Specializarea de studii universitare de masterat, <\/strong><strong>Concepte moderne de inginerie mecanic\u0103 naval\u0103,<\/strong><strong> specializarea integrat\u0103 \u00een structura Facult\u0103\u0163ii de Electromecanic\u0103 Naval\u0103, asigur\u0103 formarea \u015fi perfec\u0163ionarea speciali\u015ftilor cu studii tehnice superioare pentru nevoile complete (cercetare, proiectare, construc\u0163ie, exploatare \u015fi mentenan\u0163\u0103) ale ingineriei navale, respectiv pentru unele nevoi par\u0163iale ale domeniilor conexe (inginerie industrial\u0103, inginerie mecanic\u0103, inginerie \u015fi management), pe plan local \u015fi na\u0163ional, prin \u00eenv\u0103\u0163\u0103m\u00e2nt universitar construit pe criteriile de performan\u0163\u0103 ale sistemului european.<\/strong><\/p>\n<\/div>\n<p><a class=\"animation-but\" href=\"https:\/\/cmu-edu.eu\/admitere\/admitere-studii-master\/\" target=\"_blank\" rel=\"noopener\">Admitere<\/a><\/p>\n","protected":false},"excerpt":{"rendered":"<p>BENEFICII Practic\u0103 la bord Peste 20 de companii de crewing au \u00eenchieat parteneriate cu universitatea, oferind studen\u021bilor \u0219ansa de a efectua stagiul de practic\u0103 \u00eentr-un cadru multicultural. Peste 150 de studen\u021bi sunt anual \u00een voiaje. Practic\u0103 inginereasca ANUL \u00ceNT\u00c2I: Profesionalizarea \u00een domeniul ingineriei electrice, prin dob\u00e2ndirea competen\u0163elor inginere\u015fti de specialitate \u015fi manageriale ce vizeaz\u0103 preponderent [&hellip;]<\/p>\n","protected":false},"author":4,"featured_media":0,"parent":0,"menu_order":0,"comment_status":"closed","ping_status":"closed","template":"","meta":{"footnotes":""},"class_list":["post-736","page","type-page","status-publish","hentry"],"_links":{"self":[{"href":"https:\/\/cmu-edu.eu\/electromecanica\/wp-json\/wp\/v2\/pages\/736","targetHints":{"allow":["GET"]}}],"collection":[{"href":"https:\/\/cmu-edu.eu\/electromecanica\/wp-json\/wp\/v2\/pages"}],"about":[{"href":"https:\/\/cmu-edu.eu\/electromecanica\/wp-json\/wp\/v2\/types\/page"}],"author":[{"embeddable":true,"href":"https:\/\/cmu-edu.eu\/electromecanica\/wp-json\/wp\/v2\/users\/4"}],"replies":[{"embeddable":true,"href":"https:\/\/cmu-edu.eu\/electromecanica\/wp-json\/wp\/v2\/comments?post=736"}],"version-history":[{"count":11,"href":"https:\/\/cmu-edu.eu\/electromecanica\/wp-json\/wp\/v2\/pages\/736\/revisions"}],"predecessor-version":[{"id":1562,"href":"https:\/\/cmu-edu.eu\/electromecanica\/wp-json\/wp\/v2\/pages\/736\/revisions\/1562"}],"wp:attachment":[{"href":"https:\/\/cmu-edu.eu\/electromecanica\/wp-json\/wp\/v2\/media?parent=736"}],"curies":[{"name":"wp","href":"https:\/\/api.w.org\/{rel}","templated":true}]}}