{"id":757,"date":"2021-01-18T08:26:16","date_gmt":"2021-01-18T08:26:16","guid":{"rendered":"https:\/\/cmu-edu.eu\/electromecanica\/?page_id=757"},"modified":"2026-01-29T08:55:34","modified_gmt":"2026-01-29T08:55:34","slug":"ipmi","status":"publish","type":"page","link":"https:\/\/cmu-edu.eu\/electromecanica\/ipmi\/","title":{"rendered":"INGINERIA \u0218I PROTEC\u021aIA MEDIULUI \u00ceN INDUSTRIE"},"content":{"rendered":"<p><div class=\"clearfix ap-row\"><div class=\"ap_column ap-span3\"><h2>INGINERIA \u0218I PROTEC\u021aIA MEDIULUI \u00ceN INDUSTRIE<\/h2>\n<p>A alege Ingineria \u0219i Protec\u021bia Mediului \u00een Industrie, \u00eenseamn\u0103 a alege o specializare a tehnologiilor aplicate, care prin integrarea de cuno\u0219tin\u021be tehnico-\u0219tiin\u021bifice abordeaz\u0103 \u0219i rezolv\u0103 probleme de conservare a energiei \u0219i mediului natural, de produc\u021bie activ\u0103, de control al de\u0219eurilor.<\/p>\n<p>Aceasta implic\u0103 aprofundarea unor cuno\u0219tin\u021be pe Ingineria mediului, adic\u0103 pe managementul apelor uzate, combaterea polu\u0103rii aerului, controlul, reciclarea \u0219i eliminarea de\u0219eurilor, protec\u021bia \u00eempotriva radia\u021bilor, igiena industrial\u0103, studii privind impactul asupra mediului al proiectelor de construc\u021bie propuse, managementul riscului cu aplicabilitate pe mediu. Totodata, absolven\u021bii de la aceast\u0103 specializare pot s\u0103 se angajeze ca \u201cOfi\u021ber de mediu\u201d la bordul navelor de croazier\u0103 dac\u0103 au absolvit anterior facult\u0103\u021bi cu alt profil dec\u00e2t cel de mediu.<\/p>\n<p>Obiectivul central al specializ\u0103rii Ingineria \u0219i Protec\u021bia Mediului \u00een Industrie, este acela de a oferi un program de studii de calitate, capabil de a preg\u0103ti ingineri speciali\u015fti \u00een protec\u0163ia mediului, av\u00e2nd un nivel de calificare adecvat exercit\u0103rii profesiei \u015fi inser\u0163iei lor pe pia\u0163a for\u0163ei de munc\u0103, conform Fi\u015fei specializ\u0103rii Ingineria si Protectia Mediului in Industrie \u015fi Planului de \u00eenv\u0103\u0163\u0103m\u00e2nt.<\/p>\n<p><a class=\"but1\" href=\"https:\/\/cmu-edu.eu\/electromecanica\/wp-content\/uploads\/sites\/19\/2024\/05\/Plan-inv-IPMI_Redacted.pdf\">Descarc\u0103 planul de \u00eenv\u0103\u021b\u0103m\u00e2nt<\/a>\n<a class=\"but1\" href=\"https:\/\/cmu-edu.eu\/electromecanica\/ipmi\/fise-de-disciplina-ipmi\/\">Fi\u0219e de disciplin\u0103 IPMI<\/a><\/p><\/div>\n<div class=\"ap_column ap-span3\"><h2>CE STUDIEZI<\/h2>\n<p>Curricula interdisciplinar\u0103 este aliniat\u0103 standardelor interna\u021bionale de prevenire a poluarii mediului \u0219i de dezvoltare durabil\u0103, contribuind la formarea de competen\u021bele tehnice \u0219i manageriale pentru o carier\u0103 de succes.<\/p>\n<ul class=\"lista-doi\">\n<li>Aplicarea creativ\u0103 a cuno\u0219tintelor si metodelor specifice domeniului ingineriei si protectiei mediului in industrie<\/li>\n<li>Managementul dezvoltarii durabile<\/li>\n<li>Aprofundarea si dezvoltarea unor tehnici si metode de calcul conform\u00a0 principiilor generale de calcul tehnologic.<\/li>\n<li>Managementul elaborarii \u015fi exploatarii sistemelor de monitorizare a poluan\u0163ilor.<\/li>\n<li>Managementul riscului de mediu, evaluarea impactului si elaborarea de variante tehnologice cu impact redus asupra mediului.<\/li>\n<li>Aprofundarea activit\u0103\u0163ilor specifice managementului\u00a0 de mediu \u015fi de marketing \u00een ingineria si protectia mediului<\/li>\n<\/ul>\n<p>Absolven\u0163ii specializ\u0103rii <strong>Ingineria \u0219i Protec\u021bia Mediului \u00een Industrie<\/strong>, au \u015fanse reale s\u0103 se integreze \u015fi s\u0103 evolueze \u00een activitatea profesional\u0103, av\u00e2nd \u0219i preg\u0103tirea pentru nivelul managerial, \u00een \u0163ar\u0103 \u015fi \u00een str\u0103in\u0103tate. Se men\u0163ioneaz\u0103 c\u0103, preg\u0103tirea tehnico-inginereasc\u0103 \u015fi complementar\u0103, recunoscut\u0103 pe plan na\u0163ional \u015fi interna\u0163ional, ofer\u0103 posibilitatea asimil\u0103rii, la nevoie, a absolven\u0163ilor specializ\u0103rii, \u00een domenii conexe din economia na\u0163ional\u0103, inclusiv ca personal ambarcat pe nave speciale (<strong>Ofiter de mediu<\/strong>).<\/p><\/div><\/div><br \/>\n<a href=\"https:\/\/cmu-edu.eu\/electromecanica\/wp-content\/uploads\/sites\/19\/2021\/01\/banner-IPMI-2.jpg\"><img loading=\"lazy\" decoding=\"async\" class=\"aligncenter size-full wp-image-463\" src=\"https:\/\/cmu-edu.eu\/electromecanica\/wp-content\/uploads\/sites\/19\/2021\/01\/banner-IPMI-2.jpg\" alt=\"\" width=\"1920\" height=\"542\" \/><\/a><\/p>\n<div style=\"background-color: #f5f5f5; padding: 10px; text-align: center;\">\n<h1 style=\"padding-bottom: 30px;\">BENEFICII<\/h1>\n<p><div class=\"clearfix ap-row\"><div class=\"ap_column ap-span2\"><div style=\"background-color: #ffffff; padding: 10px; margin: 10px; height: 260px;\">\n<h3>Recunoa\u0219tere interna\u021bional\u0103<\/h3>\n<p>Diploma de master \u0219i brevetul de ofi\u021ber managerial sunt recunoscute interna\u021bional, oferindu-\u021bi posibilitatea de angajare oriunde \u00een lume.<\/p>\n<\/div><\/div>\n<div class=\"ap_column ap-span2\"><div style=\"background-color: #ffffff; padding: 10px; margin: 10px; height: 260px;\">\n<h3>Flexibilitate<\/h3>\n<p>Dac\u0103 pe parcursul studiilor universitare \u00ee\u021bi desf\u0103\u0219ori stagiul de practic\u0103 in orice ramur\u0103 din economie, \u00een \u021bar\u0103 sau \u00een str\u0103in\u0103tate, \u00ee\u021bi oferim posibilitatea de a studia online pe campusul virtual. Vei beneficiade examinarea online \u0219i \u00ee\u021bi po\u021bi programa \u0219i sus\u021bine examenele de acolo de unde e\u0219ti!<\/p>\n<\/div><\/div>\n<div class=\"ap_column ap-span2\"><div style=\"background-color: #ffffff; padding: 10px; margin: 10px; height: 260px;\">\n<h3>Oportunit\u0103\u021bi de studiu \u00een str\u0103in\u0103tate<\/h3>\n<p>Mul\u021bi dintre studen\u021bii no\u0219tri aleg s\u0103 studieze un semestru la una dintre facult\u0103\u021bile partenere, beneficiind de bursa ERASMUS.<\/p>\n<\/div><\/div><\/div><br \/>\n<div class=\"clearfix ap-row\"><div class=\"ap_column ap-span3\"><div style=\"background-color: #ffffff; padding: 10px; margin: 10px; height: 260px;\">\n<h3>Alternative<\/h3>\n<p>To\u021bi absolven\u021bii no\u0219tri pot alege \u00eentre o carier\u0103: pe mare, ca <strong>Ofi\u021ber de mediu<\/strong>, sau pe uscat, ca : Analist de mediu, Auditor de mediu, Inginer de cercetare \u00een ingineria sanitara si protectia mediului, Inspector protectia mediului, Monitor mediul \u00eenconjurator, Expert pentru prevenirea si reducerea riscurilor tehnologice, Specialist \u00een managementul deseurilor, evaluator de mediu, Inginer de cercetare \u00een ingineria mediului, Asistent de cercetare \u00een ingineria mediului.<\/p>\n<\/div><\/div><\/p>\n<div class=\"ap_column ap-span3\"><div style=\"background-color: #ffffff; padding: 10px; margin: 10px; height: 260px;\">\n<h3>Conturarea inginerului specialist<\/h3>\n<p>Destinat <em>Ingineriei \u0219i Protec\u021biei Mediului \u00een Industrie<\/em> \u015fi cu posibilitatea de a accede \u00een orice ramur\u0103 a economiei interne si interna\u021bionale, dup\u0103 preg\u0103tirea \u015fi sus\u0163inerea examenelor impuse de legisla\u0163ie.<\/p>\n<\/div><\/div><\/div><\/p>\n<h3 style=\"text-align: left;\">Practic\u0103 de specialitate<\/h3>\n<p style=\"text-align: left;\">S-au \u00eencheiat parteneriate intre companii de profil si universitate, oferind studen\u021bilor \u0219ansa de a efectua stagiul de practic\u0103 \u00eentr-un cadru diversificat. Mul\u021bi studen\u021bi opteaz\u0103 \u015fi pentru practic\u0103 la bordul navei.<\/p>\n<h3 style=\"text-align: left;\">Practic\u0103 inginereasca<\/h3>\n<ul class=\"lista-doi\">\n<li style=\"text-align: left;\"><strong>ANUL \u00ceNT\u00c2I<em>:<\/em><\/strong><em>Profesionalizarea \u00een domeniul ingineriei mediului in industrie, prin dob\u00e2ndirea competen\u0163elor inginere\u015fti de specialitate \u015fi manageriale ce vizeaz\u0103 preponderent ingineria mediului.<\/em><\/li>\n<li style=\"text-align: left;\"><strong>ANUL DOI:<\/strong> <em>Conturarea inginerului specialist, prin finalizarea preg\u0103tirii profesionale de specialitate \u015fi managerial. Dob\u00e2ndirea competen\u0163elor de cercetare-dezvoltare-inovare \u00een domeniul ingineriei mediului. Elaborarea Lucr\u0103rii de Dizerta\u0163ie. Preg\u0103tirea \u015fi sus\u0163inerea Examenului de Dizerta\u0163ie. <\/em>.<\/li>\n<\/ul>\n<\/div>\n<div style=\"background-color: #ffcb74; padding: 10px;\">\n<h2>OPORTUNIT\u0102\u021aI DE CARIER\u0102<\/h2>\n<p>Absolven\u021bii programului de studii <strong>Ingineria \u0219i Protec\u021bia Mediului \u00een Industrie<\/strong> pot ocupa func\u021bii de <strong>Ofi\u0163er Mediu<\/strong> sau diverse alte posturi \u00een industria mediului si maritim\u0103, printre care:<\/p>\n<ul>\n<li>Analist de mediu,<\/li>\n<li>Auditor de mediu,<\/li>\n<li>Inginer de cercetare \u00een ingineria sanitara si protectia mediului,<\/li>\n<li>Inspector protectia mediului,<\/li>\n<li>Monitor mediul \u00eenconjurator,<\/li>\n<li>Expert pentru prevenirea si reducerea riscurilor tehnologice,<\/li>\n<li>Specialist \u00een managementul deseurilor,<\/li>\n<li>Evaluator de mediu,<\/li>\n<li>Inginer de cercetare \u00een ingineria mediului,<\/li>\n<li>Asistent de cercetare \u00een ingineria mediului.<\/li>\n<\/ul>\n<\/div>\n<div style=\"background-color: #f5f5f5; padding: 10px;\">\n<p>Preg\u0103tirea tehnico-inginereasc\u0103 \u015fi complementar\u0103, recunoscut\u0103 pe plan na\u0163ional \u015fi interna\u0163ional, ofer\u0103 posibilitatea asimil\u0103rii, la nevoie, a absolven\u0163ilor specializ\u0103rii, \u00een domenii conexe din economia na\u0163ional\u0103, inclusiv ca personal ambarcat pe nave speciale.<\/p>\n<p><strong>Specializarea de studii universitare de masterat, <\/strong><strong><em>Ingineria <\/em><\/strong><strong><em>\u0219<\/em><\/strong><strong><em>i <\/em><\/strong><strong><em>P<\/em><\/strong><strong><em>rotec<\/em><\/strong><strong><em>\u021b<\/em><\/strong><strong><em>ia <\/em><\/strong><strong><em>M<\/em><\/strong><strong><em>ediului <\/em><\/strong><strong><em>\u00ee<\/em><\/strong><strong><em>n <\/em><\/strong><strong><em>I<\/em><\/strong><strong><em>ndustrie<\/em><\/strong><strong>,<\/strong><strong> specializarea integrat\u0103 \u00een structura Facult\u0103\u0163ii de Electromecanic\u0103 Naval\u0103, <\/strong>asigur\u0103 formarea \u015fi perfec\u0163ionarea speciali\u015ftilor cu studii tehnice superioare pentru nevoile complete (cercetare, proiectare, construc\u0163ie, exploatare \u015fi mentenan\u0163\u0103) ale ingineriei mediului si ingineriei navale, respectiv pentru unele nevoi par\u0163iale ale domeniilor conexe (inginerie industrial\u0103, inginerie mecanic\u0103, inginerie \u015fi management), pe plan local \u015fi na\u0163ional, prin \u00eenv\u0103\u0163\u0103m\u00e2nt universitar construit pe criteriile de performan\u0163\u0103 ale sistemului european.<\/p>\n<\/div>\n<p><a class=\"animation-but\" href=\"https:\/\/cmu-edu.eu\/admitere\/admitere-studii-master\/\" target=\"_blank\" rel=\"noopener\">Admitere<\/a><\/p>\n","protected":false},"excerpt":{"rendered":"<p>BENEFICII Practic\u0103 de specialitate S-au \u00eencheiat parteneriate intre companii de profil si universitate, oferind studen\u021bilor \u0219ansa de a efectua stagiul de practic\u0103 \u00eentr-un cadru diversificat. Mul\u021bi studen\u021bi opteaz\u0103 \u015fi pentru practic\u0103 la bordul navei. Practic\u0103 inginereasca ANUL \u00ceNT\u00c2I:Profesionalizarea \u00een domeniul ingineriei mediului in industrie, prin dob\u00e2ndirea competen\u0163elor inginere\u015fti de specialitate \u015fi manageriale ce vizeaz\u0103 preponderent [&hellip;]<\/p>\n","protected":false},"author":4,"featured_media":0,"parent":0,"menu_order":0,"comment_status":"closed","ping_status":"closed","template":"","meta":{"footnotes":""},"class_list":["post-757","page","type-page","status-publish","hentry"],"_links":{"self":[{"href":"https:\/\/cmu-edu.eu\/electromecanica\/wp-json\/wp\/v2\/pages\/757","targetHints":{"allow":["GET"]}}],"collection":[{"href":"https:\/\/cmu-edu.eu\/electromecanica\/wp-json\/wp\/v2\/pages"}],"about":[{"href":"https:\/\/cmu-edu.eu\/electromecanica\/wp-json\/wp\/v2\/types\/page"}],"author":[{"embeddable":true,"href":"https:\/\/cmu-edu.eu\/electromecanica\/wp-json\/wp\/v2\/users\/4"}],"replies":[{"embeddable":true,"href":"https:\/\/cmu-edu.eu\/electromecanica\/wp-json\/wp\/v2\/comments?post=757"}],"version-history":[{"count":14,"href":"https:\/\/cmu-edu.eu\/electromecanica\/wp-json\/wp\/v2\/pages\/757\/revisions"}],"predecessor-version":[{"id":2044,"href":"https:\/\/cmu-edu.eu\/electromecanica\/wp-json\/wp\/v2\/pages\/757\/revisions\/2044"}],"wp:attachment":[{"href":"https:\/\/cmu-edu.eu\/electromecanica\/wp-json\/wp\/v2\/media?parent=757"}],"curies":[{"name":"wp","href":"https:\/\/api.w.org\/{rel}","templated":true}]}}