{"id":772,"date":"2021-01-20T10:04:12","date_gmt":"2021-01-20T10:04:12","guid":{"rendered":"https:\/\/cmu-edu.eu\/electromecanica\/?page_id=772"},"modified":"2024-07-09T08:23:13","modified_gmt":"2024-07-09T08:23:13","slug":"aeoogi","status":"publish","type":"page","link":"https:\/\/cmu-edu.eu\/electromecanica\/aeoogi\/","title":{"rendered":"INGINERIE AVANSAT\u0102 \u00ceN INDUSTRIA OFFSHORE DE PETROL \u015eI GAZE &#8211; \u00een englez\u0103"},"content":{"rendered":"<p><div class=\"clearfix ap-row\"><div class=\"ap_column ap-span3\"><h2>INGINERIE AVANSAT\u0102 \u00ceN INDUSTRIA OFFSHORE DE PETROL \u015eI GAZE &#8211; \u00een englez\u0103<\/h2>\n<p><strong><em>Industria offshore de petrol \u015fi gaze<\/em><\/strong> este considerat\u0103, \u00eenc\u0103 \u00een stadiul de pionierat, dac\u0103 ne g\u00e2ndim c\u0103 primele exploat\u0103ri petroliere \u00een Marea Nordului au \u00eenceput abia \u00een anul <strong>1967<\/strong>. Afl\u00e2ndu-se printre \u021b\u0103rile importante din Europa de\u021bin\u0103toare de rezerve de petrol \u0219i gaze naturale, <strong><em>Rom\u00e2nia a trecut \u015fi ea la<\/em><\/strong> <strong><em>detectarea \u015fi exploatarea z\u0103c\u0103mintelor petrolifere offshore din platforma continental\u0103 a M\u0103rii Negre<\/em><\/strong>.<\/p>\n<p>Planurile de \u00eenv\u0103\u0163\u0103m\u00e2nt \u015fi programele analitice ale programului studii universitare de masterat <strong><em>INGINERIE AVANSAT\u0102 \u00ceN INDUSTRIA OFFSHORE de petrol \u0219i gaze &#8211; <\/em>\u00een englez\u0103<\/strong>, care va fi inclus \u00een structura <strong>Universit\u0103\u0163ii Maritime din Constan\u0163a<\/strong>, sunt adaptate cerin\u0163elor sistemului de \u00eenv\u0103\u0163\u0103m\u00e2nt European \u015fi r\u0103spund necesit\u0103\u0163ilor men\u0163ionate mai \u00eenainte.<\/p>\n<p>Transportul naval (maritim \u015fi fluvial) are rol esen\u0163ial pentru domeniul transportului rom\u00e2nesc, beneficiind \u00een spa\u0163iul geografic dobrogean de porturi maritime (Constan\u0163a, Mangalia, Midia, Sulina) \u015fi porturi fluviale (Tulcea, Br\u0103ila, Gala\u0163i), cuprinse \u00een fluxul portuar zonal \u015fi mondial. Acesta este complementat printr-o sus\u0163inere logistic\u0103 adecvat\u0103, \u00een cadrul c\u0103reia construc\u0163iile navale, materializate prin cele mai reprezentative \u015fantiere de profil din \u0163ar\u0103 (Constan\u0163a, Mangalia, Tulcea), de\u0163in un rol important.<\/p>\n<p>Pentru profilul programului studii universitare de masterat <strong><em>INGINERIE AVANSAT\u0102 \u00ceN INDUSTRIA OFFSHORE DE PETROL \u015eI GAZE &#8211; <\/em><\/strong><strong>\u00een englez\u0103<\/strong> prezint\u0103 un deosebit interes <strong><em>\u015eantierul Naval din Tulcea, VARD TULCEA S.A.<\/em><\/strong>, care \u015fi-a orientat activitatea din ultimii ani, cu exclusivitate spre produc\u0163ia de nave specializate pentru industria offshore \u015fi care este interest \u00een deschiderea acestui program, ca partener \u00een <strong><em>Acordul de Colaborare<\/em><\/strong> \u00eencheiat cu <strong>Universitatea Maritim\u0103 din Constan\u0163a <\/strong><\/p><\/div>\n<div class=\"ap_column ap-span3\"><h2>CE STUDIEZI<\/h2>\n<p>Planul de \u00eenv\u0103\u0163\u0103m\u00e2nt al specializ\u0103rii de studii universitare de masterat INGINERIE AVANSAT\u0102 \u00ceN INDUSTRIA OFFSHORE DE PETROL \u015eI GAZE &#8211; \u00een englez\u0103, precizeaz\u0103, cu claritate, OBIECTIVUL DE \u00ceNV\u0102\u0162\u0102M\u00c2NT GENERAL: PROFESIONALIZAREA INGINERILOR PENTRU A DOB\u00c2NDI COMPETEN\u0162E \u00ceN PROIECTAREA, CONSTRUC\u0162IA, MONTAREA, EXPLOATAREA, \u00ceNTRE\u0162INEREA \u015eI REPARAREA NAVELOR SPECIALE \u015eI A STRUCTURILOR MARINE, A UTILAJELOR, INSTALA\u0162IILOR, SISTEMELOR \u015eI ECHIPAMENTELOR SPECIFICE INDUSTRIEI OFFSHORE, CORESPUNZ\u0102TOR STANDARDELOR ECONOMIEI CONCUREN\u0162IALE, AV\u00c2ND CUNO\u015eTIN\u0162E INGINERE\u015eTI \u015eI MANAGERIALE ACTUALE \u015eI DE PERSPECTIV\u0102 ADECVATE INDUSTRIEI OFFSHORE \u015eI SECTOARELOR INDUSTRIALE CONEXE.<\/p>\n<p>Specializarea de studii universitare de masterat INGINERIE AVANSAT\u0102 \u00ceN INDUSTRIA OFFSHORE DE PETROL \u015eI GAZE &#8211; \u00een englez\u0103, specializarea integrat\u0103 \u00een structura Facult\u0103\u0163ii de Electromecanic\u0103 Naval\u0103, asigur\u0103 formarea \u015fi perfec\u0163ionarea speciali\u015ftilor cu studii tehnice superioare pentru nevoile complete (cercetare, proiectare, construc\u0163ie, exploatare \u015fi mentenan\u0163\u0103) ale industriei offshore, respectiv pentru unele nevoi par\u0163iale ale domeniilor conexe (inginerie naval\u0103 \u015fi naviga\u0163ie, inginerie industrial\u0103, inginerie mecanic\u0103, inginerie \u015fi management), pe plan local \u015fi na\u0163ional, prin \u00eenv\u0103\u0163\u0103m\u00e2nt universitar construit pe criteriile de performan\u0163\u0103 ale sistemului european.<\/p>\n<p><a class=\"but1\" href=\"https:\/\/cmu-edu.eu\/electromecanica\/wp-content\/uploads\/sites\/19\/2024\/05\/Plan-inv-AEOGOI_Redacted.pdf\">Descarc\u0103 planul de \u00eenv\u0103\u021b\u0103m\u00e2nt<\/a><\/div><\/div><br \/>\n<a href=\"https:\/\/cmu-edu.eu\/electromecanica\/wp-content\/uploads\/sites\/19\/2021\/01\/banner-AEOOGI-2.jpg\"><img loading=\"lazy\" decoding=\"async\" class=\"aligncenter size-full wp-image-463\" src=\"https:\/\/cmu-edu.eu\/electromecanica\/wp-content\/uploads\/sites\/19\/2021\/01\/banner-AEOOGI-2.jpg\" alt=\"\" width=\"1920\" height=\"390\" \/><\/a><\/p>\n<div style=\"background-color: #f5f5f5; padding: 10px; text-align: center;\">\n<h1>BENEFICII<\/h1>\n<h2 style=\"padding-bottom: 30px;\">OBIECTIVELE DE \u00ceNV\u0102\u0162\u0102M\u00c2NT PAR\u0162IALE, SPECIFICE PE ANI DE STUDII<\/h2>\n<p><div class=\"clearfix ap-row\"><div class=\"ap_column ap-span3\"><div style=\"background-color: #ffffff; padding: 10px; margin: 10px; height: 260px;\">\n<h3>ANUL \u00ceNT\u00c2I<\/h3>\n<p>Profesionalizarea \u00een domeniul ingineriei marine \u015fi naviga\u0163iei, prin dob\u00e2ndirea competen\u0163elor inginere\u015fti de specialitate \u015fi manageriale ce vizeaz\u0103 preponderent industria offshore de petrol \u015fi gaze &#8211; structurile marine, navele speciale, utilajele, instala\u0163iile, sistemele \u015fi echipamentele specific.<\/p>\n<\/div><\/div>\n<div class=\"ap_column ap-span3\"><div style=\"background-color: #ffffff; padding: 10px; margin: 10px; height: 260px;\">\n<h3>ANUL DOI<\/h3>\n<p>Conturarea inginerului specialist, prin finalizarea preg\u0103tirii profesionale de specialitate \u015fi manageriale ce vizeaz\u0103 preponderent industria offshore de petrol \u015fi gaze. Dob\u00e2ndirea competen\u0163elor de cercetare-dezvoltare-inovare \u00een domeniul ingineriei marine \u015fi naviga\u0163iei. Elaborarea Lucr\u0103rii de Dizerta\u0163ie cu tematic\u0103 \u00een domeniul industriei offshore de petrol \u015fi gaze. Preg\u0103tirea \u015fi sus\u0163inerea Examenului de Dizerta\u0163ie.<\/p>\n<\/div><\/div><\/div><br \/>\n<div class=\"clearfix ap-row\"><div class=\"ap_column ap-span6\"><div style=\"background-color: #ffffff; padding: 20px 10px; margin: 10px; height: auto; text-align: left;\">\n<h3>Misiunea enun\u0163at\u0103 se sus\u0163ine, \u00een principal, prin cinci obiective specifice.<\/h3>\n<ul class=\"lista-doi\">\n<li>1. Formarea universitar\u0103, a absolven\u0163ilor ciclului \u00eent\u00e2i de licen\u0163\u0103, din domeniul Inginerie Marin\u0103 \u015fi Naviga\u0163ie, corespunz\u0103tor cerin\u0163elor economiei concuren\u0163iale europene, ca ingineri av\u00e2nd nivelul de cunoa\u015ftere \u015ftiin\u0163ific\u0103, inginereasc\u0103, managerial\u0103 \u015fi complementar\u0103 respectiv deprinderile practice adecvate nevoilor actuale \u015fi de perspectiv\u0103 pentru industria offshore.<\/li>\n<li>2. Extinderea procesului formativ al speciali\u015ftilor din domeniul industriei offshore, din perspectiva conferirii capabilit\u0103\u0163ii tehnico-economice \u015fi manageriale necesare pentru abordarea proiect\u0103rii, realiz\u0103rii \u015fi exploat\u0103rii optime, \u00een siguran\u0163\u0103 deplin\u0103, a construc\u0163iilor, sistemelor \u015fi echipamentelor specifice industriei offshore, supuse criteriilor europene, respectiv mondiale, de certificare calitativ\u0103.<\/li>\n<li>3. Ini\u0163ierea, \u00een viitor, a unui program de cercetare \u015ftiin\u0163ific\u0103 fundamental\u0103 \u015fi aplicativ\u0103, specific\u0103 industriei offshore de petrol \u015fi gaze \u015fi celor conexe, compatibile cu cerin\u0163ele \u015fi necesit\u0103\u0163ile contemporane, folosind \u00eentregul poten\u0163ial creator al cadrelor didactice, masteranzilor \u015fi studen\u0163ilor dar \u015fi a speciali\u015ftilor consacra\u0163i \u00een acest domeniu de evident\u0103 noutate \u015fi perspectiv\u0103 \u00een Rom\u00e2nia.<\/li>\n<li>4.Crearea condi\u0163iilor necesare dezvolt\u0103rii, \u00een perspectiv\u0103, a ciclului trei de doctorat, \u00een domeniul aferent specializ\u0103rii, pentru asigurarea complet\u0103rii profilului inginerului specialist \u00een domeniul industriei offshore de petrol \u015fi gaze, cu valen\u0163ele cercet\u0103rii \u015ftiin\u0163ifice superioare pluridisciplinare.<\/li>\n<li>5. Perfec\u0163ionarea continu\u0103 a poten\u0163ialului didactico-\u015ftiin\u0163ific uman (cadre didactice \u015fi cercet\u0103tori cu forma\u0163ie universitar\u0103 \u015fi perfec\u0163ionare postuniversitar\u0103 adecvat\u0103) \u015fi material (spa\u0163ii de \u00eenv\u0103\u0163\u0103m\u00e2nt cu dot\u0103ri avansate, rezultate din surse interne \u015fi externe), pentru a r\u0103spunde cerin\u0163elor formulate \u00een obiectivele 1, 2, 3 \u015fi 4.<\/li>\n<\/ul>\n<\/div><\/div><\/div><\/p>\n<\/div>\n<div style=\"background-color: #ffcb74; padding: 10px;\">\n<h2>OPORTUNIT\u0102\u021aI DE CARIER\u0102<\/h2>\n<p>Absolven\u0163ii specializ\u0103rii <strong><em>INGINERIE AVANSAT\u0102 \u00ceN INDUSTRIA OFFSHORE DE PETROL \u015eI GAZE &#8211; <\/em><\/strong><strong>\u00een englez\u0103<\/strong> au \u015fanse reale s\u0103 se integreze \u015fi s\u0103 evolueze \u00een activitatea profesional\u0103 &#8211; predominant \u00een industria offshore &#8211; din \u0163ar\u0103 \u015fi din str\u0103in\u0103tate. Se men\u0163ioneaz\u0103 c\u0103, preg\u0103tirea tehnico-inginereasc\u0103 \u015fi complementar\u0103, recunoscut\u0103 pe plan na\u0163ional \u015fi interna\u0163ional, ofer\u0103 posibilitatea asimil\u0103rii, la nevoie, a absolven\u0163ilor specializ\u0103rii, \u00een domenii conexe din economia na\u0163ional\u0103, inclusiv ca personal ambarcat pe nave speciale.<\/p>\n<p>Studiile prognostice arat\u0103 c\u0103 exist\u0103 premisele integr\u0103rii \u00een viitor, \u00een mediul profesional naval dobrogean \u015fi al industriei offshore favorizat\u0103 de proximitatea \u015fi poten\u0163ialul, complex \u015fi divers, al M\u0103rii Negre, a absolven\u0163ilor specializ\u0103rii, prin angaj\u0103rile ce vor fi efectuate de companii rom\u00e2ne\u015fti \u015fi str\u0103ine care vor oferi locuri de munc\u0103 acoperitoare \u00een perspectiva dinamicii de \u015fcolarizare.<\/p>\n<\/div>\n<p><a class=\"animation-but\" href=\"https:\/\/cmu-edu.eu\/admitere\/admitere-studii-master\/\" target=\"_blank\" rel=\"noopener\">Admitere<\/a><\/p>\n","protected":false},"excerpt":{"rendered":"<p>BENEFICII OBIECTIVELE DE \u00ceNV\u0102\u0162\u0102M\u00c2NT PAR\u0162IALE, SPECIFICE PE ANI DE STUDII OPORTUNIT\u0102\u021aI DE CARIER\u0102 Absolven\u0163ii specializ\u0103rii INGINERIE AVANSAT\u0102 \u00ceN INDUSTRIA OFFSHORE DE PETROL \u015eI GAZE &#8211; \u00een englez\u0103 au \u015fanse reale s\u0103 se integreze \u015fi s\u0103 evolueze \u00een activitatea profesional\u0103 &#8211; predominant \u00een industria offshore &#8211; din \u0163ar\u0103 \u015fi din str\u0103in\u0103tate. Se men\u0163ioneaz\u0103 c\u0103, preg\u0103tirea tehnico-inginereasc\u0103 [&hellip;]<\/p>\n","protected":false},"author":4,"featured_media":0,"parent":0,"menu_order":0,"comment_status":"closed","ping_status":"closed","template":"","meta":{"footnotes":""},"class_list":["post-772","page","type-page","status-publish","hentry"],"_links":{"self":[{"href":"https:\/\/cmu-edu.eu\/electromecanica\/wp-json\/wp\/v2\/pages\/772","targetHints":{"allow":["GET"]}}],"collection":[{"href":"https:\/\/cmu-edu.eu\/electromecanica\/wp-json\/wp\/v2\/pages"}],"about":[{"href":"https:\/\/cmu-edu.eu\/electromecanica\/wp-json\/wp\/v2\/types\/page"}],"author":[{"embeddable":true,"href":"https:\/\/cmu-edu.eu\/electromecanica\/wp-json\/wp\/v2\/users\/4"}],"replies":[{"embeddable":true,"href":"https:\/\/cmu-edu.eu\/electromecanica\/wp-json\/wp\/v2\/comments?post=772"}],"version-history":[{"count":14,"href":"https:\/\/cmu-edu.eu\/electromecanica\/wp-json\/wp\/v2\/pages\/772\/revisions"}],"predecessor-version":[{"id":1560,"href":"https:\/\/cmu-edu.eu\/electromecanica\/wp-json\/wp\/v2\/pages\/772\/revisions\/1560"}],"wp:attachment":[{"href":"https:\/\/cmu-edu.eu\/electromecanica\/wp-json\/wp\/v2\/media?parent=772"}],"curies":[{"name":"wp","href":"https:\/\/api.w.org\/{rel}","templated":true}]}}