{"id":786,"date":"2021-02-12T09:18:00","date_gmt":"2021-02-12T09:18:00","guid":{"rendered":"https:\/\/cmu-edu.eu\/electromecanica\/?page_id=786"},"modified":"2025-06-13T09:05:43","modified_gmt":"2025-06-13T09:05:43","slug":"electrotehnica","status":"publish","type":"page","link":"https:\/\/cmu-edu.eu\/electromecanica\/programe-de-studii\/electrotehnica\/","title":{"rendered":"Electrotehnic\u0103"},"content":{"rendered":"<p><iframe loading=\"lazy\" title=\"Specializarea Electrotehnica\u0306\" width=\"640\" height=\"360\" src=\"https:\/\/www.youtube.com\/embed\/JNRerhgsdB8?feature=oembed\" frameborder=\"0\" allow=\"accelerometer; autoplay; clipboard-write; encrypted-media; gyroscope; picture-in-picture; web-share\" referrerpolicy=\"strict-origin-when-cross-origin\" allowfullscreen><\/iframe><\/p>\n<div class=\"clearfix ap-row\"><div class=\"ap_column ap-span4\"><h2>Electrotehnic\u0103<\/h2>\n<p>Programul de studii<em> \u201c<strong>Electrotehnica<\/strong><\/em>\u201d este unul dintre programele de studii pe care universitatea l-a organizat inca de la infiintarea sa, in anul 1990.<\/p>\n<p>In evolutia sa, programul de studii \u201c<strong><em>Electrotehnica<\/em><\/strong>\u201d a fost acreditat in anul 2002 dupa constatarea indeplinirii standardelor de calitate obligatorii si criteriilor generale conform legii de atunci si apoi, dupa infiintarea ARACIS, a fost evaluat si acreditat in anul 2009 pentru un numar de 100 de studenti.<\/p>\n<p>Venind in intampinarea personalului navigant fara studii superioare necesare promovarii acestora pe functii la bordul navei, s-a acredita programul de studii \u201c<strong><em>Electrotehnica<\/em><\/strong>\u201d cu forma de invatamant cu frecventa redusa.<\/p>\n<p>Programul de studii \u201cElectrotehnica\u201d se adreseaza absolventilor de liceu care doresc apoi sa profeseze in domeniul maritim cu ocupatia \u201c<em>ofiter electrician maritim<\/em>\u201d sau in domeniul vast al stiintelor ingineresti ca \u201c<em>inginer in domeniul ingineriei electrice<\/em>\u201d.<\/p>\n<p>Absolventii acestui program de studii pot accesa la programe de studii de master si dobandesc capacitatea de a utiliza concepte, teorii \u0219i modele descriptive \u0219i evaluative pentru explicarea \u0219i interpretarea solu\u021biilor inginere\u0219ti \u00een electrotehnica.<\/p>\n<p>Programul de studii de licenta \u201c<strong><em>Electrotehnica<\/em><\/strong>\u201d are o durata de 4 ani, 8 semestre, 240 de credite. Abolvirea acestui program de studii asigur\u0103 formarea deprinderilor specifice unui inginer de profil electric, utilizarea conceptelor fundamentale din electrotehnica, simularea functionarii echipamentelor electrice, monitorizarea si automatizarea functionarii sistemelor electrice, proiectarea , exploaatea si gestionarea depanarii echipamentelor electrice.<\/p><\/div>\n<div class=\"ap_column ap-span2\"><h2>CE STUDIEZI<\/h2>\n<p>Curricula interdisciplinar\u0103 este aliniat\u0103 standardelor interna\u021bionale STCW (Standards of Training, Certification and Watchkeeping), pe baza modelului de curs IMO 7.08 Electro-tehnical officer, 2014 (International Maritime Organization) \u0219i este certificat\u0103 de ANR (Autoritatea Naval\u0103 Rom\u00e2n\u0103) pentru a contribui la formarea de competen\u021bele tehnice \u0219i manageriale pentru o carier\u0103 de success ca ofiter maritime electrican.<\/p>\n<p>Discipline studiate: teoria circuitelor electrice, programarea calculatoarelor, ma\u0219ini electrice, actionari electrice, electronic\u0103 de putere, m\u0103sur\u0103ri electrice, instala\u021bii electrice vizeaza pregatirea in domeniul ingineriei electrice.\n<a class=\"but2\" href=\"https:\/\/cmu-edu.eu\/electromecanica\/wp-content\/uploads\/sites\/19\/2025\/03\/FLAIER-ELECTROTEHNICA.pdf\">Descarca Pliant<\/a>\n<a class=\"but1\" href=\"https:\/\/cmu-edu.eu\/electromecanica\/wp-content\/uploads\/sites\/19\/2024\/05\/Plan-inv-ET_IF_Redacted.pdf\">Descarc\u0103 planul de \u00eenv\u0103\u021b\u0103m\u00e2nt<\/a>\n<a class=\"but2\" href=\"https:\/\/cmu-edu.eu\/en\/wp-content\/uploads\/sites\/7\/2024\/07\/curriculum-ET_ENG.pdf\">Descarc\u0103 planul de \u00eenv\u0103\u021b\u0103m\u00e2nt lb. Englez\u0103<\/a><\/div><\/div>\n<div style=\"background-color: #f5f5f5; padding: 10px; text-align: center;\">\n<h1 style=\"padding-bottom: 30px;\">BENEFICII<\/h1>\n<p><div class=\"clearfix ap-row\"><div class=\"ap_column ap-span2\"><div style=\"background-color: #ffffff; padding: 10px; margin: 10px; height: 260px;\">\n<h3>Recunoa\u0219tere interna\u021bional\u0103.<\/h3>\n<p><strong>Diploma de inginer<\/strong> (model supliment de diploma) \u0219i <strong>brevetul de ofi\u021ber<\/strong> <strong>electrician maritim<\/strong> sunt recunoscute interna\u021bional, oferindu-\u021bi posibilitatea de angajare oriunde \u00een lume.<\/p>\n<\/div><\/div>\n<div class=\"ap_column ap-span2\"><div style=\"background-color: #ffffff; padding: 10px; margin: 10px; height: 260px;\">\n<h3>Flexibilitate<\/h3>\n<p>Dupa promovarea cursurilor IMO\u00a0 si obtinerea Carnetului de marinar, poti merge sa iti desfasori stagiul de practica la bordul navei. In timpul voiajului de practica poti participa la cursuri si activitati didactice pe platforma de studio online eCampus. Poti participa si la examene daca perioada de practica coincide cu sesiunea de examinare. Poti beneficia si de sesiune deschisa.<\/p>\n<\/div><\/div>\n<div class=\"ap_column ap-span2\"><div style=\"background-color: #ffffff; padding: 10px; margin: 10px; height: 260px;\">\n<h3>Oportunit\u0103\u021bi de studiu \u00een str\u0103in\u0103tate<\/h3>\n<p>Poti studia un semestru la o universitate partenera a Universitatii Maritime din Europa accesand o bursa ERASMUS.<\/p>\n<\/div><\/div><\/div><br \/>\n<div class=\"clearfix ap-row\"><div class=\"ap_column ap-span2\"><div style=\"background-color: #ffffff; padding: 10px; margin: 10px; height: 260px;\">\n<h3>Alternative<\/h3>\n<p>Dupa absolvirea studiilor de la programele de licenta poti alege intre o cariera pe mare sau o cariera pe uscat.<\/p>\n<\/div><\/div>\n<div class=\"ap_column ap-span2\"><div style=\"background-color: #ffffff; padding: 10px; margin: 10px; height: 260px;\">\n<h3>Tehnologii moderne<\/h3>\n<p>Dotarea bazei materiale a reprezentat un obiectiv important al strategiei universitatii. Pentru aplicarea practica a cunostintelor teoretice dobandite in timpul studiulu vei utiliza\u00a0 simulatoare moderne si de ultima generatie.<\/p>\n<\/div><\/div>\n<div class=\"ap_column ap-span2\"><div style=\"background-color: #ffffff; padding: 10px; margin: 10px; height: 260px;\">\n<h3>Practic\u0103 la bord<\/h3>\n<p>Cei mai multi student opteaza pentru o cariera pe mare. Peste 20 de companii de crewing au \u00eenchieat parteneriate cu universitatea, oferind studen\u021bilor \u0219ansa de a efectua stagiul de practic\u0103 \u00eentr-un cadru multicultural. Peste 150 de studen\u021bi sunt anual \u00een voiaje.<\/p>\n<\/div><\/div><\/div><\/p>\n<div style=\"background-color: #ffffff; padding: 10px; margin: 10px;\">\n<h3>Practic\u0103 inginereasc\u0103<\/h3>\n<p>Conform <strong>Planului de invatamant<\/strong>, in anii doi si trei de studii pentru consolidarea cuno\u0219tin\u021belor teoretice \u015fi pentru formarea abilit\u0103\u021bilor poti accesa la efectuarea practicii la diversi agenti economici din zona metropolitana a orasului in care ai ales sa studiezi dar si in Portul Constanta cu specific ingineresc, agenti cu care universitatea are incheiate parteneriate.<\/p>\n<\/div>\n<\/div>\n<div class=\"clearfix ap-row\"><div class=\"ap_column ap-span6\"><a href=\"https:\/\/cmu-edu.eu\/electromecanica\/wp-content\/uploads\/sites\/19\/2021\/01\/banner-TAIE.jpg\"><img loading=\"lazy\" decoding=\"async\" class=\"aligncenter wp-image-756 size-full\" src=\"https:\/\/cmu-edu.eu\/electromecanica\/wp-content\/uploads\/sites\/19\/2021\/01\/banner-TAIE.jpg\" alt=\"\" width=\"1920\" height=\"443\" \/><\/a><\/div><\/div>\n<div style=\"background-color: #ffcb74; padding: 10px;\">\n<h2>OPORTUNIT\u0102\u021aI DE CARIER\u0102<\/h2>\n<p>Absolven\u0163ii programului de studii ELECTROTEHNICA \u00a0au \u015fanse reale s\u0103 se integreze \u015fi s\u0103 evolueze \u00een activitatea profesional\u0103 \u2013 predominant \u00een industria de energie electrica, din \u0163ar\u0103 \u015fi din str\u0103in\u0103tate, precum \u015fi \u00een industria de construc\u0163ii navale \u015fi offshore<\/p>\n<ul>\n<li>ofiter electrician maritim,<\/li>\n<li>inginer electrotehnist,<\/li>\n<li>inginer proiectant instala\u021bii electrice,<\/li>\n<li>inginer proiectant ma\u0219ini \u0219i echipamente electrice,<\/li>\n<li>inginer m\u0103sur\u0103ri,<\/li>\n<li>achizi\u021bii \u0219i procesare de date,<\/li>\n<li>inginer proiectant sisteme de comand\u0103 \u0219i control,<\/li>\n<li>ofiter electrician maritim,<\/li>\n<li>inginer electrotehnist,<\/li>\n<li>inginer de cercetare in electromecanica,<\/li>\n<li>ofiter electrician.<\/li>\n<\/ul>\n<\/div>\n<p><a class=\"animation-but\" href=\"https:\/\/cmu-edu.eu\/admitere\/\" target=\"_blank\" rel=\"noopener\">Admitere<\/a><\/p>\n","protected":false},"excerpt":{"rendered":"<p>BENEFICII Practic\u0103 inginereasc\u0103 Conform Planului de invatamant, in anii doi si trei de studii pentru consolidarea cuno\u0219tin\u021belor teoretice \u015fi pentru formarea abilit\u0103\u021bilor poti accesa la efectuarea practicii la diversi agenti economici din zona metropolitana a orasului in care ai ales sa studiezi dar si in Portul Constanta cu specific ingineresc, agenti cu care universitatea are [&hellip;]<\/p>\n","protected":false},"author":4,"featured_media":0,"parent":9,"menu_order":0,"comment_status":"closed","ping_status":"closed","template":"","meta":{"footnotes":""},"class_list":["post-786","page","type-page","status-publish","hentry"],"_links":{"self":[{"href":"https:\/\/cmu-edu.eu\/electromecanica\/wp-json\/wp\/v2\/pages\/786","targetHints":{"allow":["GET"]}}],"collection":[{"href":"https:\/\/cmu-edu.eu\/electromecanica\/wp-json\/wp\/v2\/pages"}],"about":[{"href":"https:\/\/cmu-edu.eu\/electromecanica\/wp-json\/wp\/v2\/types\/page"}],"author":[{"embeddable":true,"href":"https:\/\/cmu-edu.eu\/electromecanica\/wp-json\/wp\/v2\/users\/4"}],"replies":[{"embeddable":true,"href":"https:\/\/cmu-edu.eu\/electromecanica\/wp-json\/wp\/v2\/comments?post=786"}],"version-history":[{"count":22,"href":"https:\/\/cmu-edu.eu\/electromecanica\/wp-json\/wp\/v2\/pages\/786\/revisions"}],"predecessor-version":[{"id":1727,"href":"https:\/\/cmu-edu.eu\/electromecanica\/wp-json\/wp\/v2\/pages\/786\/revisions\/1727"}],"up":[{"embeddable":true,"href":"https:\/\/cmu-edu.eu\/electromecanica\/wp-json\/wp\/v2\/pages\/9"}],"wp:attachment":[{"href":"https:\/\/cmu-edu.eu\/electromecanica\/wp-json\/wp\/v2\/media?parent=786"}],"curies":[{"name":"wp","href":"https:\/\/api.w.org\/{rel}","templated":true}]}}