{"id":795,"date":"2021-02-12T10:12:13","date_gmt":"2021-02-12T10:12:13","guid":{"rendered":"https:\/\/cmu-edu.eu\/electromecanica\/?page_id=795"},"modified":"2025-06-13T14:57:58","modified_gmt":"2025-06-13T14:57:58","slug":"ise","status":"publish","type":"page","link":"https:\/\/cmu-edu.eu\/electromecanica\/programe-de-studii\/ise\/","title":{"rendered":"INGINERIA SISTEMELOR ELECTROENERGETICE"},"content":{"rendered":"<p><iframe loading=\"lazy\" title=\"Specializarea Ingineria Sistemelor Electroenergetice\" width=\"640\" height=\"360\" src=\"https:\/\/www.youtube.com\/embed\/grScrbpy9B8?feature=oembed\" frameborder=\"0\" allow=\"accelerometer; autoplay; clipboard-write; encrypted-media; gyroscope; picture-in-picture; web-share\" referrerpolicy=\"strict-origin-when-cross-origin\" allowfullscreen><\/iframe><\/p>\n<div class=\"clearfix ap-row\"><div class=\"ap_column ap-span4\"><h2>Ingineria sistemelor electroenergetice<\/h2>\n<p>Programul de studii<em> \u201c<strong>Ingineria sistemelor electroenergetice<\/strong><\/em>\u201d este un program de studii pe care universitatea l-a organizat din anul 2020.<\/p>\n<p>Programul de studii de licenta <em>\u201c<strong>Ingineria sistemelor electroenergetice<\/strong><\/em>\u201d se adreseaza absolventilor de liceu care doresc apoi sa profeseze in domeniul Inginerie energetica, ca \u201c<em>inginer in domeniul ingineriei energetica<\/em>\u201d.<\/p>\n<p>Absolventii acestui program de studii <em>\u201c<strong>Ingineria sistemelor electroenergetice<\/strong><\/em>\u201d pot accesa la programe de studii de master si dobandesc capacitatea de a utiliza concepte, teorii \u0219i modele descriptive \u0219i evaluative pentru explicarea \u0219i interpretarea solu\u021biilor inginere\u0219ti \u00een energetica.<\/p>\n<p>Absolventii acestui program de studii <em>\u201c<strong>Ingineria sistemelor electroenergetice<\/strong><\/em>\u201d dob\u00e2ndesc competen\u021be \u00een domeniul proiect\u0103rii, construc\u021biei, exploat\u0103rii, mentenan\u021bei, conducerii \u0219i planific\u0103rii activit\u0103\u021bii din centralele electrice clasice, termocentrale, hidrocentrale, centrala nucleara sau din centralele bazate pe surse regenerabile de energie, fotoelectrice, eoliene, microhidrocentrale sau ferme marine, dar si din sistemele de transport \u0219i distribu\u021bie a energiei electrice.<\/p>\n<p>Programul de studii de licenta <em>\u201c<strong>Ingineria sistemelor electroenergetice<\/strong><\/em>\u201d are o durata de 4 ani, 8 semestre, 240 de credite.<\/p><\/div>\n<div class=\"ap_column ap-span2\"><h2>CE STUDIEZI<\/h2>\n<p>Ne procupa construirea unei cariere solide in acest domeniu de varf al economiei romanesti.<\/p>\n<p>Discipline studiate: electrotehnica, programarea calculatoarelor, ma\u0219ini electrice, actionari electrice, producerea energiei electrice, transportul si distributia energieie electrice, metode de conversie a energiei electrice.\n<a class=\"but2\" href=\"https:\/\/cmu-edu.eu\/electromecanica\/wp-content\/uploads\/sites\/19\/2025\/03\/FLAIER-ELECTROENERGETICA.pdf\">Descarca Pliant<\/a>\n<a class=\"but1\" href=\"https:\/\/cmu-edu.eu\/electromecanica\/wp-content\/uploads\/sites\/19\/2024\/05\/Plan-inv-ISE_Redacted.pdf\">Descarc\u0103 planul de \u00eenv\u0103\u021b\u0103m\u00e2nt<\/a><\/p><\/div><\/div>\n<div style=\"background-color: #f5f5f5; padding: 10px; text-align: center;\">\n<h1 style=\"padding-bottom: 30px;\">BENEFICII<\/h1>\n<p><div class=\"clearfix ap-row\"><div class=\"ap_column ap-span2\"><div style=\"background-color: #ffffff; padding: 10px; margin: 10px; height: 260px;\">\n<h3>Recunoa\u0219tere interna\u021bional\u0103.<\/h3>\n<p><strong>Diploma de inginer<\/strong> (model supliment de diploma) recunoscuta interna\u021bional, oferind posibilitatea de angajare oriunde \u00een lume.<\/p>\n<\/div><\/div>\n<div class=\"ap_column ap-span2\"><div style=\"background-color: #ffffff; padding: 10px; margin: 10px; height: 260px;\">\n<h3>Flexibilitate<\/h3>\n<p>Fiind student la un program de studii din Universitatea maritima poti sa studiezi in parallel si o alta specializare sau sa obtii un transfer la un alt program de studii.<\/p>\n<\/div><\/div>\n<div class=\"ap_column ap-span2\"><div style=\"background-color: #ffffff; padding: 10px; margin: 10px; height: 260px;\">\n<h3>Oportunit\u0103\u021bi de studiu \u00een str\u0103in\u0103tate<\/h3>\n<p>Poti studia un semestru la o universitate partenera a Universitatii Maritime din Europa accesand o bursa ERASMUS.<\/p>\n<\/div><\/div><\/div><br \/>\n<div class=\"clearfix ap-row\"><div class=\"ap_column ap-span3\"><div style=\"background-color: #ffffff; padding: 10px; margin: 10px; height: 260px;\">\n<h3>Alternative<\/h3>\n<p>Dupa absolvirea studiilor de la programele de licenta poti alege intre o cariera de inginer in domeniul ingineriei energetice sau dupa absolvirea unor programe de studii de masterat si doctorat si a unui Modul psihopedagogic te poti alatura corpului profesoral.<\/p>\n<\/div><\/div>\n<div class=\"ap_column ap-span3\"><div style=\"background-color: #ffffff; padding: 10px; margin: 10px; height: 260px;\">\n<h3>Tehnologii moderne<\/h3>\n<p>Dotarea bazei materiale a reprezentat un obiectiv important al strategiei universitatii. Pentru aplicarea practica a cunostintelor teoretice dobandite in timpul studiulu vei utiliza\u00a0 simulatoare si laboratoare moderne si de ultima generatie.<\/p>\n<\/div><\/div><\/div><\/p>\n<div style=\"background-color: #ffffff; padding: 10px; margin: 10px;\">\n<h3>Practic\u0103 inginereasc\u0103<\/h3>\n<p>Conform <strong>Planului de invatamant<\/strong>, pentru consolidarea cuno\u0219tin\u021belor teoretice \u015fi pentru formarea abilit\u0103\u021bilor poti accesa la efectuarea practicii la diversi agenti economici din zona metropolitana a orasului in care ai ales sa studiezi, centrala nuclearoelectrica Cernavoda dar si in Portul Constanta cu specific ingineresc energetician, agenti cu care universitatea are incheiate parteneriate.<\/p>\n<\/div>\n<\/div>\n<div class=\"clearfix ap-row\"><div class=\"ap_column ap-span6\"><a href=\"https:\/\/cmu-edu.eu\/electromecanica\/wp-content\/uploads\/sites\/19\/2021\/01\/banner-TAIE.jpg\"><img loading=\"lazy\" decoding=\"async\" class=\"aligncenter wp-image-756 size-full\" src=\"https:\/\/cmu-edu.eu\/electromecanica\/wp-content\/uploads\/sites\/19\/2021\/01\/banner-TAIE.jpg\" alt=\"\" width=\"1920\" height=\"443\" \/><\/a><\/div><\/div>\n<div style=\"background-color: #ffcb74; padding: 10px;\">\n<h2>Perspective dup\u0103 finalizarea studiilor<\/h2>\n<p>Absolven\u0163ii programului de studii <em>\u201c<strong>Ingineria sistemelor electroenergetice<\/strong><\/em>\u201d \u00a0\u00a0au \u015fanse reale s\u0103 se integreze \u015fi s\u0103 evolueze \u00een activitatea profesional\u0103 \u2013 predominant \u00een industria de energie energetica, din \u0163ar\u0103 \u015fi din str\u0103in\u0103tate;<\/p>\n<\/div>\n<p><a class=\"animation-but\" href=\"https:\/\/cmu-edu.eu\/admitere\/\" target=\"_blank\" rel=\"noopener\">Admitere<\/a><\/p>\n","protected":false},"excerpt":{"rendered":"<p>BENEFICII Practic\u0103 inginereasc\u0103 Conform Planului de invatamant, pentru consolidarea cuno\u0219tin\u021belor teoretice \u015fi pentru formarea abilit\u0103\u021bilor poti accesa la efectuarea practicii la diversi agenti economici din zona metropolitana a orasului in care ai ales sa studiezi, centrala nuclearoelectrica Cernavoda dar si in Portul Constanta cu specific ingineresc energetician, agenti cu care universitatea are incheiate parteneriate. Perspective [&hellip;]<\/p>\n","protected":false},"author":4,"featured_media":0,"parent":9,"menu_order":0,"comment_status":"closed","ping_status":"closed","template":"","meta":{"footnotes":""},"class_list":["post-795","page","type-page","status-publish","hentry"],"_links":{"self":[{"href":"https:\/\/cmu-edu.eu\/electromecanica\/wp-json\/wp\/v2\/pages\/795","targetHints":{"allow":["GET"]}}],"collection":[{"href":"https:\/\/cmu-edu.eu\/electromecanica\/wp-json\/wp\/v2\/pages"}],"about":[{"href":"https:\/\/cmu-edu.eu\/electromecanica\/wp-json\/wp\/v2\/types\/page"}],"author":[{"embeddable":true,"href":"https:\/\/cmu-edu.eu\/electromecanica\/wp-json\/wp\/v2\/users\/4"}],"replies":[{"embeddable":true,"href":"https:\/\/cmu-edu.eu\/electromecanica\/wp-json\/wp\/v2\/comments?post=795"}],"version-history":[{"count":16,"href":"https:\/\/cmu-edu.eu\/electromecanica\/wp-json\/wp\/v2\/pages\/795\/revisions"}],"predecessor-version":[{"id":1728,"href":"https:\/\/cmu-edu.eu\/electromecanica\/wp-json\/wp\/v2\/pages\/795\/revisions\/1728"}],"up":[{"embeddable":true,"href":"https:\/\/cmu-edu.eu\/electromecanica\/wp-json\/wp\/v2\/pages\/9"}],"wp:attachment":[{"href":"https:\/\/cmu-edu.eu\/electromecanica\/wp-json\/wp\/v2\/media?parent=795"}],"curies":[{"name":"wp","href":"https:\/\/api.w.org\/{rel}","templated":true}]}}