{"id":806,"date":"2021-02-15T08:58:54","date_gmt":"2021-02-15T08:58:54","guid":{"rendered":"https:\/\/cmu-edu.eu\/electromecanica\/?page_id=806"},"modified":"2025-06-17T06:55:32","modified_gmt":"2025-06-17T06:55:32","slug":"tst","status":"publish","type":"page","link":"https:\/\/cmu-edu.eu\/electromecanica\/programe-de-studii\/tst\/","title":{"rendered":"Tehnologii si sisteme de telecomunica\u021bii"},"content":{"rendered":"<p><iframe loading=\"lazy\" title=\"Specializarea Tehnologii si sisteme de telecomunicat\u0326ii\" width=\"640\" height=\"360\" src=\"https:\/\/www.youtube.com\/embed\/gm0VifaRPVY?feature=oembed\" frameborder=\"0\" allow=\"accelerometer; autoplay; clipboard-write; encrypted-media; gyroscope; picture-in-picture; web-share\" referrerpolicy=\"strict-origin-when-cross-origin\" allowfullscreen><\/iframe><\/p>\n<div class=\"clearfix ap-row\"><div class=\"ap_column ap-span3\"><h2>Tehnologii si sisteme de telecomunica\u021bii<\/h2>\n<p>Specializarea de studii universitare de licen\u0163\u0103 Tehnologii \u0219i sisteme de telecomunica\u021bii preg\u0103te\u015fte ingineri de \u00eenalt\u0103 calificare \u00een domeniul Inginerie Electronic\u0103 \u015fi Telecomunica\u0163ii, av\u00e2nd cuno\u015ftin\u0163e aprofundate de proiectare a circuitelor electronice, a sistemelor dedicate de microelectronic\u0103, electronic\u0103 de putere, robotic\u0103, tehnologia informa\u0163iei (IT) \u015fi comunica\u0163ii.<\/p>\n<p>Absolven\u0163ii au competen\u0163e \u015fi abilit\u0103\u0163i de a proiecta, dezvolta, implementa \u015fi \u00eentre\u0163ine sistemele \u015fi echipamentele electronice, sistemele bazate pe microprocesoare \u015fi microcontrolere, sisteme embedded, de adezvolta aplica\u0163ii software pentru cele mai diverse domenii precum comunica\u0163ii de date, sisteme de comunica\u0163ii \u015fi tehnologii multimedia.\n<a class=\"but2\" href=\"https:\/\/cmu-edu.eu\/electromecanica\/wp-content\/uploads\/sites\/19\/2025\/03\/FLAIER-TELECOMUNICATII.pdf\">Descarca Pliant<\/a><\/div><\/p>\n<div class=\"ap_column ap-span3\"><h2>CE STUDIEZI<\/h2>\n<ul class=\"lista-doi\">\n<li>Elemente fundamentale referitoare la dispozitivele, circuitele, sistemele, instrumenta\u0163ia \u015fi tehnologia electronica<\/li>\n<li>Teoria semnalelor si sistemelor, tehnici de prelucrare a semnalelor<\/li>\n<li>Metode de baz\u0103 pentru achizi\u0163ia \u015fi prelucrarea semnalelor<\/li>\n<li>Concepte \u015fi metode privitoare la arhitectura sistemelor de calcul, microprocesoare, microcontrolere, limbaje \u015fi tehnici de programare<\/li>\n<li>Conceperea, implementarea \u015fi operarea serviciilor de date, voce, video, multimedia<\/li>\n<li>Functionarea echipamentelor de telecomunica\u0163ii fixe sau mobile.<\/li>\n<li>Tehnica frecven\u021belor foarte \u00eenalte, unde radio, medii de transmisiune, circuite de microunde, antene si propagare, sisteme radar.<\/li>\n<\/ul>\n<p><a class=\"but1\" href=\"https:\/\/cmu-edu.eu\/electromecanica\/wp-content\/uploads\/sites\/19\/2024\/05\/Plan-inv-TST-Redacted.pdf\">Descarc\u0103 planul de \u00eenv\u0103\u021b\u0103m\u00e2nt<\/a>\n<a class=\"but1\" href=\"https:\/\/cmu-edu.eu\/electromecanica\/wp-content\/uploads\/sites\/19\/2025\/03\/Fise-de-disciplina-program-TST.pdf\">Fi\u0219e de disciplin\u0103 program TST<\/a><\/p><\/div><\/div>\n<div style=\"background-color: #f5f5f5; padding: 10px; text-align: center;\">\n<h1 style=\"padding-bottom: 30px;\">BENEFICII<\/h1>\n<p><a class=\"button3\" href=\"https:\/\/cmu-edu.eu\/wp-content\/uploads\/2022\/02\/informatii-brevet.pdf\">Ob\u021binerea brevetului de ofi\u021ber maritim electrician pentru studen\u021bii \u00eenmatricula\u021bi la programul de studiu Tehnologii \u0219i Sisteme de Telecomunica\u021bii<\/a><br \/>\n<div class=\"clearfix ap-row\"><div class=\"ap_column ap-span2\"><div style=\"background-color: #ffffff; padding: 10px; margin: 10px; height: 290px;\">\n<h3>Recunoa\u0219tere interna\u021bional\u0103.<\/h3>\n<p>Diploma de inginer este recunoscut\u0103 la nivel interna\u021bional, oferindu-\u021bi posibilitatea de angajare oriunde \u00een lume.<\/p>\n<\/div><\/div>\n<div class=\"ap_column ap-span2\"><div style=\"background-color: #ffffff; padding: 10px; margin: 10px; height: 290px;\">\n<h3>Oportunit\u0103\u021bi de studiu \u00een str\u0103in\u0103tate<\/h3>\n<p>Mul\u021bi dintre studen\u021bii no\u0219tri aleg s\u0103 studieze un semestru la una dintre facult\u0103\u021bile partenere, beneficiind de bursa ERASMUS.\nNe bucur\u0103m de colabor\u0103ri europene cu Institutul Politehnic din Grenoble, Institutul de Electronic\u0103 \u0219i Telecomunica\u021bii din Rennes \u0219i INSA Centre Val de Loire, Fran\u021ba.<\/p>\n<\/div><\/div>\n<div class=\"ap_column ap-span2\"><div style=\"background-color: #ffffff; padding: 10px; margin: 10px; height: 290px;\">\n<h3>Aprofundarea studiilor<\/h3>\n<p>Posibilitate de continuare a studiilor, absolven\u021bii pot aprofunda cuno\u015ftin\u0163ele dob\u00e2ndite prin studii de masterat de cercetare \u0219tiin\u021bific\u0103 (\u00een rom\u00e2n\u0103 \u0219i englez\u0103) \u00een domeniul <strong>Circuite \u0219i sisteme integrate de comunica\u021bii<\/strong><\/p>\n<\/div><\/div><\/div><br \/>\n<div class=\"clearfix ap-row\"><div class=\"ap_column ap-span3\"><div style=\"background-color: #ffffff; padding: 10px; margin: 10px; height: 260px;\">\n<h3>Alternative<\/h3>\n<p>To\u021bi absolven\u021bii no\u0219tri pot alege \u00eentre o carier\u0103 pe mare sau pe uscat<\/p>\n<h3>Consiliere \u0219i Orientare \u00een Carier\u0103<\/h3>\n<p>Studen\u021bii no\u0219tri beneficiaz\u0103 de consigliere profesional\u0103 \u0219i sprijin \u00een vederea integr\u0103rii pe pia\u021ba muncii<\/p>\n<\/div><\/div>\n<div class=\"ap_column ap-span3\"><div style=\"background-color: #ffffff; padding: 10px; margin: 10px; height: 260px;\">\n<h3>Brevet de ofi\u0163er maritim<\/h3>\n<p>Prezen\u021ba inginerilor electroni\u0219ti la bordul navelor devine indispensabil\u0103 o dat\u0103 cu dezvoltarea tehnologic\u0103 tot mai avansat\u0103 a flotei maritime interna\u021bionale. Brevet de ofi\u0163er maritim pentru absolven\u0163ii de Electronic\u0103 \u015fi Telecomunica\u0163ii. Cei care doresc, pot urma o serie de cursuri facultative de specializare pentru ingineri electroni\u0219ti la bordul navei .<\/p>\n<\/div><\/div><\/div><\/p>\n<\/div>\n<div style=\"background-color: #ffffff; padding: 10px; margin: 10px;\"><div class=\"clearfix ap-row\"><div class=\"ap_column ap-span3\"><h3>Cele mai performante Laboratoare<\/h3>\n<ul class=\"lista-doi\">\n<li>Echipamente de laborator pentru m\u0103sur\u0103ri, senzori, traductoare, materiale pentru electronic\u0103<\/li>\n<li>Tehnic\u0103 de calcul de ultim\u0103 genera\u021bie<\/li>\n<li>Platform\u0103 modern\u0103 de caracterizare a circuitelor \u0219i sitemelor la frecven\u021be foarte \u00eenalte, dotata cu camera anechoic\u0103 \u2013 singura universitate cu un astfel de laborator \u00een toat\u0103 zona de Sud a Rom\u00e2niei (Banat \u2013 Muntenia &#8211; Dobrogea)<\/li>\n<li>Echipamente radio definite software (SDR)<\/li>\n<li>Software profesional pentru simularea \u0219i proiectarea circuitelor \u0219i sistemelor pentru frecven\u021be foarte \u00eenalte<\/div>\n<div class=\"ap_column ap-span3\"><\/li>\n<\/ul>\n<h3>Practic\u0103<\/h3>\n<p>Anii doi si trei de facultate iti vor oferi cadrul perfect pentru consolidarea cuno\u0219tin\u021belor teoretice \u015fi pentru formarea abilit\u0103\u021bilor, spre a le aplica \u00een concordan\u021b\u0103 cu specializarea pentru care esti instruit, la diversi agenti economici cu care universitatea are incheiate parteneriatesi in laboratoarele de specialitate din universitate.<\/p>\n<ul class=\"lista-doi\">\n<li><strong>Practic\u0103 a sigurat\u0103 la companii de profil partenere:<\/strong><\/li>\n<li>GMB Computers<\/li>\n<li>RCS &amp; RDS<\/li>\n<li>Junior Group<\/li>\n<li>Enercon Services Carpathians<\/li>\n<li>ELRO<\/li>\n<li>Radionav<\/li>\n<\/ul>\n<p><hr class=\"ap-spacing\" style=\"height:10px\"\/><\/div><\/div><br \/>\n<div class=\"clearfix ap-row\"><div class=\"ap_column ap-span6\"><a href=\"https:\/\/cmu-edu.eu\/electromecanica\/wp-content\/uploads\/sites\/19\/2021\/02\/ban-tst2.jpg\"><img loading=\"lazy\" decoding=\"async\" class=\"aligncenter wp-image-756 size-full\" src=\"https:\/\/cmu-edu.eu\/electromecanica\/wp-content\/uploads\/sites\/19\/2021\/02\/ban-tst2.jpg\" alt=\"\" width=\"1920\" height=\"400\" \/><\/a><\/div><\/div><\/p>\n<div style=\"background-color: #ffcb74; padding: 10px;\">\n<h2>OPORTUNIT\u0102\u021aI DE CARIER\u0102<\/h2>\n<p>Absolven\u021bii programului de studii Tehnologii \u0219i sisteme de telecomunica\u021bii pot ocupa func\u021bii sau diverse alte posturi \u00een industria electronica si telecomunicatii.<\/p>\n<ul>\n<li>Inginer electronist \u00een industria IT, automotive \u0219i pentru navele autonome<\/li>\n<li>Inginer electronist transporturi \u015fi telecomunica\u0163ii<\/li>\n<li>Inginer la operatorii de telecomunica\u021bii<\/li>\n<li>Inginer proiectant electronist<\/li>\n<li>Inginer emisie<\/li>\n<li>Inginer proiectant comunica\u0163ii<\/li>\n<li>Inginer proiectant de sisteme de calcul<\/li>\n<li>Inginer sisteme de securitate<\/li>\n<li>Inginer de imagine<\/li>\n<\/ul>\n<\/div>\n<p><a class=\"animation-but\" href=\"https:\/\/cmu-edu.eu\/admitere\/\" target=\"_blank\" rel=\"noopener\">Admitere<\/a><\/p>\n<\/div>\n","protected":false},"excerpt":{"rendered":"<p>BENEFICII Ob\u021binerea brevetului de ofi\u021ber maritim electrician pentru studen\u021bii \u00eenmatricula\u021bi la programul de studiu Tehnologii \u0219i Sisteme de Telecomunica\u021bii OPORTUNIT\u0102\u021aI DE CARIER\u0102 Absolven\u021bii programului de studii Tehnologii \u0219i sisteme de telecomunica\u021bii pot ocupa func\u021bii sau diverse alte posturi \u00een industria electronica si telecomunicatii. Inginer electronist \u00een industria IT, automotive \u0219i pentru navele autonome Inginer electronist [&hellip;]<\/p>\n","protected":false},"author":4,"featured_media":0,"parent":9,"menu_order":0,"comment_status":"closed","ping_status":"closed","template":"","meta":{"footnotes":""},"class_list":["post-806","page","type-page","status-publish","hentry"],"_links":{"self":[{"href":"https:\/\/cmu-edu.eu\/electromecanica\/wp-json\/wp\/v2\/pages\/806","targetHints":{"allow":["GET"]}}],"collection":[{"href":"https:\/\/cmu-edu.eu\/electromecanica\/wp-json\/wp\/v2\/pages"}],"about":[{"href":"https:\/\/cmu-edu.eu\/electromecanica\/wp-json\/wp\/v2\/types\/page"}],"author":[{"embeddable":true,"href":"https:\/\/cmu-edu.eu\/electromecanica\/wp-json\/wp\/v2\/users\/4"}],"replies":[{"embeddable":true,"href":"https:\/\/cmu-edu.eu\/electromecanica\/wp-json\/wp\/v2\/comments?post=806"}],"version-history":[{"count":20,"href":"https:\/\/cmu-edu.eu\/electromecanica\/wp-json\/wp\/v2\/pages\/806\/revisions"}],"predecessor-version":[{"id":1734,"href":"https:\/\/cmu-edu.eu\/electromecanica\/wp-json\/wp\/v2\/pages\/806\/revisions\/1734"}],"up":[{"embeddable":true,"href":"https:\/\/cmu-edu.eu\/electromecanica\/wp-json\/wp\/v2\/pages\/9"}],"wp:attachment":[{"href":"https:\/\/cmu-edu.eu\/electromecanica\/wp-json\/wp\/v2\/media?parent=806"}],"curies":[{"name":"wp","href":"https:\/\/api.w.org\/{rel}","templated":true}]}}