{"id":818,"date":"2021-02-15T09:47:30","date_gmt":"2021-02-15T09:47:30","guid":{"rendered":"https:\/\/cmu-edu.eu\/electromecanica\/?page_id=818"},"modified":"2024-07-09T08:24:52","modified_gmt":"2024-07-09T08:24:52","slug":"circuite-si-sisteme-integrate-de-comunicatii","status":"publish","type":"page","link":"https:\/\/cmu-edu.eu\/electromecanica\/programe-de-studii\/circuite-si-sisteme-integrate-de-comunicatii\/","title":{"rendered":"Circuite \u0219i sisteme integrate de comunica\u021bii"},"content":{"rendered":"<div class=\"clearfix ap-row\"><div class=\"ap_column ap-span4\"><h2>Circuite \u0219i sisteme integrate de comunica\u021bii<\/h2>\n<p>Universitatea Maritim\u0103 din Constan\u0163a organizeaz\u0103 studii universitare de Masterat \u00een domeniul Inginerie Electronic\u0103, Telecomunica\u0163ii \u015fi Tehnologii Informa\u0163ionale, \u00een baza acredit\u0103rii ob\u0163inute de la ARACIS, pe direc\u0163ia de studii Circuite \u015fi Sisteme Integrate de Comunica\u0163ii.<\/p>\n<p>Programul de studii este de tip \u201ecercetare\u201d, circa 50% din creditele aferente fiec\u0103ruia dintre cei 2 ani de studii fiind ob\u0163inute din activitate aplicativ\u0103 \u00een cadrul unui proiect la care studen\u0163ii lucreaz\u0103 individual, sub coordonarea unui cadru didactic. Acest proiect devine, \u00een final, lucrarea de diserta\u0163ie.<\/p>\n<p>Experien\u0163a cu programul de masterat Circuite \u015fi Sisteme Integrate de Comunica\u0163ii \u00een limba rom\u00e2n\u0103 a demonstrat c\u0103 se pot integra, cu bune rezultate, absolven\u0163i de studii de licen\u0163\u0103 din toate domeniile (economie, inginerie electric\u0103, mecanic\u0103, aerospa\u0163ial\u0103, economie etc.). \u00cen acest scop, cursurile includ o prim\u0103 parte de familiarizare cu domeniul, pentru studen\u0163ii care au absolvit alte specializ\u0103ri dec\u00e2t Electronic\u0103 \u015fi Telecomunica\u0163ii.<\/p>\n<p>S-a dovedit c\u0103 absolven\u0163ii acestui program de studii se pot insera rapid pe pia\u0163a muncii din Rom\u00e2nia \u015fi din str\u0103in\u0103tate. Specializarea noastr\u0103 acord\u0103 mobilitate \u015fi \u015fanse reale de angajare \u00een marile companii de IT.<\/p><\/div>\n<div class=\"ap_column ap-span2\"><h2>CE STUDIEZI<\/h2>\n<p>Printre disciplinele studiate la acest program de masterat enumer\u0103m:<\/p>\n<ul class=\"lista-doi\">\n<li>Sisteme de localizare \u0219i comunica\u021bii subacvatice,<\/li>\n<li>Sisteme radar cu apertur\u0103 sintetic\u0103,<\/li>\n<li>Sisteme electronice de naviga\u0163ie,<\/li>\n<li>Tehnici avansate de prelucrare digital\u0103 a semnalelor,<\/li>\n<li>Inteligen\u021b\u0103 artificial\u0103 \u00een comunica\u021bii,<\/li>\n<li>Propagare, antene \u015fi diversitate,<\/li>\n<li>Tehnici de m\u0103surare a sistemelor radiante etc.<\/li>\n<\/ul>\n<p><a class=\"but1\" href=\"https:\/\/cmu-edu.eu\/electromecanica\/wp-content\/uploads\/sites\/19\/2024\/05\/Plan-inv-CSIC-ro_Redacted.pdf\">Descarc\u0103 planul de \u00eenv\u0103\u021b\u0103m\u00e2nt<\/a><\/div><\/div>\n<div style=\"background-color: #f5f5f5; padding: 10px; text-align: center;\">\n<h1 style=\"padding-bottom: 30px;\">BENEFICII<\/h1>\n<p><div class=\"clearfix ap-row\"><div class=\"ap_column ap-span3\"><div style=\"background-color: #ffffff; padding: 10px; margin: 10px; height: 260px;\">\n<h3>Recunoa\u0219tere interna\u021bional\u0103.<\/h3>\n<p>Diploma de master este recunoscut\u0103 la nivel interna\u021bional, oferindu-\u021bi posibilitatea de angajare oriunde \u00een lume.<\/p>\n<\/div><\/div>\n<div class=\"ap_column ap-span3\"><div style=\"background-color: #ffffff; padding: 10px; margin: 10px; height: 260px;\">\n<h3>Oportunit\u0103\u021bi de studiu \u00een str\u0103in\u0103tate<\/h3>\n<p>Mul\u021bi dintre studen\u021bii no\u0219tri aleg s\u0103 studieze un semestru la una dintre facult\u0103\u021bile partenere, beneficiind de bursa ERASMUS.<\/p>\n<p>Ne bucur\u0103m de colabor\u0103ri europene cu Institutul Politehnic din Grenoble, Institutul de Electronic\u0103 \u0219i Telecomunica\u021bii din Rennes \u0219i INSA Centre Val de Loire, Fran\u021ba.<\/p>\n<\/div><\/div><\/div><br \/>\n<div class=\"clearfix ap-row\"><div class=\"ap_column ap-span6\"><div style=\"background-color: #ffffff; padding: 10px; margin: 10px; height: 260px;\">\n<h3>Alternative<\/h3>\n<p>To\u021bi absolven\u021bii no\u0219tri pot alege \u00eentre o carier\u0103 pe mare sau pe uscat<\/p>\n<h3>Consiliere \u0219i Orientare \u00een Carier\u0103<\/h3>\n<p>Studen\u021bii no\u0219tri beneficiaz\u0103 de consigliere profesional\u0103 \u0219i sprijin \u00een vederea integr\u0103rii pe pia\u021ba muncii<\/p>\n<\/div><\/div><\/div><\/p>\n<\/div>\n<div style=\"background-color: #ffffff; padding: 10px; margin: 10px;\">\n<div class=\"clearfix ap-row\"><h3>Cele mai performante Laboratoare<\/h3>\n<ul class=\"lista-doi\">\n<li>Echipamente de laborator pentru m\u0103sur\u0103ri, senzori, traductoare, materiale pentru electronic\u0103<\/li>\n<li>Tehnic\u0103 de calcul de ultim\u0103 genera\u021bie<\/li>\n<li>Platform\u0103 modern\u0103 de caracterizare a circuitelor \u0219i sitemelor la frecven\u021be foarte \u00eenalte, dotata cu camera anechoic\u0103 \u2013 singura universitate cu un astfel de laborator \u00een toat\u0103 zona de Sud a Rom\u00e2niei (Banat \u2013 Muntenia &#8211; Dobrogea)<\/li>\n<li>Echipamente radio definite software (SDR)<\/li>\n<li>Software profesional pentru simularea \u0219i proiectarea circuitelor \u0219i sistemelor pentru frecven\u021be foarte \u00eenalte<\/li>\n<\/ul>\n<hr class=\"ap-spacing\" style=\"height:10px\"\/>\n<p><div class=\"clearfix ap-row\"><\/div>\n<div class=\"ap_column ap-span6\"><a href=\"https:\/\/cmu-edu.eu\/electromecanica\/wp-content\/uploads\/sites\/19\/2021\/02\/ban-tst2.jpg\"><img loading=\"lazy\" decoding=\"async\" class=\"aligncenter wp-image-756 size-full\" src=\"https:\/\/cmu-edu.eu\/electromecanica\/wp-content\/uploads\/sites\/19\/2021\/02\/ban-tst2.jpg\" alt=\"\" width=\"1920\" height=\"400\" \/><\/a><\/div><\/div>\n<div style=\"background-color: #ffcb74; padding: 10px;\">\n<h2>OPORTUNIT\u0102\u021aI DE CARIER\u0102<\/h2>\n<p>Absolven\u021bii acestui program de studii se pot insera rapid pe pia\u021ba muncii din Rom\u00e2nia \u0219i din str\u0103in\u0103tate. Specializarea noastr\u0103 acord\u0103 mobilitate \u0219i \u0219anse reale de angajare \u00een marile companii de IT din lume precum IBM, AT&amp;T, Huawei, Ericsson etc.<\/p>\n<ul>\n<li>Inginer electronist \u00een industria IT, automotive \u0219i pentru navele autonome<\/li>\n<li>Inginer electronist transporturi \u015fi telecomunica\u0163ii<\/li>\n<li>Inginer la operatorii de telecomunica\u021bii<\/li>\n<li>Inginer proiectant electronist<\/li>\n<li>Inginer emisie<\/li>\n<li>Inginer proiectant comunica\u0163ii<\/li>\n<li>Inginer proiectant de sisteme de calcul<\/li>\n<li>Inginer sisteme de securitate<\/li>\n<li>Inginer de imagine<\/li>\n<\/ul>\n<p><strong>Specializarea de studii universitare de masterat <\/strong><strong>Circuite \u0219i sisteme integrate de comunica\u021bii, specializare integrat\u0103 \u00een structura Facult\u0103\u0163ii de Electromecanic\u0103 Naval\u0103,<\/strong> asigur\u0103 formarea \u015fi perfec\u0163ionarea speciali\u015ftilor cu studii tehnice superioare pentru cercetare, proiectare, construc\u0163ie \u0219i exploatare in inginerie electronica \u0219i telecomunica\u021bii prin \u00eenv\u0103\u0163\u0103m\u00e2nt universitar construit pe criteriile de performan\u0163\u0103 ale sistemului european.<\/p>\n<\/div>\n<p><a class=\"animation-but\" href=\"https:\/\/cmu-edu.eu\/admitere\/admitere-studii-master\/\" target=\"_blank\" rel=\"noopener\">Admitere<\/a><\/p>\n","protected":false},"excerpt":{"rendered":"<p>BENEFICII OPORTUNIT\u0102\u021aI DE CARIER\u0102 Absolven\u021bii acestui program de studii se pot insera rapid pe pia\u021ba muncii din Rom\u00e2nia \u0219i din str\u0103in\u0103tate. Specializarea noastr\u0103 acord\u0103 mobilitate \u0219i \u0219anse reale de angajare \u00een marile companii de IT din lume precum IBM, AT&amp;T, Huawei, Ericsson etc. Inginer electronist \u00een industria IT, automotive \u0219i pentru navele autonome Inginer electronist [&hellip;]<\/p>\n","protected":false},"author":4,"featured_media":0,"parent":9,"menu_order":0,"comment_status":"closed","ping_status":"closed","template":"","meta":{"footnotes":""},"class_list":["post-818","page","type-page","status-publish","hentry"],"_links":{"self":[{"href":"https:\/\/cmu-edu.eu\/electromecanica\/wp-json\/wp\/v2\/pages\/818","targetHints":{"allow":["GET"]}}],"collection":[{"href":"https:\/\/cmu-edu.eu\/electromecanica\/wp-json\/wp\/v2\/pages"}],"about":[{"href":"https:\/\/cmu-edu.eu\/electromecanica\/wp-json\/wp\/v2\/types\/page"}],"author":[{"embeddable":true,"href":"https:\/\/cmu-edu.eu\/electromecanica\/wp-json\/wp\/v2\/users\/4"}],"replies":[{"embeddable":true,"href":"https:\/\/cmu-edu.eu\/electromecanica\/wp-json\/wp\/v2\/comments?post=818"}],"version-history":[{"count":13,"href":"https:\/\/cmu-edu.eu\/electromecanica\/wp-json\/wp\/v2\/pages\/818\/revisions"}],"predecessor-version":[{"id":1564,"href":"https:\/\/cmu-edu.eu\/electromecanica\/wp-json\/wp\/v2\/pages\/818\/revisions\/1564"}],"up":[{"embeddable":true,"href":"https:\/\/cmu-edu.eu\/electromecanica\/wp-json\/wp\/v2\/pages\/9"}],"wp:attachment":[{"href":"https:\/\/cmu-edu.eu\/electromecanica\/wp-json\/wp\/v2\/media?parent=818"}],"curies":[{"name":"wp","href":"https:\/\/api.w.org\/{rel}","templated":true}]}}