{"id":835,"date":"2021-03-05T09:06:28","date_gmt":"2021-03-05T09:06:28","guid":{"rendered":"https:\/\/cmu-edu.eu\/electromecanica\/?page_id=835"},"modified":"2021-03-08T07:23:15","modified_gmt":"2021-03-08T07:23:15","slug":"sustinere-teza-doctorat-faitar-catalin","status":"publish","type":"page","link":"https:\/\/cmu-edu.eu\/electromecanica\/sustinere-teza-doctorat-faitar-catalin\/","title":{"rendered":"Sus\u021binere Tez\u0103 Doctorat &#8211; Faitar C\u0103t\u0103lin"},"content":{"rendered":"<div style=\"text-align: center;margin: 0 0 80px 0\">\n<h2>UNIVERSITATEA MARITIM\u0102 DIN CONSTAN\u0162A anun\u021b\u0103<\/h2>\n<h3>SUS\u0162INEREA ONLINE \u00ceN \u015eEDIN\u0162\u0102 PUBLIC\u0102 A TEZEI DE DOCTORAT<br \/>\n<div class=\"divider\" style=\"margin-top:10px; margin-bottom:10px; border-top:1px solid #CCCCCC;width:100%\"\/><\/div><br \/>\n<strong>\u201cSTUDII \u0218I CERCET\u0102RI PRIVIND SISTEMELE DE RECUPERARE A ENERGIEI REZIDUALE LA NAVELE MARITIME\u201d<\/strong><br \/>\nelaborat\u0103 de ing. C\u0102T\u0102LIN FAIT\u0102R<\/h3>\n<\/div>\n<div class=\"clearfix ap-row\"><div class=\"ap_column ap-span2\"><h2>Documente Candidat<\/h2>\n<ul class=\"lista-doi\">\n<li><a href=\"https:\/\/cmu-edu.eu\/electromecanica\/wp-content\/uploads\/sites\/19\/2021\/03\/Faitar-Catalin-CV-in-format-european_Redacted.pdf\">Curriculum Vitae<\/a><\/li>\n<li><a href=\"https:\/\/cmu-edu.eu\/electromecanica\/wp-content\/uploads\/sites\/19\/2021\/03\/Faitar-Catalin-lista-publicatii-martie-2021.pdf\">Lista publicatii martie 2021<\/a><\/li>\n<li><a href=\"https:\/\/cmu-edu.eu\/electromecanica\/wp-content\/uploads\/sites\/19\/2021\/03\/Faitar-Catalin-rezumat-final-engleza.pdf\">Rezumat final engleza<\/a><\/li>\n<li><a href=\"https:\/\/cmu-edu.eu\/electromecanica\/wp-content\/uploads\/sites\/19\/2021\/03\/Faitar-Catalin-rezumat-final-romana.pdf\">Rezumat final romana<\/a><\/li>\n<\/ul><\/div>\n<div class=\"ap_column ap-span4\">Comisia de sus\u021binere public\u0103 a tezei de doctorat numit\u0103 prin decizia Rectorului nr. 63 din 5 martie 2021 este constituit\u0103 din:<\/p>\n<ul class=\"lista-doi\">\n<li><strong>Pre\u015fedinte:<\/strong> S.l.dr. ing. Mihaela Lumini\u0163a B\u0103rh\u0103lescu, Prodecan Facultatea Electromecanic\u0103 Naval\u0103 (<a href=\"https:\/\/cmu-edu.eu\/wp-content\/uploads\/2020\/09\/cv-Barhalescu-Mihaela_Redacted.pdf\">descarc\u0103 CV<\/a>)<\/li>\n<li><strong>Conduc\u0103tor \u015ftiin\u0163ific:<\/strong> Prof.univ.dr.ing. Nicolae Buzbuchi (<a href=\"https:\/\/cmu-edu.eu\/wp-content\/uploads\/2020\/09\/CV-BUZBUCHI-NICOLAE.pdf\">descarc\u0103 CV<\/a>)<\/li>\n<li><strong>Referen\u0163i:<\/strong><\/li>\n<li>Prof.dr.ing. Daniel CONDURACHE, Universitatea Tehnica &#8220;Gheorghe Asachi&#8221; din Iasi (<a href=\"https:\/\/cmu-edu.eu\/electromecanica\/wp-content\/uploads\/sites\/19\/2021\/03\/CV-Daniel-Condurache-1_Redacted.pdf\">descarc\u0103 CV<\/a>)<\/li>\n<li>Acad. prof. dr. ing. Eugen Rusu, Universitatea \u201cDun\u0103rea de Jos\u201d Gala\u021bi (<a href=\"https:\/\/cmu-edu.eu\/wp-content\/uploads\/2020\/09\/CV_Eugen_Rusu_Redacted.pdf\">descarc\u0103 CV<\/a>)<\/li>\n<li>Conf. dr. ing. Liviu Constantin Stan, Universitatea Maritim\u0103 din Constan\u0163a (<a href=\"https:\/\/cmu-edu.eu\/wp-content\/uploads\/2019\/11\/CV-LIVIU-STAN.pdf\">descarc\u0103 CV<\/a>)<\/li>\n<\/ul><\/div><\/div>\n<hr class=\"ap-spacing\" style=\"height:10px\"\/>\n<p><strong>Sus\u021binerea public\u0103 va avea loc online, la data de 26 martie 2021, ora 09.00 pe<\/strong><a href=\"https:\/\/campus.cmu-edu.eu\/\"> https:\/\/campus.cmu-edu.eu\/<\/a>.<\/p>\n<p>Prezentarea public\u0103 va fi \u00eenregistrat\u0103 \u015fi arhivat\u0103.<\/p>\n<p>Adresa public\u0103 pentru evenimen va fi distribuit\u0103 comunit\u0103\u021bii academice UMC prin e-mail \u0219i pe pagina web a Universit\u0103\u021bii.<\/p>\n<p>Fiecare cerere de participare va fi gestionat\u0103 cu cel pu\u0163in 24 ore \u00eenainte de \u00eenceperea sus\u021binerii publice a tezei de doctorat.<\/p>\n<p>Prin gestionare se \u00een\u021belege acceptarea solicit\u0103rii ne\u00eengr\u0103dite de participare la sus\u021binerea public\u0103 a tezei de doctorat.<\/p>\n<p><strong>Textul integral al tezei poate fi consultat \u00een format tip\u0103rit la Biroul \u0218colii Doctorale, Parter P003, precum \u015fi la Biblioteca universit\u0103\u0163ii<\/strong><\/p>\n<p>&nbsp;<\/p>\n","protected":false},"excerpt":{"rendered":"<p>UNIVERSITATEA MARITIM\u0102 DIN CONSTAN\u0162A anun\u021b\u0103 SUS\u0162INEREA ONLINE \u00ceN \u015eEDIN\u0162\u0102 PUBLIC\u0102 A TEZEI DE DOCTORAT \u201cSTUDII \u0218I CERCET\u0102RI PRIVIND SISTEMELE DE RECUPERARE A ENERGIEI REZIDUALE LA NAVELE MARITIME\u201d elaborat\u0103 de ing. C\u0102T\u0102LIN FAIT\u0102R Sus\u021binerea public\u0103 va avea loc online, la data de 26 martie 2021, ora 09.00 pe https:\/\/campus.cmu-edu.eu\/. Prezentarea public\u0103 va fi \u00eenregistrat\u0103 \u015fi arhivat\u0103. [&hellip;]<\/p>\n","protected":false},"author":4,"featured_media":0,"parent":0,"menu_order":0,"comment_status":"closed","ping_status":"closed","template":"","meta":{"footnotes":""},"class_list":["post-835","page","type-page","status-publish","hentry"],"_links":{"self":[{"href":"https:\/\/cmu-edu.eu\/electromecanica\/wp-json\/wp\/v2\/pages\/835","targetHints":{"allow":["GET"]}}],"collection":[{"href":"https:\/\/cmu-edu.eu\/electromecanica\/wp-json\/wp\/v2\/pages"}],"about":[{"href":"https:\/\/cmu-edu.eu\/electromecanica\/wp-json\/wp\/v2\/types\/page"}],"author":[{"embeddable":true,"href":"https:\/\/cmu-edu.eu\/electromecanica\/wp-json\/wp\/v2\/users\/4"}],"replies":[{"embeddable":true,"href":"https:\/\/cmu-edu.eu\/electromecanica\/wp-json\/wp\/v2\/comments?post=835"}],"version-history":[{"count":12,"href":"https:\/\/cmu-edu.eu\/electromecanica\/wp-json\/wp\/v2\/pages\/835\/revisions"}],"predecessor-version":[{"id":871,"href":"https:\/\/cmu-edu.eu\/electromecanica\/wp-json\/wp\/v2\/pages\/835\/revisions\/871"}],"wp:attachment":[{"href":"https:\/\/cmu-edu.eu\/electromecanica\/wp-json\/wp\/v2\/media?parent=835"}],"curies":[{"name":"wp","href":"https:\/\/api.w.org\/{rel}","templated":true}]}}