{"id":851,"date":"2021-03-05T10:16:47","date_gmt":"2021-03-05T10:16:47","guid":{"rendered":"https:\/\/cmu-edu.eu\/electromecanica\/?page_id=851"},"modified":"2021-03-08T07:23:35","modified_gmt":"2021-03-08T07:23:35","slug":"sustinere-teza-doctorat-andra-teodora-francu-nedelcu","status":"publish","type":"page","link":"https:\/\/cmu-edu.eu\/electromecanica\/sustinere-teza-doctorat-andra-teodora-francu-nedelcu\/","title":{"rendered":"Sus\u021binere Tez\u0103 Doctorat &#8211; Andra-Teodora FRANCU (NEDELCU)"},"content":{"rendered":"<div style=\"text-align: center;margin: 0 0 80px 0\">\n<h2>UNIVERSITATEA MARITIM\u0102 DIN CONSTAN\u0162A anun\u021b\u0103<\/h2>\n<h3>SUS\u0162INEREA ONLINE \u00ceN \u015eEDIN\u0162\u0102 PUBLIC\u0102 A TEZEI DE DOCTORAT <strong><br \/>\n<div class=\"divider\" style=\"margin-top:10px; margin-bottom:10px; border-top:1px solid #CCCCCC;width:100%\"\/><\/div><br \/>\n\u201cSTUDII \u0218I CERCET\u0102RI PRIVIND CONTROLUL \u0218I STABILIZAREA UNUI VEHICUL NECONVEN\u021aIONAL DESTINAT CERCET\u0102RII SUBMARINE\u201d<\/strong><br \/>\nelaborat\u0103 de ing. Andra-Teodora FRANCU (NEDELCU)<\/h3>\n<\/div>\n<div class=\"clearfix ap-row\"><div class=\"ap_column ap-span2\"><h2>Documente Candidat<\/h2>\n<ul class=\"lista-doi\">\n<li><a href=\"https:\/\/cmu-edu.eu\/electromecanica\/wp-content\/uploads\/sites\/19\/2021\/03\/Nedelcu-Andra_CV_2021_Redacted.pdf\">Curriculum Vitae<\/a><\/li>\n<li><a href=\"https:\/\/cmu-edu.eu\/electromecanica\/wp-content\/uploads\/sites\/19\/2021\/03\/Nedelcu-Andra_Lista-lucrari_2021.pdf\">Nedelcu Andra_Lista lucrari_2021<\/a><\/li>\n<li><a href=\"https:\/\/cmu-edu.eu\/electromecanica\/wp-content\/uploads\/sites\/19\/2021\/03\/rezumat-engleza-Nede-Andra.pdf\">Rezumat Teza engleza<\/a><\/li>\n<li><a href=\"https:\/\/cmu-edu.eu\/electromecanica\/wp-content\/uploads\/sites\/19\/2021\/03\/rezumat-teza-romana-Nede-Andra.pdf\">Rezumat Teza romana<\/a><\/li>\n<\/ul><\/div>\n<div class=\"ap_column ap-span4\">Comisia de sus\u021binere public\u0103 a tezei de doctorat numit\u0103 prin decizia Rectorului nr. 63 din 5 martie 2021 este constituit\u0103 din:<\/p>\n<ul class=\"lista-doi\">\n<li><strong>Pre\u015fedinte:<\/strong> Conf. dr. ing. Liviu Constantin Stan, Universitatea Maritim\u0103 din Constan\u0163a (<a href=\"https:\/\/cmu-edu.eu\/wp-content\/uploads\/2019\/11\/CV-LIVIU-STAN.pdf\">descarc\u0103 CV<\/a>)<\/li>\n<li><strong>Conduc\u0103tor \u015ftiin\u0163ific:<\/strong> Prof.univ.dr.ing. Nicolae Buzbuchi (<a href=\"https:\/\/cmu-edu.eu\/wp-content\/uploads\/2020\/09\/CV-BUZBUCHI-NICOLAE.pdf\">descarc\u0103 CV<\/a>)<\/li>\n<li><strong>Referen\u0163i:<\/strong><\/li>\n<li>Prof. dr. ing. Anton HAD\u0102R, Universitatea &#8220;Politehnica&#8221; din Bucure\u0219ti (<a href=\"https:\/\/cmu-edu.eu\/electromecanica\/wp-content\/uploads\/sites\/19\/2021\/03\/Prof__Anton_HADAR_CV_Redacted.pdf\">descarc\u0103 CV<\/a>)<\/li>\n<li>Acad. prof. dr. ing. Eugen Rusu, Universitatea \u201cDun\u0103rea de Jos\u201d Gala\u021bi (<a href=\"https:\/\/cmu-edu.eu\/wp-content\/uploads\/2020\/09\/CV_Eugen_Rusu_Redacted.pdf\">descarc\u0103 CV<\/a>)<\/li>\n<li>Prof. dr. ing. Dumitru DINU, Universitatea Maritim\u0103 din Constan\u021ba (<a href=\"https:\/\/cmu-edu.eu\/wp-content\/uploads\/2020\/09\/CV_Dinu-D-RO_Redacted.pdf\">descarc\u0103 CV<\/a>)<\/li>\n<\/ul><\/div><\/div>\n<hr class=\"ap-spacing\" style=\"height:10px\"\/>\n<p><strong>Sus\u021binerea public\u0103 va avea loc online, la data de 26 martie 2021, ora 11.00 pe<\/strong><a href=\"https:\/\/campus.cmu-edu.eu\/\"> https:\/\/campus.cmu-edu.eu\/<\/a>.<\/p>\n<p>Prezentarea public\u0103 va fi \u00eenregistrat\u0103 \u015fi arhivat\u0103.<\/p>\n<p>Adresa public\u0103 pentru evenimen va fi distribuit\u0103 comunit\u0103\u021bii academice UMC prin e-mail \u0219i pe pagina web a Universit\u0103\u021bii.<\/p>\n<p>Fiecare cerere de participare va fi gestionat\u0103 cu cel pu\u0163in 24 ore \u00eenainte de \u00eenceperea sus\u021binerii publice a tezei de doctorat.<\/p>\n<p>Prin gestionare se \u00een\u021belege acceptarea solicit\u0103rii ne\u00eengr\u0103dite de participare la sus\u021binerea public\u0103 a tezei de doctorat.<\/p>\n<p><strong>Textul integral al tezei poate fi consultat \u00een format tip\u0103rit la Biroul \u0218colii Doctorale, Parter P003, precum \u015fi la Biblioteca universit\u0103\u0163ii<\/strong><\/p>\n","protected":false},"excerpt":{"rendered":"<p>UNIVERSITATEA MARITIM\u0102 DIN CONSTAN\u0162A anun\u021b\u0103 SUS\u0162INEREA ONLINE \u00ceN \u015eEDIN\u0162\u0102 PUBLIC\u0102 A TEZEI DE DOCTORAT \u201cSTUDII \u0218I CERCET\u0102RI PRIVIND CONTROLUL \u0218I STABILIZAREA UNUI VEHICUL NECONVEN\u021aIONAL DESTINAT CERCET\u0102RII SUBMARINE\u201d elaborat\u0103 de ing. Andra-Teodora FRANCU (NEDELCU) Sus\u021binerea public\u0103 va avea loc online, la data de 26 martie 2021, ora 11.00 pe https:\/\/campus.cmu-edu.eu\/. Prezentarea public\u0103 va fi \u00eenregistrat\u0103 \u015fi [&hellip;]<\/p>\n","protected":false},"author":4,"featured_media":0,"parent":0,"menu_order":0,"comment_status":"closed","ping_status":"closed","template":"","meta":{"footnotes":""},"class_list":["post-851","page","type-page","status-publish","hentry"],"_links":{"self":[{"href":"https:\/\/cmu-edu.eu\/electromecanica\/wp-json\/wp\/v2\/pages\/851","targetHints":{"allow":["GET"]}}],"collection":[{"href":"https:\/\/cmu-edu.eu\/electromecanica\/wp-json\/wp\/v2\/pages"}],"about":[{"href":"https:\/\/cmu-edu.eu\/electromecanica\/wp-json\/wp\/v2\/types\/page"}],"author":[{"embeddable":true,"href":"https:\/\/cmu-edu.eu\/electromecanica\/wp-json\/wp\/v2\/users\/4"}],"replies":[{"embeddable":true,"href":"https:\/\/cmu-edu.eu\/electromecanica\/wp-json\/wp\/v2\/comments?post=851"}],"version-history":[{"count":10,"href":"https:\/\/cmu-edu.eu\/electromecanica\/wp-json\/wp\/v2\/pages\/851\/revisions"}],"predecessor-version":[{"id":872,"href":"https:\/\/cmu-edu.eu\/electromecanica\/wp-json\/wp\/v2\/pages\/851\/revisions\/872"}],"wp:attachment":[{"href":"https:\/\/cmu-edu.eu\/electromecanica\/wp-json\/wp\/v2\/media?parent=851"}],"curies":[{"name":"wp","href":"https:\/\/api.w.org\/{rel}","templated":true}]}}