{"id":9,"date":"2018-09-17T09:01:24","date_gmt":"2018-09-17T09:01:24","guid":{"rendered":"https:\/\/cmu-edu.eu\/electromecanica\/?page_id=9"},"modified":"2025-07-10T10:57:56","modified_gmt":"2025-07-10T10:57:56","slug":"programe-de-studii","status":"publish","type":"page","link":"https:\/\/cmu-edu.eu\/electromecanica\/programe-de-studii\/","title":{"rendered":"Programe de Studii"},"content":{"rendered":"<p><div class=\"clearfix ap-row\"><div class=\"ap_column ap-span3\"><h3>Studii Licen\u021b\u0103<\/h3>\n<ul class=\"stu\">\n<li><a href=\"https:\/\/cmu-edu.eu\/electromecanica\/electromecanica-navala\/\" target=\"_blank\" rel=\"noopener\">ELECTROMECANIC\u0102 NAVAL\u0102<\/a><\/li>\n<li><a href=\"https:\/\/cmu-edu.eu\/electromecanica\/electromecanica-navala\/\" target=\"_blank\" rel=\"noopener\">ELECTROMECANIC\u0102 NAVAL\u0102 \u00ceN LIMBA ENGLEZ\u0102<\/a><\/li>\n<li><a href=\"https:\/\/cmu-edu.eu\/electromecanica\/electrotehnica\/\">ELECTROTEHNIC\u0102<\/a><\/li>\n<li><a href=\"https:\/\/cmu-edu.eu\/electromecanica\/electrotehnica\/\">ELECTROTEHNIC\u0102 \u00ceN LIMBA ENGLEZ\u0102<\/a><\/li>\n<li><a href=\"https:\/\/cmu-edu.eu\/electromecanica\/programe-de-studii\/ise\/\">INGINERIA SISTEMELOR ELECTROENERGETICE<\/a><\/li>\n<li><a href=\"https:\/\/cmu-edu.eu\/electromecanica\/programe-de-studii\/tst\" target=\"_blank\" rel=\"noopener\">TEHNOLOGII \u0218I SISTEME DE TELECOMUNICA\u021aII<\/a><\/li>\n<li><a href=\"https:\/\/cmu-edu.eu\/electromecanica\/programe-de-studii\/licenta-ipmi\/\">INGINERIA \u0218I PROTEC\u021aIA MEDIULUI \u00ceN INDUSTRIE<\/a><\/li>\n<li><a href=\"https:\/\/cmu-edu.eu\/electromecanica\/programe-de-studii\/securitate-cibernetica\/\">SECURITATE CIBERNETIC\u0102<\/a><\/li>\n<\/ul><\/div>\n<div class=\"ap_column ap-span3\"><h3>Studii Masterat<\/h3>\n<ul class=\"stu\">\n<li><a href=\"https:\/\/cmu-edu.eu\/electromecanica\/aeoogi\/\" target=\"_blank\" rel=\"noopener\">ADVANCED ENGINEERING IN THE OFFSHORE OIL AND GAS INDUSTRY<\/a><\/li>\n<li><a href=\"https:\/\/cmu-edu.eu\/electromecanica\/taie\" target=\"_blank\" rel=\"noopener\">TEHNICI AVANSATE DE INGINERIE ELECTROMECANIC\u0102<\/a><\/li>\n<li><a href=\"https:\/\/cmu-edu.eu\/electromecanica\/cmim\/\" target=\"_blank\" rel=\"noopener\">CONCEPTE MODERNE DE INGINERIE MECANIC\u0102 NAVAL\u0102<\/a><\/li>\n<li><a href=\"https:\/\/cmu-edu.eu\/electromecanica\/ipmi\/\">INGINERIE SI PROTECTIA MEDIULUI \u00ceN INDUSTRIE<\/a><\/li>\n<li><a href=\"https:\/\/cmu-edu.eu\/electromecanica\/programe-de-studii\/circuite-si-sisteme-integrate-de-comunicatii\/\" target=\"_blank\" rel=\"noopener\">CIRCUITE \u0218I SISTEME INTEGRATE DE COMUNICA\u021aII<\/a><\/li>\n<li><a href=\"https:\/\/cmu-edu.eu\/electromecanica\/sea\/\">SISTEME ELECTRICE AVANSATE<\/a><\/li>\n<li><a href=\"https:\/\/cmu-edu.eu\/electromecanica\/programe-de-studii\/scmr\/\">SECURITATE CIBERNETICA SI MANAGEMENTUL RISCURILOR<\/a><\/li>\n<li><a href=\"https:\/\/cmu-edu.eu\/electromecanica\/programe-de-studii\/inginerie-marina\/\">INGINERIE MARIN\u0102 (MARINE ENGINEERING)<\/a><\/li>\n<\/ul><\/div><\/div><br \/>\n<hr class=\"ap-spacing\" style=\"height:10px\"\/><br \/>\n<div class=\"clearfix ap-row\"><div class=\"ap_column ap-span3\"><h3>Curs Managerial de Promovare<\/h3>\n<p><div class=\"divider\" style=\"margin-top:2px; margin-bottom:2px; border-top:1px solid #CCCCCC;width:100%\"\/><\/div>\n<a href=\"https:\/\/cmu-edu.eu\/electromecanica\/wp-content\/uploads\/sites\/19\/2024\/05\/Plan-inv-MODUL_Redacted.pdf\" target=\"_blank\" rel=\"noopener noreferrer\">CURS MANAGERIAL DE PROMOVARE PENTRU OFI\u021aERI MECANICI<\/a><\/div>\n<div class=\"ap_column ap-span3\"><h3>Studii Doctorat<\/h3>\n<p><div class=\"divider\" style=\"margin-top:2px; margin-bottom:2px; border-top:1px solid #CCCCCC;width:100%\"\/><\/div>\n<a href=\"https:\/\/cmu-edu.eu\/electromecanica\/doctorat\/\" target=\"_blank\" rel=\"noopener noreferrer\">INGINERIE MECANIC\u0102<\/a><\/div><\/div><\/p>\n","protected":false},"excerpt":{"rendered":"","protected":false},"author":4,"featured_media":79,"parent":0,"menu_order":0,"comment_status":"closed","ping_status":"closed","template":"","meta":{"footnotes":""},"class_list":["post-9","page","type-page","status-publish","has-post-thumbnail","hentry"],"_links":{"self":[{"href":"https:\/\/cmu-edu.eu\/electromecanica\/wp-json\/wp\/v2\/pages\/9","targetHints":{"allow":["GET"]}}],"collection":[{"href":"https:\/\/cmu-edu.eu\/electromecanica\/wp-json\/wp\/v2\/pages"}],"about":[{"href":"https:\/\/cmu-edu.eu\/electromecanica\/wp-json\/wp\/v2\/types\/page"}],"author":[{"embeddable":true,"href":"https:\/\/cmu-edu.eu\/electromecanica\/wp-json\/wp\/v2\/users\/4"}],"replies":[{"embeddable":true,"href":"https:\/\/cmu-edu.eu\/electromecanica\/wp-json\/wp\/v2\/comments?post=9"}],"version-history":[{"count":51,"href":"https:\/\/cmu-edu.eu\/electromecanica\/wp-json\/wp\/v2\/pages\/9\/revisions"}],"predecessor-version":[{"id":1765,"href":"https:\/\/cmu-edu.eu\/electromecanica\/wp-json\/wp\/v2\/pages\/9\/revisions\/1765"}],"wp:featuredmedia":[{"embeddable":true,"href":"https:\/\/cmu-edu.eu\/electromecanica\/wp-json\/wp\/v2\/media\/79"}],"wp:attachment":[{"href":"https:\/\/cmu-edu.eu\/electromecanica\/wp-json\/wp\/v2\/media?parent=9"}],"curies":[{"name":"wp","href":"https:\/\/api.w.org\/{rel}","templated":true}]}}