{"id":227,"date":"2015-05-26T08:43:47","date_gmt":"2015-05-26T08:43:47","guid":{"rendered":"https:\/\/cmu-edu.eu\/en\/?page_id=227"},"modified":"2023-03-15T07:22:18","modified_gmt":"2023-03-15T07:22:18","slug":"department-of-electronics-and-telecommunications","status":"publish","type":"page","link":"https:\/\/cmu-edu.eu\/en\/marine-engineering\/department-of-electronics-and-telecommunications\/","title":{"rendered":"Department of Electronics and Telecommunications"},"content":{"rendered":"<table>\n<tbody>\n<tr>\n<td width=\"354\"><b>Name<\/b><\/td>\n<td width=\"270\"><strong>e-mail<\/strong><\/td>\n<\/tr>\n<tr>\n<td width=\"354\">Prof. TAMA\u0218 R\u0102ZVAN PhD.<\/td>\n<td width=\"270\"><a href=\"mailto:razvan.tamas@cmu-edu.eu\">razvan.tamas@cmu-edu.eu<\/a><\/td>\n<\/tr>\n<tr>\n<td width=\"354\">PRICOP CODRU\u021aA<\/td>\n<td width=\"270\"><a href=\"mailto:codruta.pricop@cmu-edu.eu\">codruta.pricop@cmu-edu.eu<\/a><\/td>\n<\/tr>\n<tr>\n<td width=\"354\">HNATIUC MIHAELA<\/td>\n<td width=\"270\"><a href=\"mailto:mihaela.hnatiuc@cmu-edu.eu\">mihaela.hnatiuc@cmu-edu.eu<\/a><\/td>\n<\/tr>\n<tr>\n<td width=\"354\">D\u0102NI\u0218OR ALIN<\/td>\n<td width=\"270\"><a href=\"mailto:alin.danisor@cmu-edu.eu\">alin.danisor@cmu-edu.eu<\/a><\/td>\n<\/tr>\n<tr>\n<td width=\"354\">P\u0102UN MIREL<\/td>\n<td width=\"270\"><a href=\"mailto:mirel.paun@cmu-edu.eu\">mirel.paun@cmu-edu.eu<\/a><\/td>\n<\/tr>\n<tr>\n<td width=\"354\">PL\u0102TIC\u0102 ANDREEA<\/td>\n<td width=\"270\"><a href=\"mailto:andreea.platica@cmu-edu.eu\">andreea.platica@cmu-edu.eu<\/a><\/td>\n<\/tr>\n<tr>\n<td width=\"354\">ADELAIDA HEIMAN<\/td>\n<td width=\"270\"><a href=\"mailto:adelaida.heiman@cmu-edu.eu\">adelaida.heiman@cmu-edu.eu<\/a><\/td>\n<\/tr>\n<tr>\n<td width=\"354\">PASTORCICI MARIUS<\/td>\n<td width=\"270\"><a href=\"mailto:marius_pastorcici@yahoo.com\">marius_pastorcici@yahoo.com<\/a><\/td>\n<\/tr>\n<\/tbody>\n<\/table>\n<p>Head of Department,<br \/>\nProf. TAMA\u0218 R\u0102ZVAN, PhD.<\/p>\n","protected":false},"excerpt":{"rendered":"<p>Name e-mail Prof. TAMA\u0218 R\u0102ZVAN PhD. razvan.tamas@cmu-edu.eu PRICOP CODRU\u021aA codruta.pricop@cmu-edu.eu HNATIUC MIHAELA mihaela.hnatiuc@cmu-edu.eu D\u0102NI\u0218OR ALIN alin.danisor@cmu-edu.eu P\u0102UN MIREL mirel.paun@cmu-edu.eu PL\u0102TIC\u0102 ANDREEA andreea.platica@cmu-edu.eu ADELAIDA HEIMAN adelaida.heiman@cmu-edu.eu PASTORCICI MARIUS marius_pastorcici@yahoo.com Head of Department, Prof. TAMA\u0218 R\u0102ZVAN, PhD.<\/p>\n","protected":false},"author":4,"featured_media":0,"parent":125,"menu_order":0,"comment_status":"closed","ping_status":"closed","template":"","meta":{"footnotes":""},"class_list":["post-227","page","type-page","status-publish","hentry"],"_links":{"self":[{"href":"https:\/\/cmu-edu.eu\/en\/wp-json\/wp\/v2\/pages\/227","targetHints":{"allow":["GET"]}}],"collection":[{"href":"https:\/\/cmu-edu.eu\/en\/wp-json\/wp\/v2\/pages"}],"about":[{"href":"https:\/\/cmu-edu.eu\/en\/wp-json\/wp\/v2\/types\/page"}],"author":[{"embeddable":true,"href":"https:\/\/cmu-edu.eu\/en\/wp-json\/wp\/v2\/users\/4"}],"replies":[{"embeddable":true,"href":"https:\/\/cmu-edu.eu\/en\/wp-json\/wp\/v2\/comments?post=227"}],"version-history":[{"count":4,"href":"https:\/\/cmu-edu.eu\/en\/wp-json\/wp\/v2\/pages\/227\/revisions"}],"predecessor-version":[{"id":767,"href":"https:\/\/cmu-edu.eu\/en\/wp-json\/wp\/v2\/pages\/227\/revisions\/767"}],"up":[{"embeddable":true,"href":"https:\/\/cmu-edu.eu\/en\/wp-json\/wp\/v2\/pages\/125"}],"wp:attachment":[{"href":"https:\/\/cmu-edu.eu\/en\/wp-json\/wp\/v2\/media?parent=227"}],"curies":[{"name":"wp","href":"https:\/\/api.w.org\/{rel}","templated":true}]}}