{"id":234,"date":"2015-05-26T08:47:47","date_gmt":"2015-05-26T08:47:47","guid":{"rendered":"https:\/\/cmu-edu.eu\/en\/?page_id=234"},"modified":"2024-06-03T07:35:29","modified_gmt":"2024-06-03T07:35:29","slug":"department-of-engineering-sciences-in-the-mechanical-field","status":"publish","type":"page","link":"https:\/\/cmu-edu.eu\/en\/marine-engineering\/department-of-engineering-sciences-in-the-mechanical-field\/","title":{"rendered":"Department of Engineering Sciences in the Mechanical Field and Environment"},"content":{"rendered":"<table width=\"504\">\n<tbody>\n<tr>\n<td width=\"271\"><strong>Name<\/strong><\/td>\n<td width=\"233\"><strong>e-mail<\/strong><\/td>\n<\/tr>\n<tr>\n<td width=\"271\">Buzbuchi Nicolae<\/td>\n<td width=\"233\"><a href=\"mailto:nicolae.buzbuchi@cmu-edu.eu\">nicolae.buzbuchi@cmu-edu.eu<\/a><\/td>\n<\/tr>\n<tr>\n<td width=\"271\">Panaitescu Mariana<\/td>\n<td width=\"233\"><a href=\"mailto:mariana.panaitescu@cmu-edu.eu\">mariana.panaitescu@cmu-edu.eu<\/a><\/td>\n<\/tr>\n<tr>\n<td width=\"271\">Panaitescu Viorel<\/td>\n<td width=\"233\"><a href=\"mailto:viorel.panaitescu@cmu-edu.eu\">viorel.panaitescu@cmu-edu.eu<\/a><\/td>\n<\/tr>\n<tr>\n<td width=\"271\">Novac Iordan<\/td>\n<td width=\"233\"><a href=\"mailto:iordan.novac@cmu-edu.eu\">iordan.novac@cmu-edu.eu<\/a><\/td>\n<\/tr>\n<tr>\n<td width=\"271\">Sab\u0103u Adrian<\/td>\n<td width=\"233\"><a href=\"mailto:adrian.sabau@cmu-edu.eu\">adrian.sabau@cmu-edu.eu<\/a><\/td>\n<\/tr>\n<tr>\n<td width=\"271\">Stan Liviu<\/td>\n<td width=\"233\"><a href=\"mailto:liviu.stan@cmu-edu.eu\">liviu.stan@cmu-edu.eu<\/a><\/td>\n<\/tr>\n<tr>\n<td width=\"271\">Ghi\u021b\u0103 Simona<\/td>\n<td width=\"233\"><a href=\"mailto:simona.ghita@cmu-edu.eu\">simona.ghita@cmu-edu.eu<\/a><\/td>\n<\/tr>\n<tr>\n<td width=\"271\">Jug\u0103naru Daniela Elena<\/td>\n<td width=\"233\"><a href=\"mailto:dana.mitu@cmu-edu.eu\">dana.mitu@cmu-edu.eu<\/a><\/td>\n<\/tr>\n<tr>\n<td width=\"271\">Scupi Andrei<\/td>\n<td width=\"233\"><a href=\"mailto:andrei.scupi@cmu-edu.eu\">andrei.scupi@cmu-edu.eu<\/a><\/td>\n<\/tr>\n<tr>\n<td width=\"271\">\u0218erbanescu Ion<\/td>\n<td width=\"233\"><a href=\"mailto:ion.serbanescu@cmu-edu.eu\">ion.serbanescu@cmu-edu.eu<\/a><\/td>\n<\/tr>\n<tr>\n<td width=\"271\">\u0218undri Iuliana<\/td>\n<td width=\"233\"><a href=\"mailto:iuliana.sundri@cmu-edu.eu\">iuliana.sundri@cmu-edu.eu<\/a><\/td>\n<\/tr>\n<tr>\n<td width=\"271\">Voicu Ionu\u021b<\/td>\n<td width=\"233\"><a href=\"mailto:ionut.voicu@cmu-edu.eu\">ionut.voicu@cmu-edu.eu<\/a><\/td>\n<\/tr>\n<tr>\n<td width=\"271\">C\u0103t\u0103lin Fait\u0103r<\/td>\n<td width=\"233\"><a href=\"mailto:catalin.fatar@cmu-edu.eu\">catalin.fatar@cmu-edu.eu<\/a><\/td>\n<\/tr>\n<tr>\n<td width=\"271\">Marcela Apostol<\/td>\n<td width=\"233\"><a href=\"mailto:marcela.apostol@cmu-edu.eu\">marcela.apostol@cmu-edu.eu<\/a><\/td>\n<\/tr>\n<tr>\n<td width=\"271\">Viorel Grozavu<\/td>\n<td width=\"233\"><a href=\"mailto:viorel.gorzavu@cmu-edu.eu\">viorel.grozavu@cmu-edu.eu<\/a><\/td>\n<\/tr>\n<\/tbody>\n<\/table>\n<p>Head of Department,<br \/>\n<strong>C\u0103t\u0103lin FAITAR<\/strong><\/p>\n","protected":false},"excerpt":{"rendered":"<p>Name e-mail Buzbuchi Nicolae nicolae.buzbuchi@cmu-edu.eu Panaitescu Mariana mariana.panaitescu@cmu-edu.eu Panaitescu Viorel viorel.panaitescu@cmu-edu.eu Novac Iordan iordan.novac@cmu-edu.eu Sab\u0103u Adrian adrian.sabau@cmu-edu.eu Stan Liviu liviu.stan@cmu-edu.eu Ghi\u021b\u0103 Simona simona.ghita@cmu-edu.eu Jug\u0103naru Daniela Elena dana.mitu@cmu-edu.eu Scupi Andrei andrei.scupi@cmu-edu.eu \u0218erbanescu Ion ion.serbanescu@cmu-edu.eu \u0218undri Iuliana iuliana.sundri@cmu-edu.eu Voicu Ionu\u021b ionut.voicu@cmu-edu.eu C\u0103t\u0103lin Fait\u0103r catalin.fatar@cmu-edu.eu Marcela Apostol marcela.apostol@cmu-edu.eu Viorel Grozavu viorel.grozavu@cmu-edu.eu Head of Department, C\u0103t\u0103lin FAITAR<\/p>\n","protected":false},"author":4,"featured_media":0,"parent":125,"menu_order":0,"comment_status":"closed","ping_status":"closed","template":"","meta":{"footnotes":""},"class_list":["post-234","page","type-page","status-publish","hentry"],"_links":{"self":[{"href":"https:\/\/cmu-edu.eu\/en\/wp-json\/wp\/v2\/pages\/234","targetHints":{"allow":["GET"]}}],"collection":[{"href":"https:\/\/cmu-edu.eu\/en\/wp-json\/wp\/v2\/pages"}],"about":[{"href":"https:\/\/cmu-edu.eu\/en\/wp-json\/wp\/v2\/types\/page"}],"author":[{"embeddable":true,"href":"https:\/\/cmu-edu.eu\/en\/wp-json\/wp\/v2\/users\/4"}],"replies":[{"embeddable":true,"href":"https:\/\/cmu-edu.eu\/en\/wp-json\/wp\/v2\/comments?post=234"}],"version-history":[{"count":7,"href":"https:\/\/cmu-edu.eu\/en\/wp-json\/wp\/v2\/pages\/234\/revisions"}],"predecessor-version":[{"id":970,"href":"https:\/\/cmu-edu.eu\/en\/wp-json\/wp\/v2\/pages\/234\/revisions\/970"}],"up":[{"embeddable":true,"href":"https:\/\/cmu-edu.eu\/en\/wp-json\/wp\/v2\/pages\/125"}],"wp:attachment":[{"href":"https:\/\/cmu-edu.eu\/en\/wp-json\/wp\/v2\/media?parent=234"}],"curies":[{"name":"wp","href":"https:\/\/api.w.org\/{rel}","templated":true}]}}