{"id":724,"date":"2023-01-30T11:40:38","date_gmt":"2023-01-30T11:40:38","guid":{"rendered":"https:\/\/cmu-edu.eu\/en\/?page_id=724"},"modified":"2026-01-21T08:06:25","modified_gmt":"2026-01-21T08:06:25","slug":"bat","status":"publish","type":"page","link":"https:\/\/cmu-edu.eu\/en\/naval-transport\/bat\/","title":{"rendered":"Business Administration in Transport"},"content":{"rendered":"<div class=\"clearfix ap-row\"><div class=\"ap_column ap-span3\"><h2>Business Administration in Transport<\/h2>\n<p>The transport industry has a significant economic and social impact in terms of employment and activity in the port industry, downstream in the supply chain and in the economy as a whole.\nSome of the best performing sectors are logistics and multimodal transport, which are fundamental to the effective functioning of the internal and international market by creating new opportunities for business, ensuring competitiveness and employment.<\/p>\n<p>The Business Administration in Transport Master&#8217;s degree programme is aimed at those who wish to study subjects that offer them the opportunity to develop and improve their professional skills and competences. Thus, they will learn and deepen, in the form of models, knowledge on the structure and operation of business processes in order to achieve the desired performance and appropriate risk management within organisations.<\/p>\n<p>It will train specialists with higher technical training in economics, capable of working in engineering fields where the use of digitisation and business models, transport performance measurement tools and advanced techniques are appropriate. They will be able to overcome complex challenges in the transport sector or in transport institutions where planning and managing infrastructure issues or establishing risk minimisation strategies are essential.<\/p>\n<p>The 2-year programme is designed to provide graduates with the skills needed to meet the realities of the business environment and to be recruited in the Romanian and international transport market.<\/p><\/div>\n<div class=\"ap_column ap-span3\"><h2>WHAT YOU WILL STUDY<\/h2>\n<p>The interdisciplinary curriculum is aligned with <strong>international standards<\/strong> and is carried out over 4 semesters: 3 semesters for academic activities and 1 semester dedicated to the writing of the thesis. The curriculum content contributes to the formation of <strong>technical-economic and managerial skills<\/strong> for a successful career.<\/p>\n<ul class=\"lista-doi\">\n<li>Business Development,<\/li>\n<li>Management and Administration in Transport,<\/li>\n<li>Business Environment and International Trade,<\/li>\n<li>Transport Entrepreneurship and Sustainable Development,<\/li>\n<li>Operations Management, Performance Measurement in Transport,<\/li>\n<li>Accident Investigation and Risk Management in Transport<\/li>\n<li>Digitalisation and New Business Models,<\/li>\n<li>Integrated Management Systems in Transport,<\/li>\n<li>Infrastructure Planning and Management,<\/li>\n<li>Transport Systems Engineering,<\/li>\n<li>Business Ethics and Corporate Governance<\/li>\n<\/ul>\n<p><strong><em><a href=\"https:\/\/cmu-edu.eu\/navigatie\/wp-content\/uploads\/sites\/18\/2024\/05\/Plan-inv_BAT_Redacted.pdf\" target=\"_blank\" rel=\"noopener noreferrer\">Download Curriculum<\/a><\/em><\/strong><\/p><\/div><\/div>\n<div style=\"background-color: #f5f5f5;padding: 10px;text-align: center\">\n<h1 style=\"padding-bottom: 30px\">BENEFITS<\/h1>\n<div class=\"clearfix ap-row\"><div class=\"ap_column ap-span6\"><div style=\"background-color: #ffffff;padding: 10px;margin: 10px;height: auto\">\n<h3>International Recognition<\/h3>\n<p>The Bachelor of Engineering degree is internationally recognised and offers the possibility of employment anywhere in the world in the transport sector.<\/p>\n<\/div>\n<div class=\"ap_column ap-span6\"><\/div>\n<div style=\"background-color: #ffffff;padding: 10px;margin: 10px;height: auto\">\n<h3>Alternatives<\/h3>\n<p>All our graduates may choose a career in any sector of transport industry: maritime, road, railway or air transport.<\/p>\n<ul class=\"lista-doi\" style=\"text-align: left\">\n<li><strong>Upon completing the academic curricula, graduates will reach the following objectives:<\/strong><\/li>\n<li>Acquiring advanced knowledge in the field of business administration in the field of transport<\/li>\n<li>Developing the managerial and professional skills necessary for the modern business environment<\/li>\n<li>Theoretical and practical training of students at the level of current and future requirements for the international transport market for easy integration of graduates on the labor market<\/li>\n<li>Acquiring the competencies of a specialist who can evolve in the field of transport, in the field of engineering but also in the economic field.<\/li>\n<li>Studying the disciplines which provide the necessary information in the form of models or knowledge about the structure and operation of business processes in the field of transport in order to achieve the desired performance and adequate risk management within organizations.<\/li>\n<li>Training of specialists with superior technical training in economic profile, able to carry out their activity in the engineering field which is suitable for the use of digitization and business models, tools for measuring performance in transport, advanced techniques needed to solve complex challenges in the field of transport or specialized institutions in which the planning and management of infrastructure issues or the establishment of risk minimization strategies are essential etc.<\/li>\n<li>Acquiring advanced knowledge in areas such as the creation and development of entrepreneurial organizations, sustainable development, social responsibility, corporate governance and business ethics.<\/li>\n<\/ul>\n<\/div><\/div><\/div>\n<\/div>\n<p><img loading=\"lazy\" decoding=\"async\" class=\"alignnone wp-image-840 size-full\" src=\"https:\/\/cmu-edu.eu\/navigatie\/wp-content\/uploads\/sites\/18\/2022\/05\/banner-bat2.jpg\" alt=\"\" width=\"1920\" height=\"550\" \/><\/p>\n<div style=\"background-color: #ffcb74;padding: 10px\">\n<h2>CAREER OPPORTUNITIES<\/h2>\n<p>The Business Administration in Transport Master&#8217;s degree programme provides the graduate with skills for a wide variety of activities specific to transport engineering and business management with significant impact on modern society and economy.<\/p>\n<p>Thus, the graduate acquires the skills of a specialist who can evolve within the field of ENGINEERING AND MANAGEMENT but also in the field of maritime, river, railway, road or port activities.<br \/>\nThe Business Administration in Transport (BAT) Master&#8217;s programme aims to extend the training process of specialists in the field of Engineering and Management initiated through bachelor&#8217;s degree studies, from the perspective of conferring the managerial and technical-economic skills needed to approach the planning, organisation, operation and evaluation of transport systems in relation to the reality of the business environment existing on the domestic and international market.<\/p>\n<p>The logistics sector and the multimodal transport sector have emerged as the most successful sectors, being particularly important for an effective internal and international market, ensuring competitiveness, creating new business opportunities and employment.<\/p>\n<p>These sectors have a fundamental role to play in the economic and social development and are a potential source of excellent employment and career opportunities for a significant number of people involved in activities and companies worldwide.<\/p>\n<\/div>\n<div class=\"ascuns\">\n<div style=\"background-color: #f5f5f5;padding: 10px\">\n<h1>Testimoniale<\/h1>\n<p><div class=\"clearfix ap-row\"><div class=\"ap_column ap-span2\"><a href=\"https:\/\/cmu-edu.eu\/navigatie\/wp-content\/uploads\/sites\/18\/2020\/06\/MIRCEA-PANAIT-400.jpg\"><img loading=\"lazy\" decoding=\"async\" class=\"size-full wp-image-449 alignleft\" src=\"https:\/\/cmu-edu.eu\/navigatie\/wp-content\/uploads\/sites\/18\/2020\/06\/MIRCEA-PANAIT-400.jpg\" alt=\"\" width=\"400\" height=\"400\" \/><\/a><\/div>\n<div class=\"ap_column ap-span4\"><h2>Mircea Panait<\/h2>\n<p>Am terminat UMC \u00een 2006 \u0219i dup\u0103 cade\u021bie am facut \u00eenc\u0103 un contract pe containere pe func\u021bia de Ofi\u021ber 3.\u00a0 Apoi am avut oportunitatea de a trece la Pasagere. Am \u00eenceput cu Norvegian Cruise Line NCL. unde am \u00eenteles mai bine ce \u00eenseamn\u0103 un altfel de mediu de munc\u0103 \u0219i rela\u021bii interdepartamentale. Dup\u0103 un contract de Ofi\u021ber 2 la NCL, \u00een 2008 am reusit s\u0103 intru \u00een echipa Royal Caribbean unde sunt \u0219i dup\u0103 mai bine de 10 ani.<\/p>\n<p>Nu a fost u\u0219or pentru c\u0103 rom\u00e2nii nu erau a\u0219a de frecven\u021bi pe vasele de croazier\u0103. Am fost primul ofi\u021ber rom\u00e2n pe NCL \u0219i tot la fel printre primii la Royal Caribbean. Am \u00eenv\u0103\u021bat lec\u021bii frumoase, unele mai grele, altele mai u\u0219oare &#8230; \u0219i cel mai mult am \u00eenteles c\u0103 r\u0103bdarea \u0219i bun\u0103 cooperare cu colegii \u0219i superiorii reprezint\u0103 cheia succesului! Am urcat \u00eencet dar sigur \u00een grad \u0219i acum \u00een sf\u00e2r\u0219it am primit promovarea de Chief Officer Safety, ce implic\u0103 lucru cu toate departamentele, training pentru tot echipajul de 860 persoane \u0219i responsabilitatea cu siguran\u021ba la bord.<\/p>\n<p>\u00cen perioada 2014-2015 am fost 1st Officer pe Allure of the Seas, care era atunci cea mai mare nav\u0103 de pasageri din lume. \u00cen 2018 am participat la training-ul a 2300 de oameni din echipajul navei Symphony of the Seas care este, la momentul actual&#8230; cea mai nav\u0103 de pasageri din lume!<\/div><\/div><br \/>\n<div class=\"clearfix ap-row\"><div class=\"ap_column ap-span2\"><a href=\"https:\/\/cmu-edu.eu\/navigatie\/wp-content\/uploads\/sites\/18\/2020\/06\/tudorica-400.jpg\"><img loading=\"lazy\" decoding=\"async\" class=\"wp-image-453 size-full alignleft\" src=\"https:\/\/cmu-edu.eu\/navigatie\/wp-content\/uploads\/sites\/18\/2020\/06\/tudorica-400.jpg\" alt=\"\" width=\"400\" height=\"400\" \/><\/a><\/div>\n<div class=\"ap_column ap-span4\"><h2>Georgiana Tudorica<\/h2>\n<h3>\u0218ef de Promo\u021bie<\/h3>\n<p>Dup\u0103 ce am absolvit cursurile Facult\u0103\u021bii de Naviga\u021bie, mi-am \u00eenceput perioada de cade\u021bie la Maersk Tankers. Am continuat s\u0103 navig la Maersk Tankers, ca ofi\u021ber III \u0219i II, pe tancuri chimice \u0219i petroliere p\u00e2n\u0103 \u00een anul 2018 c\u00e2nd m-am decis s\u0103 urmez o carier\u0103 la uscat.<\/p>\n<p>Am lucrat ca Vessel Operator, pe partea comercial\u0103, pentru tancuri chimice la Ace Tankers in Amsterdam iar recent am \u00eenceput pe un nou drum, Assistant Marine Superintendent la K Line LNG UK \u00een Londra.<\/p>\n<p>Personal, mi-am dorit \u00eentotdeauna s\u0103 c\u0103l\u0103toresc \u0219i s\u0103 vad lumea, iar cariera de ofiter a fost decizia ce mai bun\u0103 \u00een privin\u021ba asta. De\u0219i am avut multe piedici, fiind o femeie \u00eentr-o lume dominat\u0103 de barba\u021bi, am reu\u0219it s\u0103 r\u0103zbat \u0219i mi-am \u00eemplinit visul. Chiar dac\u0103 partea financiar\u0103 reprezint\u0103 un mare plus, este la fel de important s\u0103 nu fie unica atrac\u021bie.\nPentru a reu\u0219i \u00een acest domeniu este nevoie de pasiune \u0219i recomand actualilor \u0219i viitorilor studen\u021bi s\u0103 \u00eencerce s\u0103 vad\u0103 \u0219i p\u0103r\u021bile pozitive ale navigatului \u0219i s\u0103 se bucure de fiecare r\u0103s\u0103rit \u0219i apus pe mare.<\/p><\/div><\/div><\/p>\n<\/div>\n<p><div class=\"clearfix ap-row\"><div class=\"ap_column ap-span2\"><a href=\"https:\/\/cmu-edu.eu\/navigatie\/wp-content\/uploads\/sites\/18\/2020\/06\/echimov400.jpg\"><img loading=\"lazy\" decoding=\"async\" class=\"wp-image-456 size-full alignleft\" src=\"https:\/\/cmu-edu.eu\/navigatie\/wp-content\/uploads\/sites\/18\/2020\/06\/echimov400.jpg\" alt=\"\" width=\"400\" height=\"400\" \/><\/a><\/div>\n<div class=\"ap_column ap-span4\"><h2>Nina Ehimov<\/h2>\n<p>Am absolvit UMC-ul in 2012 si din 2014 lucrez pe nave de croazier\u0103. Am \u00eenceput ca Ofi\u021ber 3 in 2014, Ofi\u021ber 2 in 2015, Ofi\u021ber 1 din 2016 \u0219i, din Ianuarie 2019, Chief Officer Deck.<\/p>\n<p>\u00cenceputul nu este u\u0219or deloc, t\u0103ria se formeaz\u0103 din mers \u0219i experientele prin care trecem, dar, inainte de toate, cea mai important\u0103 este funda\u021bia, baza cu care pornim la drum. Dac\u0103 e \u0219ubred\u0103, nu poti cl\u0103di ceva rezistent pe ea, \u00eens\u0103 dac\u0103 funda\u021bia e solid\u0103, poti intrece orice limit\u0103. Mul\u021bumirile mele profunde merg c\u0103tre to\u021bi profesorii care pe timpul facult\u0103tii au pus bazele form\u0103rii mele.<\/p>\n<p>Dac\u0103 a\u0219 putea schimba ceva din timpul facult\u0103\u021bii? Mai multe c\u0103r\u021bi citite \u0219i a\u0219 &#8220;deranja&#8221; mai mult profesorii cu \u00eentreb\u0103ri (sunt sigur\u0103 c\u0103 nu s-ar sup\u0103ra). Pe timpul facult\u0103\u021bii era u\u0219or: cursul ne era prezentat \u0219i \u0219tiam c\u0103 urma examenul, ins\u0103 la munc\u0103 se schimb\u0103 situa\u021bia: suntem testa\u021bi, apoi urmeaz\u0103 \u0219i lec\u021bia!<\/div><\/div><br \/>\n<hr class=\"ap-spacing\" style=\"height:10px\"\/><br \/>\n<div class=\"clearfix ap-row\"><div class=\"ap_column ap-span2\"><a href=\"https:\/\/cmu-edu.eu\/navigatie\/wp-content\/uploads\/sites\/18\/2020\/06\/vlaciu400.jpg\"><img loading=\"lazy\" decoding=\"async\" class=\"wp-image-458 size-full alignleft\" src=\"https:\/\/cmu-edu.eu\/navigatie\/wp-content\/uploads\/sites\/18\/2020\/06\/vlaciu400.jpg\" alt=\"\" width=\"400\" height=\"400\" \/><\/a><\/div>\n<div class=\"ap_column ap-span4\"><h2>Victor Vlaciu<\/h2>\n<p>\u00cen 2009, fiind student anul III al Facult\u0103\u021bii UMC \u2013 Facultatea de Naviga\u021bie \u0219i Transport Naval, mi-am facut cadetia o pe nav\u0103 tip tanc petrolier. Dupa absolvire, din 2011, am navigat ca Ofiter 3 p\u00e2n\u0103 \u00een anul 2015 cand am avut posibilitatea de a promova Chief Officer pe Tancuri petroliere. Din anul 2017 sunt Comandant pe o nava tip Offshore &#8211; F. C. B., nav\u0103 de trasfer persoane \u0219i remorcaj portuar pentru o firm\u0103 elve\u021bian\u0103, Offshore Angola.<\/p>\n<p>Mul\u021bumesc Bunului Dumnezeu c\u0103 mi-a \u00eendrumat pa\u0219ii c\u0103tre UMC, unde am cunoscut colegi minuna\u021bi, profesori 100% dedica\u021bi \u0219i implica\u021bi \u00een cre\u0219terea mea universitar\u0103 \u0219i profesional\u0103!\nRecomand Facultatea de Naviga\u021bie \u0219i Transport Naval din UMC &#8211; Sec\u021bia Naviga\u021bie nu doar pentru stereotipul &#8220;meserie b\u0103noas\u0103 &#8220;, ci pentru o carier\u0103 pentru o via\u021b\u0103 \u0219i o multitudine de oportunit\u0103\u021bi.<\/p>\n<p>\u0218i DA &#8211; am reu\u0219it in via\u021ba profesional\u0103, social\u0103 \u0219i de familie \u0219i datorit\u0103 Universit\u0103\u021bii Maritime Constan\u021ba!\nDac\u0103 vrei \u0219i crezi, po\u021bi! Succes UMC-isti !<\/div><\/div><\/p>\n<\/div>\n","protected":false},"excerpt":{"rendered":"<p>BENEFITS CAREER OPPORTUNITIES The Business Administration in Transport Master&#8217;s degree programme provides the graduate with skills for a wide variety of activities specific to transport engineering and business management with significant impact on modern society and economy. Thus, the graduate acquires the skills of a specialist who can evolve within the field of ENGINEERING AND [&hellip;]<\/p>\n","protected":false},"author":4,"featured_media":0,"parent":111,"menu_order":0,"comment_status":"closed","ping_status":"closed","template":"","meta":{"footnotes":""},"class_list":["post-724","page","type-page","status-publish","hentry"],"_links":{"self":[{"href":"https:\/\/cmu-edu.eu\/en\/wp-json\/wp\/v2\/pages\/724","targetHints":{"allow":["GET"]}}],"collection":[{"href":"https:\/\/cmu-edu.eu\/en\/wp-json\/wp\/v2\/pages"}],"about":[{"href":"https:\/\/cmu-edu.eu\/en\/wp-json\/wp\/v2\/types\/page"}],"author":[{"embeddable":true,"href":"https:\/\/cmu-edu.eu\/en\/wp-json\/wp\/v2\/users\/4"}],"replies":[{"embeddable":true,"href":"https:\/\/cmu-edu.eu\/en\/wp-json\/wp\/v2\/comments?post=724"}],"version-history":[{"count":6,"href":"https:\/\/cmu-edu.eu\/en\/wp-json\/wp\/v2\/pages\/724\/revisions"}],"predecessor-version":[{"id":1223,"href":"https:\/\/cmu-edu.eu\/en\/wp-json\/wp\/v2\/pages\/724\/revisions\/1223"}],"up":[{"embeddable":true,"href":"https:\/\/cmu-edu.eu\/en\/wp-json\/wp\/v2\/pages\/111"}],"wp:attachment":[{"href":"https:\/\/cmu-edu.eu\/en\/wp-json\/wp\/v2\/media?parent=724"}],"curies":[{"name":"wp","href":"https:\/\/api.w.org\/{rel}","templated":true}]}}