{"id":242,"date":"2024-07-09T12:01:44","date_gmt":"2024-07-09T09:01:44","guid":{"rendered":"https:\/\/cmu-edu.eu\/erasmusplus\/?page_id=242"},"modified":"2024-07-09T12:46:06","modified_gmt":"2024-07-09T09:46:06","slug":"outgoing-study-mobilities","status":"publish","type":"page","link":"https:\/\/cmu-edu.eu\/erasmusplus\/erasmus-mobility\/outgoing-study-mobilities\/","title":{"rendered":"Outgoing Study Mobilities"},"content":{"rendered":"\n<div class=\"wp-block-columns is-layout-flex wp-container-core-columns-is-layout-9d6595d7 wp-block-columns-is-layout-flex\">\n<div class=\"wp-block-column is-layout-flow wp-block-column-is-layout-flow\">\n<p><strong>Criteriile generale de selec\u021bie:<\/strong><\/p>\n\n\n\n<ul class=\"ticss-d99c4e8c wp-block-list\">\n<li>Candida\u021bii trebuie s\u0103 fie \u00eenmatricula\u021bi la UMC la un program de studiu ce conduce la ob\u021binerea diplomei de licen\u021b\u0103, master sau doctor, at\u00e2t la momentul selec\u021biei, c\u00e2t \u0219i pe toat\u0103 durata mobilit\u0103\u021bii;<\/li>\n\n\n\n<li>Studen\u021bii trebuie s\u0103 fi absolvit cel putin primul an de studii la momentul \u00eenceperii mobilit\u0103\u021bilor;<\/li>\n\n\n\n<li>Rezultate academice bune \u00een anii universitari anteriori;<\/li>\n\n\n\n<li>S\u0103 ateste cunoa\u0219terea limbii de studiu la universitatea pentru care candideaz\u0103 sau a unei limbi de circula\u021bie interna\u021bional\u0103;<\/li>\n\n\n\n<li>Mobilitatea de studiu trebuie s\u0103 fac\u0103 parte din schimbul de studen\u021bi specificat \u00een acordul bilateral ERASMUS+ semnat de institu\u021biile partenere \u0219i la nivelul de studii la care studentul este \u00eenmatriculat la UMC.<\/li>\n<\/ul>\n\n\n\n<p><strong>Dosarul de candidatur\u0103 va con\u021bine urm\u0103toarele documente:<\/strong><\/p>\n\n\n\n<ul class=\"ticss-d99c4e8c wp-block-list\">\n<li>CV \u00een format Europass<\/li>\n\n\n\n<li>Scrisoare de inten\u021bie<\/li>\n\n\n\n<li>Situa\u021bie \u0219colar\u0103 \/ adeverin\u021b\u0103 din care s\u0103 rezulte c\u0103 a acumulat num\u0103rul de credite necesar promov\u0103rii \u00een anul universitar urm\u0103tor<\/li>\n\n\n\n<li>Copie dup\u0103 actul de identitate<\/li>\n\n\n\n<li>1 fotografie tip pa\u0219aport<\/li>\n\n\n\n<li>Declara\u021bie pe proprie r\u0103spundere \u00een care s\u0103 specifice dac\u0103 a mai beneficiat de acela\u0219i tip de grant ERASMUS.<\/li>\n<\/ul>\n\n\n\n<p>Documentele se \u00eencarc\u0103 pe platforma eCampus a universit\u0103\u021bii, la rubrica ERASMUS, unde se va g\u0103si \u0219i formularul de \u00eenscriere sub form\u0103 de chestionar (<a href=\"https:\/\/campus.cmu-edu.eu\/course\/index.php?categoryid=386\">link<\/a> )<\/p>\n\n\n\n<p><strong>\u00cenainte de plecare, studentul va avea acces la:<\/strong><\/p>\n\n\n\n<ul class=\"ticss-d99c4e8c wp-block-list\">\n<li>Un contract financiar semnat de c\u0103tre UMC \u0219i student pentru perioada de mobilitate;<\/li>\n\n\n\n<li>Un acord de studiu \u00een format digital sau fizic ce reglementeaz\u0103 programul de studii de urmat asumat de cele 3 p\u0103r\u021bi: student, institu\u021bia de trimitere \u0219i institu\u021bia de primire;<\/li>\n\n\n\n<li>Carta studentului ERASMUS ce stabile\u0219te drepturile \u0219i obliga\u021biile studentului raportate la perioada sa de studiu \u00een str\u0103in\u0103tate.<\/li>\n<\/ul>\n\n\n\n<p><strong>Plata sprijinului financiar:<\/strong><\/p>\n\n\n\n<ul class=\"ticss-d99c4e8c wp-block-list\">\n<li>\u00cen termen de max. 30 de zile calendaristice de la data semn\u0103rii contractului financiar, studentul va primi o plat\u0103 cu titlu de avans de p\u00e2n\u0103 la 80% din valoarea maxim\u0103 a grantului;<\/li>\n\n\n\n<li>\u00cen cazul \u00een care AN nu a transferat c\u0103tre universitate fondurile alocate se poate accepta, \u00een mod excep\u021bional, o plat\u0103 \u00eent\u00e2rziat\u0103 a avansului;<\/li>\n\n\n\n<li>Transmiterea chestionarului online se consider\u0103 ca fiind cererea de plat\u0103 a soldului. Soldul se va vira \u00een max. 60 zile calendaristice de la \u00eenceperea mobilit\u0103\u021bii de studiu;<\/li>\n<\/ul>\n\n\n\n<p><strong>La revenirea \u00een \u021bar\u0103:<\/strong><\/p>\n\n\n\n<p>\u00cen termen de 15 zile lucr\u0103toare de la revenirea \u00een \u021bar\u0103, studentul este obligat s\u0103 se prezinte la Compartimentul ERASMUS+ cu documentele justificative pentru finalizarea mobilit\u0103\u021bii:<\/p>\n\n\n\n<ul class=\"ticss-d99c4e8c wp-block-list\">\n<li>Situa\u021bia \u0219colar\u0103 (Transcript of Records \u2013 note \u0219i credite ob\u021binute);<\/li>\n\n\n\n<li>Atestat privind durata cursurilor \u00een str\u0103in\u0103tate \u0219i certificarea faptului c\u0103 programul de studii a fost \u00eendeplinit;<\/li>\n\n\n\n<li>Declara\u021bie pe proprie r\u0103spundere privind eventuala folosire de fonduri din alte surse, pentru evitarea dublei finan\u021b\u0103ri;<\/li>\n\n\n\n<li>Raport narativ (chestionar primit pe e-mail de c\u0103tre beneficiar, trimis de c\u0103tre ECEA, care trebuie completat doar online).<\/li>\n<\/ul>\n\n\n\n<p><strong>Recunoa\u0219terea mobilit\u0103\u021bii:<\/strong><\/p>\n\n\n\n<p>Conform criteriilor reciproc acceptate de cele dou\u0103 universit\u0103\u021bi din Acordul Interinstitu\u021bional ERASMUS, perioada de studii \u00een str\u0103in\u0103tate trebuie s\u0103 beneficieze de recunoa\u0219tere academic\u0103 total\u0103.<\/p>\n\n\n\n<p>UMC va recunoa\u0219te integral studiile efectuate de student la universitatea partener\u0103, cu excep\u021bia cazului \u00een care studentul nu reu\u0219e\u0219te s\u0103-\u0219i realizeze programul de studii la nivelul cerut de institu\u021bia partener\u0103.<\/p>\n\n\n\n<p>Rezultatele ob\u021binute de student la cursurile prev\u0103zute \u00een Acordul de Studii vor fi trecute \u00een Suplimentul la Diplom\u0103.<\/p>\n<\/div>\n<\/div>\n","protected":false},"excerpt":{"rendered":"<p>Criteriile generale de selec\u021bie: Dosarul de candidatur\u0103 va con\u021bine urm\u0103toarele documente: Documentele se \u00eencarc\u0103 pe platforma eCampus a universit\u0103\u021bii, la rubrica ERASMUS, unde se va g\u0103si \u0219i formularul de \u00eenscriere sub form\u0103 de chestionar (link ) \u00cenainte de plecare, studentul va avea acces la: Plata sprijinului financiar: La revenirea \u00een \u021bar\u0103: \u00cen termen de 15&hellip;&nbsp;<a href=\"https:\/\/cmu-edu.eu\/erasmusplus\/erasmus-mobility\/outgoing-study-mobilities\/\" rel=\"bookmark\"><span class=\"screen-reader-text\">Outgoing Study Mobilities<\/span><\/a><\/p>\n","protected":false},"author":4,"featured_media":150,"parent":226,"menu_order":0,"comment_status":"closed","ping_status":"closed","template":"","meta":{"neve_meta_sidebar":"","neve_meta_container":"","neve_meta_enable_content_width":"","neve_meta_content_width":0,"neve_meta_title_alignment":"","neve_meta_author_avatar":"","neve_post_elements_order":"","neve_meta_disable_header":"","neve_meta_disable_footer":"","neve_meta_disable_title":"","_themeisle_gutenberg_block_has_review":false,"footnotes":""},"class_list":["post-242","page","type-page","status-publish","has-post-thumbnail","hentry"],"_links":{"self":[{"href":"https:\/\/cmu-edu.eu\/erasmusplus\/wp-json\/wp\/v2\/pages\/242","targetHints":{"allow":["GET"]}}],"collection":[{"href":"https:\/\/cmu-edu.eu\/erasmusplus\/wp-json\/wp\/v2\/pages"}],"about":[{"href":"https:\/\/cmu-edu.eu\/erasmusplus\/wp-json\/wp\/v2\/types\/page"}],"author":[{"embeddable":true,"href":"https:\/\/cmu-edu.eu\/erasmusplus\/wp-json\/wp\/v2\/users\/4"}],"replies":[{"embeddable":true,"href":"https:\/\/cmu-edu.eu\/erasmusplus\/wp-json\/wp\/v2\/comments?post=242"}],"version-history":[{"count":17,"href":"https:\/\/cmu-edu.eu\/erasmusplus\/wp-json\/wp\/v2\/pages\/242\/revisions"}],"predecessor-version":[{"id":279,"href":"https:\/\/cmu-edu.eu\/erasmusplus\/wp-json\/wp\/v2\/pages\/242\/revisions\/279"}],"up":[{"embeddable":true,"href":"https:\/\/cmu-edu.eu\/erasmusplus\/wp-json\/wp\/v2\/pages\/226"}],"wp:featuredmedia":[{"embeddable":true,"href":"https:\/\/cmu-edu.eu\/erasmusplus\/wp-json\/wp\/v2\/media\/150"}],"wp:attachment":[{"href":"https:\/\/cmu-edu.eu\/erasmusplus\/wp-json\/wp\/v2\/media?parent=242"}],"curies":[{"name":"wp","href":"https:\/\/api.w.org\/{rel}","templated":true}]}}