{"id":287,"date":"2024-07-09T13:01:59","date_gmt":"2024-07-09T10:01:59","guid":{"rendered":"https:\/\/cmu-edu.eu\/erasmusplus\/?page_id=287"},"modified":"2024-07-09T13:01:59","modified_gmt":"2024-07-09T10:01:59","slug":"outgoing-teaching-and-staff-training-mobilities","status":"publish","type":"page","link":"https:\/\/cmu-edu.eu\/erasmusplus\/erasmus-mobility\/outgoing-teaching-and-staff-training-mobilities\/","title":{"rendered":"Outgoing teaching and staff training mobilities"},"content":{"rendered":"\n<div class=\"wp-block-columns is-layout-flex wp-container-core-columns-is-layout-9d6595d7 wp-block-columns-is-layout-flex\">\n<div class=\"wp-block-column is-layout-flow wp-block-column-is-layout-flow\">\n<p>\u00cen cazul mobilit\u0103\u021bilor de predare \u00eentre institu\u021biile de \u00eenv\u0103\u021b\u0103m\u00e2nt superior din statele membre participante la program, ambele institu\u021bii trebuie s\u0103 de\u021bin\u0103 o Cart\u0103 ERASMUS (ECHE) \u0219i s\u0103 aib\u0103 \u00eencheiat un acord inter-institu\u021bional. Institu\u021bia partener\u0103 trebuie s\u0103 fi fost de acord cu privire la programul de activit\u0103\u021bi care urmeaz\u0103 a fi realizate de c\u0103tre profesori \u00eenainte de \u00eenceperea perioadei de mobilitate. \u00cen toate cazurile, activit\u0103\u021bile personalului care realizeaz\u0103 o misiune de primire trebuie s\u0103 fie integrate \u00een curriculumul institu\u021biei de primire.<\/p>\n\n\n\n<p>Personalul care particip\u0103 la mobilit\u0103\u021bile de formare poate fi selectat de c\u0103tre institu\u021biile de \u00eenv\u0103\u021b\u0103m\u00e2nt superior de trimitere sau poate fi invitat de institu\u021bia de primire. Ambele institu\u021bii vor conveni programul activit\u0103\u021bilor personalului \u00eenainte de \u00eenceperea mobilit\u0103\u021bii.<\/p>\n\n\n\n<p>Mobilit\u0103\u021bile de tip STA vor include min. 8 ore de predare pe s\u0103pt\u0103m\u00e2n\u0103 (pentru o mobilitate de 5-7 zile). &nbsp;<\/p>\n\n\n\n<p>Activit\u0103\u021bile care pot fi desf\u0103\u0219urate \u00een cadrul unei mobilit\u0103\u021bi de tip STT includ perioade de formare practic\u0103, ateliere, perioade de documentare cu privire la anumite teme de cercetare, etc.<\/p>\n\n\n\n<p><strong>Criterii generale de selec\u021bie:<\/strong><\/p>\n\n\n\n<ul class=\"ticss-d99c4e8c wp-block-list\">\n<li>Prezentarea proiectului de program de predare \/ formare aprobat de partener, cu specificarea duratei \u00een num\u0103r de zile de mobilitate efectiv\u0103 la institu\u021bia gazd\u0103;<\/li>\n\n\n\n<li>Cunoa\u0219terea unei limbi de circula\u021bie interna\u021bional\u0103 sau a limbii oficiale a \u021b\u0103rii de destina\u021bie;<\/li>\n\n\n\n<li>Fi\u0219a de evaluare \/ autoevaluare a candida\u021bilor;<\/li>\n\n\n\n<li>\u00cen cazul cadrelor didactice, activitatea didactic\u0103 \u0219i de cercetare realizat\u0103 la UMC;<\/li>\n\n\n\n<li>Colabor\u0103rile \u0219tiin\u021bifice \u0219i didactice cu institu\u021bia gazd\u0103 precum \u0219i gradul de implicare \u00een procesul de interna\u021bionalizare al facult\u0103\u021bii \/ departamentului.<\/li>\n<\/ul>\n\n\n\n<p><strong>La \u00eentoarcerea din mobilitate<\/strong><br>Pentru a justifica \u00eendeplinirea perioadei de mobilitate, participan\u021bii au obliga\u021bia de a preda urm\u0103toarele documente:<\/p>\n\n\n\n<ul class=\"ticss-d99c4e8c wp-block-list\">\n<li>Contractul de misiune (Teaching Agreement sau Training Agreement) semnat \u0219i \u0219tampilat \u00een original de institu\u021bia de origine \u0219i de institu\u021bia gazd\u0103;<\/li>\n\n\n\n<li>Adeverin\u021ba de prezen\u021b\u0103 \u00een care se men\u021bioneaz\u0103 perioada de mobilitate \u0219i num\u0103rul orelor de predare, dac\u0103 este cazul, \u00een original.<\/li>\n<\/ul>\n<\/div>\n<\/div>\n","protected":false},"excerpt":{"rendered":"<p>\u00cen cazul mobilit\u0103\u021bilor de predare \u00eentre institu\u021biile de \u00eenv\u0103\u021b\u0103m\u00e2nt superior din statele membre participante la program, ambele institu\u021bii trebuie s\u0103 de\u021bin\u0103 o Cart\u0103 ERASMUS (ECHE) \u0219i s\u0103 aib\u0103 \u00eencheiat un acord inter-institu\u021bional. Institu\u021bia partener\u0103 trebuie s\u0103 fi fost de acord cu privire la programul de activit\u0103\u021bi care urmeaz\u0103 a fi realizate de c\u0103tre profesori \u00eenainte&hellip;&nbsp;<a href=\"https:\/\/cmu-edu.eu\/erasmusplus\/erasmus-mobility\/outgoing-teaching-and-staff-training-mobilities\/\" rel=\"bookmark\"><span class=\"screen-reader-text\">Outgoing teaching and staff training mobilities<\/span><\/a><\/p>\n","protected":false},"author":4,"featured_media":150,"parent":226,"menu_order":0,"comment_status":"closed","ping_status":"closed","template":"","meta":{"neve_meta_sidebar":"","neve_meta_container":"","neve_meta_enable_content_width":"","neve_meta_content_width":0,"neve_meta_title_alignment":"","neve_meta_author_avatar":"","neve_post_elements_order":"","neve_meta_disable_header":"","neve_meta_disable_footer":"","neve_meta_disable_title":"","_themeisle_gutenberg_block_has_review":false,"footnotes":""},"class_list":["post-287","page","type-page","status-publish","has-post-thumbnail","hentry"],"_links":{"self":[{"href":"https:\/\/cmu-edu.eu\/erasmusplus\/wp-json\/wp\/v2\/pages\/287","targetHints":{"allow":["GET"]}}],"collection":[{"href":"https:\/\/cmu-edu.eu\/erasmusplus\/wp-json\/wp\/v2\/pages"}],"about":[{"href":"https:\/\/cmu-edu.eu\/erasmusplus\/wp-json\/wp\/v2\/types\/page"}],"author":[{"embeddable":true,"href":"https:\/\/cmu-edu.eu\/erasmusplus\/wp-json\/wp\/v2\/users\/4"}],"replies":[{"embeddable":true,"href":"https:\/\/cmu-edu.eu\/erasmusplus\/wp-json\/wp\/v2\/comments?post=287"}],"version-history":[{"count":1,"href":"https:\/\/cmu-edu.eu\/erasmusplus\/wp-json\/wp\/v2\/pages\/287\/revisions"}],"predecessor-version":[{"id":288,"href":"https:\/\/cmu-edu.eu\/erasmusplus\/wp-json\/wp\/v2\/pages\/287\/revisions\/288"}],"up":[{"embeddable":true,"href":"https:\/\/cmu-edu.eu\/erasmusplus\/wp-json\/wp\/v2\/pages\/226"}],"wp:featuredmedia":[{"embeddable":true,"href":"https:\/\/cmu-edu.eu\/erasmusplus\/wp-json\/wp\/v2\/media\/150"}],"wp:attachment":[{"href":"https:\/\/cmu-edu.eu\/erasmusplus\/wp-json\/wp\/v2\/media?parent=287"}],"curies":[{"name":"wp","href":"https:\/\/api.w.org\/{rel}","templated":true}]}}