{"id":68,"date":"2023-09-26T07:35:57","date_gmt":"2023-09-26T04:35:57","guid":{"rendered":"https:\/\/cmu-edu.eu\/erasmusplus\/?page_id=68"},"modified":"2024-10-30T15:25:10","modified_gmt":"2024-10-30T13:25:10","slug":"news","status":"publish","type":"page","link":"https:\/\/cmu-edu.eu\/erasmusplus\/news\/","title":{"rendered":"News"},"content":{"rendered":"<div class=\"wp-block-themeisle-blocks-posts-grid\" id=\"wp-block-themeisle-blocks-posts-grid-db7bc279\"><div class=\"is-list\"><div class=\"o-posts-grid-post-blog o-posts-grid-post-plain\"><div class=\"o-posts-grid-post\"><div class=\"o-posts-grid-post-image\"><a href=\"https:\/\/cmu-edu.eu\/erasmusplus\/2025\/03\/15\/erasmus-open-doors\/\"><img loading=\"lazy\" decoding=\"async\" width=\"8256\" height=\"5504\" src=\"https:\/\/cmu-edu.eu\/erasmusplus\/wp-content\/uploads\/sites\/27\/2025\/03\/DSC_5021.jpg\" class=\"attachment-full size-full\" alt=\"Erasmus Open Doors\" \/><\/a><\/div><div class=\"o-posts-grid-post-body\"><h4 class=\"o-posts-grid-post-title\"><a href=\"https:\/\/cmu-edu.eu\/erasmusplus\/2025\/03\/15\/erasmus-open-doors\/\">Erasmus Open Doors<\/a><\/h4><div class=\"o-posts-grid-post-description\"><p>On March 13th and 14th, we celebrated Erasmus Open Doors. We shared information about study and internship mobility opportunities and organized a raffle with surprise prizes. Thank you to everyone who\u2026<\/p><a class=\"o-posts-read-more\" href=\"https:\/\/cmu-edu.eu\/erasmusplus\/2025\/03\/15\/erasmus-open-doors\/\">Read More<\/a><\/div><\/div><\/div><\/div><div class=\"o-posts-grid-post-blog o-posts-grid-post-plain\"><div class=\"o-posts-grid-post\"><div class=\"o-posts-grid-post-image\"><a href=\"https:\/\/cmu-edu.eu\/erasmusplus\/2025\/03\/11\/erasmus-open-doors-2025\/\"><img loading=\"lazy\" decoding=\"async\" width=\"2480\" height=\"2480\" src=\"https:\/\/cmu-edu.eu\/erasmusplus\/wp-content\/uploads\/sites\/27\/2025\/03\/Instagram-cu-data.jpg\" class=\"attachment-full size-full\" alt=\"Erasmus Open Doors 2025\" \/><\/a><\/div><div class=\"o-posts-grid-post-body\"><h4 class=\"o-posts-grid-post-title\"><a href=\"https:\/\/cmu-edu.eu\/erasmusplus\/2025\/03\/11\/erasmus-open-doors-2025\/\">Erasmus Open Doors 2025<\/a><\/h4><div class=\"o-posts-grid-post-description\"><p>\u201dVino! Informeaz\u0103-te! Particip\u0103!\u201d Joi 13 Martie ora 13:20 sala BN(Baza Nautica) A201, Vineri 14 Martie ora 13:20 sala E710 (Sediul Central) \u00cempreun\u0103 cu promovarea oportunit\u0103\u021bilor de mobilitate pentru \u2026<\/p><a class=\"o-posts-read-more\" href=\"https:\/\/cmu-edu.eu\/erasmusplus\/2025\/03\/11\/erasmus-open-doors-2025\/\">Read More<\/a><\/div><\/div><\/div><\/div><div class=\"o-posts-grid-post-blog o-posts-grid-post-plain\"><div class=\"o-posts-grid-post\"><div class=\"o-posts-grid-post-image\"><a href=\"https:\/\/cmu-edu.eu\/erasmusplus\/2024\/10\/18\/erasmus-days-at-cmu\/\"><img loading=\"lazy\" decoding=\"async\" width=\"6192\" height=\"4128\" src=\"https:\/\/cmu-edu.eu\/erasmusplus\/wp-content\/uploads\/sites\/27\/2024\/10\/DSC_1010.jpg\" class=\"attachment-full size-full\" alt=\"Erasmus Days at CMU\" \/><\/a><\/div><div class=\"o-posts-grid-post-body\"><h4 class=\"o-posts-grid-post-title\"><a href=\"https:\/\/cmu-edu.eu\/erasmusplus\/2024\/10\/18\/erasmus-days-at-cmu\/\">Erasmus Days at CMU<\/a><\/h4><div class=\"o-posts-grid-post-description\"><p>The ERASMUS Open Days event was held on 18th\u00a0October 2024. The students discovered international academic opportunities and shared their study and traineeship experiences abroad. Activities and result\u2026<\/p><a class=\"o-posts-read-more\" href=\"https:\/\/cmu-edu.eu\/erasmusplus\/2024\/10\/18\/erasmus-days-at-cmu\/\">Read More<\/a><\/div><\/div><\/div><\/div><div class=\"o-posts-grid-post-blog o-posts-grid-post-plain\"><div class=\"o-posts-grid-post\"><div class=\"o-posts-grid-post-image\"><a href=\"https:\/\/cmu-edu.eu\/erasmusplus\/2023\/12\/14\/technical-university-of-varna-meeting\/\"><img loading=\"lazy\" decoding=\"async\" width=\"1205\" height=\"946\" src=\"https:\/\/cmu-edu.eu\/erasmusplus\/wp-content\/uploads\/sites\/27\/2024\/07\/web-varna.jpg\" class=\"attachment-full size-full\" alt=\"Technical University of Varna Meeting\" \/><\/a><\/div><div class=\"o-posts-grid-post-body\"><h4 class=\"o-posts-grid-post-title\"><a href=\"https:\/\/cmu-edu.eu\/erasmusplus\/2023\/12\/14\/technical-university-of-varna-meeting\/\">Technical University of Varna Meeting<\/a><\/h4><div class=\"o-posts-grid-post-description\"><p>14 December 2023 Ms. Roxana Iancu, CMU institutional Coordinator, has an informal meeting with Ms. Ina Nikolova, Erasmus+ Operational Coordinator at the Technical University of Varna. Topics such as i\u2026<\/p><a class=\"o-posts-read-more\" href=\"https:\/\/cmu-edu.eu\/erasmusplus\/2023\/12\/14\/technical-university-of-varna-meeting\/\">Read More<\/a><\/div><\/div><\/div><\/div><div class=\"o-posts-grid-post-blog o-posts-grid-post-plain\"><div class=\"o-posts-grid-post\"><div class=\"o-posts-grid-post-image\"><a href=\"https:\/\/cmu-edu.eu\/erasmusplus\/2023\/11\/28\/prof-dr-habil-razvan-tamas-from-constanta-maritime-university-visiting-the-university-of-rennes-france\/\"><img loading=\"lazy\" decoding=\"async\" width=\"1600\" height=\"1200\" src=\"https:\/\/cmu-edu.eu\/erasmusplus\/wp-content\/uploads\/sites\/27\/2023\/09\/Picture-2.jpg\" class=\"attachment-full size-full\" alt=\"Prof. Dr-habil. Razvan TAMAS, from Constanta Maritime University Visiting the University of Rennes, France\" \/><\/a><\/div><div class=\"o-posts-grid-post-body\"><h4 class=\"o-posts-grid-post-title\"><a href=\"https:\/\/cmu-edu.eu\/erasmusplus\/2023\/11\/28\/prof-dr-habil-razvan-tamas-from-constanta-maritime-university-visiting-the-university-of-rennes-france\/\">Prof. Dr-habil. Razvan TAMAS, from Constanta Maritime University Visiting the University of Rennes, France<\/a><\/h4><div class=\"o-posts-grid-post-description\"><p>28 November \u2013 3 December 2022 A successful Erasmus+ mobility at the University of Rennes, France. Prof. dr-habil. Razvan TAMAS, Assoc. prof. dr. Alin DANISOR, and Assoc. prof. dr. Mirel PAUN taught to\u2026<\/p><a class=\"o-posts-read-more\" href=\"https:\/\/cmu-edu.eu\/erasmusplus\/2023\/11\/28\/prof-dr-habil-razvan-tamas-from-constanta-maritime-university-visiting-the-university-of-rennes-france\/\">Read More<\/a><\/div><\/div><\/div><\/div><div class=\"o-posts-grid-post-blog o-posts-grid-post-plain\"><div class=\"o-posts-grid-post\"><div class=\"o-posts-grid-post-image\"><a href=\"https:\/\/cmu-edu.eu\/erasmusplus\/2023\/10\/06\/incoming-mobility-the-visit-of-capt-miroslav-tsvetkov-from-nikola-vaptsarov-naval-academy\/\"><img loading=\"lazy\" decoding=\"async\" width=\"1600\" height=\"720\" src=\"https:\/\/cmu-edu.eu\/erasmusplus\/wp-content\/uploads\/sites\/27\/2023\/10\/mobilityMiroslav.jpeg\" class=\"attachment-full size-full\" alt=\"Incoming Mobility &#8211; the visit of Capt. Miroslav Tsvetkov from Nikola Vaptsarov Naval Academy\" \/><\/a><\/div><div class=\"o-posts-grid-post-body\"><h4 class=\"o-posts-grid-post-title\"><a href=\"https:\/\/cmu-edu.eu\/erasmusplus\/2023\/10\/06\/incoming-mobility-the-visit-of-capt-miroslav-tsvetkov-from-nikola-vaptsarov-naval-academy\/\">Incoming Mobility &#8211; the visit of Capt. Miroslav Tsvetkov from Nikola Vaptsarov Naval Academy<\/a><\/h4><div class=\"o-posts-grid-post-description\"><p>Erasmus+ Department of Constanta Maritime University opened the door for Capt. Miroslav Tsvetkov, Director of the Scientific Section and Professor of Navigation Faculty at&nbsp; Nikola Vaptsarov Naval\u2026<\/p><a class=\"o-posts-read-more\" href=\"https:\/\/cmu-edu.eu\/erasmusplus\/2023\/10\/06\/incoming-mobility-the-visit-of-capt-miroslav-tsvetkov-from-nikola-vaptsarov-naval-academy\/\">Read More<\/a><\/div><\/div><\/div><\/div><div class=\"o-posts-grid-post-blog o-posts-grid-post-plain\"><div class=\"o-posts-grid-post\"><div class=\"o-posts-grid-post-image\"><a href=\"https:\/\/cmu-edu.eu\/erasmusplus\/2023\/10\/06\/prof-angelica-m-baylon-from-maritime-academy-of-asia-and-the-pacific-visiting-constanta-maritime-university-2\/\"><img loading=\"lazy\" decoding=\"async\" width=\"1491\" height=\"867\" src=\"https:\/\/cmu-edu.eu\/erasmusplus\/wp-content\/uploads\/sites\/27\/2023\/09\/Erasmus-mobility-Angelica-Baylon.jpeg\" class=\"attachment-full size-full\" alt=\"Prof. Angelica M. Baylon, from Maritime Academy of Asia and the Pacific Visiting Constanta Maritime University\" \/><\/a><\/div><div class=\"o-posts-grid-post-body\"><h4 class=\"o-posts-grid-post-title\"><a href=\"https:\/\/cmu-edu.eu\/erasmusplus\/2023\/10\/06\/prof-angelica-m-baylon-from-maritime-academy-of-asia-and-the-pacific-visiting-constanta-maritime-university-2\/\">Prof. Angelica M. Baylon, from Maritime Academy of Asia and the Pacific Visiting Constanta Maritime University<\/a><\/h4><div class=\"o-posts-grid-post-description\"><p>We are proud to organize one week of #Erasmus teaching mobility at Constanta Maritime University with Prof. Angelica M. Baylon, PhD, AFNI, IMAREST, Director for External Relations at Maritime Academy \u2026<\/p><a class=\"o-posts-read-more\" href=\"https:\/\/cmu-edu.eu\/erasmusplus\/2023\/10\/06\/prof-angelica-m-baylon-from-maritime-academy-of-asia-and-the-pacific-visiting-constanta-maritime-university-2\/\">Read More<\/a><\/div><\/div><\/div><\/div><div class=\"o-posts-grid-post-blog o-posts-grid-post-plain\"><div class=\"o-posts-grid-post\"><div class=\"o-posts-grid-post-image\"><a href=\"https:\/\/cmu-edu.eu\/erasmusplus\/2023\/10\/03\/erasmus-program-an-internship-for-the-academic-staff\/\"><img loading=\"lazy\" decoding=\"async\" width=\"1600\" height=\"1200\" src=\"https:\/\/cmu-edu.eu\/erasmusplus\/wp-content\/uploads\/sites\/27\/2023\/10\/WhatsApp-Image-2023-10-20-at-9.57.53-AM-1.jpeg\" class=\"attachment-full size-full\" alt=\"Erasmus+ Program, an internship for the academic staff\" \/><\/a><\/div><div class=\"o-posts-grid-post-body\"><h4 class=\"o-posts-grid-post-title\"><a href=\"https:\/\/cmu-edu.eu\/erasmusplus\/2023\/10\/03\/erasmus-program-an-internship-for-the-academic-staff\/\">Erasmus+ Program, an internship for the academic staff<\/a><\/h4><div class=\"o-posts-grid-post-description\"><p>The training mobilities for the academic staff of the Maritime University of Constan\u021ba are part of the Erasmus+ Program, carried out in partnership with international institutions or universities in t\u2026<\/p><a class=\"o-posts-read-more\" href=\"https:\/\/cmu-edu.eu\/erasmusplus\/2023\/10\/03\/erasmus-program-an-internship-for-the-academic-staff\/\">Read More<\/a><\/div><\/div><\/div><\/div><div class=\"o-posts-grid-post-blog o-posts-grid-post-plain\"><div class=\"o-posts-grid-post\"><div class=\"o-posts-grid-post-image\"><a href=\"https:\/\/cmu-edu.eu\/erasmusplus\/2023\/09\/28\/5-students-will-study-one-semester-at-gdynia-maritime-university\/\"><img loading=\"lazy\" decoding=\"async\" width=\"1600\" height=\"1197\" src=\"https:\/\/cmu-edu.eu\/erasmusplus\/wp-content\/uploads\/sites\/27\/2023\/11\/Erasmus-Preparatory-meeting.jpeg\" class=\"attachment-full size-full\" alt=\"5 students will study one semester at Gdynia Maritime University\" \/><\/a><\/div><div class=\"o-posts-grid-post-body\"><h4 class=\"o-posts-grid-post-title\"><a href=\"https:\/\/cmu-edu.eu\/erasmusplus\/2023\/09\/28\/5-students-will-study-one-semester-at-gdynia-maritime-university\/\">5 students will study one semester at Gdynia Maritime University<\/a><\/h4><div class=\"o-posts-grid-post-description\"><p>We are excited to organize a preparatory meeting for a group of 5 students who will undergo an ERASMUS+ mobility for studies at Gdynia Maritime University. Two students with majors in Engineering and \u2026<\/p><a class=\"o-posts-read-more\" href=\"https:\/\/cmu-edu.eu\/erasmusplus\/2023\/09\/28\/5-students-will-study-one-semester-at-gdynia-maritime-university\/\">Read More<\/a><\/div><\/div><\/div><\/div><div class=\"o-posts-grid-post-blog o-posts-grid-post-plain\"><div class=\"o-posts-grid-post\"><div class=\"o-posts-grid-post-image\"><a href=\"https:\/\/cmu-edu.eu\/erasmusplus\/2023\/05\/22\/prof-angelica-m-baylon-from-maritime-academy-of-asia-and-the-pacific-visiting-constanta-maritime-university\/\"><img loading=\"lazy\" decoding=\"async\" width=\"1491\" height=\"867\" src=\"https:\/\/cmu-edu.eu\/erasmusplus\/wp-content\/uploads\/sites\/27\/2023\/09\/Erasmus-mobility-Angelica-Baylon.jpeg\" class=\"attachment-full size-full\" alt=\"Prof. Angelica M. Baylon, from Maritime Academy of Asia and the Pacific Visiting Constanta Maritime University\" \/><\/a><\/div><div class=\"o-posts-grid-post-body\"><h4 class=\"o-posts-grid-post-title\"><a href=\"https:\/\/cmu-edu.eu\/erasmusplus\/2023\/05\/22\/prof-angelica-m-baylon-from-maritime-academy-of-asia-and-the-pacific-visiting-constanta-maritime-university\/\">Prof. Angelica M. Baylon, from Maritime Academy of Asia and the Pacific Visiting Constanta Maritime University<\/a><\/h4><div class=\"o-posts-grid-post-description\"><p>22 to 29 of May 2023 We are proud to organize one week of #Erasmus teaching mobility at Constanta Maritime University with Prof. Angelica M. Baylon, PhD, AFNI, IMAREST, Director for External Relations\u2026<\/p><a class=\"o-posts-read-more\" href=\"https:\/\/cmu-edu.eu\/erasmusplus\/2023\/05\/22\/prof-angelica-m-baylon-from-maritime-academy-of-asia-and-the-pacific-visiting-constanta-maritime-university\/\">Read More<\/a><\/div><\/div><\/div><\/div><\/div> <div class=\"o-posts-grid-pag\"><span aria-current=\"page\" class=\"page-numbers current\">1<\/span>\n<a class=\"page-numbers\" href=\"https:\/\/cmu-edu.eu\/erasmusplus\/wp-json\/wp\/v2\/pages\/68\/?paged=2\">2<\/a>\n<a class=\"next page-numbers\" href=\"https:\/\/cmu-edu.eu\/erasmusplus\/wp-json\/wp\/v2\/pages\/68\/?paged=2\">Next<\/a><\/div><\/div>\n\n\n<div style=\"height:100px\" aria-hidden=\"true\" class=\"wp-block-spacer\"><\/div>\n","protected":false},"excerpt":{"rendered":"","protected":false},"author":4,"featured_media":150,"parent":0,"menu_order":0,"comment_status":"closed","ping_status":"closed","template":"","meta":{"neve_meta_sidebar":"","neve_meta_container":"","neve_meta_enable_content_width":"","neve_meta_content_width":0,"neve_meta_title_alignment":"","neve_meta_author_avatar":"","neve_post_elements_order":"","neve_meta_disable_header":"","neve_meta_disable_footer":"","neve_meta_disable_title":"","_themeisle_gutenberg_block_has_review":false,"footnotes":""},"class_list":["post-68","page","type-page","status-publish","has-post-thumbnail","hentry"],"_links":{"self":[{"href":"https:\/\/cmu-edu.eu\/erasmusplus\/wp-json\/wp\/v2\/pages\/68","targetHints":{"allow":["GET"]}}],"collection":[{"href":"https:\/\/cmu-edu.eu\/erasmusplus\/wp-json\/wp\/v2\/pages"}],"about":[{"href":"https:\/\/cmu-edu.eu\/erasmusplus\/wp-json\/wp\/v2\/types\/page"}],"author":[{"embeddable":true,"href":"https:\/\/cmu-edu.eu\/erasmusplus\/wp-json\/wp\/v2\/users\/4"}],"replies":[{"embeddable":true,"href":"https:\/\/cmu-edu.eu\/erasmusplus\/wp-json\/wp\/v2\/comments?post=68"}],"version-history":[{"count":16,"href":"https:\/\/cmu-edu.eu\/erasmusplus\/wp-json\/wp\/v2\/pages\/68\/revisions"}],"predecessor-version":[{"id":334,"href":"https:\/\/cmu-edu.eu\/erasmusplus\/wp-json\/wp\/v2\/pages\/68\/revisions\/334"}],"wp:featuredmedia":[{"embeddable":true,"href":"https:\/\/cmu-edu.eu\/erasmusplus\/wp-json\/wp\/v2\/media\/150"}],"wp:attachment":[{"href":"https:\/\/cmu-edu.eu\/erasmusplus\/wp-json\/wp\/v2\/media?parent=68"}],"curies":[{"name":"wp","href":"https:\/\/api.w.org\/{rel}","templated":true}]}}