{"id":101,"date":"2021-07-21T08:26:44","date_gmt":"2021-07-21T08:26:44","guid":{"rendered":"https:\/\/cmu-edu.eu\/fr\/?page_id=101"},"modified":"2021-07-21T08:31:07","modified_gmt":"2021-07-21T08:31:07","slug":"101-2","status":"publish","type":"page","link":"https:\/\/cmu-edu.eu\/fr\/101-2\/","title":{"rendered":"ING\u00c9NIERIE AVANC\u00c9E DANS L&#8217;INDUSTRIE P\u00c9TROLI\u00c8RE ET GAZI\u00c8RE OFFSHORE &#8211; en anglais"},"content":{"rendered":"<p><div class=\"clearfix ap-row\"><div class=\"ap_column ap-span3\"><h2>ING\u00c9NIERIE AVANC\u00c9E DANS L&#8217;INDUSTRIE P\u00c9TROLI\u00c8RE ET GAZI\u00c8RE OFFSHORE &#8211; en anglais<\/h2>\n<p>L&#8217;industrie p\u00e9troli\u00e8re et gazi\u00e8re offshore est consid\u00e9r\u00e9e, encore \u00e0 son stade de pionnier, si l&#8217;on consid\u00e8re que la premi\u00e8re exploitation p\u00e9troli\u00e8re en mer du Nord n&#8217;a commenc\u00e9 qu&#8217;en 1967. Faisant partie des pays importants d&#8217;Europe d\u00e9tenant des r\u00e9serves de p\u00e9trole et de gaz naturel, la Roumanie y est \u00e9galement all\u00e9e pour d\u00e9tecter et exploiter les gisements de p\u00e9trole offshore sur le plateau continental de la mer Noire.<\/p>\n<p>Les programmes d&#8217;\u00e9tudes et les programmes analytiques du programme de ma\u00eetrise ING\u00c9NIERIE AVANC\u00c9E DANS L&#8217;INDUSTRIE P\u00c9TROLI\u00c8RE ET GAZI\u00c8RE OFFSHORE &#8211; en anglais, qui seront inclus dans la structure de l&#8217;Universit\u00e9 maritime de Constanta, sont adapt\u00e9s aux exigences du syst\u00e8me \u00e9ducatif europ\u00e9en et r\u00e9pondent aux besoins mentionn\u00e9s ci-dessus.<\/p>\n<p>Le transport naval (maritime et fluvial) a un r\u00f4le essentiel pour le domaine du transport roumain, b\u00e9n\u00e9ficiant dans l&#8217;aire g\u00e9ographique de Dobrogea de ports maritimes (Constan\u0163a, Mangalia, Midia, Sulina) et fluviaux (Tulcea, Br\u0103ila, Gala\u0163i), inclus dans le flux portuaire zonal et mondial. Il est compl\u00e9t\u00e9 par un soutien logistique ad\u00e9quat, dans lequel la construction navale, mat\u00e9rialis\u00e9e par les chantiers les plus repr\u00e9sentatifs du pays (Constan\u0163a, Mangalia, Tulcea), joue un r\u00f4le important.<\/p>\n<p>Pour le profil du programme de ma\u00eetrise ADVANCED ENGINEERING IN THE OFFSHORE OIL AND GAS INDUSTRY &#8211; en anglais est particuli\u00e8rement int\u00e9ressant le chantier naval de Tulcea, VARD TULCEA SA, qui a concentr\u00e9 son activit\u00e9 ces derni\u00e8res ann\u00e9es, exclusivement sur la production de navires sp\u00e9cialis\u00e9s pour l&#8217;industrie offshore et qui est int\u00e9ress\u00e9 \u00e0 ouvrir ce programme, en tant que partenaire de l&#8217;accord de collaboration conclu avec l&#8217;Universit\u00e9 maritime de Constan\u0163a<\/p><\/div>\n<div class=\"ap_column ap-span3\"><h2>QU&#8217;EST-CE QUE VOUS \u00c9TUDIEZ<\/h2>\n<p>Le programme de sp\u00e9cialisation des \u00e9tudes de ma\u00eetrise ING\u00c9NIERIE AVANC\u00c9E DANS L&#8217;INDUSTRIE P\u00c9TROLI\u00c8RE ET GAZI\u00c8RE OFFSHORE &#8211; en anglais, \u00e9nonce clairement l&#8217;OBJECTIF \u00c9DUCATIF G\u00c9N\u00c9RAL : R\u00c9PARATION DES NAVIRES esp\u00e8ces et structures marines, machines, installations, syst\u00e8mes et \u00e9quipements sp\u00e9cifiques \u00e0 l&#8217;industrie offshore, correspondant aux normes de l&#8217;\u00e9conomie concurrentielle, AVOIR DES CONNAISSANCES EN ING\u00c9NIERIE DE MANAGEMENT ET DE L&#8217;INDUSTRIE OFFSHORE ACTUELLE ET FUTURE ET APPROPRI\u00c9ES des secteurs industriels connexes.<\/p>\n<p>Sp\u00e9cialisation des \u00e9tudes de master ING\u00c9NIERIE AVANC\u00c9E DANS L&#8217;INDUSTRIE P\u00c9TROLI\u00c8RE ET GAZI\u00c8RE OFFSHORE &#8211; en anglais, la sp\u00e9cialisation int\u00e9gr\u00e9e dans la structure de la Facult\u00e9 d&#8217;\u00e9lectrom\u00e9canique navale, assure la formation et le perfectionnement de sp\u00e9cialistes ayant des \u00e9tudes techniques sup\u00e9rieures pour des besoins complets (recherche, conception, construction et exploitation) de l&#8217;industrie offshore, respectivement pour certains besoins partiels des domaines connexes (g\u00e9nie naval et de navigation, g\u00e9nie industriel, g\u00e9nie m\u00e9canique, ing\u00e9nierie et management), au niveau local et national, \u00e0 travers un enseignement universitaire construit sur les crit\u00e8res de performance du syst\u00e8me europ\u00e9en.<\/div><\/div><br \/>\n<a href=\"https:\/\/cmu-edu.eu\/electromecanica\/wp-content\/uploads\/sites\/19\/2021\/01\/banner-AEOOGI-2.jpg\"><img loading=\"lazy\" decoding=\"async\" class=\"aligncenter size-full wp-image-463\" src=\"https:\/\/cmu-edu.eu\/electromecanica\/wp-content\/uploads\/sites\/19\/2021\/01\/banner-AEOOGI-2.jpg\" alt=\"\" width=\"1920\" height=\"390\" \/><\/a><\/p>\n<div style=\"background-color: #f5f5f5;padding: 10px;text-align: center\">\n<h1>AVANTAGES<\/h1>\n<h2 style=\"padding-bottom: 30px\">OBJECTIFS D&#8217;APPRENTISSAGE PARTIELS, SP\u00c9CIFIQUES AUX ANN\u00c9ES D&#8217;\u00c9TUDES<\/h2>\n<p><div class=\"clearfix ap-row\"><div class=\"ap_column ap-span3\"><div style=\"background-color: #ffffff;padding: 10px;margin: 10px;height: 260px\">\n<h3>PREMI\u00c8RE ANN\u00c9E<\/h3>\n<p>Professionnalisation dans le domaine de l&#8217;ing\u00e9nierie marine et de la navigation, par l&#8217;acquisition de comp\u00e9tences sp\u00e9cialis\u00e9es en ing\u00e9nierie et en gestion destin\u00e9es principalement \u00e0 l&#8217;industrie p\u00e9troli\u00e8re et gazi\u00e8re offshore &#8211; structures marines, navires sp\u00e9ciaux, machines, installations, syst\u00e8mes et \u00e9quipements sp\u00e9cifiques.<\/p>\n<\/div><\/div>\n<div class=\"ap_column ap-span3\"><div style=\"background-color: #ffffff;padding: 10px;margin: 10px;height: 260px\">\n<h3>DEUXI\u00c8ME ANN\u00c9E<\/h3>\n<p>D\u00e9crire l&#8217;ing\u00e9nieur sp\u00e9cialiste, en compl\u00e9tant la formation professionnelle sp\u00e9cialis\u00e9e et manag\u00e9riale qui cible principalement l&#8217;industrie p\u00e9troli\u00e8re et gazi\u00e8re offshore. Acquisition de comp\u00e9tences en recherche-d\u00e9veloppement-innovation dans le domaine du g\u00e9nie maritime et de la navigation. Elaboration de la th\u00e8se avec un th\u00e8me dans le domaine de l&#8217;industrie p\u00e9troli\u00e8re et gazi\u00e8re offshore. Pr\u00e9paration et passage de l&#8217;examen de th\u00e8se.<\/p>\n<\/div><\/div><\/div><br \/>\n<div class=\"clearfix ap-row\"><div class=\"ap_column ap-span6\"><div style=\"background-color: #ffffff;padding: 20px 10px;margin: 10px;height: auto;text-align: left\">\n<h3>La mission \u00e9nonc\u00e9e est principalement soutenue par cinq objectifs sp\u00e9cifiques<\/h3>\n<ul class=\"lista-doi\">\n<li>Formation universitaire des dipl\u00f4m\u00e9s du premier cycle en g\u00e9nie maritime et navigation, correspondant aux exigences de l&#8217;\u00e9conomie comp\u00e9titive europ\u00e9enne, en tant qu&#8217;ing\u00e9nieurs ayant le niveau de connaissances scientifiques, d&#8217;ing\u00e9nierie, de management et compl\u00e9mentaires et des comp\u00e9tences pratiques adapt\u00e9es aux besoins actuels et futurs de l&#8217;industrie offshore.<\/li>\n<li>\u00c9tendre le processus de formation des sp\u00e9cialistes dans le domaine de l&#8217;industrie offshore, dans la perspective de fournir la capacit\u00e9 technico-\u00e9conomique et de gestion n\u00e9cessaire pour aborder la conception, la mise en \u0153uvre et l&#8217;exploitation optimale, en toute s\u00e9curit\u00e9, des constructions, syst\u00e8mes et \u00e9quipements sp\u00e9cifiques \u00e0 l&#8217;industrie offshore, soumise \u00e0 des crit\u00e8res europ\u00e9ens, respectivement \u00e0 une certification de qualit\u00e9 mondiale.<\/li>\n<li>Initiation, \u00e0 l&#8217;avenir, d&#8217;un programme de recherche scientifique fondamentale et appliqu\u00e9e, sp\u00e9cifique aux industries p\u00e9troli\u00e8res et gazi\u00e8res offshore et connexes, compatible avec les exigences et les besoins contemporains, utilisant tout le potentiel cr\u00e9atif des enseignants, des ma\u00eetres et des \u00e9tudiants mais aussi des sp\u00e9cialistes consacr\u00e9s dans ce domaine d&#8217;\u00e9vidente nouveaut\u00e9 et perspective en Roumanie.<\/li>\n<li>Cr\u00e9er les conditions n\u00e9cessaires au d\u00e9veloppement, en perspective, du troisi\u00e8me cycle doctoral, dans le domaine li\u00e9 \u00e0 la sp\u00e9cialisation, pour assurer la r\u00e9alisation du profil de l&#8217;ing\u00e9nieur sp\u00e9cialiste dans le domaine de l&#8217;industrie p\u00e9troli\u00e8re et gazi\u00e8re offshore, avec les valences de la recherche scientifique sup\u00e9rieure multidisciplinaire.<\/li>\n<li>Am\u00e9lioration continue du potentiel didactique-scientifique humain (enseignants et chercheurs ayant une formation universitaire et une formation postuniversitaire ad\u00e9quate) et mat\u00e9riel (espaces \u00e9ducatifs dot\u00e9s de dotations avanc\u00e9es, r\u00e9sultant de sources internes et externes), afin de r\u00e9pondre aux exigences formul\u00e9es dans les objectifs 1, 2, 3 et 4.<\/li>\n<\/ul>\n<\/div><\/div><\/div><\/p>\n<\/div>\n<div style=\"background-color: #ffcb74;padding: 10px\">\n<h2>OPPORTUNIT\u00c9S DE CARRI\u00c8RE<\/h2>\n<p>Les dipl\u00f4m\u00e9s de l&#8217;Ing\u00e9nierie avanc\u00e9e dans l&#8217;industrie p\u00e9troli\u00e8re et gazi\u00e8re offshore &#8211; en anglais ont une r\u00e9elle chance de s&#8217;int\u00e9grer et d&#8217;\u00e9voluer dans l&#8217;activit\u00e9 professionnelle &#8211; principalement dans l&#8217;industrie offshore &#8211; dans le pays et \u00e0 l&#8217;\u00e9tranger. Il est mentionn\u00e9 que la formation technique et compl\u00e9mentaire, reconnue au niveau national et international, offre la possibilit\u00e9 d&#8217;assimiler, si n\u00e9cessaire, les dipl\u00f4m\u00e9s de la sp\u00e9cialisation, dans des domaines connexes de l&#8217;\u00e9conomie nationale, y compris en tant que personnel embarqu\u00e9 sur des navires sp\u00e9ciaux.<\/p>\n<p>Des \u00e9tudes pronostiques montrent qu&#8217;il existe des pr\u00e9misses pour une int\u00e9gration future dans l&#8217;environnement naval professionnel de Dobrogea et l&#8217;industrie offshore favoris\u00e9e par la proximit\u00e9 et le potentiel, complexe et diversifi\u00e9, de la mer Noire, dipl\u00f4m\u00e9s de la sp\u00e9cialisation, gr\u00e2ce \u00e0 des emplois \u00e0 effectuer par des roumains et les entreprises \u00e9trang\u00e8res offrent des emplois de couverture dans la perspective de la dynamique de la scolarit\u00e9.<\/p>\n<\/div>\n<p><hr class=\"ap-spacing\" style=\"height:10px\"\/><br \/>\n<div class=\"clearfix ap-row\"><div class=\"ap_column ap-span2\"><h2>Admission<\/h2>\n<p>Nous sommes dans la troisi\u00e8me ann\u00e9e o\u00f9 nous organisons l&#8217;inscription online en utilisant un syst\u00e8me de cryptage SSL 128 bits.<\/p>\n<p><strong>L&#8217;admission aux \u00e9tudes se fait :<\/strong><\/p>\n<ul>\n<li>par concours d&#8217;admission dans lequel la moyenne d&#8217;admission est une moyenne pond\u00e9r\u00e9e entre la moyenne du baccalaur\u00e9at et la moyenne de l&#8217;examen de math\u00e9matiques<\/li>\n<li>par un concours de dossiers dont la moyenne d&#8217;admission repr\u00e9sente la moyenne du baccalaur\u00e9at<\/li>\n<\/ul>\n<p>Lors de la pand\u00e9mie g\u00e9n\u00e9r\u00e9e par le SRAS COV 2, l&#8217;admission s&#8217;est faite sur concours de dossier.<\/p>\n<p><div class=\"divider\" style=\"margin-top:2px; margin-bottom:2px; border-top:1px solid #CCCCCC;width:100%\"\/><\/div><\/div><\/p>\n<div class=\"ap_column ap-span3\"><h2>Contact<\/h2>\n<ul class=\"lista-doi\">\n<li>CONTACT<\/li>\n<li>E-mail: bcc@cmu-edu.eu<\/li>\n<li>Tel: +40241664740<\/li>\n<li>Mircea cel B\u0103tr\u00e2n, no 104<\/li>\n<li>Constanta<\/li>\n<\/ul><\/div><\/div><\/p>\n","protected":false},"excerpt":{"rendered":"<p>AVANTAGES OBJECTIFS D&#8217;APPRENTISSAGE PARTIELS, SP\u00c9CIFIQUES AUX ANN\u00c9ES D&#8217;\u00c9TUDES OPPORTUNIT\u00c9S DE CARRI\u00c8RE Les dipl\u00f4m\u00e9s de l&#8217;Ing\u00e9nierie avanc\u00e9e dans l&#8217;industrie p\u00e9troli\u00e8re et gazi\u00e8re offshore &#8211; en anglais ont une r\u00e9elle chance de s&#8217;int\u00e9grer et d&#8217;\u00e9voluer dans l&#8217;activit\u00e9 professionnelle &#8211; principalement dans l&#8217;industrie offshore &#8211; dans le pays et \u00e0 l&#8217;\u00e9tranger. Il est mentionn\u00e9 que la formation technique [&hellip;]<\/p>\n","protected":false},"author":4,"featured_media":0,"parent":0,"menu_order":0,"comment_status":"closed","ping_status":"closed","template":"","meta":{"footnotes":""},"class_list":["post-101","page","type-page","status-publish","hentry"],"_links":{"self":[{"href":"https:\/\/cmu-edu.eu\/fr\/wp-json\/wp\/v2\/pages\/101","targetHints":{"allow":["GET"]}}],"collection":[{"href":"https:\/\/cmu-edu.eu\/fr\/wp-json\/wp\/v2\/pages"}],"about":[{"href":"https:\/\/cmu-edu.eu\/fr\/wp-json\/wp\/v2\/types\/page"}],"author":[{"embeddable":true,"href":"https:\/\/cmu-edu.eu\/fr\/wp-json\/wp\/v2\/users\/4"}],"replies":[{"embeddable":true,"href":"https:\/\/cmu-edu.eu\/fr\/wp-json\/wp\/v2\/comments?post=101"}],"version-history":[{"count":6,"href":"https:\/\/cmu-edu.eu\/fr\/wp-json\/wp\/v2\/pages\/101\/revisions"}],"predecessor-version":[{"id":108,"href":"https:\/\/cmu-edu.eu\/fr\/wp-json\/wp\/v2\/pages\/101\/revisions\/108"}],"wp:attachment":[{"href":"https:\/\/cmu-edu.eu\/fr\/wp-json\/wp\/v2\/media?parent=101"}],"curies":[{"name":"wp","href":"https:\/\/api.w.org\/{rel}","templated":true}]}}