{"id":109,"date":"2021-07-21T08:32:57","date_gmt":"2021-07-21T08:32:57","guid":{"rendered":"https:\/\/cmu-edu.eu\/fr\/?page_id=109"},"modified":"2021-07-21T08:42:11","modified_gmt":"2021-07-21T08:42:11","slug":"ingenierie-et-protection-de-lenvironnement-dans-lindustrie","status":"publish","type":"page","link":"https:\/\/cmu-edu.eu\/fr\/ingenierie-et-protection-de-lenvironnement-dans-lindustrie\/","title":{"rendered":"ING\u00c9NIERIE ET PROTECTION DE L&#8217;ENVIRONNEMENT DANS L&#8217;INDUSTRIE"},"content":{"rendered":"<p><div class=\"clearfix ap-row\"><div class=\"ap_column ap-span3\"><h2>ING\u00c9NIERIE ET PROTECTION DE L&#8217;ENVIRONNEMENT DANS L&#8217;INDUSTRIE<\/h2>\n<p>Choisir l&#8217;ing\u00e9nierie et la protection de l&#8217;environnement dans l&#8217;industrie, signifie choisir une sp\u00e9cialisation en technologies appliqu\u00e9es qui, en int\u00e9grant les connaissances technico-scientifiques, aborde et r\u00e9sout les probl\u00e8mes de conservation de l&#8217;\u00e9nergie et de l&#8217;environnement naturel, de la production active, du contr\u00f4le des d\u00e9chets.<\/p>\n<p>Cela implique d&#8217;approfondir les connaissances sur l&#8217;ing\u00e9nierie environnementale, c&#8217;est-\u00e0-dire la gestion des eaux us\u00e9es, le contr\u00f4le de la pollution atmosph\u00e9rique, le contr\u00f4le, le recyclage et l&#8217;\u00e9limination des d\u00e9chets, la radioprotection, l&#8217;hygi\u00e8ne industrielle, les \u00e9tudes d&#8217;impact environnemental des projets de construction propos\u00e9s, la gestion des risques avec applicabilit\u00e9 environnementale. Parall\u00e8lement, les dipl\u00f4m\u00e9s de cette sp\u00e9cialisation peuvent \u00eatre employ\u00e9s en tant que \u00abresponsable de l&#8217;environnement\u00bb \u00e0 bord des navires de croisi\u00e8re s&#8217;ils sont pr\u00e9alablement dipl\u00f4m\u00e9s de facult\u00e9s ayant un profil diff\u00e9rent de celui de l&#8217;environnement.<\/p>\n<p>L&#8217;objectif central de la sp\u00e9cialisation Ing\u00e9nierie et protection de l&#8217;environnement dans l&#8217;industrie est d&#8217;offrir un programme d&#8217;\u00e9tudes de qualit\u00e9, capable de former des ing\u00e9nieurs sp\u00e9cialis\u00e9s dans la protection de l&#8217;environnement, ayant un niveau de qualification appropri\u00e9 \u00e0 l&#8217;exercice du m\u00e9tier et \u00e0 leur insertion sur le march\u00e9 du travail, selon le Dossier de Sp\u00e9cialisation Ing\u00e9nierie et Protection de l&#8217;Environnement dans l&#8217;Industrie et le Curriculum.<\/p><\/div>\n<div class=\"ap_column ap-span3\"><h2>QU&#8217;EST-CE QUE VOUS \u00c9TUDIEZ<\/h2>\n<p>Le programme interdisciplinaire est align\u00e9 aux normes internationales de pr\u00e9vention de la pollution environnementale et de d\u00e9veloppement durable, contribuant \u00e0 la formation des comp\u00e9tences techniques et manag\u00e9riales pour une carri\u00e8re r\u00e9ussie.<\/p>\n<ul class=\"lista-doi\">\n<li>Application cr\u00e9ative des connaissances et des m\u00e9thodes sp\u00e9cifiques au domaine de l&#8217;ing\u00e9nierie et de la protection de l&#8217;environnement dans l&#8217;industrie<\/li>\n<li>Management du d\u00e9veloppement durable<\/li>\n<li>Approfondir et d\u00e9velopper certaines techniques et m\u00e9thodes de calcul selon les principes g\u00e9n\u00e9raux du calcul technologique.<\/li>\n<li>Gestion de l&#8217;\u00e9laboration et de l&#8217;exploitation des syst\u00e8mes de surveillance des polluants.<\/li>\n<li>Gestion des risques environnementaux, \u00e9valuation d&#8217;impact et \u00e9laboration de variantes technologiques \u00e0 faible impact sur l&#8217;environnement.<\/li>\n<li>Approfondir les activit\u00e9s sp\u00e9cifiques \u00e0 la gestion environnementale et au marketing en ing\u00e9nierie et protection de l&#8217;environnement<\/li>\n<\/ul>\n<p><hr class=\"ap-spacing\" style=\"height:10px\"\/>\nLes dipl\u00f4m\u00e9s de la sp\u00e9cialisation Ing\u00e9nierie et protection de l&#8217;environnement dans l&#8217;industrie ont de r\u00e9elles chances de s&#8217;int\u00e9grer et d&#8217;\u00e9voluer dans l&#8217;activit\u00e9 professionnelle, ayant \u00e9galement la formation pour le niveau manag\u00e9rial, dans le pays et \u00e0 l&#8217;\u00e9tranger. Il est mentionn\u00e9 que la formation technique et compl\u00e9mentaire, reconnue au niveau national et international, offre la possibilit\u00e9 d&#8217;assimiler, si n\u00e9cessaire, les dipl\u00f4m\u00e9s de la sp\u00e9cialisation, dans des domaines connexes de l&#8217;\u00e9conomie nationale, y compris en tant que personnel embarqu\u00e9 sur des navires sp\u00e9ciaux (responsable de l&#8217;environnement).<\/p><\/div><\/div><br \/>\n<a href=\"https:\/\/cmu-edu.eu\/electromecanica\/wp-content\/uploads\/sites\/19\/2021\/01\/banner-IPMI-2.jpg\"><img loading=\"lazy\" decoding=\"async\" class=\"aligncenter size-full wp-image-463\" src=\"https:\/\/cmu-edu.eu\/electromecanica\/wp-content\/uploads\/sites\/19\/2021\/01\/banner-IPMI-2.jpg\" alt=\"\" width=\"1920\" height=\"542\" \/><\/a><\/p>\n<div style=\"background-color: #f5f5f5;padding: 10px;text-align: center\">\n<h1 style=\"padding-bottom: 30px\">AVANTAGES<\/h1>\n<p><div class=\"clearfix ap-row\"><div class=\"ap_column ap-span2\"><div style=\"background-color: #ffffff;padding: 10px;margin: 10px;height: 260px\">\n<h3>Reconnaissance internationale<\/h3>\n<p>Le master et le certificat d&#8217;officier de direction sont internationalement reconnus, vous donnant la possibilit\u00e9 d&#8217;\u00eatre employ\u00e9 partout dans le monde.<\/p>\n<\/div><\/div>\n<div class=\"ap_column ap-span2\"><div style=\"background-color: #ffffff;padding: 10px;margin: 10px;height: 260px\">\n<h3>La flexibilit\u00e9<\/h3>\n<p>Si pendant vos \u00e9tudes universitaires vous effectuez votre stage dans n&#8217;importe quelle branche de l&#8217;\u00e9conomie, dans le pays ou \u00e0 l&#8217;\u00e9tranger, nous vous offrons la possibilit\u00e9 d&#8217;\u00e9tudier online sur le campus virtuel. Vous b\u00e9n\u00e9ficierez de l&#8217;examen online et vous pourrez planifier et passer vos examens d\u2019o\u00f9 que vous soyez!<\/p>\n<\/div><\/div>\n<div class=\"ap_column ap-span2\"><div style=\"background-color: #ffffff;padding: 10px;margin: 10px;height: 260px\">\n<h3>Possibilit\u00e9s d&#8217;\u00e9tudes \u00e0 l&#8217;\u00e9tranger<\/h3>\n<p>Beaucoup de nos \u00e9tudiants choisissent d&#8217;\u00e9tudier un semestre dans l&#8217;une des facult\u00e9s partenaires, b\u00e9n\u00e9ficiant de la bourse ERASMUS.<\/p>\n<\/div><\/div><\/div><br \/>\n<div class=\"clearfix ap-row\"><div class=\"ap_column ap-span3\"><div style=\"background-color: #ffffff;padding: 10px;margin: 10px;height: 260px\">\n<h3>Alternatives<\/h3>\n<p>Tous nos dipl\u00f4m\u00e9s peuvent choisir entre une carri\u00e8re: en mer, en tant qu&#8217;agent de l&#8217;environnement, ou \u00e0 terre, en tant que: Analyste environnemental, Auditeur environnemental, Ing\u00e9nieur de recherche en g\u00e9nie sanitaire et protection de l&#8217;environnement, Inspecteur de la protection de l&#8217;environnement, Moniteur de l&#8217;environnement, Expert pour la pr\u00e9vention et r\u00e9duction des risques technologiques, Sp\u00e9cialiste en gestion des d\u00e9chets, \u00e9valuateur environnemental, Ing\u00e9nieur de recherche en g\u00e9nie de l&#8217;environnement, Assistant de recherche en g\u00e9nie de l&#8217;environnement.<\/p>\n<\/div><\/div><\/p>\n<div class=\"ap_column ap-span3\"><div style=\"background-color: #ffffff;padding: 10px;margin: 10px;height: 260px\">\n<h3>D\u00e9crire l&#8217;ing\u00e9nieur sp\u00e9cialiste<\/h3>\n<p>Destin\u00e9 \u00e0 l&#8217;ing\u00e9nierie et \u00e0 la protection de l&#8217;environnement dans l&#8217;industrie et avec la possibilit\u00e9 d&#8217;acc\u00e9der \u00e0 n&#8217;importe quelle branche de l&#8217;\u00e9conomie nationale et internationale, apr\u00e8s avoir pr\u00e9par\u00e9 et pass\u00e9 les examens requis par la loi.<\/p>\n<\/div><\/div><\/div><\/p>\n<h3 style=\"text-align: left\">Pratique sp\u00e9cialis\u00e9e<\/h3>\n<p style=\"text-align: left\">Des partenariats ont \u00e9t\u00e9 conclus entre les entreprises de profil et l&#8217;universit\u00e9, offrant aux \u00e9tudiants la possibilit\u00e9 d&#8217;effectuer le stage dans un cadre diversifi\u00e9. De nombreux \u00e9tudiants optent \u00e9galement pour des stages \u00e0 bord du navire.<\/p>\n<h3 style=\"text-align: left\">Pratique de l&#8217;ing\u00e9nierie<\/h3>\n<ul class=\"lista-doi\">\n<li style=\"text-align: left\"><strong>PREMI\u00c8RE ANN\u00c9E: <\/strong><em>Professionnalisation dans le domaine du g\u00e9nie de l&#8217;environnement dans l&#8217;industrie, par l&#8217;acquisition de comp\u00e9tences sp\u00e9cialis\u00e9es d&#8217;ing\u00e9nierie et de gestion visant principalement le g\u00e9nie de l&#8217;environnement<\/em><\/li>\n<li style=\"text-align: left\"><strong>DEUXI\u00c8ME ANN\u00c9E:<\/strong> <em>Pr\u00e9sentation de l&#8217;ing\u00e9nieur sp\u00e9cialiste, en suivant la formation professionnelle sp\u00e9cialis\u00e9e et manag\u00e9riale. Acqu\u00e9rir des comp\u00e9tences en recherche-d\u00e9veloppement-innovation dans le domaine du g\u00e9nie de l&#8217;environnement. Elaboration de la th\u00e8se. Pr\u00e9paration et passage \u00e0 l&#8217;examen de th\u00e8se. <\/em>.<\/li>\n<\/ul>\n<\/div>\n<div style=\"background-color: #ffcb74;padding: 10px\">\n<h2>OPPORTUNIT\u00c9S DE CARRI\u00c8RE<\/h2>\n<p>Les dipl\u00f4m\u00e9s du programme d&#8217;\u00e9tudes Ing\u00e9nierie et protection de l&#8217;environnement dans l&#8217;industrie peuvent occuper les postes d&#8217;agent de l&#8217;environnement ou divers autres postes dans l&#8217;industrie environnementale et maritime, notamment:<\/p>\n<ul>\n<li>Analyste en environnement,<\/li>\n<li>Auditeur environnemental,<\/li>\n<li>Ing\u00e9nieur de recherche en g\u00e9nie sanitaire et protection de l&#8217;environnement,<\/li>\n<li>Inspecteur de la protection de l&#8217;environnement,<\/li>\n<li>Moniteur de l&#8217;environnement,<\/li>\n<li>Expert en pr\u00e9vention et r\u00e9duction des risques technologiques,<\/li>\n<li>Sp\u00e9cialiste de la gestion des d\u00e9chets,<\/li>\n<li>\u00c9valuateur environnemental,<\/li>\n<li>Ing\u00e9nieur de recherche en g\u00e9nie de l&#8217;environnement,<\/li>\n<li>Assistante de recherche en g\u00e9nie de l&#8217;environnement.<\/li>\n<\/ul>\n<\/div>\n<div style=\"background-color: #f5f5f5;padding: 10px\">\nLa formation technique et compl\u00e9mentaire, reconnue au niveau national et international, offre la possibilit\u00e9 d&#8217;assimiler, si n\u00e9cessaire, les dipl\u00f4m\u00e9s de la sp\u00e9cialisation, dans des domaines connexes de l&#8217;\u00e9conomie nationale, y compris en tant que personnel embarqu\u00e9 sur des navires sp\u00e9ciaux.<\/p>\n<p>La sp\u00e9cialisation des \u00e9tudes universitaires de master, Ing\u00e9nierie et protection de l&#8217;environnement dans l&#8217;industrie, la sp\u00e9cialisation int\u00e9gr\u00e9e dans la structure de la Facult\u00e9 d&#8217;\u00e9lectrom\u00e9canique navale, assure la formation et le perfectionnement de sp\u00e9cialistes ayant des \u00e9tudes techniques sup\u00e9rieures pour les besoins complets (recherche, conception, construction, exploitation et maintenance) du g\u00e9nie de l&#8217;environnement du g\u00e9nie naval, respectivement pour certains besoins partiels des domaines connexes (g\u00e9nie industriel, g\u00e9nie m\u00e9canique, ing\u00e9nierie et gestion), au niveau local et national, \u00e0 travers un enseignement universitaire construit sur les crit\u00e8res de performance du syst\u00e8me europ\u00e9en.\n<\/p><\/div>\n<p><hr class=\"ap-spacing\" style=\"height:10px\"\/><br \/>\n<div class=\"clearfix ap-row\"><div class=\"ap_column ap-span2\"><h2>Admission<\/h2>\n<p>Nous sommes dans la troisi\u00e8me ann\u00e9e o\u00f9 nous organisons l&#8217;inscription online en utilisant un syst\u00e8me de cryptage SSL 128 bits.<\/p>\n<p><strong>L&#8217;admission aux \u00e9tudes se fait :<\/strong><\/p>\n<ul>\n<li>par concours d&#8217;admission dans lequel la moyenne d&#8217;admission est une moyenne pond\u00e9r\u00e9e entre la moyenne du baccalaur\u00e9at et la moyenne de l&#8217;examen de math\u00e9matiques<\/li>\n<li>par un concours de dossiers dont la moyenne d&#8217;admission repr\u00e9sente la moyenne du baccalaur\u00e9at<\/li>\n<\/ul>\n<p>Lors de la pand\u00e9mie g\u00e9n\u00e9r\u00e9e par le SRAS COV 2, l&#8217;admission s&#8217;est faite sur concours de dossier.<\/p>\n<p><div class=\"divider\" style=\"margin-top:2px; margin-bottom:2px; border-top:1px solid #CCCCCC;width:100%\"\/><\/div><\/div><\/p>\n<div class=\"ap_column ap-span3\"><h2>Contact<\/h2>\n<ul class=\"lista-doi\">\n<li>CONTACT<\/li>\n<li>E-mail: bcc@cmu-edu.eu<\/li>\n<li>Tel: +40241664740<\/li>\n<li>Mircea cel B\u0103tr\u00e2n, no 104<\/li>\n<li>Constanta<\/li>\n<\/ul><\/div><\/div><\/p>\n","protected":false},"excerpt":{"rendered":"<p>AVANTAGES Pratique sp\u00e9cialis\u00e9e Des partenariats ont \u00e9t\u00e9 conclus entre les entreprises de profil et l&#8217;universit\u00e9, offrant aux \u00e9tudiants la possibilit\u00e9 d&#8217;effectuer le stage dans un cadre diversifi\u00e9. De nombreux \u00e9tudiants optent \u00e9galement pour des stages \u00e0 bord du navire. Pratique de l&#8217;ing\u00e9nierie PREMI\u00c8RE ANN\u00c9E: Professionnalisation dans le domaine du g\u00e9nie de l&#8217;environnement dans l&#8217;industrie, par [&hellip;]<\/p>\n","protected":false},"author":4,"featured_media":0,"parent":0,"menu_order":0,"comment_status":"closed","ping_status":"closed","template":"","meta":{"footnotes":""},"class_list":["post-109","page","type-page","status-publish","hentry"],"_links":{"self":[{"href":"https:\/\/cmu-edu.eu\/fr\/wp-json\/wp\/v2\/pages\/109","targetHints":{"allow":["GET"]}}],"collection":[{"href":"https:\/\/cmu-edu.eu\/fr\/wp-json\/wp\/v2\/pages"}],"about":[{"href":"https:\/\/cmu-edu.eu\/fr\/wp-json\/wp\/v2\/types\/page"}],"author":[{"embeddable":true,"href":"https:\/\/cmu-edu.eu\/fr\/wp-json\/wp\/v2\/users\/4"}],"replies":[{"embeddable":true,"href":"https:\/\/cmu-edu.eu\/fr\/wp-json\/wp\/v2\/comments?post=109"}],"version-history":[{"count":4,"href":"https:\/\/cmu-edu.eu\/fr\/wp-json\/wp\/v2\/pages\/109\/revisions"}],"predecessor-version":[{"id":112,"href":"https:\/\/cmu-edu.eu\/fr\/wp-json\/wp\/v2\/pages\/109\/revisions\/112"}],"wp:attachment":[{"href":"https:\/\/cmu-edu.eu\/fr\/wp-json\/wp\/v2\/media?parent=109"}],"curies":[{"name":"wp","href":"https:\/\/api.w.org\/{rel}","templated":true}]}}