{"id":11,"date":"2019-01-28T09:26:14","date_gmt":"2019-01-28T09:26:14","guid":{"rendered":"https:\/\/cmu-edu.eu\/fr\/?page_id=11"},"modified":"2022-06-22T07:51:37","modified_gmt":"2022-06-22T07:51:37","slug":"faculte-de-navigation","status":"publish","type":"page","link":"https:\/\/cmu-edu.eu\/fr\/faculte-de-navigation\/","title":{"rendered":"Facult\u00e9 de Navigation"},"content":{"rendered":"<p><strong>Br\u00e8ve description<\/strong><br \/>\nLa Facult\u00e9 de Navigation et Transport Naval a \u00e9t\u00e9 constitu\u00e9e en m\u00eame temps avec l\u2019Universit\u00e9 Maritime de Constanta, l\u2019ann\u00e9e 1990, y fonctionnant \u00e0 cette \u00e9poque-l\u00e0 une seule sp\u00e9cialisation, \u00e0 savoir \u201eNavigation et Transport Maritime\u201d.<br \/>\nLa Facult\u00e9 d\u00e9roule aujourd\u2019hui des programmes d\u2019\u00e9tudes de licence, forme de fr\u00e9quence classique et \u00e0 fr\u00e9quence r\u00e9duite, aussi que des programmes d\u2019\u00e9tudes de master.<br \/>\n<div class=\"ap_toggle close\"><div class=\"ap_toggle_title\">Read More...<\/div><div class=\"ap_toggle_content\"><p>L\u2019ann\u00e9e 2002, \u00e0 la suite du processus d\u2019\u00e9valuation acad\u00e9mique par le Conseil National d\u2019\u00c9valuation Acad\u00e9mique et Accr\u00e9ditation, la sp\u00e9cialisation Navigation et Transport Maritime a \u00e9t\u00e9 encore une fois accr\u00e9dit\u00e9e. Plus tard, les ann\u00e9es 2009 et respectivement 2015, une fois constat\u00e9e l\u2019accomplissement des standards de qualit\u00e9 obligatoires et les crit\u00e8res g\u00e9n\u00e9rales, en vertu de la loi, l\u2019 ARACIS accr\u00e9dite la sp\u00e9cialisation qui change sa d\u00e9nomination en \u201eNavigation et Transport Maritime et Fluvial\u201d, pour un chiffre de scolarisation de 225 \u00e9tudiants.<\/p>\n<p>\u00c0 partir de l\u2019ann\u00e9e 2004, les efforts ont \u00e9t\u00e9 dirig\u00e9s vers la diversification des sp\u00e9cialisations, en visant aussi \u00e0 faire accro\u00eetre le num\u00e9ro des \u00e9tudiants, \u00e0 constituer une base mat\u00e9rielle comp\u00e9titive et performante et \u00e0 occuper une position de la pointe dans la hi\u00e9rarchie des universit\u00e9s de marine du monde.\nUlt\u00e9rieurement, la sp\u00e9cialisation qui se proposait de former les officiers maritimes de pont avec la nouvelle d\u00e9nomination \u201eNavigation et Transport Maritime et Fluvial\u201d, est arrondie au domaine \u201eIng\u00e9nierie Marine et Navigation\u201d.<\/p>\n<p>En r\u00e9pondant aux besoins du personnel navigant sans \u00e9tudes sup\u00e9rieures, n\u00e9cessaires pour pouvoir promouvoir dans leur carri\u00e8re professionnelle, au bord du navire, la Facult\u00e9 de Navigation et Transport Naval a accr\u00e9dit\u00e9 un programme d\u2019\u00e9tudes \u00e0 fr\u00e9quence r\u00e9duite, en roumain, portant la d\u00e9nomination de \u201eNavigation et Transport Maritime et Fluvial\u201d, pour un num\u00e9ro de 125 \u00e9tudiants.<\/p>\n<p>La globalisation de l\u2019activit\u00e9 de transport maritime, l\u2019internationalisation et la standardisation du langage de communication au bord des navires, \u00e0 la pr\u00e9sence des \u00e9quipages multinationaux, ont g\u00e9n\u00e9r\u00e9 le besoin de faire organiser la sp\u00e9cialisation \u201eNavigation et Transport Maritime et Fluvial\u201d- en anglais. La sp\u00e9cialisation \u201eNavigation et Transport Maritime et Fluvial\u201d \u2013 programme d\u2019\u00e9tudes en anglais, a \u00e9t\u00e9 accr\u00e9dit\u00e9e selon les Rapports de validation du Conseil ARACIS du 30.09.2010, pour un chiffre de scolarisation de 60 \u00e9tudiants et, ult\u00e9rieurement, l\u2019ann\u00e9e 2014, la m\u00eame sp\u00e9cialisation a \u00e9t\u00e9 de nouveau accr\u00e9dit\u00e9e, pour un chiffre de scolarisation sup\u00e9rieure, \u00e0 savoir, pour un num\u00e9ro de 100 \u00e9tudiants.<\/p>\n<p>L\u2019ann\u00e9e 2012, la Facult\u00e9 a fait \u00e9largir le domaine des sp\u00e9cialisations, en consid\u00e9rant n\u00e9cessaire de former les \u00e9tudiants au domaine \u201eIng\u00e9nierie et management \u00bb, en accr\u00e9ditant ainsi la sp\u00e9cialisation \u00ab Ing\u00e9nierie \u00e9conomique au domaine du transport\u201d programme d\u2019\u00e9tudes \u00e0 forme de fr\u00e9quence classique, en roumain, pour un num\u00e9ro de 60 \u00e9tudiants.<\/p>\n<p>Le mois du d\u00e9cembre de l\u2019ann\u00e9e 2011, l\u2019Universit\u00e9 Maritime de Constan\u021ba a fond\u00e9 une filiale dans le cadre de l\u2019Universit\u00e9 Caspienne de Technologies et Industries d\u2019Aktau, R\u00e9publique Kazakhstan, filiale o\u00f9 la sp\u00e9cialisation \u201eNavigation et Transport Maritime et Fluvial\u201d a \u00e9t\u00e9 provisoirement autoris\u00e9e, en fonctionnant provisoirement en tant que programme d\u2019\u00e9tudes l\u2019ann\u00e9e universitaire 2012\/2013, avec un chiffre de scolarisation de 50 \u00e9tudiants.\n\u00c0 partir de l\u2019ann\u00e9e universitaire 2013-2014, l\u2019UMC a immatricul\u00e9 94 \u00e9tudiants nig\u00e9riens aux \u00e9tudes universitaires de licence, sp\u00e9cialisation \u201eNavigation et Transport Maritime et Fluvial\u201d, en anglais.<\/p>\n<p>Les programmes de formation au domaine des \u00e9tudes de master offerts par la Facult\u00e9 de Navigation et Transport Naval sont au nombre de 7, dont 6 programmes au domaine de l\u2019Ing\u00e9nierie Marine et Navigation et un program dans le domaine de l\u2019Ing\u00e9nierie et Management.<\/p>\n<p>La facult\u00e9 de Navigation et Transport Naval a endoss\u00e9 la MISSION de faire promouvoir un enseignement technique sup\u00e9rieur \u00e0 large profil, bien flexible, interactif et continu, selon les exigences de l\u2019enseignement europ\u00e9en et mondial, en conservant les traditions acad\u00e9miques nationales.<\/p><\/div><\/div><br \/>\n<hr class=\"ap-spacing\" style=\"height:20px\"\/><br \/>\n<div class=\"clearfix ap-row\"><div class=\"ap_column ap-span3\"><h2>Etudes de Licence<\/h2>\n<ul class=\"stu\">\n<li><a href=\"https:\/\/cmu-edu.eu\/fr\/navigation-et-transport-maritime-et-fluvial\/\">NAVIGATION ET TRANSPORT MARITIME ET FLUVIAL<\/a><\/li>\n<li><a href=\"https:\/\/cmu-edu.eu\/fr\/lingenierie-economique-dans-le-domaine-des-transports\/\">ING\u00c9NIERIE \u00c9CONOMIQUE AU DOMAINE DES TRANSPORTS<\/a><\/li>\n<\/ul><\/div>\n<div class=\"ap_column ap-span3\"><h2>\u00c9tudes de Master<\/h2>\n<ul class=\"stu-red\">\n<li><a href=\"https:\/\/cmu-edu.eu\/fr\/ingenierie-et-management-maritime-et-portuaire\/\">ING\u00c9NIERIE ET MANAGEMENT DANS LE DOMAINE MARITIME ET PORTUAIRE<\/a><\/li>\n<li><a href=\"https:\/\/cmu-edu.eu\/fr\/ingenierie-et-management-du-transport-maritime-et-multimodal\/\">ING\u00c9NIERIE ET MANAGEMENT DANS LE TRANSPORT MARITIME ET MULTIMODAL<\/a><\/li>\n<li><a href=\"https:\/\/cmu-edu.eu\/fr\/administration-des-affaires-dans-les-transports\/\">ADMINISTRATION DES AFFAIRES DANS LES TRANSPORTS<\/a><\/li>\n<li><a href=\"https:\/\/cmu-edu.eu\/fr\/lingenierie-economique-dans-le-domaine-des-transports\/\">L&#8217;ING\u00c9NIERIE \u00c9CONOMIQUE DANS LE DOMAINE DES TRANSPORTS<\/a><\/li>\n<li><a href=\"https:\/\/cmu-edu.eu\/fr\/technologie-et-management-du-petrole-et-du-gaz-offshore\/\">TECHNOLOGIE ET MANAGEMENT DU PETROLE ET DU GAZ OFFSHORE (en anglais)<\/a><\/li>\n<li><a href=\"https:\/\/cmu-edu.eu\/fr\/maitrise-en-management-integree-des-systemes-de-transport\/\">MANAGEMENT DU SYST\u00c8MES INT\u00c9GR\u00c9S DE TRANSPORT<\/a><\/li>\n<li><a href=\"https:\/\/cmu-edu.eu\/fr\/163-2\/\">TRANSPORT MARITIME<\/a><\/li>\n<li><a href=\"https:\/\/cmu-edu.eu\/fr\/ingenierie-gestion\/\">ING\u00c9NIERIE ET MANAGEMENT DANS L\u2019EXPLOITATION DES TERMINAUX ET DES NAVIRES MARITIMES<\/a><\/li>\n<\/ul>\n<div class=\"ap_toggle_content\"><\/div>\n<p>&nbsp;<\/p><\/div><\/div><\/p>\n","protected":false},"excerpt":{"rendered":"<p>Br\u00e8ve description La Facult\u00e9 de Navigation et Transport Naval a \u00e9t\u00e9 constitu\u00e9e en m\u00eame temps avec l\u2019Universit\u00e9 Maritime de Constanta, l\u2019ann\u00e9e 1990, y fonctionnant \u00e0 cette \u00e9poque-l\u00e0 une seule sp\u00e9cialisation, \u00e0 savoir \u201eNavigation et Transport Maritime\u201d. La Facult\u00e9 d\u00e9roule aujourd\u2019hui des programmes d\u2019\u00e9tudes de licence, forme de fr\u00e9quence classique et \u00e0 fr\u00e9quence r\u00e9duite, aussi que [&hellip;]<\/p>\n","protected":false},"author":4,"featured_media":0,"parent":0,"menu_order":0,"comment_status":"closed","ping_status":"closed","template":"","meta":{"footnotes":""},"class_list":["post-11","page","type-page","status-publish","hentry"],"_links":{"self":[{"href":"https:\/\/cmu-edu.eu\/fr\/wp-json\/wp\/v2\/pages\/11","targetHints":{"allow":["GET"]}}],"collection":[{"href":"https:\/\/cmu-edu.eu\/fr\/wp-json\/wp\/v2\/pages"}],"about":[{"href":"https:\/\/cmu-edu.eu\/fr\/wp-json\/wp\/v2\/types\/page"}],"author":[{"embeddable":true,"href":"https:\/\/cmu-edu.eu\/fr\/wp-json\/wp\/v2\/users\/4"}],"replies":[{"embeddable":true,"href":"https:\/\/cmu-edu.eu\/fr\/wp-json\/wp\/v2\/comments?post=11"}],"version-history":[{"count":6,"href":"https:\/\/cmu-edu.eu\/fr\/wp-json\/wp\/v2\/pages\/11\/revisions"}],"predecessor-version":[{"id":188,"href":"https:\/\/cmu-edu.eu\/fr\/wp-json\/wp\/v2\/pages\/11\/revisions\/188"}],"wp:attachment":[{"href":"https:\/\/cmu-edu.eu\/fr\/wp-json\/wp\/v2\/media?parent=11"}],"curies":[{"name":"wp","href":"https:\/\/api.w.org\/{rel}","templated":true}]}}