{"id":124,"date":"2021-07-21T09:39:43","date_gmt":"2021-07-21T09:39:43","guid":{"rendered":"https:\/\/cmu-edu.eu\/fr\/?page_id=124"},"modified":"2021-07-21T09:46:44","modified_gmt":"2021-07-21T09:46:44","slug":"technologies-et-systemes-de-telecommunication","status":"publish","type":"page","link":"https:\/\/cmu-edu.eu\/fr\/technologies-et-systemes-de-telecommunication\/","title":{"rendered":"Technologies et syst\u00e8mes de t\u00e9l\u00e9communication"},"content":{"rendered":"<div class=\"clearfix ap-row\"><div class=\"ap_column ap-span3\"><h2>Technologies et syst\u00e8mes de t\u00e9l\u00e9communication<\/h2>\n<p>La sp\u00e9cialisation des \u00e9tudes de premier cycle en technologies et syst\u00e8mes de t\u00e9l\u00e9communications pr\u00e9pare des ing\u00e9nieurs hautement qualifi\u00e9s dans le domaine de l&#8217;ing\u00e9nierie \u00e9lectronique et des t\u00e9l\u00e9communications, avec une connaissance approfondie de la conception de circuits \u00e9lectroniques, des syst\u00e8mes d\u00e9di\u00e9s de la micro\u00e9lectronique, de l&#8217;\u00e9lectronique de puissance, de la robotique, des technologies de l&#8217;information (TI) et des communications.<\/p>\n<p>Les dipl\u00f4m\u00e9s ont les comp\u00e9tences et les capacit\u00e9s n\u00e9cessaires pour concevoir, d\u00e9velopper, mettre en \u0153uvre et entretenir des syst\u00e8mes et \u00e9quipements \u00e9lectroniques, des syst\u00e8mes bas\u00e9s sur des microprocesseurs et des microcontr\u00f4leurs, des syst\u00e8mes embarqu\u00e9s, le d\u00e9veloppement de logiciels pour un large \u00e9ventail de domaines tels que les communications de donn\u00e9es, les syst\u00e8mes de communication et les technologies multim\u00e9dias.<\/p><\/div>\n<div class=\"ap_column ap-span3\"><h2>QU&#8217;EST-CE QUE VOUS \u00c9TUDIEZ<\/h2>\n<ul class=\"lista-doi\">\n<li>Fondamentaux des appareils, circuits, syst\u00e8mes, instrumentation et technologie \u00e9lectroniques<\/li>\n<li>Th\u00e9orie du signal et des syst\u00e8mes, techniques de traitement du signal<\/li>\n<li>M\u00e9thodes de base pour l&#8217;acquisition et le traitement du signal<\/li>\n<li>Concepts et m\u00e9thodes li\u00e9s \u00e0 l&#8217;architecture des syst\u00e8mes informatiques, des microprocesseurs, des microcontr\u00f4leurs, des langages et des techniques de programmation<\/li>\n<li>Conception, r\u00e9alisation et exploitation de services donn\u00e9es, voix, vid\u00e9o, multim\u00e9dia<\/li>\n<li>Exploitation d&#8217;\u00e9quipements de t\u00e9l\u00e9communications fixes ou mobiles.<\/li>\n<li>Technique \u00e0 tr\u00e8s haute fr\u00e9quence, ondes radio, supports de transmission, circuits hyperfr\u00e9quences, antennes et propagation, syst\u00e8mes radar.<\/li>\n<\/ul><\/div><\/div>\n<div style=\"background-color: #f5f5f5;padding: 10px;text-align: center\">\n<h1 style=\"padding-bottom: 30px\">AVANTAGES<\/h1>\n<p><div class=\"clearfix ap-row\"><div class=\"ap_column ap-span2\"><div style=\"background-color: #ffffff;padding: 10px;margin: 10px;height: 260px\">\n<h3>Reconnaissance internationale<\/h3>\n<p>Le dipl\u00f4me d&#8217;ing\u00e9nieur est reconnu internationalement, vous donnant la possibilit\u00e9 d&#8217;\u00eatre employ\u00e9 partout dans le monde.<\/p>\n<\/div><\/div>\n<div class=\"ap_column ap-span2\"><div style=\"background-color: #ffffff;padding: 10px;margin: 10px;height: 260px\">\n<h3>Possibilit\u00e9s d&#8217;\u00e9tudes \u00e0 l&#8217;\u00e9tranger<\/h3>\n<p>Beaucoup de nos \u00e9tudiants choisissent d&#8217;\u00e9tudier un semestre dans l&#8217;une des facult\u00e9s partenaires, b\u00e9n\u00e9ficiant de la bourse ERASMUS.<\/p>\n<p>Nous b\u00e9n\u00e9ficions de collaborations europ\u00e9ennes avec l&#8217;Institut Polytechnique de Grenoble, l&#8217;Institut d&#8217;Electronique et des T\u00e9l\u00e9communications de Rennes et l&#8217;INSA Centre Val de Loire, France.<\/p>\n<\/div><\/div>\n<div class=\"ap_column ap-span2\"><div style=\"background-color: #ffffff;padding: 10px;margin: 10px;height: 260px\">\n<h3>Approfondissement des \u00e9tudes<\/h3>\n<p>Possibilit\u00e9 de poursuivre leurs \u00e9tudes, les dipl\u00f4m\u00e9s peuvent approfondir les connaissances acquises gr\u00e2ce \u00e0 des \u00e9tudes de ma\u00eetrise en recherche scientifique (en roumain et en anglais) dans le domaine des circuits et des syst\u00e8mes de communication int\u00e9gr\u00e9s<\/p>\n<\/div><\/div><\/div><br \/>\n<div class=\"clearfix ap-row\"><div class=\"ap_column ap-span3\"><div style=\"background-color: #ffffff;padding: 10px;margin: 10px;height: 260px\">\n<h3>Alternatives<\/h3>\n<p>Tous nos dipl\u00f4m\u00e9s peuvent choisir entre une carri\u00e8re en mer ou sur terre<\/p>\n<h3>Conseil et orientation professionnelle<\/h3>\n<p>Nos \u00e9tudiants re\u00e7oivent des conseils professionnels et un soutien pour l&#8217;int\u00e9gration sur le march\u00e9 du travail<\/p>\n<\/div><\/div>\n<div class=\"ap_column ap-span3\"><div style=\"background-color: #ffffff;padding: 10px;margin: 10px;height: 260px\">\n<h3>Licence d&#8217;officier de marine<\/h3>\n<p>La pr\u00e9sence d&#8217;ing\u00e9nieurs \u00e9lectroniciens \u00e0 bord des navires devient indispensable avec le d\u00e9veloppement technologique de plus en plus avanc\u00e9 de la flotte maritime internationale. Brevet d&#8217;officier de marine pour les dipl\u00f4m\u00e9s en Electronique et T\u00e9l\u00e9communications. Ceux qui le souhaitent peuvent suivre une s\u00e9rie de cours de sp\u00e9cialisation optionnels pour les ing\u00e9nieurs \u00e9lectroniciens \u00e0 bord du navire.<\/p>\n<\/div><\/div><\/div><\/p>\n<\/div>\n<div style=\"background-color: #ffffff;padding: 10px;margin: 10px\"><div class=\"clearfix ap-row\"><div class=\"ap_column ap-span3\"><h3>Les laboratoires les plus performants<\/h3>\n<ul class=\"lista-doi\">\n<li>Mat\u00e9riel de laboratoire pour mesures, capteurs, transducteurs, mat\u00e9riel \u00e9lectronique<\/li>\n<li>Technologie informatique de pointe<\/li>\n<li>Plateforme moderne de caract\u00e9risation des circuits et syst\u00e8mes \u00e0 tr\u00e8s hautes fr\u00e9quences, \u00e9quip\u00e9e d&#8217;une chambre an\u00e9cho\u00efque &#8211; la seule universit\u00e9 disposant d&#8217;un tel laboratoire dans tout le sud de la Roumanie (Banat &#8211; Muntenia &#8211; Dobrogea)<\/li>\n<li>\u00c9quipement radio d\u00e9fini par logiciel (SDR)<\/li>\n<li>Logiciel professionnel pour la simulation et la conception de circuits et de syst\u00e8mes pour les tr\u00e8s hautes fr\u00e9quences<\/li>\n<\/ul><\/div>\n<div class=\"ap_column ap-span3\"><h3>Pratique<\/h3>\n<p>Les deuxi\u00e8me et troisi\u00e8me ann\u00e9es de coll\u00e8ge fourniront le cadre parfait pour consolider les connaissances th\u00e9oriques et la formation des comp\u00e9tences, pour les appliquer conform\u00e9ment \u00e0 la sp\u00e9cialisation pour laquelle vous \u00eates form\u00e9, \u00e0 divers agents \u00e9conomiques avec lesquels l&#8217;universit\u00e9 a des partenariats dans des laboratoires sp\u00e9cialis\u00e9s.<\/p>\n<ul class=\"lista-doi\">\n<li><strong>Stage assur\u00e9 dans des entreprises partenaires:<\/strong><\/li>\n<li>Continental<\/li>\n<li>Microchip Technology<\/li>\n<li>GMB Computers<\/li>\n<li>ELRO<\/li>\n<li>Tensor<\/li>\n<li>Plexus<\/li>\n<li>Junior Group<\/li>\n<li>Radionav<\/li>\n<li>Enercon Services Carpathians<\/li>\n<\/ul><\/div><\/div><br \/>\n<hr class=\"ap-spacing\" style=\"height:10px\"\/><br \/>\n<div class=\"clearfix ap-row\"><div class=\"ap_column ap-span6\"><a href=\"https:\/\/cmu-edu.eu\/electromecanica\/wp-content\/uploads\/sites\/19\/2021\/02\/ban-tst2.jpg\"><img loading=\"lazy\" decoding=\"async\" class=\"aligncenter wp-image-756 size-full\" src=\"https:\/\/cmu-edu.eu\/electromecanica\/wp-content\/uploads\/sites\/19\/2021\/02\/ban-tst2.jpg\" alt=\"\" width=\"1920\" height=\"400\" \/><\/a><\/div><\/div><\/p>\n<div style=\"background-color: #ffcb74;padding: 10px\">\n<h2>OPPORTUNIT\u00c9S DE CARRI\u00c8RE<\/h2>\n<p>Les dipl\u00f4m\u00e9s du programme Technologies et syst\u00e8mes de t\u00e9l\u00e9communications peuvent occuper des postes dans les industries de l&#8217;\u00e9lectronique et des t\u00e9l\u00e9communications.<\/p>\n<ul>\n<li>Ing\u00e9nieur \u00e9lectronique dans les secteurs de l&#8217;informatique, de l&#8217;automobile et des navires autonomes<\/li>\n<li>Ing\u00e9nieur en \u00e9lectronique des transports et t\u00e9l\u00e9communications<\/li>\n<li>Ing\u00e9nieur chez op\u00e9rateurs de t\u00e9l\u00e9communications<\/li>\n<li>Ing\u00e9nieur conception \u00e9lectronique<\/li>\n<li>Ing\u00e9nieur \u00e9mission<\/li>\n<li>Ing\u00e9nieur d&#8217;\u00e9tudes en communication<\/li>\n<li>Ing\u00e9nieur en conception de syst\u00e8mes informatiques<\/li>\n<li>Ing\u00e9nieur syst\u00e8mes de s\u00e9curit\u00e9<\/li>\n<li>Ing\u00e9nieur image<\/li>\n<\/ul>\n<\/div>\n<p><hr class=\"ap-spacing\" style=\"height:10px\"\/><br \/>\n<div class=\"clearfix ap-row\"><div class=\"ap_column ap-span2\"><h2>Admission<\/h2>\n<p>Nous sommes dans la troisi\u00e8me ann\u00e9e o\u00f9 nous organisons l&#8217;inscription online en utilisant un syst\u00e8me de cryptage SSL 128 bits.<\/p>\n<p><strong>L&#8217;admission aux \u00e9tudes se fait :<\/strong><\/p>\n<ul>\n<li>par concours d&#8217;admission dans lequel la moyenne d&#8217;admission est une moyenne pond\u00e9r\u00e9e entre la moyenne du baccalaur\u00e9at et la moyenne de l&#8217;examen de math\u00e9matiques<\/li>\n<li>par un concours de dossiers dont la moyenne d&#8217;admission repr\u00e9sente la moyenne du baccalaur\u00e9at<\/li>\n<\/ul>\n<p>Lors de la pand\u00e9mie g\u00e9n\u00e9r\u00e9e par le SRAS COV 2, l&#8217;admission s&#8217;est faite sur concours de dossier.<\/p>\n<p><div class=\"divider\" style=\"margin-top:2px; margin-bottom:2px; border-top:1px solid #CCCCCC;width:100%\"\/><\/div><\/div><\/p>\n<div class=\"ap_column ap-span3\"><h2>Contact<\/h2>\n<ul class=\"lista-doi\">\n<li>CONTACT<\/li>\n<li>E-mail: bcc@cmu-edu.eu<\/li>\n<li>Tel: +40241664740<\/li>\n<li>Mircea cel B\u0103tr\u00e2n, no 104<\/li>\n<li>Constanta<\/li>\n<\/ul><\/div><\/div><\/p>\n<\/div>\n","protected":false},"excerpt":{"rendered":"<p>AVANTAGES OPPORTUNIT\u00c9S DE CARRI\u00c8RE Les dipl\u00f4m\u00e9s du programme Technologies et syst\u00e8mes de t\u00e9l\u00e9communications peuvent occuper des postes dans les industries de l&#8217;\u00e9lectronique et des t\u00e9l\u00e9communications. Ing\u00e9nieur \u00e9lectronique dans les secteurs de l&#8217;informatique, de l&#8217;automobile et des navires autonomes Ing\u00e9nieur en \u00e9lectronique des transports et t\u00e9l\u00e9communications Ing\u00e9nieur chez op\u00e9rateurs de t\u00e9l\u00e9communications Ing\u00e9nieur conception \u00e9lectronique Ing\u00e9nieur \u00e9mission [&hellip;]<\/p>\n","protected":false},"author":4,"featured_media":0,"parent":0,"menu_order":0,"comment_status":"closed","ping_status":"closed","template":"","meta":{"footnotes":""},"class_list":["post-124","page","type-page","status-publish","hentry"],"_links":{"self":[{"href":"https:\/\/cmu-edu.eu\/fr\/wp-json\/wp\/v2\/pages\/124","targetHints":{"allow":["GET"]}}],"collection":[{"href":"https:\/\/cmu-edu.eu\/fr\/wp-json\/wp\/v2\/pages"}],"about":[{"href":"https:\/\/cmu-edu.eu\/fr\/wp-json\/wp\/v2\/types\/page"}],"author":[{"embeddable":true,"href":"https:\/\/cmu-edu.eu\/fr\/wp-json\/wp\/v2\/users\/4"}],"replies":[{"embeddable":true,"href":"https:\/\/cmu-edu.eu\/fr\/wp-json\/wp\/v2\/comments?post=124"}],"version-history":[{"count":3,"href":"https:\/\/cmu-edu.eu\/fr\/wp-json\/wp\/v2\/pages\/124\/revisions"}],"predecessor-version":[{"id":128,"href":"https:\/\/cmu-edu.eu\/fr\/wp-json\/wp\/v2\/pages\/124\/revisions\/128"}],"wp:attachment":[{"href":"https:\/\/cmu-edu.eu\/fr\/wp-json\/wp\/v2\/media?parent=124"}],"curies":[{"name":"wp","href":"https:\/\/api.w.org\/{rel}","templated":true}]}}