{"id":136,"date":"2021-07-30T07:59:36","date_gmt":"2021-07-30T07:59:36","guid":{"rendered":"https:\/\/cmu-edu.eu\/fr\/?page_id=136"},"modified":"2021-07-30T08:07:53","modified_gmt":"2021-07-30T08:07:53","slug":"lingenierie-economique-dans-le-domaine-des-transports","status":"publish","type":"page","link":"https:\/\/cmu-edu.eu\/fr\/lingenierie-economique-dans-le-domaine-des-transports\/","title":{"rendered":"L&#8217;ING\u00c9NIERIE \u00c9CONOMIQUE DANS LE DOMAINE DES TRANSPORTS"},"content":{"rendered":"<div class=\"clearfix ap-row\"><div class=\"ap_column ap-span4\"><h2>L&#8217;ING\u00c9NIERIE \u00c9CONOMIQUE DANS LE DOMAINE DES TRANSPORTS<\/h2>\n<p>Le secteur du transport et de la logistique est un moteur cl\u00e9 du d\u00e9veloppement de la soci\u00e9t\u00e9 moderne et du commerce mondial, offrant d&#8217;excellentes opportunit\u00e9s de carri\u00e8re \u00e0 des millions de personnes. Les infrastructures de transport comprennent le r\u00e9seau de transport (rues, autoroutes, voies ferr\u00e9es, voies navigables, voies a\u00e9riennes, pipelines, etc.) et les terminaux (a\u00e9roports, gares ferroviaires, gares routi\u00e8res, etc.).<\/p>\n<p>Les moyens de transport sont tr\u00e8s divers : v\u00e9hicules, trains, bateaux, etc., et n\u00e9cessitent une bonne connaissance des aspects li\u00e9s \u00e0 la conception, la construction, le diagnostic et l&#8217;exploitation, la circulation routi\u00e8re et le management. Le management et l&#8217;ing\u00e9nierie des transports, ainsi que la conception des r\u00e9seaux et syst\u00e8mes de transport, visent \u00e0 optimiser les syst\u00e8mes de transport, \u00e0 accro\u00eetre la s\u00e9curit\u00e9, \u00e0 am\u00e9liorer la qualit\u00e9 des services de transport et \u00e0 prot\u00e9ger l&#8217;environnement.<\/div>\n<div class=\"ap_column ap-span2\"><h2>SE SOUVENIR<\/h2>\n<ul class=\"lista-doi\">\n<li>Dur\u00e9e : <strong>4 ans \/ 8 semestres<\/strong><\/li>\n<li>D\u00e9but des \u00e9tudes : <strong>octobre<\/strong><\/li>\n<li>Cr\u00e9dits :<strong> 240<\/strong><\/li>\n<li>Places disponibles : <strong>60\/19 (budget)<\/strong><\/li>\n<li>Langue : <strong>Roumain<\/strong><\/li>\n<li>Lieu : <strong>Constanta<\/strong><\/li>\n<li>Frais de scolarit\u00e9: <strong>3400 lei \/ an<\/strong><\/li>\n<li><\/li>\n<\/ul><\/div><\/div>\n<div style=\"background-color: #f5f5f5;padding: 10px;margin-top: 20px;margin-bottom: 20px\">Le programme d&#8217;\u00e9tudes Ing\u00e9nierie \u00e9conomique dans le domaine des transports s&#8217;adresse \u00e0 ceux qui souhaitent poursuivre une carri\u00e8re \u00e0 terre dans le domaine de la logistique ou de l&#8217;activit\u00e9 d&#8217;exploitation-d\u00e9veloppement dans le domaine de l&#8217;ing\u00e9nierie et du management. Les disciplines du cursus de sp\u00e9cialisation assurent au futur dipl\u00f4m\u00e9 l&#8217;obtention de comp\u00e9tences techniques et manag\u00e9riales.Le programme a une dur\u00e9e de 4 ans et il est con\u00e7u pour fournir aux dipl\u00f4m\u00e9s des comp\u00e9tences mixtes, techniques (ing\u00e9nierie) et sp\u00e9cialis\u00e9es en \u00e9conomie, correspondant aux nouvelles exigences de l&#8217;\u00e9conomie circulaire. Les dipl\u00f4m\u00e9s acquerront ainsi des comp\u00e9tences pratiques adapt\u00e9es aux besoins actuels et futurs du transport international et de la logistique.<br \/>\nLe dipl\u00f4me obtenu est celui d&#8217;Ing\u00e9nieur, mais, par rapport aux autres sp\u00e9cialisations existantes sur le march\u00e9 des services \u00e9ducatifs en Roumanie, nos dipl\u00f4m\u00e9s obtiennent un haut niveau de connaissances scientifiques mixtes et compl\u00e9mentaires, \u00e0 la fois techniques et manag\u00e9riales.<\/div>\n<h2>QU&#8217;EST-CE QUE VOUS \u00c9TUDIEZ<\/h2>\n<div class=\"clearfix ap-row\"><div class=\"ap_column ap-span3\"><ul class=\"lista-doi\">\n<li>Syst\u00e8mes de transport<\/li>\n<li>Moyens de transport<\/li>\n<li>Terminaux de transports<\/li>\n<li>Exp\u00e9ditions internationales<\/li>\n<li>Expertise des marchandises<\/li>\n<\/ul><\/div>\n<div class=\"ap_column ap-span3\"><ul class=\"lista-doi\">\n<li>Logistique des transports<\/li>\n<li>Affr\u00e8tement et agence de navires<\/li>\n<li>Management de la qualit\u00e9 des transports<\/li>\n<li>T\u00e9l\u00e9charger le programme<\/li>\n<\/ul><\/div><\/div>\n<div style=\"background-color: #f5f5f5;padding: 10px;text-align: center;margin-top: 50px\">\n<h1 style=\"padding-bottom: 30px\">AVANTAGES<\/h1>\n<p><div class=\"clearfix ap-row\"><div class=\"ap_column ap-span2\"><div style=\"background-color: #ffffff;padding: 10px;margin: 10px;height: 275px\">\n<h3>Reconnaissance internationale<\/h3>\n<p>Le dipl\u00f4me d&#8217;ing\u00e9nieur est reconnu internationalement, vous donnant la possibilit\u00e9 d&#8217;\u00eatre employ\u00e9 partout dans le monde<\/p>\n<\/div><\/div>\n<div class=\"ap_column ap-span2\"><div style=\"background-color: #ffffff;padding: 10px;margin: 10px;height: 275px\">\n<h3>Flexibilit\u00e9<\/h3>\n<p>Nous offrons la possibilit\u00e9 d&#8217;\u00e9tudier online sur le<strong> campus virtuel<\/strong><\/p>\n<\/div><\/div>\n<div class=\"ap_column ap-span2\"><div style=\"background-color: #ffffff;padding: 10px;margin: 10px;height: 275px\">\n<h3>Alternatives<\/h3>\n<p>Nos dipl\u00f4m\u00e9s peuvent choisir entre une carri\u00e8re dans le transport, la logistique, le commerce international, l&#8217;\u00e9quipage d\u2019un navire, le transit international, l&#8217;exploitation portuaire etc.<\/p>\n<\/div><\/div><\/div><br \/>\n<div class=\"clearfix ap-row\"><div class=\"ap_column ap-span2\"><div style=\"background-color: #ffffff;padding: 10px;margin: 10px;height: 275px\">\n<h3>Technologies modernes<\/h3>\n<p>Le domaine informatique gagne de plus en plus de terrain et les technologies du secteur des transports suivent cette tendance. Vous d\u00e9couvrirez les particularit\u00e9s actuelles des technologies utilis\u00e9es dans les transports. Vous travaillez sur des applications modernes, similaires \u00e0 celles utilis\u00e9es dans le domaine professionnel. De plus, vous b\u00e9n\u00e9ficiez d&#8217;un cours gratuit d&#8217;Introduction aux bases de la Cyber S\u00e9curit\u00e9, dans un laboratoire \u00e9quip\u00e9 de mat\u00e9riel d&#8217;\u00e9tude avanc\u00e9.<\/p>\n<\/div><\/div>\n<div class=\"ap_column ap-span2\"><div style=\"background-color: #ffffff;padding: 10px;margin: 10px;height: 275px\">\n<h3>Pratique dans le port de Constanta<\/h3>\n<p>L&#8217;Universit\u00e9 maritime de Constan\u0163a a conclu des partenariats pour la mise en \u0153uvre de la pratique avec les soci\u00e9t\u00e9s d&#8217;exploitation portuaire du port de Constan\u0163a. En deuxi\u00e8me ann\u00e9e d&#8217;\u00e9tudes, les \u00e9tudiants r\u00e9alisent une pratique d&#8217;ing\u00e9nieur au Port, et en troisi\u00e8me ann\u00e9e, une pratique \u00e9conomique. La pratique peut aussi se faire dans les banques et dans le domaine de la logistique.<\/p>\n<\/div><\/div>\n<div class=\"ap_column ap-span2\"><div style=\"background-color: #ffffff;padding: 10px;margin: 10px;height: 275px\">\n<h3>Conseil professionnel<\/h3>\n<p>Nos \u00e9tudiants b\u00e9n\u00e9ficient de conseils professionnels et de support pour l&#8217;insertion sur le march\u00e9 du travail.<\/p>\n<\/div><\/div><\/div><\/p>\n<\/div>\n<div class=\"clearfix ap-row\"><div class=\"ap_column ap-span6\"><a href=\"https:\/\/cmu-edu.eu\/navigatie\/wp-content\/uploads\/sites\/18\/2020\/06\/banner-ing.jpg\"><img loading=\"lazy\" decoding=\"async\" class=\"alignleft wp-image-494 size-full\" src=\"https:\/\/cmu-edu.eu\/navigatie\/wp-content\/uploads\/sites\/18\/2020\/06\/banner-ing.jpg\" alt=\"\" width=\"1920\" height=\"666\" \/><\/a><\/div><\/div>\n<div style=\"background-color: #ffcb74;padding: 10px\">\n<h2>OPPORTUNIT\u00c9S DE CARRI\u00c8RE<\/h2>\n<p>Les dipl\u00f4m\u00e9s de l&#8217;\u00e9tude Ing\u00e9nierie \u00e9conomique dans le domaine des transports peuvent travailler \u00e0 terre, dans l&#8217;industrie du transport et de la logistique:<\/p>\n<ul>\n<li>Inspections des marchandises et des moyens de transport<\/li>\n<li>Management de l&#8217;organisation<\/li>\n<li>Cabinets d&#8217;\u00e9tudes et de conseil<\/li>\n<li>Plateformes logistiques (SUPPLY CHAIN)<\/li>\n<li>Courtage de fret ou de transport<\/li>\n<li>Exp\u00e9dition de fret international (FREIGHT FORWARDING)<\/li>\n<li>Autorit\u00e9s publiques et administratives dans les transports<\/li>\n<li>Entrepreneuriat<\/li>\n<li>Sp\u00e9cialiste en marketing<\/li>\n<li>Manager financier<\/li>\n<li>Logisticien<\/li>\n<\/ul>\n<\/div>\n<div style=\"background-color: #f5f5f5;padding: 10px\">\n<h1>Carri\u00e8res r\u00e9ussies (dipl\u00f4m\u00e9s)<\/h1>\n<p><div class=\"clearfix ap-row\"><div class=\"ap_column ap-span2\"><a href=\"https:\/\/cmu-edu.eu\/navigatie\/wp-content\/uploads\/sites\/18\/2020\/06\/lavinia.jpg\"><img loading=\"lazy\" decoding=\"async\" class=\"alignleft wp-image-487 size-full\" src=\"https:\/\/cmu-edu.eu\/navigatie\/wp-content\/uploads\/sites\/18\/2020\/06\/lavinia.jpg\" alt=\"\" width=\"400\" height=\"400\" \/><\/a><\/div>\n<div class=\"ap_column ap-span4\"><h2>Lavinia Popescu<\/h2>\n<h3>Crewing Manager, CMA Ships SINGAPORE Pte LTd<\/h3>\n<p>J&#8217;ai choisi la Sp\u00e9cialisation en Ing\u00e9nierie Economique dans le Domaine des Transports, de la Facult\u00e9 de Navigation, U.M.C., car on souhaitait former des \u00e9tudiants dans le domaine des transports afin de poursuivre plus tard une carri\u00e8re sur &#8220;terre&#8221;.<\/p>\n<p>Apr\u00e8s l&#8217;obtention de mon dipl\u00f4me, j&#8217;ai eu la formation th\u00e9orique et pratique requise dans le domaine o\u00f9 je travaille, \u00e0 savoir le recrutement et le placement des gens de mer, en raison des nombreux stages auxquels j&#8217;ai eu acc\u00e8s.<\/p>\n<p>La vie d\u2019\u00e9tudiante \u00e0 l&#8217;UMC est extr\u00eamement dynamique\u2026 ici j&#8217;ai appris que mes int\u00e9r\u00eats doivent \u00eatre respect\u00e9s, \u00e0 travers l&#8217;activit\u00e9 de la Ligue des Etudiants, que la vision et la d\u00e9cision sont des questions de choix et m&#8217;appartiennent<\/div><\/div><br \/>\n<hr class=\"ap-spacing\" style=\"height:10px\"\/><br \/>\n<div class=\"clearfix ap-row\"><div class=\"ap_column ap-span2\"><a href=\"https:\/\/cmu-edu.eu\/navigatie\/wp-content\/uploads\/sites\/18\/2020\/06\/vlas.jpg\"><img loading=\"lazy\" decoding=\"async\" class=\"alignleft wp-image-490 size-full\" src=\"https:\/\/cmu-edu.eu\/navigatie\/wp-content\/uploads\/sites\/18\/2020\/06\/vlas.jpg\" alt=\"\" width=\"400\" height=\"400\" \/><\/a><\/div>\n<div class=\"ap_column ap-span4\"><h2>Lavinia Vlas<\/h2>\n<h3>Op\u00e9rateur en \u00e9quipage Nemo Shipping<\/h3>\n<p>Etudiant dans la sp\u00e9cialisation Ing\u00e9nierie Economique dans le domaine des Transports, j&#8217;ai eu l&#8217;opportunit\u00e9 d&#8217;accumuler des connaissances dans tous les modes de transport, ce qui m&#8217;a conduit au choix du domaine dans lequel je travaille.<\/p>\n<p>En quatri\u00e8me ann\u00e9e d&#8217;\u00e9tudes, apr\u00e8s plusieurs tentatives pour trouver mon premier emploi dans le domaine, on m&#8217;a propos\u00e9 de travailler dans le domaine de l&#8217;\u00e9quipage des navires, une branche du Transport Maritime, qui recrute des marins.<\/div><\/div><br \/>\n<hr class=\"ap-spacing\" style=\"height:10px\"\/><br \/>\n<div class=\"clearfix ap-row\"><div class=\"ap_column ap-span2\"><a href=\"https:\/\/cmu-edu.eu\/navigatie\/wp-content\/uploads\/sites\/18\/2020\/06\/Moro\u0219anu-Liliana.png\"><img loading=\"lazy\" decoding=\"async\" class=\"wp-image-491 size-full alignleft\" src=\"https:\/\/cmu-edu.eu\/navigatie\/wp-content\/uploads\/sites\/18\/2020\/06\/Moro\u0219anu-Liliana.png\" alt=\"\" width=\"400\" height=\"400\" \/><\/a><\/div>\n<div class=\"ap_column ap-span4\"><h2>Moro\u015fanu Liliana<\/h2>\n<h3>Responsable de l&#8217;\u00e9quipage des navires, \u015eag\u0103u Shipping Executive<\/h3>\n<p>Les quatre ann\u00e9es pass\u00e9es avec les professeurs de la Facult\u00e9 de G\u00e9nie Economique dans le domaine des Transports ont \u00e9t\u00e9 une exp\u00e9rience tr\u00e8s utile, et en sortant de l\u00e0 je me suis sentie mieux inform\u00e9e et beaucoup plus confiante sur moi-m\u00eame, mes qualit\u00e9s et mes connaissances.<\/p>\n<p>L&#8217;Universit\u00e9 maritime de Constan\u021ba vous offre la possibilit\u00e9 de construire une carri\u00e8re r\u00e9ussie dans ce domain<\/div><\/div><br \/>\n<hr class=\"ap-spacing\" style=\"height:10px\"\/><br \/>\n<div class=\"clearfix ap-row\"><div class=\"ap_column ap-span2\"><a href=\"https:\/\/cmu-edu.eu\/navigatie\/wp-content\/uploads\/sites\/18\/2020\/06\/Georgiana-Bogdan.png\"><img loading=\"lazy\" decoding=\"async\" class=\"alignleft wp-image-492 size-full\" src=\"https:\/\/cmu-edu.eu\/navigatie\/wp-content\/uploads\/sites\/18\/2020\/06\/Georgiana-Bogdan.png\" alt=\"\" width=\"400\" height=\"400\" \/><\/a><\/div>\n<div class=\"ap_column ap-span4\"><h2>Georgiana Bogdan<\/h2>\n<h3>KALES Airline Services<\/h3>\n<p>L&#8217;ambition et la confiance doivent \u00eatre vos armes principales, j&#8217;ai choisi de venir seule m&#8217;inscrire, passer le concours d&#8217;entr\u00e9e et bien que je n&#8217;aie pas \u00e9t\u00e9 admise en premi\u00e8re ann\u00e9e d&#8217;\u00e9tudes gratuitement, j&#8217;ai pers\u00e9v\u00e9r\u00e9 et r\u00e9cup\u00e9r\u00e9 les trois ann\u00e9es, gr\u00e2ce \u00e0 un financement budg\u00e9taire.<\/p>\n<p>L&#8217;Universit\u00e9 Maritime de Constan\u021ba a influenc\u00e9 mon avenir, m&#8217;a form\u00e9 et a facilit\u00e9 ma place dans la soci\u00e9t\u00e9 KALES Airline Services<\/div><\/div><\/p>\n<\/div>\n<hr class=\"ap-spacing\" style=\"height:10px\"\/>\n<div class=\"clearfix ap-row\"><div class=\"ap_column ap-span2\"><h2>Admitere<\/h2>\n<p>Admission\nENTR\u00c9E Places GRATUITES et payantes.\n<div class=\"divider\" style=\"margin-top:2px; margin-bottom:2px; border-top:1px solid #CCCCCC;width:100%\"\/><\/div>\nPlus d&#8217;informations ici: <em><strong><a href=\"https:\/\/admitere.cmu-edu.eu\">https:\/\/admitere.cmu-edu.eu<\/a><\/strong><\/em><\/div>\n<div class=\"ap_column ap-span2\"><h2>Communication<\/h2>\n<p>Nous vous invitons \u00e0 d\u00e9couvrir les d\u00e9tails et les actualit\u00e9s de la sp\u00e9cialisation ING\u00c9NIERIE \u00c9CONOMIQUE DANS LE DOMAINE DES TRANSPORTS sur la page Facebook: <a href=\"http:\/\/www.facebook.com\/InginerieEconomicaUMC\/\" target=\"_blank\" rel=\"noopener noreferrer\">www.facebook.com\/InginerieEconomicaUMC\/<\/a>\n<div class=\"divider\" style=\"margin-top:2px; margin-bottom:2px; border-top:1px solid #CCCCCC;width:100%\"\/><\/div>\ne-mail: <a href=\"mailto:departament.management@cmu-edu.eu\" target=\"_blank\" rel=\"noopener noreferrer\">departament.management@cmu-edu.eu<\/a><\/div>\n<div class=\"ap_column ap-span2\"><h2>Contact<\/h2>\n<ul class=\"lista-doi\">\n<li>CONTACT<\/li>\n<li>Tel: +4 0755 044 133<\/li>\n<li>Mircea cel B\u0103tr\u00e2n, nr 104<\/li>\n<li>Constanta<\/li>\n<\/ul><\/div><\/div>\n","protected":false},"excerpt":{"rendered":"<p>Le programme d&#8217;\u00e9tudes Ing\u00e9nierie \u00e9conomique dans le domaine des transports s&#8217;adresse \u00e0 ceux qui souhaitent poursuivre une carri\u00e8re \u00e0 terre dans le domaine de la logistique ou de l&#8217;activit\u00e9 d&#8217;exploitation-d\u00e9veloppement dans le domaine de l&#8217;ing\u00e9nierie et du management. Les disciplines du cursus de sp\u00e9cialisation assurent au futur dipl\u00f4m\u00e9 l&#8217;obtention de comp\u00e9tences techniques et manag\u00e9riales.Le programme [&hellip;]<\/p>\n","protected":false},"author":4,"featured_media":0,"parent":0,"menu_order":0,"comment_status":"closed","ping_status":"closed","template":"","meta":{"footnotes":""},"class_list":["post-136","page","type-page","status-publish","hentry"],"_links":{"self":[{"href":"https:\/\/cmu-edu.eu\/fr\/wp-json\/wp\/v2\/pages\/136","targetHints":{"allow":["GET"]}}],"collection":[{"href":"https:\/\/cmu-edu.eu\/fr\/wp-json\/wp\/v2\/pages"}],"about":[{"href":"https:\/\/cmu-edu.eu\/fr\/wp-json\/wp\/v2\/types\/page"}],"author":[{"embeddable":true,"href":"https:\/\/cmu-edu.eu\/fr\/wp-json\/wp\/v2\/users\/4"}],"replies":[{"embeddable":true,"href":"https:\/\/cmu-edu.eu\/fr\/wp-json\/wp\/v2\/comments?post=136"}],"version-history":[{"count":4,"href":"https:\/\/cmu-edu.eu\/fr\/wp-json\/wp\/v2\/pages\/136\/revisions"}],"predecessor-version":[{"id":141,"href":"https:\/\/cmu-edu.eu\/fr\/wp-json\/wp\/v2\/pages\/136\/revisions\/141"}],"wp:attachment":[{"href":"https:\/\/cmu-edu.eu\/fr\/wp-json\/wp\/v2\/media?parent=136"}],"curies":[{"name":"wp","href":"https:\/\/api.w.org\/{rel}","templated":true}]}}