{"id":148,"date":"2021-08-02T07:17:41","date_gmt":"2021-08-02T07:17:41","guid":{"rendered":"https:\/\/cmu-edu.eu\/fr\/?page_id=148"},"modified":"2021-08-02T07:21:44","modified_gmt":"2021-08-02T07:21:44","slug":"ingenierie-et-management-du-transport-maritime-et-multimodal","status":"publish","type":"page","link":"https:\/\/cmu-edu.eu\/fr\/ingenierie-et-management-du-transport-maritime-et-multimodal\/","title":{"rendered":"INGENIERIE ET MANAGEMENT DU TRANSPORT MARITIME ET MULTIMODAL"},"content":{"rendered":"<div class=\"clearfix ap-row\"><div class=\"ap_column ap-span3\"><h2>INGENIERIE ET MANAGEMENT DU TRANSPORT MARITIME ET MULTIMODAL<\/h2>\n<p>Le secteur maritime est un facteur cl\u00e9 de la soci\u00e9t\u00e9 moderne. Ce secteur joue un r\u00f4le cl\u00e9 dans le d\u00e9veloppement social et \u00e9conomique et il est une source potentielle d&#8217;excellentes opportunit\u00e9s d&#8217;emploi et de carri\u00e8re pour les millions de personnes travaillant actuellement dans des activit\u00e9s et des entreprises maritimes \u00e0 travers le monde.<\/p>\n<p>L&#8217;industrie maritime comprend la fourniture de biens et de services dans le secteur maritime, les chantiers navals, la construction navale, les op\u00e9rateurs portuaires, l&#8217;administration locale et nationale des infrastructures, la logistique et le tourisme. Selon les statistiques de Koncept Analytics, le transport maritime est la branche dominante du secteur des transports en termes de taille.<\/p>\n<p>Le programme de master en ing\u00e9nierie et management du transport maritime et multimodal s&#8217;adresse \u00e0 ceux qui souhaitent poursuivre une carri\u00e8re au niveau de la gestion dans le domaine maritime (capitaine, commandant de navire) ou dans des secteurs connexes (gestion de navires, agences d&#8217;\u00e9quipage, op\u00e9rateurs Enqu\u00eate maritime et cargo).\nLe programme a une dur\u00e9e de 2 ans et il est con\u00e7u pour fournir aux dipl\u00f4m\u00e9s des comp\u00e9tences d&#8217;ing\u00e9nierie sp\u00e9cifiques et sp\u00e9cialis\u00e9es, correspondant aux exigences du march\u00e9 maritime international. Les dipl\u00f4m\u00e9s acquerront ainsi le niveau de connaissances scientifiques, d&#8217;ing\u00e9nierie et de management mais aussi les comp\u00e9tences pratiques adapt\u00e9es aux besoins actuels et futurs de l&#8217;industrie du transport maritime, respectivement l&#8217;industrie de la construction navale fluviale, maritime et offshore et les industries li\u00e9es aux op\u00e9rations portuaires.<\/p><\/div>\n<div class=\"ap_column ap-span3\"><h2>QU&#8217;EST-CE QUE VOUS \u00c9TUDIEZ<\/h2>\n<p>Le programme interdisciplinaire est align\u00e9 aux les normes internationales STCW, bas\u00e9 sur le mod\u00e8le de cours IMO 7.01 Management Level et il est certifi\u00e9 par EMSA \/ ANR pour contribuer \u00e0 la formation de comp\u00e9tences techniques et manag\u00e9riales pour une carri\u00e8re r\u00e9ussie dans :<\/p>\n<ul class=\"lista-doi\">\n<li>Gestion de l&#8217;\u00e9quipe de navigation<\/li>\n<li>Exploitation de navires sp\u00e9cialis\u00e9s (tankers et vraquiers)<\/li>\n<li>Contr\u00f4le de la carre, de la stabilit\u00e9 et des tensions dans la coque<\/li>\n<li>Assurance maritime \/ Commerce maritime<\/li>\n<li>Enqu\u00eate et audit \u00e0 bord du navire<\/li>\n<li>Recherche sur les accidents navals<\/li>\n<li>Prot\u00e9ger l\u2019environnement aquatique<\/li>\n<\/ul><\/div><\/div>\n<div style=\"background-color: #f5f5f5;padding: 10px;text-align: center\">\n<h1 style=\"padding-bottom: 30px\">AVANTAGES<\/h1>\n<p><div class=\"clearfix ap-row\"><div class=\"ap_column ap-span2\"><div style=\"background-color: #ffffff;padding: 10px;margin: 10px;height: 260px\">\n<h3>Reconnaissance internationale<\/h3>\n<p>Le master et la licence d&#8217;officier sont reconnus internationalement, vous donnant la possibilit\u00e9 d&#8217;\u00eatre employ\u00e9 partout dans le monde.<\/p>\n<\/div><\/div>\n<div class=\"ap_column ap-span2\"><div style=\"background-color: #ffffff;padding: 10px;margin: 10px;height: 260px\">\n<h3>La flexibilit\u00e9<\/h3>\n<p>Si au cours de vos \u00e9tudes universitaires vous avez effectu\u00e9 un voyage international, nous vous offrons la possibilit\u00e9 d&#8217;\u00e9tudier online sur le campus virtuel. Vous b\u00e9n\u00e9ficierez d&#8217;une session ouverte et vous pourrez reporter et passer les examens \u00e0 votre retour dans le pays.<\/p>\n<\/div><\/div>\n<div class=\"ap_column ap-span2\"><div style=\"background-color: #ffffff;padding: 10px;margin: 10px;height: 260px\">\n<h3>Possibilit\u00e9s d&#8217;\u00e9tudes \u00e0 l&#8217;\u00e9tranger<\/h3>\n<p>Beaucoup de nos \u00e9tudiants choisissent d&#8217;\u00e9tudier un semestre dans l&#8217;une des facult\u00e9s partenaires, b\u00e9n\u00e9ficiant de la mobilit\u00e9 offerte par ERASMUS (Allemagne, Lituanie, Turquie).<\/p>\n<\/div><\/div><\/div><br \/>\n<div class=\"clearfix ap-row\"><div class=\"ap_column ap-span3\"><div style=\"background-color: #ffffff;padding: 10px;margin: 10px;height: 260px\">\n<h3>Alternatives<\/h3>\n<p>Tous nos dipl\u00f4m\u00e9s peuvent choisir de poursuivre leur carri\u00e8re en mer ou \u00e0 terre (Officiers de pont de niveau Manager, Management des navires, Crew Agencies, Port Operateurs, Marine and Cargo Survey, Inspecteurs PSC et FSC, etc.)<\/p>\n<\/div><\/div>\n<div class=\"ap_column ap-span3\"><div style=\"background-color: #ffffff;padding: 10px;margin: 10px;height: 260px\">\n<h3>Technologie moderne<\/h3>\n<p>Le domaine des TIC gagne de plus en plus de terrain et le secteur maritime suit cette tendance. Vous travaillerez sur les simulateurs de navigation les plus modernes (Navigation et Man\u0153uvre TRANSAS, ECDIS, KONGSBERG Liquid Cargo Operation, AutoSHIP).<\/p>\n<\/div><\/div><\/div><\/p>\n<\/div>\n<div class=\"clearfix ap-row\"><div class=\"ap_column ap-span6\"><a href=\"https:\/\/cmu-edu.eu\/navigatie\/wp-content\/uploads\/sites\/18\/2020\/06\/vaport-head.jpg\"><img loading=\"lazy\" decoding=\"async\" class=\"aligncenter size-full wp-image-463\" src=\"https:\/\/cmu-edu.eu\/navigatie\/wp-content\/uploads\/sites\/18\/2020\/06\/vaport-head.jpg\" alt=\"\" width=\"1920\" height=\"500\" \/><\/a><\/div><\/div>\n<div style=\"background-color: #ffcb74;padding: 10px\">\n<h2>OPPORTUNIT\u00c9S DE CARRI\u00c8RE<\/h2>\n<p>Les dipl\u00f4m\u00e9s du programme Ing\u00e9nierie et Management en Transport Maritime et Multimodal peuvent occuper le poste de capitaine, commandant de navire ou divers autres postes dans l&#8217;industrie maritime :<\/p>\n<ul>\n<li>Inspecteur portuaire (FSC, PSC, etc.)<\/li>\n<li>Expert en fret et maritime<\/li>\n<li>Pilote<\/li>\n<li>Surintendant technique dans l&#8217;industrie maritime et p\u00e9troli\u00e8re et gazi\u00e8re<\/li>\n<li>Agent maritime<\/li>\n<li>Surintendant du directeur des op\u00e9rations de la Marine<\/li>\n<li>Officier d&#8217;\u00e9quipage des navires<\/li>\n<li>Responsable des op\u00e9rations de flotte<\/li>\n<\/ul>\n<\/div>\n<div style=\"background-color: #f5f5f5;padding: 10px\">\n<h1>T\u00e9moignages<\/h1>\n<p><div class=\"clearfix ap-row\"><div class=\"ap_column ap-span2\"><a href=\"https:\/\/cmu-edu.eu\/navigatie\/wp-content\/uploads\/sites\/18\/2020\/06\/MIRCEA-PANAIT-400.jpg\"><img loading=\"lazy\" decoding=\"async\" class=\"size-full wp-image-449 alignleft\" src=\"https:\/\/cmu-edu.eu\/navigatie\/wp-content\/uploads\/sites\/18\/2020\/06\/MIRCEA-PANAIT-400.jpg\" alt=\"\" width=\"400\" height=\"400\" \/><\/a><\/div>\n<div class=\"ap_column ap-span4\"><h2>Mircea Panait<\/h2>\n<p>Je suis dipl\u00f4m\u00e9 de l&#8217;UMC en 2006 et apr\u00e8s le stage comme cadet j&#8217;ai fait un autre contrat sur les containers sur le poste d&#8217;Officier 3. Ensuite j&#8217;ai eu l&#8217;opportunit\u00e9 de passer aux navires Passagers. J&#8217;ai commenc\u00e9 avec la Norwegian Cruise Line NCL o\u00f9 j&#8217;ai mieux compris ce qu&#8217;est un environnement de travail diff\u00e9rent et des relations interservices diff\u00e9rentes. Apr\u00e8s un contrat d&#8217;Officier 2 chez NCL, en 2008 j&#8217;ai r\u00e9ussi \u00e0 rejoindre l&#8217;\u00e9quipe Royal Caribbean o\u00f9 je travaille encore apr\u00e8s plus de 10 ans.<\/p>\n<p>Ce n&#8217;\u00e9tait pas facile car les Roumains n&#8217;\u00e9taient pas si communs sur les navires de croisi\u00e8re. J&#8217;ai \u00e9t\u00e9 le premier officier roumain sur NCL et aussi parmi les premiers \u00e0 Royal Caribbean. J&#8217;ai appris de belles le\u00e7ons, certaines plus difficiles, d&#8217;autres plus faciles\u2026 et surtout j&#8217;ai compris que la patience et la bonne coop\u00e9ration avec les coll\u00e8gues et les sup\u00e9rieurs sont la cl\u00e9 du succ\u00e8s ! J&#8217;ai avanc\u00e9 lentement mais s\u00fbrement et j&#8217;ai enfin re\u00e7u la promotion de Chief Safety Officer (Chef officier de la s\u00e9curit\u00e9), ce qui implique de travailler avec tous les services, de former l&#8217;ensemble de l&#8217;\u00e9quipage de 860 personnes et la charge de la s\u00e9curit\u00e9 \u00e0 bord.<\/p>\n<p>En 2014-2015, j&#8217;\u00e9tais 1er officier sur Allure of the Seas, qui \u00e9tait alors le plus grand navire \u00e0 passagers du monde. En 2018, nous avons particip\u00e9 \u00e0 la formation de 2300 personnes de l&#8217;\u00e9quipage du navire Symphony of the Seas qui est, \u00e0 l&#8217;heure actuelle, le navire le plus grand \u00e0 passagers au monde!<\/div><\/div><br \/>\n<div class=\"clearfix ap-row\"><div class=\"ap_column ap-span2\"><a href=\"https:\/\/cmu-edu.eu\/navigatie\/wp-content\/uploads\/sites\/18\/2020\/06\/tudorica-400.jpg\"><img loading=\"lazy\" decoding=\"async\" class=\"wp-image-453 size-full alignleft\" src=\"https:\/\/cmu-edu.eu\/navigatie\/wp-content\/uploads\/sites\/18\/2020\/06\/tudorica-400.jpg\" alt=\"\" width=\"400\" height=\"400\" \/><\/a><\/div>\n<div class=\"ap_column ap-span4\"><h2>Georgiana Tudorica<\/h2>\n<h3>Chef de la promotion<\/h3>\n<p>Apr\u00e8s avoir obtenu mon dipl\u00f4me de la Facult\u00e9 de navigation, j&#8217;ai commenc\u00e9 ma bourse chez Maersk Tankers. J&#8217;ai continu\u00e9 \u00e0 naviguer chez Maersk Tankers, en tant qu&#8217;officier III et II, sur des r\u00e9servoirs chimiques et p\u00e9troliers jusqu&#8217;en 2018, date \u00e0 laquelle j&#8217;ai d\u00e9cid\u00e9 de poursuivre une carri\u00e8re \u00e0 terre.<\/p>\n<p>J&#8217;ai travaill\u00e9 en tant qu&#8217;op\u00e9rateur de navire, du c\u00f4t\u00e9 commercial, pour des r\u00e9servoirs chimiques chez Ace Tankers \u00e0 Amsterdam et r\u00e9cemment j&#8217;ai commenc\u00e9 sur une nouvelle voie, Assistant Marine Superintendent chez K Line LNG UK \u00e0 Londres.<\/p>\n<p>Personnellement, j&#8217;ai toujours voulu voyager et voir le monde, et ma carri\u00e8re d&#8217;officier a \u00e9t\u00e9 la meilleure d\u00e9cision \u00e0 cet \u00e9gard. M\u00eame si j&#8217;ai eu de nombreux obstacles, \u00e9tant une femme dans un monde domin\u00e9 par les hommes, j&#8217;ai r\u00e9ussi \u00e0 percer et \u00e0 r\u00e9aliser mon r\u00eave. M\u00eame si la partie financi\u00e8re est un gros plus, il est tout aussi important de ne pas \u00eatre la seule attraction. R\u00e9ussir dans ce domaine n\u00e9cessite de la passion et je recommande aux \u00e9tudiants actuels et futurs d&#8217;essayer de voir les aspects positifs de la m\u00e9tier et de profiter de chaque lever et coucher de soleil.<\/div><\/div><br \/>\n<div class=\"clearfix ap-row\"><div class=\"ap_column ap-span2\"><a href=\"https:\/\/cmu-edu.eu\/navigatie\/wp-content\/uploads\/sites\/18\/2020\/06\/echimov400.jpg\"><img loading=\"lazy\" decoding=\"async\" class=\"wp-image-456 size-full alignleft\" src=\"https:\/\/cmu-edu.eu\/navigatie\/wp-content\/uploads\/sites\/18\/2020\/06\/echimov400.jpg\" alt=\"\" width=\"400\" height=\"400\" \/><\/a><\/div>\n<div class=\"ap_column ap-span4\"><h2>Nina Ehimov<\/h2>\n<p>Je suis dipl\u00f4m\u00e9 de l&#8217;UMC en 2012 et depuis 2014, je travaille sur des navires de croisi\u00e8re. J&#8217;ai commenc\u00e9 comme Officier 3 en 2014, Officier 2 en 2015, Officier 1 en 2016 et, \u00e0 partir de janvier 2019, Officier Chef de Pont.<\/p>\n<p>Le d\u00e9but n&#8217;est pas du tout facile, la force se forme en marche et des exp\u00e9riences que nous traversons, mais, avant tout, le plus important est la fondation, la base avec laquelle nous commen\u00e7ons la route. S&#8217;il est fragile, vous ne pouvez pas construire quelque chose de r\u00e9sistant dessus, mais si la fondation est solide, vous pouvez d\u00e9passer n&#8217;importe quelle limite. Mes profonds remerciements vont \u00e0 tous les enseignants qui ont jet\u00e9 les bases de ma formation au coll\u00e8ge.<\/p>\n<p>Et si je pouvais changer quelque chose au coll\u00e8ge? Plus de livres lus et je \u00ab d\u00e9rangerais \u00bb davantage les enseignants avec des questions (je suis s\u00fbr que cela ne les d\u00e9rangerait pas). Au coll\u00e8ge c&#8217;\u00e9tait facile: le cours nous a \u00e9t\u00e9 pr\u00e9sent\u00e9 et nous savions que l&#8217;examen arrivait, mais au travail la situation change: nous sommes test\u00e9s, puis la le\u00e7on suit!<\/p><\/div><\/div><br \/>\n<hr class=\"ap-spacing\" style=\"height:10px\"\/><br \/>\n<div class=\"clearfix ap-row\"><div class=\"ap_column ap-span2\"><a href=\"https:\/\/cmu-edu.eu\/navigatie\/wp-content\/uploads\/sites\/18\/2020\/06\/vlaciu400.jpg\"><img loading=\"lazy\" decoding=\"async\" class=\"wp-image-458 size-full alignleft\" src=\"https:\/\/cmu-edu.eu\/navigatie\/wp-content\/uploads\/sites\/18\/2020\/06\/vlaciu400.jpg\" alt=\"\" width=\"400\" height=\"400\" \/><\/a><\/div>\n<div class=\"ap_column ap-span4\"><h2>Victor Vlaciu<\/h2>\n<p>En 2009, \u00e9tant \u00e9tudiant en troisi\u00e8me ann\u00e9e de UMC &#8211; Facult\u00e9 de Navigation et de Transport Naval, j&#8217;ai fait mon stage comme cadet sur un p\u00e9trolier. Apr\u00e8s l&#8217;obtention de mon dipl\u00f4me, \u00e0 partir de 2011, j&#8217;ai navigu\u00e9 en tant qu&#8217;officier 3 jusqu&#8217;en 2015, date \u00e0 laquelle j&#8217;ai eu l&#8217;opportunit\u00e9 de promouvoir l&#8217;officier en chef sur un p\u00e9trolier aussi. Depuis 2017 je suis Commandant sur un navire de type Offshore &#8211; F.C.B., navire de transfert de passagers et remorquage portuaire pour une compagnie Suisse, Offshore Angola.<\/p>\n<p>Grace \u00e0 Dieu de m&#8217;avoir guid\u00e9 vers l&#8217;UMC, o\u00f9 j&#8217;ai rencontr\u00e9 de merveilleux coll\u00e8gues, des professeurs 100% d\u00e9vou\u00e9s et impliqu\u00e9s dans ma croissance universitaire et professionnelle! Je recommande la Facult\u00e9 de Navigation et de Transport Naval de l&#8217;UMC &#8211; D\u00e9partement Navigation non seulement pour le st\u00e9r\u00e9otype &#8221; boulot d&#8217;argent &#8220;, mais pour une carri\u00e8re \u00e0 vie et une multitude d&#8217;opportunit\u00e9s.<\/p>\n<p>Et OUI &#8211; j&#8217;ai r\u00e9ussi dans ma vie professionnelle, sociale et familiale gr\u00e2ce \u00e0 l&#8217;Universit\u00e9 Maritime de Constan\u021ba! Si vous voulez et croyez, vous pouvez! Succ\u00e8s UMC-istes!<\/div><\/div><\/p>\n<\/div>\n<hr class=\"ap-spacing\" style=\"height:10px\"\/>\n<div class=\"clearfix ap-row\"><div class=\"ap_column ap-span2\"><h2>Admission<\/h2>\n<p>Nous sommes dans la troisi\u00e8me ann\u00e9e d&#8217;organisation de l&#8217;inscription online en utilisant un syst\u00e8me de cryptage SSL 128 bits.\n<div class=\"divider\" style=\"margin-top:2px; margin-bottom:2px; border-top:1px solid #CCCCCC;width:100%\"\/><\/div>\nPlus d&#8217;informations ici: <em><strong><a href=\"https:\/\/admitere.cmu-edu.eu\">https:\/\/admitere.cmu-edu.eu<\/a><\/strong><\/em><\/div>\n<div class=\"ap_column ap-span2\"><h2>Communication<\/h2>\n<p>Tous les lundis apr\u00e8s-midi de 17h00 \u00e0 18h00, nous organisons des r\u00e9unions online avec nos \u00e9tudiants et dipl\u00f4m\u00e9s. Si vous souhaitez conna\u00eetre leurs derni\u00e8res actualit\u00e9s mais aussi des informations sur l&#8217;admission, nous vous invitons ici:\n<div class=\"divider\" style=\"margin-top:2px; margin-bottom:2px; border-top:1px solid #CCCCCC;width:100%\"\/><\/div>\n<strong><em><a href=\"https:\/\/maritimeconferences.online\/\">https:\/\/maritimeconferences.online\/<\/a><\/em><\/strong><\/div>\n<div class=\"ap_column ap-span2\"><h2>Contact<\/h2>\n<ul class=\"lista-doi\">\n<li>CONTACT<\/li>\n<li>E-mail: bcc@cmu-edu.eu<\/li>\n<li>Tel: +40241664740<\/li>\n<li>Mircea cel B\u0103tr\u00e2n, nr 104<\/li>\n<li>Constanta<\/li>\n<\/ul><\/div><\/div>\n","protected":false},"excerpt":{"rendered":"<p>AVANTAGES OPPORTUNIT\u00c9S DE CARRI\u00c8RE Les dipl\u00f4m\u00e9s du programme Ing\u00e9nierie et Management en Transport Maritime et Multimodal peuvent occuper le poste de capitaine, commandant de navire ou divers autres postes dans l&#8217;industrie maritime : Inspecteur portuaire (FSC, PSC, etc.) Expert en fret et maritime Pilote Surintendant technique dans l&#8217;industrie maritime et p\u00e9troli\u00e8re et gazi\u00e8re Agent maritime [&hellip;]<\/p>\n","protected":false},"author":4,"featured_media":0,"parent":0,"menu_order":0,"comment_status":"closed","ping_status":"closed","template":"","meta":{"footnotes":""},"class_list":["post-148","page","type-page","status-publish","hentry"],"_links":{"self":[{"href":"https:\/\/cmu-edu.eu\/fr\/wp-json\/wp\/v2\/pages\/148","targetHints":{"allow":["GET"]}}],"collection":[{"href":"https:\/\/cmu-edu.eu\/fr\/wp-json\/wp\/v2\/pages"}],"about":[{"href":"https:\/\/cmu-edu.eu\/fr\/wp-json\/wp\/v2\/types\/page"}],"author":[{"embeddable":true,"href":"https:\/\/cmu-edu.eu\/fr\/wp-json\/wp\/v2\/users\/4"}],"replies":[{"embeddable":true,"href":"https:\/\/cmu-edu.eu\/fr\/wp-json\/wp\/v2\/comments?post=148"}],"version-history":[{"count":3,"href":"https:\/\/cmu-edu.eu\/fr\/wp-json\/wp\/v2\/pages\/148\/revisions"}],"predecessor-version":[{"id":151,"href":"https:\/\/cmu-edu.eu\/fr\/wp-json\/wp\/v2\/pages\/148\/revisions\/151"}],"wp:attachment":[{"href":"https:\/\/cmu-edu.eu\/fr\/wp-json\/wp\/v2\/media?parent=148"}],"curies":[{"name":"wp","href":"https:\/\/api.w.org\/{rel}","templated":true}]}}