{"id":152,"date":"2021-08-02T07:26:27","date_gmt":"2021-08-02T07:26:27","guid":{"rendered":"https:\/\/cmu-edu.eu\/fr\/?page_id=152"},"modified":"2021-08-02T07:32:07","modified_gmt":"2021-08-02T07:32:07","slug":"maitrise-en-management-integree-des-systemes-de-transport","status":"publish","type":"page","link":"https:\/\/cmu-edu.eu\/fr\/maitrise-en-management-integree-des-systemes-de-transport\/","title":{"rendered":"MAITRISE EN MANAGEMENT INTEGREE DES SYSTEMES DE TRANSPORT"},"content":{"rendered":"<div class=\"clearfix ap-row\"><div class=\"ap_column ap-span3\"><h2>MAITRISE EN MANAGEMENT INTEGREE DES SYSTEMES DE TRANSPORT<\/h2>\n<p>L&#8217;industrie des transports est fondamentale pour l&#8217;\u00e9conomie et la soci\u00e9t\u00e9 modernes. Ce secteur a un r\u00f4le cl\u00e9 \u00e0 jouer dans le d\u00e9veloppement social et \u00e9conomique, \u00e9tant une source potentielle d&#8217;excellentes opportunit\u00e9s d&#8217;emploi et de carri\u00e8re pour des millions de personnes travaillant actuellement dans des activit\u00e9s sp\u00e9cialis\u00e9es et des entreprises \u00e0 travers le monde.<\/p>\n<p>Le secteur de la logistique fait partie des secteurs les plus performants et, avec le secteur du transport multimodal, sont des branches essentielles pour le fonctionnement efficace du march\u00e9 national et international, en assurant la comp\u00e9titivit\u00e9, en cr\u00e9ant de nouvelles opportunit\u00e9s pour l&#8217;environnement des affaires et l&#8217;emploi.<\/p>\n<p>Le programme de ma\u00eetrise en management int\u00e9gr\u00e9e des syst\u00e8mes de transport s&#8217;adresse \u00e0 ceux qui souhaitent d\u00e9velopper et am\u00e9liorer leurs connaissances et leurs comp\u00e9tences professionnelles li\u00e9es \u00e0 l&#8217;organisation et au fonctionnement de la cha\u00eene d&#8217;approvisionnement et de divers syst\u00e8mes de transport multimodaux, les dipl\u00f4m\u00e9s acqu\u00e9rant les comp\u00e9tences n\u00e9cessaires pour \u00eatre s\u00e9lectionn\u00e9s sur le march\u00e9 roumain et transports internationaux.<\/p>\n<p>Le programme a une dur\u00e9e de 2 ans et il est con\u00e7u pour fournir aux dipl\u00f4m\u00e9s les comp\u00e9tences n\u00e9cessaires pour aborder la planification, l&#8217;organisation, l&#8217;exploitation et l&#8217;\u00e9valuation des syst\u00e8mes de transport int\u00e9gr\u00e9s par rapport \u00e0 la r\u00e9alit\u00e9 de l&#8217;environnement commercial existant sur le march\u00e9 national et international.<\/p><\/div>\n<div class=\"ap_column ap-span3\"><h2>QU&#8217;EST-CE QUE VOUS \u00c9TUDIEZ<\/h2>\n<p>Le cursus interdisciplinaire est conforme aux standards internationaux et se d\u00e9roule sur 4 semestres : 3 semestres pour les activit\u00e9s d&#8217;enseignement et 1 semestre d\u00e9di\u00e9 \u00e0 l&#8217;\u00e9laboration de la th\u00e8se. Le contenu du programme contribue \u00e0 la formation de comp\u00e9tences technico-\u00e9conomiques et manag\u00e9riales pour une carri\u00e8re r\u00e9ussie.<\/p>\n<ul class=\"lista-doi\">\n<li>Gestion de la cha\u00eene logistique<\/li>\n<li>Efficacit\u00e9 des investissements dans les transports<\/li>\n<li>\u00c9valuation et traitement des risques dans les transports<\/li>\n<li>Syst\u00e8mes int\u00e9gr\u00e9s de gestion des transports<\/li>\n<li>Gestion strat\u00e9gique<\/li>\n<li>Syst\u00e8me de gestion d&#8217;informations<\/li>\n<li>Inspection des marchandises et des moyens de transport<\/li>\n<li>Optimisations des transports<\/li>\n<\/ul>\n<ul>\n<li><strong>Dur\u00e9e :<\/strong> 2 ans \/ 4 semestres<\/li>\n<li><strong>D\u00e9but des \u00e9tudes:<\/strong> octobre<\/li>\n<li><strong>Cr\u00e9dits<\/strong>: 120<\/li>\n<li><strong>Places disponibles:<\/strong> 50\/7 (budget)<\/li>\n<li><strong>Langue:<\/strong> Roumain<\/li>\n<li><strong>Lieu:<\/strong> Constanta<\/li>\n<li><strong>Frais de scolarit\u00e9:<\/strong> 2400 lei \/ semestre<\/li>\n<\/ul><\/div><\/div>\n<div style=\"background-color: #f5f5f5;padding: 10px;text-align: center\">\n<h1 style=\"padding-bottom: 30px\">AVANTAGES<\/h1>\n<div class=\"clearfix ap-row\"><div class=\"ap_column ap-span2\"><div style=\"background-color: #ffffff;padding: 10px;margin: 10px;height: 260px\">\n<h3>Reconnaissance internationale<\/h3>\n<p>Le dipl\u00f4me d&#8217;ing\u00e9nieur est reconnu internationalement, vous donnant la possibilit\u00e9 d&#8217;\u00eatre employ\u00e9 dans le secteur des transports partout dans le monde.<\/p>\n<\/div>\n<div style=\"background-color: #ffffff;padding: 10px;margin: 10px;height: 260px\">\n<h3>Alternative.<\/h3>\n<p>Tous nos dipl\u00f4m\u00e9s peuvent choisir une carri\u00e8re dans n&#8217;importe quel secteur de l&#8217;industrie du transport: maritime, routier, ferroviaire ou a\u00e9rien.<\/p>\n<\/div><\/div>\n<div class=\"ap_column ap-span4\"><div style=\"padding: 10px;margin: 10px;text-align: left\">\n<p>Apr\u00e8s avoir termin\u00e9 le programme d&#8217;\u00e9tudes, les dipl\u00f4m\u00e9s atteindront des objectifs tels que:<\/p>\n<ul class=\"lista-doi\">\n<li>optimiser les processus sp\u00e9cifiques \u00e0 la gestion de la cha\u00eene d&#8217;approvisionnement;<\/li>\n<li>comprendre les principales caract\u00e9ristiques des investissements dans les transports\u00a0;<\/li>\n<li>d\u00e9velopper la capacit\u00e9 d&#8217;analyser et de traiter les risques \u00e9ventuels d&#8217;appara\u00eetre lors de l&#8217;exploitation des diff\u00e9rents syst\u00e8mes et moyens de transport ;<\/li>\n<li>management des risques au sein des organisations de transport ;<\/li>\n<li>acqu\u00e9rir la capacit\u00e9 des proc\u00e9dures de suivi des op\u00e9rations sp\u00e9cifiques au transport et de s&#8217;assurer du respect des exigences de protection de l&#8217;environnement et de r\u00e9duction des co\u00fbts externes ;<\/li>\n<li>la justification et l&#8217;approfondissement du concept de syst\u00e8me d&#8217;information en logistique ;<\/li>\n<li>des m\u00e9thodes d&#8217;apprentissage pour optimiser les services de transport afin de maximiser le rapport entre l&#8217;utilit\u00e9 et le co\u00fbt.<\/li>\n<\/ul>\n<\/div><\/div><\/div>\n<\/div>\n<p><a href=\"https:\/\/cmu-edu.eu\/navigatie\/wp-content\/uploads\/sites\/18\/2020\/06\/banner-ing.jpg\"><img loading=\"lazy\" decoding=\"async\" class=\"alignleft size-full wp-image-494\" src=\"https:\/\/cmu-edu.eu\/navigatie\/wp-content\/uploads\/sites\/18\/2020\/06\/banner-ing.jpg\" alt=\"\" width=\"1920\" height=\"666\" \/><\/a><\/p>\n<div style=\"background-color: #ffcb74;padding: 10px\">\n<h2>PERSPECTIVES DE CARRI\u00c8RE<\/h2>\n<p>Le programme de <strong>ma\u00eetrise en management int\u00e9gr\u00e9e des syst\u00e8mes de transport<\/strong> offre aux dipl\u00f4m\u00e9s des comp\u00e9tences pour une grande vari\u00e9t\u00e9 d&#8217;activit\u00e9s sp\u00e9cifiques \u00e0 l&#8217;industrie des transports, avec un impact significatif sur la soci\u00e9t\u00e9 et l&#8217;\u00e9conomie modernes.<\/p>\n<p>Le programme de ma\u00eetrise en management int\u00e9gr\u00e9e des syst\u00e8mes de transport a pour mission d&#8217;\u00e9largir le processus de formation des sp\u00e9cialistes en ing\u00e9nierie et en management initi\u00e9 par les \u00e9tudes de premier cycle, dans la perspective de conf\u00e9rer la capacit\u00e9 manag\u00e9riale et technico-\u00e9conomique n\u00e9cessaire pour aborder la planification, l&#8217;organisation, l&#8217;exploitation et \u00e9valuation des syst\u00e8mes de transport int\u00e9gr\u00e9 par rapport \u00e0 la r\u00e9alit\u00e9 de l&#8217;environnement commercial existant sur le march\u00e9 national et international.<\/p>\n<p>Le secteur de la logistique et le secteur du transport multimodal se sont distingu\u00e9s comme les branches les plus performantes, \u00e9tant particuli\u00e8rement importantes pour l&#8217;existence d&#8217;un march\u00e9 int\u00e9rieur et international efficace, en assurant la comp\u00e9titivit\u00e9, en cr\u00e9ant de nouvelles opportunit\u00e9s pour les affaires et l&#8217;emploi.<\/p>\n<p>Ces secteurs ont des responsabilit\u00e9s fondamentales en termes de d\u00e9veloppement \u00e9conomique et social, \u00e9tant une source potentielle d&#8217;excellentes opportunit\u00e9s d&#8217;emploi et de carri\u00e8re pour un nombre important de personnes impliqu\u00e9es dans des activit\u00e9s et des entreprises mondiales.<\/p>\n<\/div>\n<hr class=\"ap-spacing\" style=\"height:20px\"\/>\n<div class=\"clearfix ap-row\"><div class=\"ap_column ap-span2\"><h2>Admission<\/h2>\n<p>Nous sommes dans la troisi\u00e8me ann\u00e9e d&#8217;organisation de l&#8217;inscription online en utilisant un syst\u00e8me de cryptage SSL 128 bits.\n<div class=\"divider\" style=\"margin-top:2px; margin-bottom:2px; border-top:1px solid #CCCCCC;width:100%\"\/><\/div>\nPlus d&#8217;informations ici: <em><strong><a href=\"https:\/\/admitere.cmu-edu.eu\">https:\/\/admitere.cmu-edu.eu<\/a><\/strong><\/em><\/div>\n<div class=\"ap_column ap-span2\"><h2>Communication<\/h2>\n<p>Tous les lundis apr\u00e8s-midi de 17h00 \u00e0 18h00, nous organisons des r\u00e9unions online avec nos \u00e9tudiants et dipl\u00f4m\u00e9s. Si vous souhaitez conna\u00eetre leurs derni\u00e8res actualit\u00e9s mais aussi des informations sur l&#8217;admission, nous vous invitons ici:\n<div class=\"divider\" style=\"margin-top:2px; margin-bottom:2px; border-top:1px solid #CCCCCC;width:100%\"\/><\/div>\n<strong><em><a href=\"https:\/\/maritimeconferences.online\/\">https:\/\/maritimeconferences.online\/<\/a><\/em><\/strong><\/div>\n<div class=\"ap_column ap-span2\"><h2>Contact<\/h2>\n<ul class=\"lista-doi\">\n<li>CONTACT<\/li>\n<li>E-mail: bcc@cmu-edu.eu<\/li>\n<li>Tel: +40241664740<\/li>\n<li>Mircea cel B\u0103tr\u00e2n, nr 104<\/li>\n<li>Constanta<\/li>\n<\/ul><\/div><\/div>\n","protected":false},"excerpt":{"rendered":"<p>AVANTAGES PERSPECTIVES DE CARRI\u00c8RE Le programme de ma\u00eetrise en management int\u00e9gr\u00e9e des syst\u00e8mes de transport offre aux dipl\u00f4m\u00e9s des comp\u00e9tences pour une grande vari\u00e9t\u00e9 d&#8217;activit\u00e9s sp\u00e9cifiques \u00e0 l&#8217;industrie des transports, avec un impact significatif sur la soci\u00e9t\u00e9 et l&#8217;\u00e9conomie modernes. Le programme de ma\u00eetrise en management int\u00e9gr\u00e9e des syst\u00e8mes de transport a pour mission d&#8217;\u00e9largir [&hellip;]<\/p>\n","protected":false},"author":4,"featured_media":0,"parent":0,"menu_order":0,"comment_status":"closed","ping_status":"closed","template":"","meta":{"footnotes":""},"class_list":["post-152","page","type-page","status-publish","hentry"],"_links":{"self":[{"href":"https:\/\/cmu-edu.eu\/fr\/wp-json\/wp\/v2\/pages\/152","targetHints":{"allow":["GET"]}}],"collection":[{"href":"https:\/\/cmu-edu.eu\/fr\/wp-json\/wp\/v2\/pages"}],"about":[{"href":"https:\/\/cmu-edu.eu\/fr\/wp-json\/wp\/v2\/types\/page"}],"author":[{"embeddable":true,"href":"https:\/\/cmu-edu.eu\/fr\/wp-json\/wp\/v2\/users\/4"}],"replies":[{"embeddable":true,"href":"https:\/\/cmu-edu.eu\/fr\/wp-json\/wp\/v2\/comments?post=152"}],"version-history":[{"count":3,"href":"https:\/\/cmu-edu.eu\/fr\/wp-json\/wp\/v2\/pages\/152\/revisions"}],"predecessor-version":[{"id":155,"href":"https:\/\/cmu-edu.eu\/fr\/wp-json\/wp\/v2\/pages\/152\/revisions\/155"}],"wp:attachment":[{"href":"https:\/\/cmu-edu.eu\/fr\/wp-json\/wp\/v2\/media?parent=152"}],"curies":[{"name":"wp","href":"https:\/\/api.w.org\/{rel}","templated":true}]}}