{"id":156,"date":"2021-08-02T07:53:10","date_gmt":"2021-08-02T07:53:10","guid":{"rendered":"https:\/\/cmu-edu.eu\/fr\/?page_id=156"},"modified":"2021-08-02T08:03:10","modified_gmt":"2021-08-02T08:03:10","slug":"technologie-et-management-du-petrole-et-du-gaz-offshore","status":"publish","type":"page","link":"https:\/\/cmu-edu.eu\/fr\/technologie-et-management-du-petrole-et-du-gaz-offshore\/","title":{"rendered":"TECHNOLOGIE ET MANAGEMENT DU PETROLE ET DU GAZ OFFSHORE"},"content":{"rendered":"<p><div class=\"clearfix ap-row\"><div class=\"ap_column ap-span3\"><h2>TECHNOLOGIE ET MANAGEMENT DU PETROLE ET DU GAZ OFFSHORE<\/h2>\n<p>Les technologies p\u00e9troli\u00e8res et gazi\u00e8res marines et offshore sont aujourd&#8217;hui des industries en croissance. Environ 71% de la surface de la Terre est recouverte d&#8217;eau et les oc\u00e9ans contiennent environ 96,5% de toute l&#8217;eau de la Terre. La technologie p\u00e9troli\u00e8re et gazi\u00e8re offshore est cruciale pour extraire les ressources que les oc\u00e9ans peuvent offrir.<\/p>\n<p>Une ma\u00eetrise en technologie et gestion du p\u00e9trole et du gaz offshore vous donne des comp\u00e9tences dans une vari\u00e9t\u00e9 d&#8217;activit\u00e9s li\u00e9es \u00e0 l&#8217;industrie offshore. De plus, c&#8217;est une source potentielle d&#8217;excellentes opportunit\u00e9s d&#8217;emploi et de carri\u00e8re dans les entreprises du monde entier.<\/p>\n<p>Le programme a un fort profil international avec des activit\u00e9s pratiques r\u00e9alis\u00e9es sur les simulateurs modernes Kongsberg.<\/p>\n<p>Bien que l&#8217;image populaire des emplois p\u00e9troliers et gaziers soit celle d&#8217;ing\u00e9nieurs travaillant sur une plate-forme p\u00e9troli\u00e8re, environ 90 % des postes sont bas\u00e9s \u00e0 terre, selon MyOilandGasCareer.com.<\/p>\n<p>Le programme d&#8217;\u00e9tudes Technologie et management du p\u00e9trole et du gaz offshore est con\u00e7u pour r\u00e9pondre \u00e0 la demande croissante de professionnels qualifi\u00e9s dans l&#8217;industrie p\u00e9troli\u00e8re et gazi\u00e8re marine et offshore.<\/p>\n<p>Le programme a une dur\u00e9e de 2 ans et il est pr\u00e9vu de fournir aux dipl\u00f4m\u00e9s les meilleurs outils th\u00e9oriques et pratiques requis par le march\u00e9 du travail international. Les dipl\u00f4m\u00e9s acquerront ainsi le niveau de connaissances scientifiques, d&#8217;ing\u00e9nierie et de management mais aussi les comp\u00e9tences pratiques adapt\u00e9es aux besoins actuels et futurs de l&#8217;industrie maritime et offshore.<\/p><\/div>\n<div class=\"ap_column ap-span3\"><h2>QUE VAS-TU \u00c9TUDIER<\/h2>\n<p>Le programme interdisciplinaire contribue \u00e0 fournir les comp\u00e9tences techniques et manag\u00e9riales pour une carri\u00e8re r\u00e9ussie.<\/p>\n<ul class=\"lista-doi\">\n<li>Connaissance du fonctionnement du syst\u00e8me DP<\/li>\n<li>Maintenance des syst\u00e8mes DP<\/li>\n<li>Retrait des structures marines et offshore<\/li>\n<li>Analyse des risques et gestion des risques<\/li>\n<li>Aspects s\u00e9curit\u00e9 et environnement<\/li>\n<li>D\u00e9veloppement de champs offshore<\/li>\n<li>Planification et management de projet<\/li>\n<\/ul>\n<p><hr class=\"ap-spacing\" style=\"height:10px\"\/><\/div><\/div><br \/>\n<div class=\"clearfix ap-row\"><div class=\"ap_column ap-span3\"><h2>Comp\u00e9tences<\/h2>\n<ul class=\"lista-doi\">\n<li>Utilisation de m\u00e9thodes avanc\u00e9es de positionnement dynamique de diff\u00e9rents types de structures offshore<\/li>\n<li>Exploitation en toute s\u00e9curit\u00e9 des syst\u00e8mes, installations et \u00e9quipements d\u00e9di\u00e9s aux op\u00e9rations sp\u00e9cifiques de l&#8217;industrie p\u00e9troli\u00e8re et gazi\u00e8re offshore.<\/li>\n<li>Test, utilisation et maintenance des syst\u00e8mes, installations et \u00e9quipements \u00e0 usage g\u00e9n\u00e9ral et d\u00e9di\u00e9, appartenant \u00e0 des structures offshore sp\u00e9cifiques \u00e9merg\u00e9es et immerg\u00e9es.<\/li>\n<li>\u00c9valuer et optimiser la performance des m\u00e9thodes d&#8217;organisation et de gestion de l&#8217;industrie p\u00e9troli\u00e8re et gazi\u00e8re offshore.<\/li>\n<li>Aptitudes \u00e0 appliquer des connaissances multidisciplinaires dans le domaine de l&#8217;ing\u00e9nierie en vue de la recherche, de l&#8217;analyse, de la simulation des risques de conception, d&#8217;installation, d&#8217;exploitation d&#8217;installations sp\u00e9cifiques dans l&#8217;industrie p\u00e9troli\u00e8re et gazi\u00e8re offshore.<\/li>\n<li><\/li>\n<\/ul><\/div>\n<div class=\"ap_column ap-span3\"><h2>Comp\u00e9tences<\/h2>\n<ul class=\"lista-doi\">\n<li>Utilisation efficace des techniques de relations interpersonnelles au sein d&#8217;un \u00e9quipage multiculturelle, \u00e0 diff\u00e9rents niveaux hi\u00e9rarchiques, communication orale et \u00e9crite, collaboration efficace avec des sp\u00e9cialistes de multiples domaines.<\/li>\n<\/ul>\n<hr class=\"ap-spacing\" style=\"height:10px\"\/>\n<h2>Capacit\u00e9s<\/h2>\n<ul class=\"lista-doi\">\n<li>Capacit\u00e9 d&#8217;analyser et de participer \u00e0 la conception, au d\u00e9veloppement et \u00e0 la mise en \u0153uvre des nouvelles technologies dans l&#8217;industrie p\u00e9troli\u00e8re et gazi\u00e8re offshore.<\/li>\n<li>Faire preuve d&#8217;un esprit de cr\u00e9ativit\u00e9, d&#8217;initiative et d&#8217;action pour la mise \u00e0 jour des connaissances sur la culture professionnelle, \u00e9conomique et organisationnelle.<\/li>\n<\/ul><\/div><\/div><\/p>\n<hr class=\"ap-spacing\" style=\"height:10px\"\/>\n<p><a href=\"https:\/\/cmu-edu.eu\/electromecanica\/wp-content\/uploads\/sites\/19\/2021\/01\/banner-AEOOGI-2.jpg\"><img loading=\"lazy\" decoding=\"async\" class=\"aligncenter size-full wp-image-463\" src=\"https:\/\/cmu-edu.eu\/electromecanica\/wp-content\/uploads\/sites\/19\/2021\/01\/banner-AEOOGI-2.jpg\" alt=\"\" width=\"1920\" height=\"390\" \/><\/a><\/p>\n<div style=\"background-color: #f5f5f5;padding: 10px;text-align: center\">\n<h1 style=\"padding-bottom: 30px\">AVANTAGES<\/h1>\n<p><div class=\"clearfix ap-row\"><div class=\"ap_column ap-span2\"><div style=\"background-color: #ffffff;padding: 10px;margin: 10px;height: 260px\">\n<h3>Reconnaissance internationale<\/h3>\n<p>Le dipl\u00f4me d&#8217;ing\u00e9nieur et le brevet d&#8217;officier sont reconnus internationalement, vous donnant la possibilit\u00e9 d&#8217;\u00eatre employ\u00e9 partout dans le monde.<\/p>\n<\/div><\/div>\n<div class=\"ap_column ap-span2\"><div style=\"background-color: #ffffff;padding: 10px;margin: 10px;height: 260px\">\n<h3>La flexibilit\u00e9<\/h3>\n<p>Si pendant vos \u00e9tudes universitaires vous effectuez votre stage \u00e0 bord du navire, nous vous offrons la possibilit\u00e9 d&#8217;\u00e9tudier online sur le campus virtuel. Vous b\u00e9n\u00e9ficierez d&#8217;une session ouverte et vous pourrez reporter et passer les examens \u00e0 votre retour dans le pays.<\/p>\n<\/div><\/div>\n<div class=\"ap_column ap-span2\"><div style=\"background-color: #ffffff;padding: 10px;margin: 10px;height: 260px\">\n<h3>Possibilit\u00e9s d&#8217;\u00e9tudes \u00e0 l&#8217;\u00e9tranger<\/h3>\n<p>Beaucoup de nos \u00e9tudiants choisissent d&#8217;\u00e9tudier un semestre dans l&#8217;une des facult\u00e9s partenaires, b\u00e9n\u00e9ficiant de la bourse ERASMUS<\/p>\n<\/div><\/div><\/div><br \/>\n<div class=\"clearfix ap-row\"><div class=\"ap_column ap-span2\"><div style=\"background-color: #ffffff;padding: 10px;margin: 10px;height: 260px\">\n<h3>Alternatives<\/h3>\n<p>Tous nos dipl\u00f4m\u00e9s peuvent choisir entre une carri\u00e8re en mer ou \u00e0 terre<\/p>\n<\/div><\/div>\n<div class=\"ap_column ap-span2\"><div style=\"background-color: #ffffff;padding: 10px;margin: 10px;height: 260px\">\n<h3>Technologie moderne<\/h3>\n<p>Le domaine des TIC gagne de plus en plus de terrain et le secteur maritime suit cette tendance. Vous travaillerez sur les simulateurs de positionnement dynamique les plus modernes.<\/p>\n<\/div><\/div>\n<div class=\"ap_column ap-span2\"><div style=\"background-color: #ffffff;padding: 10px;margin: 10px;height: 260px\">\n<h3>Pratique \u00e0 bord<\/h3>\n<p>Plus de 20 compagnies d&#8217;\u00e9quipage ont sign\u00e9 des partenariats avec l&#8217;universit\u00e9, donnant aux \u00e9tudiants la possibilit\u00e9 d&#8217;effectuer leur stage au sein d&#8217;\u00e9quipages multiculturels. Plus de 150 \u00e9tudiants partent en voyage chaque ann\u00e9e.<\/p>\n<\/div><\/div><\/div><\/p>\n<\/div>\n<div style=\"background-color: #ffcb74;padding: 10px\">\n<h2>OPPORTUNIT\u00c9S DE CARRI\u00c8RE<\/h2>\n<p>Les dipl\u00f4m\u00e9s du programme d&#8217;\u00e9tudes en technologie et gestion du p\u00e9trole et du gaz offshore peuvent occuper divers postes dans l&#8217;industrie offshore, notamment:<\/p>\n<ul>\n<li>Officier sur les navires DP<\/li>\n<li>Sp\u00e9cialiste en ing\u00e9nierie de projet<\/li>\n<li>Surintendant de forage<\/li>\n<li>Responsable des installations offshore<\/li>\n<li>Directeur des op\u00e9rations<\/li>\n<li>Planificateur de projets dans l&#8217;industrie offshore<\/li>\n<li>Agent de s\u00e9curit\u00e9 dans l&#8217;industrie offshore<\/li>\n<li>Hydrographe<\/li>\n<li>Responsable des op\u00e9rations de flotte<\/li>\n<\/ul>\n<\/div>\n<hr class=\"ap-spacing\" style=\"height:20px\"\/>\n<div class=\"clearfix ap-row\"><div class=\"ap_column ap-span2\"><h2>Admission<\/h2>\n<p>Nous sommes dans la troisi\u00e8me ann\u00e9e d&#8217;organisation de l&#8217;inscription online en utilisant un syst\u00e8me de cryptage SSL 128 bits.\n<div class=\"divider\" style=\"margin-top:2px; margin-bottom:2px; border-top:1px solid #CCCCCC;width:100%\"\/><\/div>\nPlus d&#8217;informations ici: <em><strong><a href=\"https:\/\/admitere.cmu-edu.eu\">https:\/\/admitere.cmu-edu.eu<\/a><\/strong><\/em><\/div>\n<div class=\"ap_column ap-span2\"><h2>Communication<\/h2>\n<p>Tous les lundis apr\u00e8s-midi de 17h00 \u00e0 18h00, nous organisons des r\u00e9unions online avec nos \u00e9tudiants et dipl\u00f4m\u00e9s. Si vous souhaitez conna\u00eetre leurs derni\u00e8res actualit\u00e9s mais aussi des informations sur l&#8217;admission, nous vous invitons ici:\n<div class=\"divider\" style=\"margin-top:2px; margin-bottom:2px; border-top:1px solid #CCCCCC;width:100%\"\/><\/div>\n<strong><em><a href=\"https:\/\/maritimeconferences.online\/\">https:\/\/maritimeconferences.online\/<\/a><\/em><\/strong><\/div>\n<div class=\"ap_column ap-span2\"><h2>Contact<\/h2>\n<ul class=\"lista-doi\">\n<li>CONTACT<\/li>\n<li>E-mail: bcc@cmu-edu.eu<\/li>\n<li>Tel: +40241664740<\/li>\n<li>Mircea cel B\u0103tr\u00e2n, nr 104<\/li>\n<li>Constanta<\/li>\n<\/ul><\/div><\/div>\n","protected":false},"excerpt":{"rendered":"<p>AVANTAGES OPPORTUNIT\u00c9S DE CARRI\u00c8RE Les dipl\u00f4m\u00e9s du programme d&#8217;\u00e9tudes en technologie et gestion du p\u00e9trole et du gaz offshore peuvent occuper divers postes dans l&#8217;industrie offshore, notamment: Officier sur les navires DP Sp\u00e9cialiste en ing\u00e9nierie de projet Surintendant de forage Responsable des installations offshore Directeur des op\u00e9rations Planificateur de projets dans l&#8217;industrie offshore Agent de [&hellip;]<\/p>\n","protected":false},"author":4,"featured_media":0,"parent":0,"menu_order":0,"comment_status":"closed","ping_status":"closed","template":"","meta":{"footnotes":""},"class_list":["post-156","page","type-page","status-publish","hentry"],"_links":{"self":[{"href":"https:\/\/cmu-edu.eu\/fr\/wp-json\/wp\/v2\/pages\/156","targetHints":{"allow":["GET"]}}],"collection":[{"href":"https:\/\/cmu-edu.eu\/fr\/wp-json\/wp\/v2\/pages"}],"about":[{"href":"https:\/\/cmu-edu.eu\/fr\/wp-json\/wp\/v2\/types\/page"}],"author":[{"embeddable":true,"href":"https:\/\/cmu-edu.eu\/fr\/wp-json\/wp\/v2\/users\/4"}],"replies":[{"embeddable":true,"href":"https:\/\/cmu-edu.eu\/fr\/wp-json\/wp\/v2\/comments?post=156"}],"version-history":[{"count":4,"href":"https:\/\/cmu-edu.eu\/fr\/wp-json\/wp\/v2\/pages\/156\/revisions"}],"predecessor-version":[{"id":161,"href":"https:\/\/cmu-edu.eu\/fr\/wp-json\/wp\/v2\/pages\/156\/revisions\/161"}],"wp:attachment":[{"href":"https:\/\/cmu-edu.eu\/fr\/wp-json\/wp\/v2\/media?parent=156"}],"curies":[{"name":"wp","href":"https:\/\/api.w.org\/{rel}","templated":true}]}}