{"id":180,"date":"2022-06-22T07:33:51","date_gmt":"2022-06-22T07:33:51","guid":{"rendered":"https:\/\/cmu-edu.eu\/fr\/?page_id=180"},"modified":"2022-06-22T07:49:31","modified_gmt":"2022-06-22T07:49:31","slug":"administration-des-affaires-dans-les-transports","status":"publish","type":"page","link":"https:\/\/cmu-edu.eu\/fr\/administration-des-affaires-dans-les-transports\/","title":{"rendered":"Administration des affaires dans les transports"},"content":{"rendered":"<div class=\"clearfix ap-row\"><div class=\"ap_column ap-span3\"><h2>Administration des affaires dans les transports<\/h2>\n<p>L&#8217;industrie du transport a un impact \u00e9conomique et social important en termes d&#8217;emploi et d&#8217;activit\u00e9 dans l&#8217;industrie portuaire, dans la cha\u00eene d&#8217;approvisionnement et dans l&#8217;\u00e9conomie dans son ensemble. Certains des secteurs les plus performants sont la logistique et le transport multimodal, qui sont essentiels au fonctionnement efficace du march\u00e9 int\u00e9rieur et international en cr\u00e9ant de nouvelles opportunit\u00e9s pour les entreprises, en garantissant la comp\u00e9titivit\u00e9 et l&#8217;emploi.<\/p>\n<p>Le programme de ma\u00eetrise en administration des affaires dans les transports s&#8217;adresse \u00e0 ceux qui souhaitent \u00e9tudier des mati\u00e8res qui leur offrent la possibilit\u00e9 de d\u00e9velopper et d&#8217;am\u00e9liorer leurs aptitudes et comp\u00e9tences professionnelles. Ainsi, ils apprendront et approfondiront, sous forme de mod\u00e8les, des connaissances sur la structure et le fonctionnement des processus d&#8217;affaires afin d&#8217;atteindre les performances souhait\u00e9es et une gestion des risques appropri\u00e9e au sein des organisations.<\/p>\n<p>Il formera des sp\u00e9cialistes avec une formation technique sup\u00e9rieure en \u00e9conomie, capables de travailler dans des domaines d&#8217;ing\u00e9nierie o\u00f9 l&#8217;utilisation de la num\u00e9risation et des mod\u00e8les commerciaux, des outils de mesure de la performance des transports et des techniques avanc\u00e9es est appropri\u00e9e. Ils seront en mesure de surmonter des d\u00e9fis complexes dans le secteur des transports ou dans les institutions de transport o\u00f9 la planification et la gestion des probl\u00e8mes d&#8217;infrastructure ou l&#8217;\u00e9tablissement de strat\u00e9gies de minimisation des risques sont essentielles.<\/p>\n<p>Le programme de 2 ans est con\u00e7u pour fournir aux dipl\u00f4m\u00e9s les comp\u00e9tences n\u00e9cessaires pour faire face aux r\u00e9alit\u00e9s de l&#8217;environnement des affaires et pour \u00eatre recrut\u00e9s sur le march\u00e9 du transport roumain et international.<\/p><\/div>\n<div class=\"ap_column ap-span3\"><h2>CE QUE VOUS ALLEZ \u00c9TUDIER<\/h2>\n<p>Le cursus interdisciplinaire est align\u00e9 sur les standards internationaux et se d\u00e9roule sur 4 semestres: 3 semestres pour les activit\u00e9s acad\u00e9miques et 1 semestre d\u00e9di\u00e9 \u00e0 la r\u00e9daction de la th\u00e8se. Le contenu du programme contribue \u00e0 la formation de comp\u00e9tences technico-\u00e9conomiques et manag\u00e9riales pour une carri\u00e8re r\u00e9ussie.<\/p>\n<ul class=\"lista-doi\">\n<li>D\u00e9veloppement des affaires,<\/li>\n<li>Gestion et Administration des Transports,<\/li>\n<li>Environnement des affaires et commerce international,<\/li>\n<li>Transport Entrepreneuriat et D\u00e9veloppement Durable,<\/li>\n<li>Gestion des Op\u00e9rations, Mesure de la Performance dans le Transport,<\/li>\n<li>Enqu\u00eate sur les accidents et gestion des risques dans les transports<\/li>\n<li>Digitalisation et Nouveaux Business Models,<\/li>\n<li>Syst\u00e8mes de gestion int\u00e9gr\u00e9s dans les transports,<\/li>\n<li>Planification et gestion des infrastructures,<\/li>\n<li>Ing\u00e9nierie des syst\u00e8mes de transport,<\/li>\n<li>\u00c9thique des affaires et gouvernance d&#8217;entreprise<\/li>\n<\/ul>\n<p>&nbsp;<\/p><\/div><\/div>\n<div style=\"background-color: #f5f5f5;padding: 10px;text-align: center\">\n<h1 style=\"padding-bottom: 30px\">AVANTAGES<\/h1>\n<div class=\"clearfix ap-row\"><div class=\"ap_column ap-span6\"><div style=\"background-color: #ffffff;padding: 10px;margin: 10px;height: auto\">\n<h3>Reconnaissance internationale<\/h3>\n<p>Le programme est reconnu internationalement et offre la possibilit\u00e9 d&#8217;un emploi partout dans le monde dans le secteur des transports.<\/p>\n<\/div>\n<div class=\"ap_column ap-span6\"><\/div>\n<div style=\"background-color: #ffffff;padding: 10px;margin: 10px;height: auto\">\n<h3>Alternatives<\/h3>\n<p>Tous nos dipl\u00f4m\u00e9s peuvent choisir une carri\u00e8re dans n&#8217;importe quel secteur de l&#8217;industrie du transport: transport maritime, routier, ferroviaire ou a\u00e9rien.<\/p>\n<ul class=\"lista-doi\" style=\"text-align: left\">\n<li><strong>\u00c0 la fin des programmes acad\u00e9miques, les dipl\u00f4m\u00e9s atteindront les objectifs suivants: <\/strong><\/li>\n<li>Acqu\u00e9rir des connaissances avanc\u00e9es dans le domaine de l&#8217;administration des affaires dans le domaine du transport<\/li>\n<li>D\u00e9velopper les comp\u00e9tences manag\u00e9riales et professionnelles n\u00e9cessaires \u00e0 l&#8217;environnement commercial moderne<\/li>\n<li>Formation th\u00e9orique et pratique des \u00e9tudiants au niveau des exigences actuelles et futures du march\u00e9 du transport international pour une int\u00e9gration ais\u00e9e des dipl\u00f4m\u00e9s sur le march\u00e9 du travail<\/li>\n<li>Acqu\u00e9rir les comp\u00e9tences d&#8217;un sp\u00e9cialiste pouvant \u00e9voluer dans le domaine des transports, dans le domaine de l&#8217;ing\u00e9nierie mais aussi dans le domaine \u00e9conomique.<\/li>\n<li>\u00c9tudier les disciplines qui fournissent les informations n\u00e9cessaires sous forme de mod\u00e8les ou de connaissances sur la structure et le fonctionnement des processus d&#8217;affaires dans le domaine du transport afin d&#8217;atteindre les performances souhait\u00e9es et une gestion ad\u00e9quate des risques au sein des organisations.<\/li>\n<li>Formation de sp\u00e9cialistes ayant une formation technique sup\u00e9rieure \u00e0 profil \u00e9conomique, capables d&#8217;exercer leur activit\u00e9 dans le domaine de l&#8217;ing\u00e9nierie qui convient \u00e0 l&#8217;utilisation de la num\u00e9risation et des mod\u00e8les commerciaux, des outils de mesure de la performance dans les transports, des techniques avanc\u00e9es n\u00e9cessaires pour r\u00e9soudre des d\u00e9fis complexes sur le terrain des transports ou des institutions sp\u00e9cialis\u00e9es dans lesquelles la planification et la gestion des probl\u00e8mes d&#8217;infrastructure ou la mise en place de strat\u00e9gies de minimisation des risques sont essentielles etc.<\/li>\n<li>Acqu\u00e9rir des connaissances avanc\u00e9es dans des domaines tels que la cr\u00e9ation et le d\u00e9veloppement d&#8217;organisations entrepreneuriales, le d\u00e9veloppement durable, la responsabilit\u00e9 sociale, la gouvernance d&#8217;entreprise et l&#8217;\u00e9thique des affaires.<\/li>\n<\/ul>\n<\/div><\/div><\/div>\n<\/div>\n<p><img loading=\"lazy\" decoding=\"async\" class=\"alignnone wp-image-840 size-full\" src=\"https:\/\/cmu-edu.eu\/navigatie\/wp-content\/uploads\/sites\/18\/2022\/05\/banner-bat2.jpg\" alt=\"\" width=\"1920\" height=\"550\" \/><\/p>\n<div style=\"background-color: #ffcb74;padding: 10px\">\n<h2>OPPORTUNIT\u00c9S DE CARRI\u00c8RE<\/h2>\n<p>Le programme de ma\u00eetrise en administration des affaires dans les transports fournit au dipl\u00f4m\u00e9 des comp\u00e9tences pour une grande vari\u00e9t\u00e9 d&#8217;activit\u00e9s sp\u00e9cifiques \u00e0 l&#8217;ing\u00e9nierie des transports et \u00e0 la gestion d&#8217;entreprise ayant un impact significatif sur la soci\u00e9t\u00e9 et l&#8217;\u00e9conomie modernes.<\/p>\n<p>Ainsi, le dipl\u00f4m\u00e9 acquiert les comp\u00e9tences d&#8217;un sp\u00e9cialiste pouvant \u00e9voluer dans le domaine de l&#8217;ING\u00c9NIERIE ET DE LA GESTION mais \u00e9galement dans le domaine des activit\u00e9s maritimes, fluviales, ferroviaires, routi\u00e8res ou portuaires.<br \/>\nLe programme de ma\u00eetrise en administration des affaires dans les transports (AAT) vise \u00e0 prolonger le processus de formation de sp\u00e9cialistes dans le domaine de l&#8217;ing\u00e9nierie et de la gestion initi\u00e9 par des \u00e9tudes de licence, dans la perspective de conf\u00e9rer les comp\u00e9tences manag\u00e9riales et technico-\u00e9conomiques n\u00e9cessaires pour aborder la planification, l&#8217;organisation, exploitation et \u00e9valuation des syst\u00e8mes de transport par rapport \u00e0 la r\u00e9alit\u00e9 de l&#8217;environnement des affaires existant sur le march\u00e9 national et international.<\/p>\n<p>Le secteur de la logistique et le secteur du transport multimodal sont apparus comme les secteurs les plus performants, \u00e9tant particuli\u00e8rement importants pour un march\u00e9 int\u00e9rieur et international efficace, garantissant la comp\u00e9titivit\u00e9, cr\u00e9ant de nouvelles opportunit\u00e9s commerciales et d&#8217;emploi.<\/p>\n<p>Ces secteurs ont un r\u00f4le fondamental \u00e0 jouer dans le d\u00e9veloppement \u00e9conomique et social et sont une source potentielle d&#8217;excellentes opportunit\u00e9s d&#8217;emploi et de carri\u00e8re pour un nombre important de personnes impliqu\u00e9es dans des activit\u00e9s et des entreprises dans le monde entier.<\/p>\n<\/div>\n<hr class=\"ap-spacing\" style=\"height:10px\"\/>\n<div class=\"clearfix ap-row\"><div class=\"ap_column ap-span2\"><h2>INSCRIPTION<\/h2>\n<p>C&#8217;est la troisi\u00e8me ann\u00e9e que nous organisons l&#8217;inscription on line \u00e0 l&#8217;aide d&#8217;un syst\u00e8me de cryptage SSL 128 bits.\n<div class=\"divider\" style=\"margin-top:2px; margin-bottom:2px; border-top:1px solid #CCCCCC;width:100%\"\/><\/div>\nPlus d&#8217;infos ici: <em><strong><a href=\"https:\/\/cmu-edu.eu\/admitere\/\" target=\"_blank\" rel=\"noopener noreferrer\">Admission<\/a><\/strong><\/em><\/div>\n<div class=\"ap_column ap-span2\"><h2>Communication<\/h2>\n<p>Nous vous invitons \u00e0 retrouver les d\u00e9tails et les actualit\u00e9s de nos activit\u00e9s sur notre page Facebook:\n<div class=\"divider\" style=\"margin-top:2px; margin-bottom:2px; border-top:1px solid #CCCCCC;width:100%\"\/><\/div>\n<strong><em><a href=\"https:\/\/www.facebook.com\/NavigatieUMC\">Facebook<\/a><\/em><\/strong><\/div>\n<div class=\"ap_column ap-span2\"><h2>Contact<\/h2>\n<ul class=\"lista-doi\">\n<li>CONTACT<\/li>\n<li>E-mail: <a href=\"mailto:departament.management@cmu-edu.eu\" target=\"_blank\" rel=\"noopener noreferrer\">departament.management@cmu-edu.eu<\/a><\/li>\n<li>Tel: +40241664740<\/li>\n<li>104, rue Mircea cel B\u0103tr\u00e2n<\/li>\n<li>Constanta<\/li>\n<\/ul><\/div><\/div>\n","protected":false},"excerpt":{"rendered":"<p>AVANTAGES OPPORTUNIT\u00c9S DE CARRI\u00c8RE Le programme de ma\u00eetrise en administration des affaires dans les transports fournit au dipl\u00f4m\u00e9 des comp\u00e9tences pour une grande vari\u00e9t\u00e9 d&#8217;activit\u00e9s sp\u00e9cifiques \u00e0 l&#8217;ing\u00e9nierie des transports et \u00e0 la gestion d&#8217;entreprise ayant un impact significatif sur la soci\u00e9t\u00e9 et l&#8217;\u00e9conomie modernes. Ainsi, le dipl\u00f4m\u00e9 acquiert les comp\u00e9tences d&#8217;un sp\u00e9cialiste pouvant \u00e9voluer [&hellip;]<\/p>\n","protected":false},"author":4,"featured_media":0,"parent":0,"menu_order":0,"comment_status":"closed","ping_status":"closed","template":"","meta":{"footnotes":""},"class_list":["post-180","page","type-page","status-publish","hentry"],"_links":{"self":[{"href":"https:\/\/cmu-edu.eu\/fr\/wp-json\/wp\/v2\/pages\/180","targetHints":{"allow":["GET"]}}],"collection":[{"href":"https:\/\/cmu-edu.eu\/fr\/wp-json\/wp\/v2\/pages"}],"about":[{"href":"https:\/\/cmu-edu.eu\/fr\/wp-json\/wp\/v2\/types\/page"}],"author":[{"embeddable":true,"href":"https:\/\/cmu-edu.eu\/fr\/wp-json\/wp\/v2\/users\/4"}],"replies":[{"embeddable":true,"href":"https:\/\/cmu-edu.eu\/fr\/wp-json\/wp\/v2\/comments?post=180"}],"version-history":[{"count":5,"href":"https:\/\/cmu-edu.eu\/fr\/wp-json\/wp\/v2\/pages\/180\/revisions"}],"predecessor-version":[{"id":186,"href":"https:\/\/cmu-edu.eu\/fr\/wp-json\/wp\/v2\/pages\/180\/revisions\/186"}],"wp:attachment":[{"href":"https:\/\/cmu-edu.eu\/fr\/wp-json\/wp\/v2\/media?parent=180"}],"curies":[{"name":"wp","href":"https:\/\/api.w.org\/{rel}","templated":true}]}}