{"id":189,"date":"2022-06-24T10:19:25","date_gmt":"2022-06-24T10:19:25","guid":{"rendered":"https:\/\/cmu-edu.eu\/fr\/?page_id=189"},"modified":"2022-06-24T10:53:30","modified_gmt":"2022-06-24T10:53:30","slug":"protection-de-lenvironnement","status":"publish","type":"page","link":"https:\/\/cmu-edu.eu\/fr\/protection-de-lenvironnement\/","title":{"rendered":"Ing\u00e9nierie et protection de l&#8217;environnement dans l&#8217;industrie"},"content":{"rendered":"<p><div class=\"clearfix ap-row\"><div class=\"ap_column ap-span3\"><h2>ING\u00c9NIERIE ET PROTECTION DE L&#8217;ENVIRONNEMENT DANS L&#8217;INDUSTRIE<\/h2>\n<p>Ing\u00e9nierie et protection de l&#8217;environnement dans l&#8217;industrie signifie une sp\u00e9cialisation des technologies appliqu\u00e9es qui, en int\u00e9grant les connaissances technico-scientifiques, aborde et r\u00e9sout les probl\u00e8mes de conservation de l&#8217;\u00e9nergie et de l&#8217;environnement naturel, de la production active, du contr\u00f4le des d\u00e9chets. Les sp\u00e9cificit\u00e9s de la sp\u00e9cialisation impliquent l&#8217;approfondissement de certaines connaissances sur l&#8217;environnement, dans l&#8217;industrie, c&#8217;est-\u00e0-dire sur la gestion des eaux us\u00e9es, le contr\u00f4le de la pollution de l&#8217;air, le contr\u00f4le, le recyclage et l&#8217;\u00e9limination des d\u00e9chets, la radioprotection, l&#8217;hygi\u00e8ne industrielle, les \u00e9tudes sur l&#8217;impact environnemental des projets de construction propos\u00e9s, la gestion des risques avec applicabilit\u00e9 environnementale. Dans le m\u00eame temps, les dipl\u00f4m\u00e9s de cette sp\u00e9cialisation peuvent \u00eatre embauch\u00e9s en tant qu &#8216;\u00abagent de l&#8217;environnement\u00bb \u00e0 bord des navires de croisi\u00e8re imm\u00e9diatement apr\u00e8s l&#8217;obtention de leur dipl\u00f4me.<\/p>\n<p>La mission de la sp\u00e9cialisation Ing\u00e9nierie et protection de l&#8217;environnement dans l&#8217;industrie est didactique et scientifique &#8211; conform\u00e9ment \u00e0 celle de l&#8217;Universit\u00e9 Maritime de Constanta, pour former des jeunes sp\u00e9cialistes \u00e0 l&#8217;emploi: en adaptant les processus de production conform\u00e9ment aux principes du d\u00e9veloppement durable, services scientifiques et technologiques de recherche, de conseil et d&#8217;expertise, y compris dans le domaine de l&#8217;\u00e9ducation. L&#8217;objectif est de promouvoir une formation technique sup\u00e9rieure, flexible, interactive et continue, comp\u00e9titive au niveau europ\u00e9en et mondial.<\/p><\/div>\n<div class=\"ap_column ap-span3\"><h2>QU&#8217;EST-CE QUE VOUS \u00c9TUDIEZ<\/h2>\n<p>Le programme interdisciplinaire est align\u00e9 sur les normes internationales de pr\u00e9vention de la pollution de l&#8217;environnement et de d\u00e9veloppement durable, contribuant \u00e0 la formation de comp\u00e9tences techniques et manag\u00e9riales pour une carri\u00e8re r\u00e9ussie. Les heures applicatives correspondant aux disciplines \u00e9tudi\u00e9es par les \u00e9tudiants de \u00ab l\u2019Ing\u00e9nierie et Protection de l&#8217;Environnement dans l&#8217;Industrie \u00bb se d\u00e9roulent dans des espaces modernes : laboratoire multifonctionnel d\u2019Ing\u00e9nierie de l&#8217;Environnement, laboratoire des Techniques d&#8217;Epuration des Eaux Us\u00e9es, laboratoire de M\u00e9canique des Fluides, Hydraulique et Machines Hydrauliques, Laboratoire de Biodiversit\u00e9, Hydrobiologie, Ecotoxicologie, Laboratoire des Energies Non Conventionnelles, Laboratoire de Gestion des Risques et Simulateur d&#8217;Urgence PISCES II.<\/p>\n<h3>Comp\u00e9tences g\u00e9n\u00e9rales et professionnelles d\u00e9velopp\u00e9es gr\u00e2ce au programme interdisciplinaire<\/h3>\n<ul class=\"lista-doi\">\n<li>Expliquer les m\u00e9canismes, processus et effets d&#8217;origine anthropique ou naturelle qui d\u00e9terminent et influencent la pollution de l&#8217;environnement<\/li>\n<li>G\u00e9rer et r\u00e9soudre des probl\u00e8mes environnementaux sp\u00e9cifiques pour le d\u00e9veloppement durable<\/li>\n<li>Application des principes op\u00e9rationnels pour diff\u00e9rents flux technologiques li\u00e9s aux processus environnementaux<\/li>\n<li>Application des principes g\u00e9n\u00e9raux du calcul technologique<\/li>\n<li>D\u00e9veloppement et exploitation de syst\u00e8mes de surveillance des polluants<\/li>\n<li>Contr\u00f4le de la qualit\u00e9 environnementale, \u00e9valuation des impacts et des risques et d\u00e9veloppement de variantes technologiques \u00e0 faible impact sur l&#8217;environnement conform\u00e9ment aux exigences BAT \/ BREF et \u00e0 la l\u00e9gislation en vigueur<\/li>\n<\/ul>\n<p>Le cursus de la sp\u00e9cialisation des \u00e9tudes sup\u00e9rieures Ing\u00e9nierie et protection de l&#8217;environnement dans l&#8217;industrie propose l&#8217;objectif de formation g\u00e9n\u00e9rale: la professionnalisation des ing\u00e9nieurs pour acqu\u00e9rir des comp\u00e9tences dans les nouveaux m\u00e9tiers de l&#8217;industrie.<\/div><\/div><br \/>\n<a href=\"https:\/\/cmu-edu.eu\/electromecanica\/wp-content\/uploads\/sites\/19\/2021\/01\/banner-IPMI-2.jpg\"><img loading=\"lazy\" decoding=\"async\" class=\"aligncenter size-full wp-image-463\" src=\"https:\/\/cmu-edu.eu\/electromecanica\/wp-content\/uploads\/sites\/19\/2021\/01\/banner-IPMI-2.jpg\" alt=\"\" width=\"1920\" height=\"542\" \/><\/a><\/p>\n<div style=\"background-color: #f5f5f5;padding: 10px;text-align: center\">\n<h1 style=\"padding-bottom: 30px\">AVANTAGES<\/h1>\n<p><div class=\"clearfix ap-row\"><div class=\"ap_column ap-span2\"><div style=\"background-color: #ffffff;padding: 10px;margin: 10px;height: 260px\">\n<h3>Reconnaissance internationale<\/h3>\n<p>La diplome est reconnue internationalement, vous donnant la possibilit\u00e9 d&#8217;\u00eatre embauch\u00e9 partout dans le monde.<\/p>\n<\/div><\/div>\n<div class=\"ap_column ap-span2\"><div style=\"background-color: #ffffff;padding: 10px;margin: 10px;height: 260px\">\n<h3>Flexibilit\u00e9<\/h3>\n<p>Si pendant vos \u00e9tudes universitaires vous effectuez votre stage dans n&#8217;importe quelle branche de l&#8217;\u00e9conomie, dans le pays ou \u00e0 l&#8217;\u00e9tranger, nous vous offrons la possibilit\u00e9 d&#8217;\u00e9tudier on line sur le campus virtuel. Vous b\u00e9n\u00e9ficierez de l&#8217;examen on line et vous pourrez programmer et passer vos examens o\u00f9 que vous soyez!<\/p>\n<\/div><\/div>\n<div class=\"ap_column ap-span2\"><div style=\"background-color: #ffffff;padding: 10px;margin: 10px;height: 260px\">\n<h3>Opportunit\u00e9s d&#8217;\u00e9tudes \u00e0 l&#8217;\u00e9tranger<\/h3>\n<p>Beaucoup de nos \u00e9tudiants choisissent d&#8217;\u00e9tudier un semestre dans l&#8217;une des facult\u00e9s partenaires, b\u00e9n\u00e9ficiant de la bourse ERASMUS.<\/p>\n<\/div><\/div><\/div><br \/>\n<div class=\"clearfix ap-row\"><div class=\"ap_column ap-span3\"><div style=\"background-color: #ffffff;padding: 10px;margin: 10px;height: 200px\">\n<h3>Alternative<\/h3>\n<p>Tous nos dipl\u00f4m\u00e9s peuvent choisir entre une carri\u00e8re : en mer, en tant qu&#8217;agent de l&#8217;environnement ou \u00e0 terre.<\/p>\n<\/div><\/div><\/p>\n<div class=\"ap_column ap-span3\"><div style=\"background-color: #ffffff;padding: 10px;margin: 10px;height: 200px\">\n<h3>Technologies modernes<\/h3>\n<p>Le domaine de l&#8217;ing\u00e9nierie et de la protection de l&#8217;environnement dans l&#8217;industrie est \u00e9troitement li\u00e9 au domaine des TIC qui gagne de plus en plus de terrain, et le secteur de l&#8217;environnement suit cette tendance. Vous travaillerez sur les simulateurs les plus modernes de surveillance des facteurs de risques environnementaux, ainsi que sur des programmes op\u00e9rationnels, sp\u00e9cifiques \u00e0 la terre et \u00e0 la mer.<\/p>\n<\/div><\/div><\/div><\/p>\n<h3 style=\"text-align: left\">Approfondissement des \u00e9tudes<\/h3>\n<p style=\"text-align: left\">Possibilit\u00e9 de poursuivre leurs \u00e9tudes, les dipl\u00f4m\u00e9s peuvent approfondir les connaissances acquises gr\u00e2ce \u00e0 des \u00e9tudes de ma\u00eetrise en recherche scientifique (en roumain) dans le domaine de l&#8217;ing\u00e9nierie et de la protection de l&#8217;environnement dans l&#8217;industrie. D\u00e9crivant l&#8217;ing\u00e9nieur sp\u00e9cialis\u00e9 en ing\u00e9nierie et protection de l&#8217;environnement dans l&#8217;industrie et avec la possibilit\u00e9 d&#8217;acc\u00e9der \u00e0 n&#8217;importe quelle branche de l&#8217;\u00e9conomie nationale et internationale, apr\u00e8s avoir pr\u00e9par\u00e9 et pass\u00e9 les examens requis par la loi.<\/p>\n<h3 style=\"text-align: left\">Pratique de l&#8217;ing\u00e9nierie<\/h3>\n<p style=\"text-align: left\">Des partenariats ont \u00e9t\u00e9 conclus entre des entreprises de profil et l&#8217;universit\u00e9, offrant aux \u00e9tudiants la possibilit\u00e9 d&#8217;effectuer un stage dans un cadre diversifi\u00e9. De nombreux \u00e9tudiants choisissent \u00e9galement de pratiquer \u00e0 bord du navire.<\/p>\n<ul class=\"lista-doi\" style=\"text-align: left\">\n<li><strong>DEUXI\u00c8ME ET TROISI\u00c8ME ANN\u00c9E: <\/strong><em>Professionnalisation dans le domaine du g\u00e9nie de l&#8217;environnement dans l&#8217;industrie, par l&#8217;acquisition de comp\u00e9tences sp\u00e9cialis\u00e9es en ing\u00e9nierie et en gestion visant principalement l&#8217;ing\u00e9nierie de l&#8217;environnement.<\/em><\/li>\n<li><strong>QUATRIEME ANNEE: <\/strong><em>D\u00e9crire l&#8217;ing\u00e9nieur sp\u00e9cialiste, en compl\u00e9tant la formation professionnelle et manag\u00e9riale sp\u00e9cialis\u00e9e. Acqu\u00e9rir des comp\u00e9tences en recherche-d\u00e9veloppement-innovation dans le domaine de l&#8217;ing\u00e9nierie de l&#8217;environnement. Elaboration du m\u00e9moire de licence. Pr\u00e9paration et passage de l&#8217;examen de licence.<\/em><\/li>\n<\/ul>\n<h3 style=\"text-align: left;margin-top: 20px\">Pratique s\u00e9curitaire dans les entreprises partenaires:<\/h3>\n<ul class=\"lista-doi\" style=\"text-align: left\">\n<li>Institut national de recherche et de d\u00e9veloppement en g\u00e9ologie et g\u00e9o\u00e9cologie marines-GeoEcoMar<\/li>\n<li>R.A.J.A. Constanta<\/li>\n<li>ABA Dobrogea Litoral<\/li>\n<li>Agence de protection de l&#8217;environnement de Constanta<\/li>\n<li>Institut national de recherche-d\u00e9veloppement marin &#8220;Grigore Antipa&#8221; Constan\u021ba<\/li>\n<li>Bureau d&#8217;\u00e9tudes p\u00e9dologiques et agrochimiques de Constanta<\/li>\n<li>Le complexe du mus\u00e9e des sciences naturelles de Constan\u0163a<\/li>\n<li>Le chantier de l&#8217;\u00e9cluse d&#8217;Agigea<\/li>\n<\/ul>\n<\/div>\n<div style=\"background-color: #ffcb74;padding: 10px\">\n<h2>OPPORTUNIT\u00c9S DE CARRI\u00c8RE<\/h2>\n<p>Les comp\u00e9tences acquises avant l&#8217;obtention du dipl\u00f4me permettent aux dipl\u00f4m\u00e9s d&#8217;entrer sur le march\u00e9 du travail dans divers domaines, car les aspects d&#8217;ing\u00e9nierie et de protection de l&#8217;environnement sont importants dans toute l&#8217;industrie. Le bassin de la mer Noire, ainsi que les ports du canal Danube-mer Noire, constituent une autre opportunit\u00e9 d&#8217;emploi pour les dipl\u00f4m\u00e9s de la sp\u00e9cialisation Ing\u00e9nierie et protection de l&#8217;environnement dans l&#8217;industrie.<br \/>\nLes dipl\u00f4m\u00e9s du programme d&#8217;\u00e9tudes Ing\u00e9nierie et protection de l&#8217;environnement dans l&#8217;industrie peuvent occuper des postes d&#8217;agent de l&#8217;environnement ou divers autres postes dans l&#8217;industrie environnementale et maritime, y compris:<\/p>\n<ul>\n<li>Analyste environnemental,<\/li>\n<li>Auditeur environnemental,<\/li>\n<li>Ing\u00e9nieur de recherche en Ing\u00e9nierie sanitaire et protection de l&#8217;environnement,<\/li>\n<li>Inspecteur de la protection de l&#8217;environnement,<\/li>\n<li>Surveilleur de l&#8217;environnement,<\/li>\n<li>Expert en pr\u00e9vention et r\u00e9duction des risques technologiques,<\/li>\n<li>Sp\u00e9cialiste de la gestion des d\u00e9chets,<\/li>\n<li>\u00c9valuateur environnemental,<\/li>\n<li>Ing\u00e9nieur de recherche en Ing\u00e9nierie de l&#8217;environnement,<\/li>\n<li>Assistant de recherche en Ing\u00e9nierie de l&#8217;environnement.<\/li>\n<\/ul>\n<\/div>\n<div style=\"background-color: #f5f5f5;padding: 10px\">\n<p>La formation technique et compl\u00e9mentaire, reconnue au niveau national et international, offre la possibilit\u00e9 d&#8217;assimiler, si n\u00e9cessaire, les dipl\u00f4m\u00e9s de la sp\u00e9cialisation, dans des domaines connexes de l&#8217;\u00e9conomie nationale, y compris en tant que personnel embarqu\u00e9 sur des navires sp\u00e9ciaux.<\/p>\n<p><strong>La sp\u00e9cialisation d&#8217;\u00e9tudes universitaires, Ing\u00e9nierie et Protection de l&#8217;Environnement dans l&#8217;Industrie,<\/strong> la sp\u00e9cialisation int\u00e9gr\u00e9e dans la structure de la Facult\u00e9 d&#8217;\u00c9lectrom\u00e9canique Navale, assure la formation et le perfectionnement de sp\u00e9cialistes ayant des \u00e9tudes techniques sup\u00e9rieures pour l&#8217;ensemble des besoins (recherche, conception, construction, exploitation et maintenance) d\u2019Ing\u00e9nierie de l&#8217;environnement et d\u2019Ing\u00e9nierie naval, respectivement pour certains besoins partiels des domaines connexes (Ing\u00e9nierie industriel, Ing\u00e9nierie m\u00e9canique, ing\u00e9nierie et gestion), au niveau local et national, par le biais d&#8217;une formation universitaire construite sur les crit\u00e8res de performance du syst\u00e8me europ\u00e9en.<\/p>\n<\/div>\n<p><hr class=\"ap-spacing\" style=\"height:10px\"\/><br \/>\n<div class=\"clearfix ap-row\"><div class=\"ap_column ap-span6\"><h2>Contact<\/h2>\n<ul class=\"lista-doi\">\n<li>CONTACT<\/li>\n<li>E-mail: info@cmu-edu.eu<\/li>\n<li>Tel: +40241664740<\/li>\n<li>Mircea cel B\u0103tr\u00e2n, nr 104<\/li>\n<li>Constanta<\/li>\n<\/ul><\/div><\/div><\/p>\n","protected":false},"excerpt":{"rendered":"<p>AVANTAGES Approfondissement des \u00e9tudes Possibilit\u00e9 de poursuivre leurs \u00e9tudes, les dipl\u00f4m\u00e9s peuvent approfondir les connaissances acquises gr\u00e2ce \u00e0 des \u00e9tudes de ma\u00eetrise en recherche scientifique (en roumain) dans le domaine de l&#8217;ing\u00e9nierie et de la protection de l&#8217;environnement dans l&#8217;industrie. D\u00e9crivant l&#8217;ing\u00e9nieur sp\u00e9cialis\u00e9 en ing\u00e9nierie et protection de l&#8217;environnement dans l&#8217;industrie et avec la possibilit\u00e9 [&hellip;]<\/p>\n","protected":false},"author":4,"featured_media":0,"parent":0,"menu_order":0,"comment_status":"closed","ping_status":"closed","template":"","meta":{"footnotes":""},"class_list":["post-189","page","type-page","status-publish","hentry"],"_links":{"self":[{"href":"https:\/\/cmu-edu.eu\/fr\/wp-json\/wp\/v2\/pages\/189","targetHints":{"allow":["GET"]}}],"collection":[{"href":"https:\/\/cmu-edu.eu\/fr\/wp-json\/wp\/v2\/pages"}],"about":[{"href":"https:\/\/cmu-edu.eu\/fr\/wp-json\/wp\/v2\/types\/page"}],"author":[{"embeddable":true,"href":"https:\/\/cmu-edu.eu\/fr\/wp-json\/wp\/v2\/users\/4"}],"replies":[{"embeddable":true,"href":"https:\/\/cmu-edu.eu\/fr\/wp-json\/wp\/v2\/comments?post=189"}],"version-history":[{"count":5,"href":"https:\/\/cmu-edu.eu\/fr\/wp-json\/wp\/v2\/pages\/189\/revisions"}],"predecessor-version":[{"id":195,"href":"https:\/\/cmu-edu.eu\/fr\/wp-json\/wp\/v2\/pages\/189\/revisions\/195"}],"wp:attachment":[{"href":"https:\/\/cmu-edu.eu\/fr\/wp-json\/wp\/v2\/media?parent=189"}],"curies":[{"name":"wp","href":"https:\/\/api.w.org\/{rel}","templated":true}]}}