{"id":202,"date":"2022-06-27T09:41:33","date_gmt":"2022-06-27T09:41:33","guid":{"rendered":"https:\/\/cmu-edu.eu\/fr\/?page_id=202"},"modified":"2022-06-27T09:47:09","modified_gmt":"2022-06-27T09:47:09","slug":"systemes-electriques-avances","status":"publish","type":"page","link":"https:\/\/cmu-edu.eu\/fr\/systemes-electriques-avances\/","title":{"rendered":"Syst\u00e8mes \u00c9lectriques Avanc\u00e9s"},"content":{"rendered":"<div class=\"clearfix ap-row\"><div class=\"ap_column ap-span4\"><h2>Syst\u00e8mes \u00e9lectriques avanc\u00e9s<\/h2>\n<p>La strat\u00e9gie \u00e9conomique de la Roumanie et de Constan\u0163a n\u00e9cessite l&#8217;existence de programmes de ma\u00eetrise, qui assurent la formation et le perfectionnement du personnel avec une formation sup\u00e9rieure, avec des comp\u00e9tences et des capacit\u00e9s sup\u00e9rieures dans le domaine de l&#8217;\u00e9lectrotechnique.<\/p>\n<p>Le programme d&#8217;\u00e9tudes Syst\u00e8mes \u00e9lectriques avanc\u00e9s r\u00e9pond aux besoins de notre march\u00e9 du travail dans le pays et \u00e0 l&#8217;\u00e9volution g\u00e9n\u00e9rale de ce march\u00e9, \u00e0 travers ses points forts, un programme de ma\u00eetrise approfondi, une facult\u00e9 caract\u00e9ris\u00e9e par une haute comp\u00e9tence, une recherche scientifique appliqu\u00e9e fondamentale et de haut niveau, la base mat\u00e9rielle en modernisation continue, l&#8217;int\u00e9gration dans l&#8217;espace europ\u00e9en de l&#8217;\u00e9ducation et de la recherche.<\/p>\n<p>Pour les programmes d&#8217;\u00e9tudes dans le domaine du ing\u00e9nierie \u00e9lectrique, la facult\u00e9 dispose d&#8217;une base mat\u00e9rielle importante, r\u00e9alis\u00e9e principalement par le biais de programmes europ\u00e9ens, de programmes de recherche nationaux et de subventions et de fonds d&#8217;investissement du budget de l&#8217;\u00c9tat, disposant de laboratoires efficaces dans lesquels les activit\u00e9s d&#8217;enseignement sont men\u00e9es. Sujets de laboratoire, Machines \u00e9lectriques sp\u00e9ciales, Actionneurs \u00e9lectriques, Technologie haute tension, ing\u00e9nierie \u00e9lectrique, M\u00e9thodes num\u00e9riques, Mesures \u00e9lectriques, Compatibilit\u00e9 \u00e9lectromagn\u00e9tique, Appareils et \u00e9quipements \u00e9lectriques;<\/p>\n<p>Dans les laboratoires informatiques, les \u00e9tudiants ont la possibilit\u00e9 d&#8217;apprendre divers langages de programmation C ++, LabVIEW, et de conna\u00eetre et d&#8217;utiliser les plates-formes logicielles MATLAB, SIMULINK, CASPOC.<\/p>\n<p>Une r\u00e9alisation notable est &#8220;l&#8217;installation complexe avec diff\u00e9rentes sources d&#8217;\u00e9nergie renouvelable avec une fonctionnalit\u00e9 sur et hors r\u00e9seau afin d&#8217;analyser la qualit\u00e9 de l&#8217;\u00e9lectricit\u00e9 dans un r\u00e9seau intelligent&#8221; r\u00e9alis\u00e9e \u00e0 la base nautique de l&#8217;universit\u00e9 un syst\u00e8me combin\u00e9 d&#8217;\u00e9nergie \u00e9olienne renouvelable g\u00e9n\u00e9rateur d&#8217;\u00e9nergie -photovolta\u00efque-moteur. Le syst\u00e8me a \u00e9t\u00e9 enti\u00e8rement con\u00e7u et construit \u00e0 UMC pour les tests combin\u00e9s d&#8217;efficacit\u00e9 de fonctionnement sur r\u00e9seau et hors r\u00e9seau.<\/p>\n<p>Le g\u00e9n\u00e9rateur photovolta\u00efque se compose de 21 panneaux photovolta\u00efques polycristallins totalisant 5 000 W, qui alimentent directement un onduleur r\u00e9seau Sunny Tripower de 5,5 kW de type STP 500TL-20 produit par SMA, et alimentent normalement en \u00e9nergie le r\u00e9seau triphas\u00e9 d&#8217;UMC. Cet onduleur fonctionne avec un syst\u00e8me de trois onduleurs hors r\u00e9seau Sunny Island 4.4M-12 de 3,5 kW chacun, permettant ainsi un fonctionnement en syst\u00e8me triphas\u00e9 en mode r\u00e9seau et hors r\u00e9seau. La gestion de l&#8217;ensemble du syst\u00e8me d&#8217;onduleurs est assur\u00e9e par le premier onduleur Sunny Island \u00e0 gauche, qui est configur\u00e9 comme Master.<\/p>\n<p>La facult\u00e9 dispose, au sein de ses propres biblioth\u00e8ques, d&#8217;un pr\u00e9cieux fonds de livres &#8211; plus de 3700 volumes dans le domaine et facilite l&#8217;acc\u00e8s \u00e0 la litt\u00e9rature sp\u00e9cialis\u00e9e gr\u00e2ce \u00e0 ANELIS Plus l<\/p><\/div>\n<div class=\"ap_column ap-span2\"><h2>QU&#8217;EST-CE QUE VOUS \u00c9TUDIEZ<\/h2>\n<p>Le programme interdisciplinaire est repr\u00e9sent\u00e9 par Mod\u00e8les pour r\u00e9gime dynamique, Syst\u00e8mes de stockage d&#8217;\u00e9lectricit\u00e9, R\u00e9gime transitoire des appareils \u00e9lectriques, Structures avanc\u00e9es en \u00e9lectronique de puissance, Applications techniques du champ magn\u00e9tique, Syst\u00e8mes intelligents de supervision, de gestion et de contr\u00f4le des installations \u00e9lectriques;<\/p>\n<ul class=\"lista-doi\">\n<li>Surveillance de la qualit\u00e9 de l&#8217;\u00e9lectricit\u00e9<\/li>\n<li>Syst\u00e8mes de stockage d&#8217;\u00e9lectricit\u00e9<\/li>\n<li>R\u00e9gime transitoire des appareils \u00e9lectriques<\/li>\n<li>Structures avanc\u00e9es en \u00e9lectronique de puissance<\/li>\n<li>Applications techniques du champ magn\u00e9tique<\/li>\n<li>Syst\u00e8mes intelligents pour la supervision, la gestion et le contr\u00f4le des installations \u00e9lectriques<\/li>\n<\/ul><\/div><\/div>\n<div style=\"background-color: #f5f5f5;padding: 10px;text-align: center\">\n<h1 style=\"padding-bottom: 30px\">AVANTAGES<\/h1>\n<p><div class=\"clearfix ap-row\"><div class=\"ap_column ap-span2\"><div style=\"background-color: #ffffff;padding: 10px;margin: 10px;height: 260px\">\n<h3>Reconnaissance internationale.<\/h3>\n<p>Le master est reconnu internationalement, vous donnant la possibilit\u00e9 d&#8217;\u00eatre employ\u00e9 partout dans le monde.<\/p>\n<\/div><\/div>\n<div class=\"ap_column ap-span2\"><div style=\"background-color: #ffffff;padding: 10px;margin: 10px;height: 260px\">\n<h3>Opportunit\u00e9s d&#8217;\u00e9tudes \u00e0 l&#8217;\u00e9tranger<\/h3>\n<p>Beaucoup de nos \u00e9tudiants choisissent d&#8217;\u00e9tudier un semestre dans l&#8217;une des facult\u00e9s partenaires, b\u00e9n\u00e9ficiant de la bourse ERASMUS.<\/p>\n<\/div><\/div>\n<div class=\"ap_column ap-span2\"><div style=\"background-color: #ffffff;padding: 10px;margin: 10px;height: 260px\">\n<h3>Flexibilit\u00e9<\/h3>\n<p>Si pendant vos \u00e9tudes universitaires vous effectuez votre stage \u00e0 bord du navire, nous vous offrons la possibilit\u00e9 d&#8217;\u00e9tudier on line sur le campus virtuel. Vous b\u00e9n\u00e9ficierez d&#8217;une session ouverte et vous pourrez reprogrammer et passer les examens \u00e0 votre retour au pays.<\/p>\n<\/div><\/div><\/div><br \/>\n<div class=\"clearfix ap-row\"><div class=\"ap_column ap-span6\"><div style=\"background-color: #ffffff;padding: 10px;margin: 10px;height: 260px\">\n<h3>Alternatives<\/h3>\n<p>Tous nos dipl\u00f4m\u00e9s peuvent choisir entre une carri\u00e8re en mer ou \u00e0 terre.<\/p>\n<h3>Conseil et orientation professionnelle<\/h3>\n<p>Nos \u00e9tudiants b\u00e9n\u00e9ficient de conseils professionnels et d&#8217;un accompagnement pour leur int\u00e9gration sur le march\u00e9 du travail.<\/p>\n<\/div><\/div><\/div><\/p>\n<\/div>\n<div style=\"background-color: #ffffff;padding: 10px;margin: 10px\">\n<div class=\"clearfix ap-row\"><h3>Les Laboratoires les plus performants<\/h3>\n<ul class=\"lista-doi\">\n<li>Entra\u00eenements \u00e9lectriques<\/li>\n<li>Technique haute tension<\/li>\n<li>Voiture \u00e9lectrique<\/li>\n<li>Sources d&#8217;\u00e9nergie renouvelables<\/li>\n<\/ul>\n<hr class=\"ap-spacing\" style=\"height:10px\"\/>\n<p><div class=\"clearfix ap-row\"><\/div>\n<div class=\"ap_column ap-span6\"><p><img loading=\"lazy\" decoding=\"async\" class=\"alignnone size-full wp-image-1174\" src=\"https:\/\/cmu-edu.eu\/electromecanica\/wp-content\/uploads\/sites\/19\/2022\/03\/poza-sea.jpg\" alt=\"\" width=\"1737\" height=\"500\" \/><\/p><\/div><\/div>\n<div style=\"background-color: #ffcb74;padding: 10px\">\n<h2>OPPORTUNIT\u00c9S DE CARRI\u00c8RE<\/h2>\n<p>Les dipl\u00f4m\u00e9s de ce programme d&#8217;\u00e9tudes peuvent entrer rapidement sur le march\u00e9 du travail en Roumanie et \u00e0 l&#8217;\u00e9tranger. Professions du COR:<\/p>\n<ul>\n<li>RECHERCHE EN ING\u00c9NIERIE \u00c9LECTRIQUE 215122<\/li>\n<li>ING\u00c9NIEUR \u00c9LECTRIQUE 215105<\/li>\n<li>RECHERCHEUR EN ING\u00c9NIERIE \u00c9LECTRIQUE 215121<\/li>\n<\/ul>\n<p>Programme de Master Syst\u00e8mes \u00e9lectriques avanc\u00e9s, sp\u00e9cialisation int\u00e9gr\u00e9e dans la structure de la Facult\u00e9 d&#8217;\u00e9lectrom\u00e9canique navale, assure la formation et le perfectionnement de sp\u00e9cialistes ayant des \u00e9tudes techniques sup\u00e9rieures pour la recherche, la conception, la construction et l&#8217;exploitation en g\u00e9nie \u00e9lectrique gr\u00e2ce \u00e0 une formation universitaire construite sur des crit\u00e8res de performance des syst\u00e8mes europ\u00e9ens.<\/p>\n<\/div>\n<hr class=\"ap-spacing\" style=\"height:10px\"\/>\n<h2>Contact<\/h2>\n<ul class=\"lista-doi\">\n<li>CONTACT<\/li>\n<li>E-mail: info@cmu-edu.eu<\/li>\n<li>Tel: +40241664740<\/li>\n<li>Mircea cel B\u0103tr\u00e2n, nr 104<\/li>\n<li>Constanta<\/li>\n<\/ul>\n<\/div>\n","protected":false},"excerpt":{"rendered":"<p>AVANTAGES OPPORTUNIT\u00c9S DE CARRI\u00c8RE Les dipl\u00f4m\u00e9s de ce programme d&#8217;\u00e9tudes peuvent entrer rapidement sur le march\u00e9 du travail en Roumanie et \u00e0 l&#8217;\u00e9tranger. Professions du COR: RECHERCHE EN ING\u00c9NIERIE \u00c9LECTRIQUE 215122 ING\u00c9NIEUR \u00c9LECTRIQUE 215105 RECHERCHEUR EN ING\u00c9NIERIE \u00c9LECTRIQUE 215121 Programme de Master Syst\u00e8mes \u00e9lectriques avanc\u00e9s, sp\u00e9cialisation int\u00e9gr\u00e9e dans la structure de la Facult\u00e9 d&#8217;\u00e9lectrom\u00e9canique navale, [&hellip;]<\/p>\n","protected":false},"author":4,"featured_media":0,"parent":0,"menu_order":0,"comment_status":"closed","ping_status":"closed","template":"","meta":{"footnotes":""},"class_list":["post-202","page","type-page","status-publish","hentry"],"_links":{"self":[{"href":"https:\/\/cmu-edu.eu\/fr\/wp-json\/wp\/v2\/pages\/202","targetHints":{"allow":["GET"]}}],"collection":[{"href":"https:\/\/cmu-edu.eu\/fr\/wp-json\/wp\/v2\/pages"}],"about":[{"href":"https:\/\/cmu-edu.eu\/fr\/wp-json\/wp\/v2\/types\/page"}],"author":[{"embeddable":true,"href":"https:\/\/cmu-edu.eu\/fr\/wp-json\/wp\/v2\/users\/4"}],"replies":[{"embeddable":true,"href":"https:\/\/cmu-edu.eu\/fr\/wp-json\/wp\/v2\/comments?post=202"}],"version-history":[{"count":5,"href":"https:\/\/cmu-edu.eu\/fr\/wp-json\/wp\/v2\/pages\/202\/revisions"}],"predecessor-version":[{"id":208,"href":"https:\/\/cmu-edu.eu\/fr\/wp-json\/wp\/v2\/pages\/202\/revisions\/208"}],"wp:attachment":[{"href":"https:\/\/cmu-edu.eu\/fr\/wp-json\/wp\/v2\/media?parent=202"}],"curies":[{"name":"wp","href":"https:\/\/api.w.org\/{rel}","templated":true}]}}