{"id":41,"date":"2019-01-29T07:16:17","date_gmt":"2019-01-29T07:16:17","guid":{"rendered":"https:\/\/cmu-edu.eu\/fr\/?page_id=41"},"modified":"2019-01-29T07:24:08","modified_gmt":"2019-01-29T07:24:08","slug":"renseignements-sur-lhebergement","status":"publish","type":"page","link":"https:\/\/cmu-edu.eu\/fr\/renseignements-sur-lhebergement\/","title":{"rendered":"Renseignements sur l\u2019h\u00e9bergement"},"content":{"rendered":"<p>On peut h\u00e9berger les \u00e9tudiants dans la r\u00e9sidence universitaire. Les places d\u2019h\u00e9bergement sont offertes aux \u00e9tudiants selon le principe &#8220;le premier arriv\u00e9, le premier servi&#8221;.<\/p>\n<p>L\u2019acc\u00e8s \u00e0 l\u2019Internet est disponible dans toute la r\u00e9sidence universitaire.<\/p>\n<p>Le prix de la chambre d\u00e9pend du type de l\u2019appartement et de la dimension de la chambre.<\/p>\n<p><strong>H\u00e9bergement sp\u00e9cial<\/strong><br \/>\nLa Ligue des \u00c9tudiants de l\u2019Universit\u00e9 Maritime de Constan\u021ba va Vous aider \u00e0 trouver l\u2019h\u00e9bergement priv\u00e9 avant d\u2019arriver \u00e0 Constan\u021ba. Ceux \u2013 ci vont Vous mettre \u00e0 disposition quelques adresses, conseils, en tout cas, c\u2019est \u00e0 Vous la recherche.<\/p>\n<p>Une fois arriv\u00e9e, on peut visiter l\u2019Office de la Ligue des \u00c9tudiants (Universit\u00e9 Maritime de Constan\u021ba, horaire de travail: de lundi au vendredi, H. 14: 00-17: 00).<\/p>\n<p>L\u2019Universit\u00e9 Maritime de Constan\u0163a a prest\u00e9e une attention particuli\u00e8re \u00e0 l\u2019emploi efficace des ressources humaines, financi\u00e8res et patrimoniales propres, en vue d\u2019y garantir des conditions optimales pour ce qui tient \u00e0 l\u2019h\u00e9bergement des \u00e9tudiants dans les r\u00e9sidences universitaires propres, mais aussi pour avoir des solutions aux multiples probl\u00e8mes sociaux sp\u00e9cifiques au campus universitaire.<\/p>\n<p>Suite aux travaux de r\u00e9habilitation r\u00e9alis\u00e9s pendant la p\u00e9riode 2005-2006, l\u2019Universit\u00e9 Maritime de Constan\u0163a met \u00e0 la disposition des \u00e9tudiants plus de 500 places d\u2019h\u00e9bergement, en conditions bien modernes.<\/p>\n<h2>R\u00e9sidences universitaires<\/h2>\n<div class=\"clearfix ap-row\"><div class=\"ap_column ap-span3\"><h2>La r\u00e9sidence du SI\u00c8GE UMC-LAC SIUTGHIOL<\/h2>\n<p><code>\r\n\t<ul id=\"slideshowgallery2998\" class=\"slideshowgallery2998\" style=\"display:none;\">\r\n\t\t\t\t\t<!-- From all slides or gallery slides -->\r\n\t\t\t\t\t\t\t\r\n\t\t\t\t<li>\r\n\t\t\t\t\t<h3 style=\"opacity:70;\">MG_0001<\/h3>\r\n\t\t\t\t\t\t\t\t\t\t\t<span>https:\/\/cmu-edu.eu\/fr\/wp-content\/uploads\/sites\/23\/2019\/01\/MG_0001.jpg<\/span>\r\n\t\t\t\t\t\t\t\t\t\t<p><\/p>\r\n\t\t\t\t\t\t\t\t\t\t\t\t\t\t\t\t\t\t<a><\/a>\r\n\t\t\t\t\t\t\t\t\t\t\t\t\t\t\t<\/li>\r\n\t\t\t\t\t\t\t\r\n\t\t\t\t<li>\r\n\t\t\t\t\t<h3 style=\"opacity:70;\">MG_001<\/h3>\r\n\t\t\t\t\t\t\t\t\t\t\t<span>https:\/\/cmu-edu.eu\/fr\/wp-content\/uploads\/sites\/23\/2019\/01\/MG_001.jpg<\/span>\r\n\t\t\t\t\t\t\t\t\t\t<p><\/p>\r\n\t\t\t\t\t\t\t\t\t\t\t\t\t\t\t\t\t\t<a><\/a>\r\n\t\t\t\t\t\t\t\t\t\t\t\t\t\t\t<\/li>\r\n\t\t\t\t\t\t\t\r\n\t\t\t\t<li>\r\n\t\t\t\t\t<h3 style=\"opacity:70;\">MG_0002<\/h3>\r\n\t\t\t\t\t\t\t\t\t\t\t<span>https:\/\/cmu-edu.eu\/fr\/wp-content\/uploads\/sites\/23\/2019\/01\/MG_0002.jpg<\/span>\r\n\t\t\t\t\t\t\t\t\t\t<p><\/p>\r\n\t\t\t\t\t\t\t\t\t\t\t\t\t\t\t\t\t\t<a><\/a>\r\n\t\t\t\t\t\t\t\t\t\t\t\t\t\t\t<\/li>\r\n\t\t\t\t\t\t\t\r\n\t\t\t\t<li>\r\n\t\t\t\t\t<h3 style=\"opacity:70;\">MG_002<\/h3>\r\n\t\t\t\t\t\t\t\t\t\t\t<span>https:\/\/cmu-edu.eu\/fr\/wp-content\/uploads\/sites\/23\/2019\/01\/MG_002.jpg<\/span>\r\n\t\t\t\t\t\t\t\t\t\t<p><\/p>\r\n\t\t\t\t\t\t\t\t\t\t\t\t\t\t\t\t\t\t<a><\/a>\r\n\t\t\t\t\t\t\t\t\t\t\t\t\t\t\t<\/li>\r\n\t\t\t\t\t\t\t\r\n\t\t\t\t<li>\r\n\t\t\t\t\t<h3 style=\"opacity:70;\">MG_0003<\/h3>\r\n\t\t\t\t\t\t\t\t\t\t\t<span>https:\/\/cmu-edu.eu\/fr\/wp-content\/uploads\/sites\/23\/2019\/01\/MG_0003.jpg<\/span>\r\n\t\t\t\t\t\t\t\t\t\t<p><\/p>\r\n\t\t\t\t\t\t\t\t\t\t\t\t\t\t\t\t\t\t<a><\/a>\r\n\t\t\t\t\t\t\t\t\t\t\t\t\t\t\t<\/li>\r\n\t\t\t\t\t\t\t\r\n\t\t\t\t<li>\r\n\t\t\t\t\t<h3 style=\"opacity:70;\">MG_003<\/h3>\r\n\t\t\t\t\t\t\t\t\t\t\t<span>https:\/\/cmu-edu.eu\/fr\/wp-content\/uploads\/sites\/23\/2019\/01\/MG_003.jpg<\/span>\r\n\t\t\t\t\t\t\t\t\t\t<p><\/p>\r\n\t\t\t\t\t\t\t\t\t\t\t\t\t\t\t\t\t\t<a><\/a>\r\n\t\t\t\t\t\t\t\t\t\t\t\t\t\t\t<\/li>\r\n\t\t\t\t\t\t\t\r\n\t\t\t\t<li>\r\n\t\t\t\t\t<h3 style=\"opacity:70;\">MG_004<\/h3>\r\n\t\t\t\t\t\t\t\t\t\t\t<span>https:\/\/cmu-edu.eu\/fr\/wp-content\/uploads\/sites\/23\/2019\/01\/MG_004.jpg<\/span>\r\n\t\t\t\t\t\t\t\t\t\t<p><\/p>\r\n\t\t\t\t\t\t\t\t\t\t\t\t\t\t\t\t\t\t<a><\/a>\r\n\t\t\t\t\t\t\t\t\t\t\t\t\t\t\t<\/li>\r\n\t\t\t\t\t\t\t\r\n\t\t\t\t<li>\r\n\t\t\t\t\t<h3 style=\"opacity:70;\">MG_005<\/h3>\r\n\t\t\t\t\t\t\t\t\t\t\t<span>https:\/\/cmu-edu.eu\/fr\/wp-content\/uploads\/sites\/23\/2019\/01\/MG_005.jpg<\/span>\r\n\t\t\t\t\t\t\t\t\t\t<p><\/p>\r\n\t\t\t\t\t\t\t\t\t\t\t\t\t\t\t\t\t\t<a><\/a>\r\n\t\t\t\t\t\t\t\t\t\t\t\t\t\t\t<\/li>\r\n\t\t\t\t\t\t<\/ul>\r\n\t\r\n\t<div id=\"slideshow-wrappergallery2998\" class=\"slideshow-wrapper\">\r\n\t\t\t\r\n\t\t<div class=\"slideshow-fullsize\" id=\"fullsizegallery2998\">\r\n\t\t\t\t\t\t\t\t\t\t\t\t\t\t<div id=\"imgprevgallery2998\" class=\"slideshow-imgprev imgnav\" title=\"Previous Image\">Previous Image<\/div>\r\n\t\t\t\t\t\t<a id=\"imglinkgallery2998\" class=\"slideshow-imglink imglink\"><!-- link --><\/a>\r\n\t\t\t\t\t\t\t\t\t\t\t<div id=\"imgnextgallery2998\" class=\"slideshow-imgnext imgnav\" title=\"Next Image\">Next Image<\/div>\r\n\t\t\t\t\t\t<div id=\"imagegallery2998\" class=\"slideshow-image\"><\/div>\r\n\t\t\t\t\t<\/div>\r\n\t\t\r\n\t\t\t<\/div>\r\n\t\r\n\t<!-- Slideshow Gallery Javascript BEG -->\t\r\n\t<script type=\"text\/javascript\">\r\n\tjQuery.noConflict();\r\n\ttid('slideshowgallery2998').style.display = \"none\";\r\n\ttid('slideshow-wrappergallery2998').style.display = 'block';\r\n\ttid('slideshow-wrappergallery2998').style.visibility = 'hidden';\r\n\tjQuery(\"#fullsizegallery2998\").append('<div id=\"spinnergallery2998\"><img decoding=\"async\" src=\"https:\/\/cmu-edu.eu\/fr\/wp-content\/plugins\/slideshow-gallery\/images\/spinner.gif\"><\/div>');\r\n\ttid('spinnergallery2998').style.visibility = 'visible';\r\n\r\n\tvar slideshowgallery2998 = new TINY.slideshow(\"slideshowgallery2998\");\r\n\tjQuery(document).ready(function() {\r\n\t\tslideshowgallery2998.auto = true;\t\tslideshowgallery2998.speed = 10;\r\n\t\tslideshowgallery2998.effect = \"fade\";\r\n\t\tslideshowgallery2998.slide_direction = \"lr\";\r\n\t\tslideshowgallery2998.easing = \"swing\";\r\n\t\tslideshowgallery2998.alwaysauto = true;\r\n\t\tslideshowgallery2998.autoheight = false;\r\n\t\tslideshowgallery2998.imgSpeed = 20;\r\n\t\tslideshowgallery2998.navOpacity = 25;\r\n\t\tslideshowgallery2998.navHover = 75;\r\n\t\tslideshowgallery2998.letterbox = \"#000000\";\r\n\t\tslideshowgallery2998.linkclass = \"linkhover\";\r\n\t\tslideshowgallery2998.imagesid = \"imagesgallery2998\";\r\n\t\tslideshowgallery2998.info = \"\";\r\n\t\tslideshowgallery2998.infoSpeed = 10;\r\n\t\tslideshowgallery2998.thumbs = \"\";\r\n\t\tslideshowgallery2998.thumbOpacity = 70;\r\n\t\tslideshowgallery2998.left = \"slideleftgallery2998\";\r\n\t\tslideshowgallery2998.right = \"sliderightgallery2998\";\r\n\t\tslideshowgallery2998.scrollSpeed = 5;\r\n\t\tslideshowgallery2998.spacing = 5;\r\n\t\tslideshowgallery2998.active = \"\";\r\n\t\tslideshowgallery2998.imagesthickbox = \"false\";\r\n\t\tjQuery(\"#spinnergallery2998\").remove();\r\n\t\tslideshowgallery2998.init(\"slideshowgallery2998\",\"imagegallery2998\",\"imgprevgallery2998\",\"imgnextgallery2998\",\"imglinkgallery2998\");\r\n\t\ttid('slideshow-wrappergallery2998').style.visibility = 'visible';\r\n\t\tjQuery(window).trigger('resize');\r\n\t});\r\n\t\r\n\t\t\tjQuery(window).resize(function() {\r\n\t\t\tvar width = jQuery('#slideshow-wrappergallery2998').width();\r\n\t\t\tvar resheight = 50;\r\n\t\t\tvar height = Math.round(((resheight \/ 100) * width));\r\n\t\t\tjQuery('#fullsizegallery2998').height(height);\r\n\t\t});\r\n\t\t<\/script>\r\n\t\r\n\t<!-- Slideshow Gallery Javascript END --><!-- Slideshow Gallery CSS BEG -->\t\r\n\t\t\r\n\t<link rel=\"stylesheet\" property=\"stylesheet\" href=\"https:\/\/cmu-edu.eu\/fr\/wp-content\/plugins\/slideshow-gallery\/views\/default\/css-responsive.php?layout=responsive&amp;resheight=50&amp;resheighttype=%25&amp;resizeimages=Y&amp;width=450&amp;height=250&amp;border=1px+solid+%23CCCCCC&amp;background=%23000000&amp;infobackground=%23000000&amp;infocolor=%23ffffff&amp;thumbactive=&amp;unique=gallery2998&amp;wrapperid=slideshow-wrappergallery2998&amp;autoheight=false&amp;thumbwidth=100&amp;thumbheight=75&amp;sliderwidth=888&amp;infohideonmobile=1\" type=\"text\/css\" media=\"all\" \/>\r\n\t\r\n\t<!--[if IE 6]>\r\n\t<style type=\"text\/css\">\r\n\t.imglink, #imglink { display: none !important; }\r\n\t.linkhover { display: none !important; }\r\n\t<\/style>\r\n\t<![endif]-->\r\n\t\r\n\t<!-- Slideshow Gallery CSS END --><\/code>\nnouvel b\u00e2timent, o\u00f9 l\u2019on a des places d\u2019h\u00e9bergement bien modernes, 1 laverie, 1 r\u00e9seau de c\u00e2blage Internet, salle \u00e0 manger, mise en service l\u2019ann\u00e9e 2011.<\/p>\n<p>Les lieux d\u2019enseignement se trouvant dans le patrimoine de l\u2019UMC assurent aux \u00e9tudiants\/ MBA y immatricul\u00e9s la possibilit\u00e9 de continuer les \u00e9tudes en conditions optimales, en 3 salles de conf\u00e9rences, 8 salles de cours, 16 salles de s\u00e9minaire, 16 laboratoires moderne du si\u00e8ge central, aussi que 5 laboratoires dans le cadre de la Base Nautique, o\u00f9 l\u2019on a mis \u00e0 la disposition des \u00e9tudiants et MBA un moderne Laboratoire multifonctionnel avec \u00e9quipements \u00e9lectrom\u00e9caniques, un Laboratoire de Radiocommunications et T\u00e9l\u00e9visions, un Laboratoire de Microprocesseurs et Architecture des syst\u00e8mes de calcul, un Laboratoire de Microcontr\u00f4leurs, polygones d\u2019entra\u00eenement, terrain de football, tennis, salle de sport.<\/p><\/div>\n<div class=\"ap_column ap-span3\"><h2>La r\u00e9sidence universitaire FAR 3<\/h2>\n<p><code>\r\n\t<ul id=\"slideshowgallery1261\" class=\"slideshowgallery1261\" style=\"display:none;\">\r\n\t\t\t\t\t<!-- From all slides or gallery slides -->\r\n\t\t\t\t\t\t\t\r\n\t\t\t\t<li>\r\n\t\t\t\t\t<h3 style=\"opacity:70;\">01<\/h3>\r\n\t\t\t\t\t\t\t\t\t\t\t<span>https:\/\/cmu-edu.eu\/fr\/wp-content\/uploads\/sites\/23\/2019\/01\/01.jpg<\/span>\r\n\t\t\t\t\t\t\t\t\t\t<p><\/p>\r\n\t\t\t\t\t\t\t\t\t\t\t\t\t\t\t\t\t\t<a><\/a>\r\n\t\t\t\t\t\t\t\t\t\t\t\t\t\t\t<\/li>\r\n\t\t\t\t\t\t\t\r\n\t\t\t\t<li>\r\n\t\t\t\t\t<h3 style=\"opacity:70;\">02<\/h3>\r\n\t\t\t\t\t\t\t\t\t\t\t<span>https:\/\/cmu-edu.eu\/fr\/wp-content\/uploads\/sites\/23\/2019\/01\/02.jpg<\/span>\r\n\t\t\t\t\t\t\t\t\t\t<p><\/p>\r\n\t\t\t\t\t\t\t\t\t\t\t\t\t\t\t\t\t\t<a><\/a>\r\n\t\t\t\t\t\t\t\t\t\t\t\t\t\t\t<\/li>\r\n\t\t\t\t\t\t\t\r\n\t\t\t\t<li>\r\n\t\t\t\t\t<h3 style=\"opacity:70;\">03<\/h3>\r\n\t\t\t\t\t\t\t\t\t\t\t<span>https:\/\/cmu-edu.eu\/fr\/wp-content\/uploads\/sites\/23\/2019\/01\/03.jpg<\/span>\r\n\t\t\t\t\t\t\t\t\t\t<p><\/p>\r\n\t\t\t\t\t\t\t\t\t\t\t\t\t\t\t\t\t\t<a><\/a>\r\n\t\t\t\t\t\t\t\t\t\t\t\t\t\t\t<\/li>\r\n\t\t\t\t\t\t\t\r\n\t\t\t\t<li>\r\n\t\t\t\t\t<h3 style=\"opacity:70;\">04<\/h3>\r\n\t\t\t\t\t\t\t\t\t\t\t<span>https:\/\/cmu-edu.eu\/fr\/wp-content\/uploads\/sites\/23\/2019\/01\/04.jpg<\/span>\r\n\t\t\t\t\t\t\t\t\t\t<p><\/p>\r\n\t\t\t\t\t\t\t\t\t\t\t\t\t\t\t\t\t\t<a><\/a>\r\n\t\t\t\t\t\t\t\t\t\t\t\t\t\t\t<\/li>\r\n\t\t\t\t\t\t\t\r\n\t\t\t\t<li>\r\n\t\t\t\t\t<h3 style=\"opacity:70;\">05<\/h3>\r\n\t\t\t\t\t\t\t\t\t\t\t<span>https:\/\/cmu-edu.eu\/fr\/wp-content\/uploads\/sites\/23\/2019\/01\/05.jpg<\/span>\r\n\t\t\t\t\t\t\t\t\t\t<p><\/p>\r\n\t\t\t\t\t\t\t\t\t\t\t\t\t\t\t\t\t\t<a><\/a>\r\n\t\t\t\t\t\t\t\t\t\t\t\t\t\t\t<\/li>\r\n\t\t\t\t\t\t<\/ul>\r\n\t\r\n\t<div id=\"slideshow-wrappergallery1261\" class=\"slideshow-wrapper\">\r\n\t\t\t\r\n\t\t<div class=\"slideshow-fullsize\" id=\"fullsizegallery1261\">\r\n\t\t\t\t\t\t\t\t\t\t\t\t\t\t<div id=\"imgprevgallery1261\" class=\"slideshow-imgprev imgnav\" title=\"Previous Image\">Previous Image<\/div>\r\n\t\t\t\t\t\t<a id=\"imglinkgallery1261\" class=\"slideshow-imglink imglink\"><!-- link --><\/a>\r\n\t\t\t\t\t\t\t\t\t\t\t<div id=\"imgnextgallery1261\" class=\"slideshow-imgnext imgnav\" title=\"Next Image\">Next Image<\/div>\r\n\t\t\t\t\t\t<div id=\"imagegallery1261\" class=\"slideshow-image\"><\/div>\r\n\t\t\t\t\t<\/div>\r\n\t\t\r\n\t\t\t<\/div>\r\n\t\r\n\t<!-- Slideshow Gallery Javascript BEG -->\t\r\n\t<script type=\"text\/javascript\">\r\n\tjQuery.noConflict();\r\n\ttid('slideshowgallery1261').style.display = \"none\";\r\n\ttid('slideshow-wrappergallery1261').style.display = 'block';\r\n\ttid('slideshow-wrappergallery1261').style.visibility = 'hidden';\r\n\tjQuery(\"#fullsizegallery1261\").append('<div id=\"spinnergallery1261\"><img decoding=\"async\" src=\"https:\/\/cmu-edu.eu\/fr\/wp-content\/plugins\/slideshow-gallery\/images\/spinner.gif\"><\/div>');\r\n\ttid('spinnergallery1261').style.visibility = 'visible';\r\n\r\n\tvar slideshowgallery1261 = new TINY.slideshow(\"slideshowgallery1261\");\r\n\tjQuery(document).ready(function() {\r\n\t\tslideshowgallery1261.auto = true;\t\tslideshowgallery1261.speed = 10;\r\n\t\tslideshowgallery1261.effect = \"fade\";\r\n\t\tslideshowgallery1261.slide_direction = \"lr\";\r\n\t\tslideshowgallery1261.easing = \"swing\";\r\n\t\tslideshowgallery1261.alwaysauto = true;\r\n\t\tslideshowgallery1261.autoheight = false;\r\n\t\tslideshowgallery1261.imgSpeed = 20;\r\n\t\tslideshowgallery1261.navOpacity = 25;\r\n\t\tslideshowgallery1261.navHover = 75;\r\n\t\tslideshowgallery1261.letterbox = \"#000000\";\r\n\t\tslideshowgallery1261.linkclass = \"linkhover\";\r\n\t\tslideshowgallery1261.imagesid = \"imagesgallery1261\";\r\n\t\tslideshowgallery1261.info = \"\";\r\n\t\tslideshowgallery1261.infoSpeed = 10;\r\n\t\tslideshowgallery1261.thumbs = \"\";\r\n\t\tslideshowgallery1261.thumbOpacity = 70;\r\n\t\tslideshowgallery1261.left = \"slideleftgallery1261\";\r\n\t\tslideshowgallery1261.right = \"sliderightgallery1261\";\r\n\t\tslideshowgallery1261.scrollSpeed = 5;\r\n\t\tslideshowgallery1261.spacing = 5;\r\n\t\tslideshowgallery1261.active = \"\";\r\n\t\tslideshowgallery1261.imagesthickbox = \"false\";\r\n\t\tjQuery(\"#spinnergallery1261\").remove();\r\n\t\tslideshowgallery1261.init(\"slideshowgallery1261\",\"imagegallery1261\",\"imgprevgallery1261\",\"imgnextgallery1261\",\"imglinkgallery1261\");\r\n\t\ttid('slideshow-wrappergallery1261').style.visibility = 'visible';\r\n\t\tjQuery(window).trigger('resize');\r\n\t});\r\n\t\r\n\t\t\tjQuery(window).resize(function() {\r\n\t\t\tvar width = jQuery('#slideshow-wrappergallery1261').width();\r\n\t\t\tvar resheight = 50;\r\n\t\t\tvar height = Math.round(((resheight \/ 100) * width));\r\n\t\t\tjQuery('#fullsizegallery1261').height(height);\r\n\t\t});\r\n\t\t<\/script>\r\n\t\r\n\t<!-- Slideshow Gallery Javascript END --><!-- Slideshow Gallery CSS BEG -->\t\r\n\t\t\r\n\t<link rel=\"stylesheet\" property=\"stylesheet\" href=\"https:\/\/cmu-edu.eu\/fr\/wp-content\/plugins\/slideshow-gallery\/views\/default\/css-responsive.php?layout=responsive&amp;resheight=50&amp;resheighttype=%25&amp;resizeimages=Y&amp;width=450&amp;height=250&amp;border=1px+solid+%23CCCCCC&amp;background=%23000000&amp;infobackground=%23000000&amp;infocolor=%23ffffff&amp;thumbactive=&amp;unique=gallery1261&amp;wrapperid=slideshow-wrappergallery1261&amp;autoheight=false&amp;thumbwidth=100&amp;thumbheight=75&amp;sliderwidth=555&amp;infohideonmobile=1\" type=\"text\/css\" media=\"all\" \/>\r\n\t\r\n\t<!--[if IE 6]>\r\n\t<style type=\"text\/css\">\r\n\t.imglink, #imglink { display: none !important; }\r\n\t.linkhover { display: none !important; }\r\n\t<\/style>\r\n\t<![endif]-->\r\n\t\r\n\t<!-- Slideshow Gallery CSS END --><\/code>\na une capacit\u00e9 de 278 places d\u2019h\u00e9bergement, 4 laveries, 4 espaces d\u00e9di\u00e9s \u00e0 la pr\u00e9paration des repas et 4 espaces \u00e0 manger, r\u00e9seau de c\u00e2blages Internet, 4 salles de lecture, r\u00e9am\u00e9nag\u00e9e l\u2019ann\u00e9e 2009. La r\u00e9sidence universitaire A2 a une capacit\u00e9 de 100 places d\u2019h\u00e9bergement, 1 laverie, r\u00e9seau de c\u00e2blage Internet, salle \u00e0 manger, r\u00e9am\u00e9nag\u00e9e l\u2019ann\u00e9e 2008.<\/div><\/div>\n<h2>Base Mat\u00e9rielle<\/h2>\n<p>Base Mat\u00e9rielle ADMINISTRATIVE<br \/>\nLa base mat\u00e9rielle a subi un d\u00e9veloppement en m\u00eame temps avec le d\u00e9veloppement g\u00e9n\u00e9ral de l\u2019universit\u00e9, en visant en permanence \u00e0 faire moderniser et renouveler les dotations pour la recherche et \u00e9ducation, r\u00e9aliser de nouveaux investissements, garantir des conditions ad\u00e9quates d\u2019apprentissage et de vie pour les \u00e9tudiants.<\/p>\n<p>On a enregistr\u00e9 une dynamique agressive en ce qui concerne la dotation avec outillages, appareillage et \u00e9quipements ind\u00e9pendants, r\u00e9parations capitales, modernisations et dotations des \u00e9tablissements d\u2019enseignement, aussi que des r\u00e9parations, modernisations, r\u00e9habilitations et investissements dans les r\u00e9sidences universitaires. Les fonds sur lesquels il a \u00e9t\u00e9 bas\u00e9 le d\u00e9veloppement g\u00e9n\u00e9ral du patrimoine son provenus soit des revenus budg\u00e9taires, soit des revenus propres.<\/p>\n<p>La base mat\u00e9rielle est compl\u00e9tement neuve, soumise successivement \u00e0 des processus de modernisation, conform\u00e9ment aux tendances enregistr\u00e9es dans l\u2019\u00e9volution de l\u2019enseignement sup\u00e9rieur et sp\u00e9cifiques \u00e0 ce type de formation. La base mat\u00e9rielle a \u00e9t\u00e9 d\u00e9velopp\u00e9e en m\u00eame temps avec le d\u00e9veloppement g\u00e9n\u00e9ral de l\u2019universit\u00e9, en visant en permanence \u00e0 faire moderniser et renouveler les dotations pour l\u2019\u00e9ducation et recherche, r\u00e9aliser des nouveaux investissements, garantir des conditions ad\u00e9quates pour l\u2019apprentissage et la vie des \u00e9tudiants.<\/p>\n<p>L\u2019Universit\u00e9 dispose des \u00e9quipements ad\u00e9quats, sp\u00e9cifiques \u00e0 l\u2019enseignement moderne, centr\u00e9 sur l\u2019\u00e9tudiant ; tous les amphith\u00e9\u00e2tres sont dot\u00e9s des \u00e9quipements multim\u00e9dias, en rendant ainsi possible d\u2019y mettre en \u0153uvres de m\u00e9thodes toujours nouvelles d\u2019enseignement ; tout d\u00e9partement dispose des laboratoires ad\u00e9quatement dot\u00e9s, selon les mati\u00e8res du plan d\u2019enseignement, et des salles d\u2019ordinateurs, connect\u00e9s \u00e0 l\u2019Internet.<\/p>\n","protected":false},"excerpt":{"rendered":"<p>On peut h\u00e9berger les \u00e9tudiants dans la r\u00e9sidence universitaire. Les places d\u2019h\u00e9bergement sont offertes aux \u00e9tudiants selon le principe &#8220;le premier arriv\u00e9, le premier servi&#8221;. L\u2019acc\u00e8s \u00e0 l\u2019Internet est disponible dans toute la r\u00e9sidence universitaire. Le prix de la chambre d\u00e9pend du type de l\u2019appartement et de la dimension de la chambre. H\u00e9bergement sp\u00e9cial La [&hellip;]<\/p>\n","protected":false},"author":4,"featured_media":0,"parent":0,"menu_order":0,"comment_status":"closed","ping_status":"closed","template":"","meta":{"footnotes":""},"class_list":["post-41","page","type-page","status-publish","hentry"],"_links":{"self":[{"href":"https:\/\/cmu-edu.eu\/fr\/wp-json\/wp\/v2\/pages\/41","targetHints":{"allow":["GET"]}}],"collection":[{"href":"https:\/\/cmu-edu.eu\/fr\/wp-json\/wp\/v2\/pages"}],"about":[{"href":"https:\/\/cmu-edu.eu\/fr\/wp-json\/wp\/v2\/types\/page"}],"author":[{"embeddable":true,"href":"https:\/\/cmu-edu.eu\/fr\/wp-json\/wp\/v2\/users\/4"}],"replies":[{"embeddable":true,"href":"https:\/\/cmu-edu.eu\/fr\/wp-json\/wp\/v2\/comments?post=41"}],"version-history":[{"count":4,"href":"https:\/\/cmu-edu.eu\/fr\/wp-json\/wp\/v2\/pages\/41\/revisions"}],"predecessor-version":[{"id":58,"href":"https:\/\/cmu-edu.eu\/fr\/wp-json\/wp\/v2\/pages\/41\/revisions\/58"}],"wp:attachment":[{"href":"https:\/\/cmu-edu.eu\/fr\/wp-json\/wp\/v2\/media?parent=41"}],"curies":[{"name":"wp","href":"https:\/\/api.w.org\/{rel}","templated":true}]}}