{"id":59,"date":"2019-01-29T07:27:44","date_gmt":"2019-01-29T07:27:44","guid":{"rendered":"https:\/\/cmu-edu.eu\/fr\/?page_id=59"},"modified":"2019-01-29T07:27:44","modified_gmt":"2019-01-29T07:27:44","slug":"cours-de-formation-professionnelle","status":"publish","type":"page","link":"https:\/\/cmu-edu.eu\/fr\/cours-de-formation-professionnelle\/","title":{"rendered":"Cours de formation professionnelle"},"content":{"rendered":"<p>L\u2019Universit\u00e9 Maritime de Constan\u0163a organise des cours de formation pour les \u00e9tudiants de l\u2019universit\u00e9 (cadets m\u00e9caniques) visant \u00e0 les faire se familiariser avec les op\u00e9rations de base dans le compartiment de machines, pour les officiers m\u00e9caniciens \u2013 les familiariser avec les op\u00e9rations emergency et d\u00e9fections \u2013 et pour les officiers manag\u00e9riaux (officiers I m\u00e9canicien et m\u00e9canicien en chef) pour faire optimiser les op\u00e9rations, organiser l\u2019\u00e9quipe de quart et faire \u00e9valuer les connaissances, en testant leur connaissances. <\/p>\n<p><strong>Pour pouvoir accomplir ces r\u00e9quisits, le simulateur de machine correspond pour:<\/strong><br \/>\n<ul class=\"ap-list ap-list4\"><li>des cours de formation de base et avanc\u00e9s pour les \u00e9tudiants, qui doivent aboutir \u00e0 la formation professionnelle d\u2019un haut niveau;<\/li>\n<li>des cours pour mettre \u00e0 jour les renseignements aux officiers et aux chefs m\u00e9caniciens;<\/li>\n<li>des cours de pr\u00e9paration pour les op\u00e9rations effectu\u00e9es li\u00e9es des installations m\u00e9caniques du navire, avec les \u00e9quipements auxiliaires vitaux;<\/li>\n<li>des \u00e9tudes d\u00e9taill\u00e9es par diverses \u00e9tapes du processus de fonctionnement des installations du navire;<\/li>\n<li>des cours de formations pour des situations d\u2019erreurs ou alarmes, faire d\u00e9montrer l\u2019impact des divers erreurs et d\u00e9fections sur l\u2019efficience totale des installations du navire;<\/li>\n<li>des cours de pr\u00e9paration pour op\u00e9rations de s\u00e9curit\u00e9 concernant les installations m\u00e9caniques du navire et l\u2019environnement.<\/li><\/ul><\/p>\n","protected":false},"excerpt":{"rendered":"<p>L\u2019Universit\u00e9 Maritime de Constan\u0163a organise des cours de formation pour les \u00e9tudiants de l\u2019universit\u00e9 (cadets m\u00e9caniques) visant \u00e0 les faire se familiariser avec les op\u00e9rations de base dans le compartiment de machines, pour les officiers m\u00e9caniciens \u2013 les familiariser avec les op\u00e9rations emergency et d\u00e9fections \u2013 et pour les officiers manag\u00e9riaux (officiers I m\u00e9canicien et [&hellip;]<\/p>\n","protected":false},"author":4,"featured_media":0,"parent":0,"menu_order":0,"comment_status":"closed","ping_status":"closed","template":"","meta":{"footnotes":""},"class_list":["post-59","page","type-page","status-publish","hentry"],"_links":{"self":[{"href":"https:\/\/cmu-edu.eu\/fr\/wp-json\/wp\/v2\/pages\/59","targetHints":{"allow":["GET"]}}],"collection":[{"href":"https:\/\/cmu-edu.eu\/fr\/wp-json\/wp\/v2\/pages"}],"about":[{"href":"https:\/\/cmu-edu.eu\/fr\/wp-json\/wp\/v2\/types\/page"}],"author":[{"embeddable":true,"href":"https:\/\/cmu-edu.eu\/fr\/wp-json\/wp\/v2\/users\/4"}],"replies":[{"embeddable":true,"href":"https:\/\/cmu-edu.eu\/fr\/wp-json\/wp\/v2\/comments?post=59"}],"version-history":[{"count":1,"href":"https:\/\/cmu-edu.eu\/fr\/wp-json\/wp\/v2\/pages\/59\/revisions"}],"predecessor-version":[{"id":60,"href":"https:\/\/cmu-edu.eu\/fr\/wp-json\/wp\/v2\/pages\/59\/revisions\/60"}],"wp:attachment":[{"href":"https:\/\/cmu-edu.eu\/fr\/wp-json\/wp\/v2\/media?parent=59"}],"curies":[{"name":"wp","href":"https:\/\/api.w.org\/{rel}","templated":true}]}}