{"id":61,"date":"2019-01-29T07:35:34","date_gmt":"2019-01-29T07:35:34","guid":{"rendered":"https:\/\/cmu-edu.eu\/fr\/?page_id=61"},"modified":"2019-01-29T07:35:34","modified_gmt":"2019-01-29T07:35:34","slug":"ressources-educationnelles","status":"publish","type":"page","link":"https:\/\/cmu-edu.eu\/fr\/ressources-educationnelles\/","title":{"rendered":"Ressources \u00c9ducationnelles"},"content":{"rendered":"<h2>Biblioth\u00e8que de l\u2019Universit\u00e9 Maritime de Constanta<\/h2>\n<p>La Biblioth\u00e8que fonctionne dans le cadre de la Biblioth\u00e8que D\u00e9partementale de Constan\u0163a, au rez-de-chauss\u00e9e, mais elle fonctionne autonomement, le personnel y embauch\u00e9 \u00e9tant subordonn\u00e9 \u00e0 l\u2019Universit\u00e9, le programme est \u00e9tabli par rapport \u00e0 la n\u00e9cessit\u00e9 des \u00e9tudiants, et les libres appartiennent \u00e0 l\u2019Universit\u00e9, y ayant un d\u00e9p\u00f4t propre.<\/p>\n<p>L\u2019Universit\u00e9 Maritime de Constan\u0163a a une biblioth\u00e8que moderne, l\u2019acc\u00e8s y \u00e9tant libre aux \u00e9tag\u00e8res, renseignements et l\u2019infrastructure de l\u2019IT.<br \/>\nOn a am\u00e9nag\u00e9 4 salles de lecture dans la r\u00e9sidence Far 3, y \u00e9tant 200 places, 2 salles de lecture dans la r\u00e9sidence universitaire du si\u00e8ge de Mamaia (mis en service l\u2019ann\u00e9e 2012), y \u00e9tant 100 places, une salle moderne de revues \u00e0 40 places et 20 places dans la salle d\u2019Internet.<\/p>\n<p>Les salles de lecture de la biblioth\u00e8que, du campus universitaire et de la Biblioth\u00e8que d\u00e9partementale conf\u00e8rent des conditions d\u2019\u00e9tudes pour environ 500 \u00e9tudiants, ce qui repr\u00e9sente plus de 10% du num\u00e9ro total des \u00e9tudiants.<\/p>\n<p>La collection de p\u00e9riodiques et revues de sp\u00e9cialit\u00e9 comprend un num\u00e9ro de 400 titres.<\/p>\n<p>L\u2019haute qualit\u00e9 des services d\u2019information \u2013 documentation de la biblioth\u00e8que est rendue par: l\u2019acc\u00e8s rapide aux renseignements, le catalogue en lignes, la base de donn\u00e9es bibliographiques d\u2019information\/ recherche, les \u00e9changes en ligne entre les biblioth\u00e8ques etc.. Au pr\u00e9sent, la biblioth\u00e8que dispose d\u2019un riche fonds de publications, 45.000 volumes, volumes de libres, volumes de publications p\u00e9riodiques et volumes de collections sp\u00e9ciales, en couvrant ainsi les besoins de documentation pour tous les programmes d\u2019\u00e9tudes qui s\u2019y d\u00e9roulent. <\/p>\n<p>Ce fonds de publications est toujours mis \u00e0 jour et enrichi, il \u00e9tant compl\u00e9t\u00e9 par des abonnements aux publications scientifiques et \u00e9ducationnelles.<\/p>\n<p>La Biblioth\u00e8que de l\u2019Universit\u00e9 Maritime de Constan\u0163a dispose d\u2019un catalogue \u00e9lectronique qui permet aux utilisateurs de visualiser les publications existantes dans la biblioth\u00e8que. Tous les mat\u00e9riaux didactiques r\u00e9alis\u00e9s par le personnel didactique de l\u2019Universit\u00e9 Maritime de Constan\u0163a sont disponibles \u00e0 la biblioth\u00e8que. De m\u00eame, dans l\u2019enceinte de la Biblioth\u00e8que il y a un stand de vente des travaux imprim\u00e9s par la Typographie de l\u2019Universit\u00e9 Maritime de Constan\u0163a, au prix de production, sans marge commercial, non profit.<\/p>\n<h2>Ressources \u00c9ducationnelles Digitales<\/h2>\n<p>L\u2019acc\u00e8s des \u00e9tudiants \u00e0 la Plateforme d\u2019enseignement \u00e9lectronique &#8211; Campus Virtuel de l\u2019UMC &#8211; est libre pour tous les \u00e9tudiants immatricul\u00e9s \u00e0 n\u2019importe quel des programmes d\u2019\u00e9tudes de licence, master ou bien, docteur.<\/p>\n<p>Les d\u00e9veloppements r\u00e9cents du domaine des technologies informationnelles et des communications ont produit un changement essentiel, soit sur le plan des n\u00e9cessit\u00e9s d\u2019acquisition des connaissances et des capacit\u00e9s, d\u2019en r\u00e9pondre, quant sur la mani\u00e8re o\u00f9 l\u2019on fournit des programmes d\u2019\u00e9tudes dans le cadre des \u00e9tablissements d\u2019enseignement.<\/p>\n<p>Le campus Virtuel c\u2019est une plateforme sp\u00e9cifique \u00e0 l\u2019activit\u00e9 d\u2019\u00e9tudes dans le milieu digital, o\u00f9 les le\u00e7ons, les v\u00e9rifications et l\u2019\u00e9valuation des connaissances, aussi que la pr\u00e9sentation des applications sont faites en principale \u00e0 une distance physique, signifiante, entre l\u2019\u00e9tudiant et le professeur, entre les apprenants et l\u2019instructeur\/formateur etc.<\/p>\n<p>L\u2019application fait partie de la cat\u00e9gorie software \u00e9ducationnel. Elle est sp\u00e9cifique \u00e0 tout syst\u00e8me d\u2019enseignement \u00e9lectronique \u00e0 distance. C\u2019est une application du type e-Learning (LMS \u2013 Learning Management System) qui permet aux formateurs ou bien, \u00e0 un \u00e9tablissement d\u2019enseignement, de mettre \u00e0 la disposition d\u2019un ou plusieurs groupes d\u2019apprenants un ou plusieurs modules de formation \u00e0 support de cours, applications tutoriels et compl\u00e9ments, aussi que d\u2019autres mat\u00e9riaux de cours, autotestes et testages interm\u00e9diaires, en vue de v\u00e9rifier les connaissances acquises, automates, surveillance de l\u2019activit\u00e9 des apprenants etc.. L\u2019application est soutenue par l\u2019emploi des instruments de communication des plus modernes (conf\u00e9rences audio et vid\u00e9o en ligne, webmail, forum, chat, diffusion et partage des documents, sessions anim\u00e9es etc.). En bref, la plateforme assure un tutoriel en ligne, en compl\u00e9tant avec succ\u00e8s toutes les autres m\u00e9thodes traditionnelles connues dans la pratique des syst\u00e8mes \u00e9ducationnels. (Annexe 36 Campus virtuel).<\/p>\n<p>Il y a des ressources \u00e9ducationnelles digitales et des activit\u00e9s support en ligne, mises en services sur diverses plateformes dans le campus virtuel de l\u2019Universit\u00e9 Maritime de Constan\u0163a  (<a href=\"http:\/\/campus.cmu-edu.eu\/\" rel=\"noopener\" target=\"_blank\">http:\/\/campus.cmu-edu.eu\/<\/a>).<\/p>\n<p>Le portail de la recherche de l\u2019 UMC \u2013 assure l\u2019information multi- crit\u00e9rielle dans le domaine de la recherche, en int\u00e9grant aussi les plateformes d\u00e9di\u00e9es \u00e0 l\u2019innovation et au d\u00e9veloppement:  http:\/\/research.cmu-edu.eu.<\/p>\n<p>Maritime Cybersecurity Center \u2013 Centre virtuel d\u00e9di\u00e9 \u00e0 la recherche et \u00e0 l\u2019information dans le domaine de la s\u00e9curit\u00e9 cybern\u00e9tique dans le domaine maritime <a href=\"https:\/\/www.maritimecybersecurity.center\/\" rel=\"noopener\" target=\"_blank\">https:\/\/www.maritimecybersecurity.center\/<\/a><\/p>\n<p><strong>Composants:<\/strong><ul class=\"ap-list ap-list4\"><li>Living lab<\/li>\n<li>Videoconference center<\/li>\n<li>Awareness&amp;Learning center<\/li><\/ul><br \/>\nIl est en train de mettre en service un complexe hardware de simulation pratique, d\u00e9di\u00e9 au domaine MaritimeCybersecurity.<\/p>\n<p>E-Maritime Medicine Center \u2013 Centre virtuel d\u00e9di\u00e9 \u00e0 la recherche et au d\u00e9veloppement du concept de maritime M\u00e9decine dans le milieu virtuel<a href=\"http:\/\/www.emaritimemedicine.net\" rel=\"noopener\" target=\"_blank\">http:\/\/www.emaritimemedicine.net<\/a><\/p>\n<p><strong>Composants:<\/strong><ul class=\"ap-list ap-list4\"><li>Learning center<\/li>\n<li>Virtual assistance medical &amp; videoconference center<\/li><\/ul><\/p>\n<p>Les mesures \u00e0 cet effet-l\u00e0, d\u2019offrir des services aux \u00e9tudiants qui contribuent \u00e0 faire faciliter le d\u00e9roulement des activit\u00e9s dans l\u2019Universit\u00e9, visent \u00e0 fournir des services aux param\u00e8tres optimaux, connecter toutes les r\u00e9sidences universitaires \u00e0 l\u2019Internet, am\u00e9nager des offices pour pr\u00e9parer les repas, garantir le fonctionnement, en conditions optimales, du point de service du repas, assurer les fonds de transport, et aussi, pas en derni\u00e8re lieu, les fonds n\u00e9cessaires pour octroyer les bourses de m\u00e9rite, d\u2019\u00e9tudes et sociales, les aides sociaux pour les \u00e9tudiants.<\/p>\n<p>L\u2019U.M.C. offre aux \u00e9tudiants des services sociaux, culturels, sportifs, en disposant des programmes sp\u00e9ciaux pour faire garantir une vie d\u2019\u00e9tudiant de qualit\u00e9, surveill\u00e9s et \u00e9valu\u00e9s p\u00e9riodiquement.<\/p>\n<p>L\u2019U.M.C. dispose des places d\u2019h\u00e9bergement pour un num\u00e9ro significatif d\u2019\u00e9tudiants, un centre sportif, divers services d\u2019assistance.<\/p>\n","protected":false},"excerpt":{"rendered":"<p>Biblioth\u00e8que de l\u2019Universit\u00e9 Maritime de Constanta La Biblioth\u00e8que fonctionne dans le cadre de la Biblioth\u00e8que D\u00e9partementale de Constan\u0163a, au rez-de-chauss\u00e9e, mais elle fonctionne autonomement, le personnel y embauch\u00e9 \u00e9tant subordonn\u00e9 \u00e0 l\u2019Universit\u00e9, le programme est \u00e9tabli par rapport \u00e0 la n\u00e9cessit\u00e9 des \u00e9tudiants, et les libres appartiennent \u00e0 l\u2019Universit\u00e9, y ayant un d\u00e9p\u00f4t propre. L\u2019Universit\u00e9 [&hellip;]<\/p>\n","protected":false},"author":4,"featured_media":0,"parent":0,"menu_order":0,"comment_status":"closed","ping_status":"closed","template":"","meta":{"footnotes":""},"class_list":["post-61","page","type-page","status-publish","hentry"],"_links":{"self":[{"href":"https:\/\/cmu-edu.eu\/fr\/wp-json\/wp\/v2\/pages\/61","targetHints":{"allow":["GET"]}}],"collection":[{"href":"https:\/\/cmu-edu.eu\/fr\/wp-json\/wp\/v2\/pages"}],"about":[{"href":"https:\/\/cmu-edu.eu\/fr\/wp-json\/wp\/v2\/types\/page"}],"author":[{"embeddable":true,"href":"https:\/\/cmu-edu.eu\/fr\/wp-json\/wp\/v2\/users\/4"}],"replies":[{"embeddable":true,"href":"https:\/\/cmu-edu.eu\/fr\/wp-json\/wp\/v2\/comments?post=61"}],"version-history":[{"count":1,"href":"https:\/\/cmu-edu.eu\/fr\/wp-json\/wp\/v2\/pages\/61\/revisions"}],"predecessor-version":[{"id":62,"href":"https:\/\/cmu-edu.eu\/fr\/wp-json\/wp\/v2\/pages\/61\/revisions\/62"}],"wp:attachment":[{"href":"https:\/\/cmu-edu.eu\/fr\/wp-json\/wp\/v2\/media?parent=61"}],"curies":[{"name":"wp","href":"https:\/\/api.w.org\/{rel}","templated":true}]}}