{"id":69,"date":"2021-07-19T09:47:19","date_gmt":"2021-07-19T09:47:19","guid":{"rendered":"https:\/\/cmu-edu.eu\/fr\/?page_id=69"},"modified":"2021-07-19T09:59:44","modified_gmt":"2021-07-19T09:59:44","slug":"circuits-et-systemes-de-communication-integres","status":"publish","type":"page","link":"https:\/\/cmu-edu.eu\/fr\/circuits-et-systemes-de-communication-integres\/","title":{"rendered":"Circuits et syst\u00e8mes de communication int\u00e9gr\u00e9s"},"content":{"rendered":"<div class=\"clearfix ap-row\"><div class=\"ap_column ap-span4\"><h2>Circuits et syst\u00e8mes de communication int\u00e9gr\u00e9s<\/h2>\n<p>L&#8217;Universit\u00e9 Maritime de Constan\u0163a organise des \u00e9tudes de ma\u00eetrise dans le domaine de l&#8217;ing\u00e9nierie \u00e9lectronique, des t\u00e9l\u00e9communications et des technologies de l&#8217;information, sur la base de l&#8217;accr\u00e9ditation obtenue aupr\u00e8s d&#8217;ARACIS, sur la direction des \u00e9tudes Circuits et syst\u00e8mes de communication int\u00e9gr\u00e9s.<\/p>\n<p>Le programme d&#8217;\u00e9tudes est de type \u00ab recherche \u00bb, environ 50 % des cr\u00e9dits li\u00e9s \u00e0 chacune des 2 ann\u00e9es d&#8217;\u00e9tudes \u00e9tant obtenus \u00e0 partir de l&#8217;activit\u00e9 applicative au sein d&#8217;un projet dans lequel les \u00e9tudiants travaillent individuellement, sous la coordination d&#8217;un enseignant. Ce projet devient finalement une th\u00e8se.<\/p>\n<p>L&#8217;exp\u00e9rience avec le programme de ma\u00eetrise Circuits int\u00e9gr\u00e9s et syst\u00e8mes de communication en roumain a montr\u00e9 que les dipl\u00f4m\u00e9s de tous les domaines (\u00e9conomie, \u00e9lectricit\u00e9, g\u00e9nie m\u00e9canique, a\u00e9rospatiale, \u00e9conomie, etc.) peuvent s&#8217;int\u00e9grer avec de bons r\u00e9sultats. A cet effet, les cours comprennent une premi\u00e8re partie de familiarisation avec le domaine, pour les \u00e9tudiants ayant obtenu d&#8217;autres sp\u00e9cialisations que l&#8217;\u00c9lectronique et les T\u00e9l\u00e9communications.<\/p>\n<p>Il s&#8217;est av\u00e9r\u00e9 que les dipl\u00f4m\u00e9s de ce programme d&#8217;\u00e9tudes peuvent rapidement entrer sur le march\u00e9 du travail en Roumanie et \u00e0 l&#8217;\u00e9tranger. Notre sp\u00e9cialisation offre une mobilit\u00e9 et de r\u00e9elles opportunit\u00e9s d&#8217;emploi dans les grandes entreprises informatiques.<\/p><\/div>\n<div class=\"ap_column ap-span2\"><h2>QU&#8217;EST-CE QUE VOUS \u00c9TUDIEZ<\/h2>\n<ul class=\"lista-doi\">\n<li>Parmi les disciplines \u00e9tudi\u00e9es dans ce programme de master, nous citons :<\/li>\n<li>Syst\u00e8mes de localisation et de communication sous-marine,<\/li>\n<li>Syst\u00e8mes radar \u00e0 ouverture synth\u00e9tique,<\/li>\n<li>Syst\u00e8mes de navigation \u00e9lectronique,<\/li>\n<li>Techniques avanc\u00e9es de traitement du signal num\u00e9rique,<\/li>\n<li>Intelligence artificielle en communication,<\/li>\n<li>Propagation, antennes et diversit\u00e9,<\/li>\n<li>Techniques de mesure des syst\u00e8mes radiants, etc.<\/li>\n<\/ul><\/div><\/div>\n<div style=\"background-color: #f5f5f5;padding: 10px;text-align: center\">\n<h1 style=\"padding-bottom: 30px\">AVANTAGES<\/h1>\n<p><div class=\"clearfix ap-row\"><div class=\"ap_column ap-span3\"><div style=\"background-color: #ffffff;padding: 10px;margin: 10px;height: 260px\">\n<h3>Reconnaissance internationale<\/h3>\n<p>Le master est reconnu internationalement, vous donnant la possibilit\u00e9 d&#8217;\u00eatre employ\u00e9 partout dans le monde.<\/p>\n<\/div><\/div>\n<div class=\"ap_column ap-span3\"><div style=\"background-color: #ffffff;padding: 10px;margin: 10px;height: 260px\">\n<h3>Possibilit\u00e9s d&#8217;\u00e9tudes \u00e0 l&#8217;\u00e9tranger<\/h3>\n<p>Beaucoup de nos \u00e9tudiants choisissent d&#8217;\u00e9tudier un semestre dans l&#8217;une des facult\u00e9s partenaires, b\u00e9n\u00e9ficiant de la bourse ERASMUS<\/p>\n<p>Nous b\u00e9n\u00e9ficions de collaborations europ\u00e9ennes avec l&#8217;Institut Polytechnique de Grenoble, l&#8217;Institut d&#8217;Electronique et des T\u00e9l\u00e9communications de Rennes et l&#8217;INSA Centre Val de Loire, France.<\/p>\n<\/div><\/div><\/div><br \/>\n<div class=\"clearfix ap-row\"><div class=\"ap_column ap-span6\"><div style=\"background-color: #ffffff;padding: 10px;margin: 10px;height: 260px\">\n<h3>Alternatives<\/h3>\n<p>Tous nos dipl\u00f4m\u00e9s ont le choix entre une carri\u00e8re en mer ou \u00e0 terre<\/p>\n<h3>Conseil et orientation professionnelle<\/h3>\n<p>Nos \u00e9tudiants b\u00e9n\u00e9ficient d&#8217;un conseil professionnel et d&#8217;un accompagnement pour l&#8217;insertion sur le march\u00e9 du travail.<\/p>\n<\/div><\/div><\/div><\/p>\n<\/div>\n<div style=\"background-color: #ffffff;padding: 10px;margin: 10px\">\n<div class=\"clearfix ap-row\"><h3>Les laboratoires les plus performants<\/h3>\n<ul class=\"lista-doi\">\n<li>Mat\u00e9riel de laboratoire pour mesures, capteurs, transducteurs, mat\u00e9riel \u00e9lectronique<\/li>\n<li>Technologie informatique de pointe<\/li>\n<li>Plateforme moderne de caract\u00e9risation des circuits et syst\u00e8mes \u00e0 tr\u00e8s hautes fr\u00e9quences, \u00e9quip\u00e9e d&#8217;une chambre an\u00e9cho\u00efque &#8211; la seule universit\u00e9 disposant d&#8217;un tel laboratoire dans tout le sud de la Roumanie (Banat &#8211; Muntenia &#8211; Dobrogea)<\/li>\n<li>\u00c9quipement radio d\u00e9fini par logiciel (SDR)<\/li>\n<li>Logiciel professionnel pour la simulation et la conception de circuits et de syst\u00e8mes pour les tr\u00e8s hautes fr\u00e9quences<\/li>\n<\/ul>\n<hr class=\"ap-spacing\" style=\"height:10px\"\/>\n<p><div class=\"clearfix ap-row\"><\/div>\n<div class=\"ap_column ap-span6\"><a href=\"https:\/\/cmu-edu.eu\/electromecanica\/wp-content\/uploads\/sites\/19\/2021\/02\/ban-tst2.jpg\"><img loading=\"lazy\" decoding=\"async\" class=\"aligncenter wp-image-756 size-full\" src=\"https:\/\/cmu-edu.eu\/electromecanica\/wp-content\/uploads\/sites\/19\/2021\/02\/ban-tst2.jpg\" alt=\"\" width=\"1920\" height=\"400\" \/><\/a><\/div><\/div>\n<div style=\"background-color: #ffcb74;padding: 10px\">\n<h2>OPPORTUNIT\u00c9S DE CARRI\u00c8RE<\/h2>\n<p>Les dipl\u00f4m\u00e9s de ce programme d&#8217;\u00e9tudes peuvent entrer rapidement sur le march\u00e9 du travail en Roumanie et \u00e0 l&#8217;\u00e9tranger. Notre sp\u00e9cialisation offre une mobilit\u00e9 et de r\u00e9elles opportunit\u00e9s d&#8217;emploi dans les grandes entreprises informatiques du monde telles qu&#8217;IBM, AT&amp;T, Huawei, Ericsson, etc.<\/p>\n<ul>\n<li>Ing\u00e9nieur \u00e9lectronique dans les secteurs de l&#8217;informatique, de l&#8217;automobile et des navires autonomes<\/li>\n<li>Ing\u00e9nieur \u00e9lectronicien des transports et t\u00e9l\u00e9communications<\/li>\n<li>Ing\u00e9nieur chez op\u00e9rateurs de t\u00e9l\u00e9communications<\/li>\n<li>Ing\u00e9nieur conception \u00e9lectronique<\/li>\n<li>Ing\u00e9nieur \u00e9missionIng\u00e9nieur d&#8217;\u00e9tudes en communication<\/li>\n<li>Ing\u00e9nieur en conception de syst\u00e8mes informatiques<\/li>\n<li>Ing\u00e9nieur syst\u00e8mes de s\u00e9curit\u00e9<\/li>\n<li>Ing\u00e9nieur image<\/li>\n<\/ul>\n<p><strong>Sp\u00e9cialisation des \u00e9tudes universitaires de master Circuits int\u00e9gr\u00e9s et syst\u00e8mes de communication, sp\u00e9cialisation int\u00e9gr\u00e9e dans la structure de la Facult\u00e9 d&#8217;\u00e9lectrom\u00e9canique navale,<\/strong> assure la formation et le perfectionnement de sp\u00e9cialistes ayant des \u00e9tudes techniques sup\u00e9rieures pour la recherche, la conception, la construction et l&#8217;exploitation en g\u00e9nie \u00e9lectronique et t\u00e9l\u00e9communications \u00e0 travers l&#8217;enseignement universitaire construit sur des crit\u00e8res de performance du syst\u00e8me europ\u00e9en.<\/p>\n<\/div>\n<hr class=\"ap-spacing\" style=\"height:10px\"\/>\n<div class=\"clearfix ap-row\"><div class=\"ap_column ap-span3\"><h2>Admission<\/h2>\n<p>Nous sommes dans la troisi\u00e8me ann\u00e9e o\u00f9 nous organisons l&#8217;inscription online en utilisant un syst\u00e8me de cryptage SSL 128 bits.<\/p>\n<p><strong>L&#8217;admission aux \u00e9tudes se fait :<\/strong><\/p>\n<ul>\n<li>par concours d&#8217;admission dans lequel la moyenne d&#8217;admission est une moyenne pond\u00e9r\u00e9e entre la moyenne du baccalaur\u00e9at et la moyenne de l&#8217;examen de math\u00e9matiques<\/li>\n<li>par un concours de dossiers dont la moyenne d&#8217;admission repr\u00e9sente la moyenne du baccalaur\u00e9at<\/li>\n<\/ul>\n<p>Lors de la pand\u00e9mie g\u00e9n\u00e9r\u00e9e par le SRAS COV 2, l&#8217;admission s&#8217;est faite sur concours de dossier.<\/p>\n<p><div class=\"divider\" style=\"margin-top:2px; margin-bottom:2px; border-top:1px solid #CCCCCC;width:100%\"\/><\/div><\/div><\/p>\n<div class=\"ap_column ap-span3\"><h2>Contact<\/h2>\n<ul class=\"lista-doi\">\n<li>CONTACT<\/li>\n<li>E-mail: bcc@cmu-edu.eu<\/li>\n<li>Tel: +40241664740<\/li>\n<li>Mircea cel B\u0103tr\u00e2n, no 104<\/li>\n<li>Constanta<\/li>\n<\/ul><\/div><\/div>\n<\/div>\n","protected":false},"excerpt":{"rendered":"<p>AVANTAGES OPPORTUNIT\u00c9S DE CARRI\u00c8RE Les dipl\u00f4m\u00e9s de ce programme d&#8217;\u00e9tudes peuvent entrer rapidement sur le march\u00e9 du travail en Roumanie et \u00e0 l&#8217;\u00e9tranger. Notre sp\u00e9cialisation offre une mobilit\u00e9 et de r\u00e9elles opportunit\u00e9s d&#8217;emploi dans les grandes entreprises informatiques du monde telles qu&#8217;IBM, AT&amp;T, Huawei, Ericsson, etc. Ing\u00e9nieur \u00e9lectronique dans les secteurs de l&#8217;informatique, de l&#8217;automobile [&hellip;]<\/p>\n","protected":false},"author":4,"featured_media":0,"parent":0,"menu_order":0,"comment_status":"closed","ping_status":"closed","template":"","meta":{"footnotes":""},"class_list":["post-69","page","type-page","status-publish","hentry"],"_links":{"self":[{"href":"https:\/\/cmu-edu.eu\/fr\/wp-json\/wp\/v2\/pages\/69","targetHints":{"allow":["GET"]}}],"collection":[{"href":"https:\/\/cmu-edu.eu\/fr\/wp-json\/wp\/v2\/pages"}],"about":[{"href":"https:\/\/cmu-edu.eu\/fr\/wp-json\/wp\/v2\/types\/page"}],"author":[{"embeddable":true,"href":"https:\/\/cmu-edu.eu\/fr\/wp-json\/wp\/v2\/users\/4"}],"replies":[{"embeddable":true,"href":"https:\/\/cmu-edu.eu\/fr\/wp-json\/wp\/v2\/comments?post=69"}],"version-history":[{"count":4,"href":"https:\/\/cmu-edu.eu\/fr\/wp-json\/wp\/v2\/pages\/69\/revisions"}],"predecessor-version":[{"id":74,"href":"https:\/\/cmu-edu.eu\/fr\/wp-json\/wp\/v2\/pages\/69\/revisions\/74"}],"wp:attachment":[{"href":"https:\/\/cmu-edu.eu\/fr\/wp-json\/wp\/v2\/media?parent=69"}],"curies":[{"name":"wp","href":"https:\/\/api.w.org\/{rel}","templated":true}]}}