{"id":75,"date":"2021-07-19T10:02:13","date_gmt":"2021-07-19T10:02:13","guid":{"rendered":"https:\/\/cmu-edu.eu\/fr\/?page_id=75"},"modified":"2021-07-19T10:13:14","modified_gmt":"2021-07-19T10:13:14","slug":"concepts-modernes-dingenierie-mecanique","status":"publish","type":"page","link":"https:\/\/cmu-edu.eu\/fr\/concepts-modernes-dingenierie-mecanique\/","title":{"rendered":"Concepts modernes d\u2019ingenierie mecanique"},"content":{"rendered":"<p><div class=\"clearfix ap-row\"><div class=\"ap_column ap-span3\"><h2>CONCEPTS MODERNES D\u2019INGENIERIE MECANIQUE<\/h2>\n<p>Le transport naval (maritime et fluvial) a un r\u00f4le essentiel pour le domaine du transport roumain, b\u00e9n\u00e9ficiant dans l&#8217;aire g\u00e9ographique de Dobrogea de ports maritimes (Constan\u0163a, Mangalia, Midia, Sulina) et fluviaux (Tulcea, Br\u0103ila, Gala\u0163i), inclus dans le flux portuaire zonal et mondial. Il est compl\u00e9t\u00e9 par un soutien logistique ad\u00e9quat, dans lequel les entreprises de transport maritime et de construction navale, mat\u00e9rialis\u00e9es par les chantiers navals les plus repr\u00e9sentatifs du pays (Constan\u0163a, Mangalia, Tulcea), jouent un r\u00f4le important.<\/p>\n<p>Le profil du programme de ma\u00eetrise Concepts modernes d\u2019ing\u00e9nierie m\u00e9canique navale pr\u00e9sente un int\u00e9r\u00eat particulier pour les dipl\u00f4m\u00e9s des trois universit\u00e9s de Constan\u021ba, en particulier pour les dipl\u00f4m\u00e9s de l&#8217;Universit\u00e9 Maritime qui ont la possibilit\u00e9 de terminer leurs \u00e9tudes pour le niveau managerial de comp\u00e9tence.<\/p><\/div>\n<div class=\"ap_column ap-span3\"><h2>QU&#8217;EST-CE QUE VOUS \u00c9TUDIEZ<\/h2>\n<p>Le programme interdisciplinaire est align\u00e9 aux normes internationales STCW (Normes de formation, de certification et de veille), bas\u00e9 sur le mod\u00e8le de cours OMI 7.02 et 7.04 (Organisation maritime internationale) et est certifi\u00e9 par l&#8217;ANR (Autorit\u00e9 navale roumaine) pour contribuer \u00e0 la formation des comp\u00e9tences techniques et comp\u00e9tences manag\u00e9riales pour une carri\u00e8re r\u00e9ussie.<\/p>\n<ul class=\"lista-doi\">\n<li>Disciplines concernant l&#8217;environnement de navigation et le comportement de la coque du navire comme support des installations, syst\u00e8mes et \u00e9quipements \u00e0 bord.<\/li>\n<li>Disciplines principalement destin\u00e9es aux machines, installations, syst\u00e8mes et \u00e9quipements \u00e0 bord, poursuivant la formation de comp\u00e9tences pratiques dans le domaine poursuivant \u00e0 la fois la construction et l\u2019exploitation navale.<\/li>\n<li>Disciplines principalement destin\u00e9es aux machines, installations, syst\u00e8mes et \u00e9quipements \u00e0 bord, initiation au management et au marketing naval, ach\u00e8vement de la formation de conception sp\u00e9cialis\u00e9e et comp\u00e9tences pratiques, pr\u00e9paration et pr\u00e9sentation pour l\u2019examen de dipl\u00f4me.<\/li>\n<\/ul>\n<p>Les dipl\u00f4m\u00e9s de la sp\u00e9cialisation <strong>Concepts modernes d\u2019ing\u00e9nierie m\u00e9canique navale<\/strong>, ont de r\u00e9elles chances de s&#8217;int\u00e9grer et d&#8217;\u00e9voluer dans l&#8217;activit\u00e9 professionnelle, ayant \u00e9galement la formation pour le niveau manag\u00e9rial, dans le pays et \u00e0 l&#8217;\u00e9tranger. Il est mentionn\u00e9 que la formation technique et compl\u00e9mentaire, reconnue au niveau national et international, offre la possibilit\u00e9 d&#8217;assimiler, si n\u00e9cessaire, les dipl\u00f4m\u00e9s de la sp\u00e9cialisation, dans des domaines connexes de l&#8217;\u00e9conomie nationale, y compris le personnel embarqu\u00e9 sur des navires sp\u00e9ciaux.<\/p><\/div><\/div><br \/>\n<a href=\"https:\/\/cmu-edu.eu\/navigatie\/wp-content\/uploads\/sites\/18\/2020\/06\/vaport-head.jpg\"><img loading=\"lazy\" decoding=\"async\" class=\"aligncenter size-full wp-image-463\" src=\"https:\/\/cmu-edu.eu\/navigatie\/wp-content\/uploads\/sites\/18\/2020\/06\/vaport-head.jpg\" alt=\"\" width=\"1920\" height=\"500\" \/><\/a><\/p>\n<div style=\"background-color: #f5f5f5;padding: 10px;text-align: center\">\n<h1 style=\"padding-bottom: 30px\">AVANTAGES<\/h1>\n<p><div class=\"clearfix ap-row\"><div class=\"ap_column ap-span2\"><div style=\"background-color: #ffffff;padding: 10px;margin: 10px;height: 260px\">\n<h3>Reconnaissance internationale<\/h3>\n<p>Le master et le certificat d&#8217;officier au niveau manag\u00e9rial sont internationalement reconnus, vous donnant la possibilit\u00e9 d&#8217;\u00eatre employ\u00e9 partout dans le monde.<\/p>\n<\/div><\/div>\n<div class=\"ap_column ap-span2\"><div style=\"background-color: #ffffff;padding: 10px;margin: 10px;height: 260px\">\n<h3>La flexibilit\u00e9<\/h3>\n<p>Si pendant vos \u00e9tudes universitaires vous effectuez votre stage \u00e0 bord du navire, nous vous offrons la possibilit\u00e9 d&#8217;\u00e9tudier online sur le campus virtuel. Vous b\u00e9n\u00e9ficierez d&#8217;une session ouverte et vous pourrez reporter et passer les examens \u00e0 votre retour dans le pays.<\/p>\n<\/div><\/div>\n<div class=\"ap_column ap-span2\"><div style=\"background-color: #ffffff;padding: 10px;margin: 10px;height: 260px\">\n<h3>Possibilit\u00e9s d&#8217;\u00e9tudes \u00e0 l&#8217;\u00e9tranger<\/h3>\n<p>Beaucoup de nos \u00e9tudiants choisissent d&#8217;\u00e9tudier un semestre dans l&#8217;une des facult\u00e9s partenaires, b\u00e9n\u00e9ficiant de la bourse ERASMUS<\/p>\n<\/div><\/div><\/div><br \/>\n<div class=\"clearfix ap-row\"><div class=\"ap_column ap-span2\"><div style=\"background-color: #ffffff;padding: 10px;margin: 10px;height: 260px\">\n<h3>Alternatives<\/h3>\n<p>Tous nos dipl\u00f4m\u00e9s peuvent opter pour une carri\u00e8re en mer ou \u00e0 terre.<\/p>\n<\/div><\/div>\n<div class=\"ap_column ap-span2\"><div style=\"background-color: #ffffff;padding: 10px;margin: 10px;height: 260px\">\n<h3>Technologie moderne<\/h3>\n<p>Le domaine des TIC gagne de plus en plus de terrain et le secteur maritime suit cette tendance. Vous travaillerez sur les simulateurs les plus modernes.<\/p>\n<\/div><\/div>\n<div class=\"ap_column ap-span2\"><div style=\"background-color: #ffffff;padding: 10px;margin: 10px;height: 260px\">\n<h3>D\u00e9crire l&#8217;ing\u00e9nieur sp\u00e9cialiste<\/h3>\n<p>Destin\u00e9 \u00e0 la construction navale et avec la possibilit\u00e9 d&#8217;acc\u00e9der au transport maritime, apr\u00e8s avoir pr\u00e9par\u00e9 et pass\u00e9 les examens de brevet requis par la loi.<\/p>\n<\/div><\/div><\/div><\/p>\n<h3 style=\"text-align: left\">Pratique \u00e0 bord<\/h3>\n<p style=\"text-align: left\">Plus de 20 compagnies d&#8217;\u00e9quipage ont conclu des partenariats avec l&#8217;universit\u00e9, donnant aux \u00e9tudiants la chance d&#8217;effectuer leur stage dans un cadre multiculturel. Plus de 150 \u00e9tudiants voyagent chaque ann\u00e9e..<\/p>\n<h3 style=\"text-align: left\">Pratique de l&#8217;ing\u00e9nierie<\/h3>\n<ul class=\"lista-doi\">\n<li style=\"text-align: left\"><strong>PREMI\u00c8RE ANN\u00c9E:<\/strong><em> Professionnalisation dans le domaine du g\u00e9nie \u00e9lectrique, par l&#8217;acquisition de comp\u00e9tences d&#8217;ing\u00e9nierie sp\u00e9cialis\u00e9es et manag\u00e9riales visant principalement le g\u00e9nie \u00e9lectrom\u00e9canique naval.<\/em><\/li>\n<li style=\"text-align: left\"><strong>DEUXI\u00c8ME ANN\u00c9E :<\/strong> <em>Pr\u00e9sentation de l&#8217;ing\u00e9nieur sp\u00e9cialiste, en compl\u00e9tant la formation professionnelle sp\u00e9cialis\u00e9e et manag\u00e9riale. Acquisition de comp\u00e9tences en recherche-d\u00e9veloppement-innovation dans le domaine du g\u00e9nie maritime et de la navigation. Elaboration de la th\u00e8se. Pr\u00e9paration et passage \u00e0 l&#8217;examen de th\u00e8se.<\/em>.<\/li>\n<\/ul>\n<\/div>\n<div style=\"background-color: #ffcb74;padding: 10px\">\n<h2>OPPORTUNIT\u00c9S DE CARRI\u00c8RE<\/h2>\n<p>Les dipl\u00f4m\u00e9s du programme d&#8217;\u00e9tudes <strong>Concepts modernes d\u2019ing\u00e9nierie m\u00e9canique navale<\/strong> peuvent occuper les postes d&#8217;officier au niveau manag\u00e9rial &#8211; Deuxi\u00e8me m\u00e9canicien, Chef m\u00e9canicien ou divers autres postes dans l&#8217;industrie maritime, parmi lesquels:<\/p>\n<ul>\n<li>Officier m\u00e9canique maritime au niveau manag\u00e9rial<\/li>\n<li>Sp\u00e9cialiste de la maintenance \u00e9lectrom\u00e9canique-automatique des \u00e9quipements industriels<\/li>\n<li>Ing\u00e9nieur \u00e9lectrom\u00e9canique SCB<\/li>\n<li>Sous-Ing\u00e9nieur \u00e9lectrom\u00e9canique \/ ing\u00e9nieur designer<\/li>\n<li>Ing\u00e9nieur \u00e9mission<\/li>\n<li>Ing\u00e9nieur d&#8217;installation en b\u00e2timent<\/li>\n<li>Expert dans la conduite et l&#8217;organisation des activit\u00e9s de maintenance<\/li>\n<\/ul>\n<\/div>\n<div style=\"background-color: #f5f5f5;padding: 10px\">\n<p>Les dipl\u00f4m\u00e9s de la sp\u00e9cialisation Concepts modernes d\u2019ing\u00e9nierie m\u00e9canique navale, ont de r\u00e9elles chances de s\u2019int\u00e9grer et d&#8217;\u00e9voluer dans l&#8217;activit\u00e9 professionnelle, ayant \u00e9galement la formation pour le niveau manag\u00e9rial, dans le pays et \u00e0 l&#8217;\u00e9tranger. Il est mentionn\u00e9 que la formation technique et compl\u00e9mentaire, reconnue au niveau national et international, offre la possibilit\u00e9 d&#8217;assimiler, si n\u00e9cessaire, les dipl\u00f4m\u00e9s de la sp\u00e9cialisation, dans des domaines connexes de l&#8217;\u00e9conomie nationale, y compris le personnel embarqu\u00e9 sur des navires sp\u00e9ciaux.<\/p>\n<p>La sp\u00e9cialisation des \u00e9tudes universitaires de master, Concepts modernes d\u2019ing\u00e9nierie m\u00e9canique navale, la sp\u00e9cialisation int\u00e9gr\u00e9e dans la structure de la Facult\u00e9 d&#8217;\u00e9lectrom\u00e9canique navale, assure la formation et le perfectionnement de sp\u00e9cialistes ayant des \u00e9tudes techniques sup\u00e9rieures pour les besoins complets (recherche, conception, construction, exploitation et maintenance) de l\u2019ing\u00e9nieur naval, respectivement pour certains besoins partiels des domaines connexes (g\u00e9nie industriel, g\u00e9nie m\u00e9canique, ing\u00e9nierie et gestion), au niveau local et national, \u00e0 travers un enseignement universitaire construit sur les crit\u00e8res de performance du syst\u00e8me europ\u00e9en.<\/p>\n<\/div>\n<p><hr class=\"ap-spacing\" style=\"height:10px\"\/><br \/>\n<div class=\"clearfix ap-row\"><div class=\"ap_column ap-span3\"><h2>Admission<\/h2>\n<p>Nous sommes dans la troisi\u00e8me ann\u00e9e o\u00f9 nous organisons l&#8217;inscription online en utilisant un syst\u00e8me de cryptage SSL 128 bits.<\/p>\n<p><strong>L&#8217;admission aux \u00e9tudes se fait :<\/strong><\/p>\n<ul>\n<li>par concours d&#8217;admission dans lequel la moyenne d&#8217;admission est une moyenne pond\u00e9r\u00e9e entre la moyenne du baccalaur\u00e9at et la moyenne de l&#8217;examen de math\u00e9matiques<\/li>\n<li>par un concours de dossiers dont la moyenne d&#8217;admission repr\u00e9sente la moyenne du baccalaur\u00e9at<\/li>\n<\/ul>\n<p>Lors de la pand\u00e9mie g\u00e9n\u00e9r\u00e9e par le SRAS COV 2, l&#8217;admission s&#8217;est faite sur concours de dossier.<\/p>\n<p><div class=\"divider\" style=\"margin-top:2px; margin-bottom:2px; border-top:1px solid #CCCCCC;width:100%\"\/><\/div><\/div><\/p>\n<div class=\"ap_column ap-span3\"><h2>Contact<\/h2>\n<ul class=\"lista-doi\">\n<li>CONTACT<\/li>\n<li>E-mail: bcc@cmu-edu.eu<\/li>\n<li>Tel: +40241664740<\/li>\n<li>Mircea cel B\u0103tr\u00e2n, no 104<\/li>\n<li>Constanta<\/li>\n<\/ul><\/div><\/div><\/p>\n<\/div>\n","protected":false},"excerpt":{"rendered":"<p>AVANTAGES Pratique \u00e0 bord Plus de 20 compagnies d&#8217;\u00e9quipage ont conclu des partenariats avec l&#8217;universit\u00e9, donnant aux \u00e9tudiants la chance d&#8217;effectuer leur stage dans un cadre multiculturel. Plus de 150 \u00e9tudiants voyagent chaque ann\u00e9e.. Pratique de l&#8217;ing\u00e9nierie PREMI\u00c8RE ANN\u00c9E: Professionnalisation dans le domaine du g\u00e9nie \u00e9lectrique, par l&#8217;acquisition de comp\u00e9tences d&#8217;ing\u00e9nierie sp\u00e9cialis\u00e9es et manag\u00e9riales visant [&hellip;]<\/p>\n","protected":false},"author":4,"featured_media":0,"parent":0,"menu_order":0,"comment_status":"closed","ping_status":"closed","template":"","meta":{"footnotes":""},"class_list":["post-75","page","type-page","status-publish","hentry"],"_links":{"self":[{"href":"https:\/\/cmu-edu.eu\/fr\/wp-json\/wp\/v2\/pages\/75","targetHints":{"allow":["GET"]}}],"collection":[{"href":"https:\/\/cmu-edu.eu\/fr\/wp-json\/wp\/v2\/pages"}],"about":[{"href":"https:\/\/cmu-edu.eu\/fr\/wp-json\/wp\/v2\/types\/page"}],"author":[{"embeddable":true,"href":"https:\/\/cmu-edu.eu\/fr\/wp-json\/wp\/v2\/users\/4"}],"replies":[{"embeddable":true,"href":"https:\/\/cmu-edu.eu\/fr\/wp-json\/wp\/v2\/comments?post=75"}],"version-history":[{"count":5,"href":"https:\/\/cmu-edu.eu\/fr\/wp-json\/wp\/v2\/pages\/75\/revisions"}],"predecessor-version":[{"id":81,"href":"https:\/\/cmu-edu.eu\/fr\/wp-json\/wp\/v2\/pages\/75\/revisions\/81"}],"wp:attachment":[{"href":"https:\/\/cmu-edu.eu\/fr\/wp-json\/wp\/v2\/media?parent=75"}],"curies":[{"name":"wp","href":"https:\/\/api.w.org\/{rel}","templated":true}]}}