{"id":8,"date":"2019-01-28T09:17:41","date_gmt":"2019-01-28T09:17:41","guid":{"rendered":"https:\/\/cmu-edu.eu\/fr\/?page_id=8"},"modified":"2019-01-31T08:57:32","modified_gmt":"2019-01-31T08:57:32","slug":"sur-nous","status":"publish","type":"page","link":"https:\/\/cmu-edu.eu\/fr\/sur-nous\/","title":{"rendered":"SUR NOUS"},"content":{"rendered":"<div class=\"clearfix ap-row\"><div class=\"ap_column ap-span4\"><h2>Bref historique<\/h2>\n<p>L\u2019ann\u00e9e 1872 on constitue l\u2019\u00c9cole de la Flottille de Gala\u0163i, qui a form\u00e9 des officiers et des sous-officiers pour la Marine Militaire et pour la Flotte Commerciale.<\/p>\n<p>L\u2019ann\u00e9e 1909, \u00e0 Constan\u0163a, prenait naissance l\u2019\u00c9cole Navale Sup\u00e9rieure et, depuis l\u2019ann\u00e9e 1910, la d\u00e9nomination de l\u2019\u00e9cole devenait l\u2019\u201e\u00c9cole Militaire d\u2019Artillerie, G\u00e9nie et Marine\u201d.<\/p>\n<p>L\u2019ann\u00e9e 1938, dans le cadre de la m\u00eame institution, on a constitu\u00e9 la Section Marine Marchande; l\u2019institution a port\u00e9, \u00e0 travers le temps, diverses d\u00e9nominations, ladite \u00c9cole Sup\u00e9rieure d\u2019Officiers de Marine en recevant finalement, depuis l\u2019ann\u00e9e 1969, le nom du vo\u00efvode \u201eMircea cel B\u0103tr\u00e2n\u201d.<\/p>\n<p>Pendant les ann\u00e9es 1972-1989, suite au d\u00e9veloppement de la flotte commerciale et de p\u00eache, l\u2019ann\u00e9e 1972 on a pris la d\u00e9cision de constituer, \u00e0 Constan\u0163a, l\u2019Institut de Marine Civile. L\u2019\u00e9quipe de sp\u00e9cialistes qui a travaill\u00e9 \u00e0 faire dresser le plan d\u2019enseignement et les programmes analytiques \u00e9tait compos\u00e9e des : clc. Gheorghe Balaban, clc. Anton Beziris et le commandeur en r\u00e9serve Andrei Tudoric\u0103. Tous les trois \u00e9taient des auteurs renomm\u00e9s pour leurs travaux r\u00e9alis\u00e9s dans le domaine de la navigation. L\u2019Institut a ouvert ses portes l\u2019automne de l\u2019ann\u00e9e 1972, ayant le statut d\u2019institution d\u2019enseignement sup\u00e9rieur \u00e0 personnalit\u00e9 morale, pour faire instruire des officiers de la marine marchande. Pour la premi\u00e8re ann\u00e9e d\u2019enseignement sup\u00e9rieur de 4 ans, on avait planifi\u00e9 11 groupes d\u2019\u00e9tudes, dont : \u00e0 la section navigation &#8211; 3 groupes pour \u201eNavrom\u201d et 2 groupes pour l\u2019\u201eEntreprise de P\u00eache Oc\u00e9anique\u201d; \u00e0 la section m\u00e9canique &#8211; 3 groupes pour \u201eNavrom\u201d et un groupe pour l\u2019IPO; \u00e0 la section \u00e9lectrique &#8211; 2 groupes pour \u201eNavrom\u201d. L\u2019ann\u00e9e 1973, l\u2019Institut de Marine Civile de Constan\u0163a se r\u00e9unissait avec l\u2019\u00c9cole Militaire d\u2019Officiers Actifs de Marine, en constituant ainsi l\u2019Institut de Marine \u201eMircea cel B\u0103tr\u00e2n\u201d de Constan\u0163a.<\/p>\n<p>1990 &#8211; 2000 La Naissance de l\u2019Institut de Marine Civila \u2013 La d\u00e9cision no. 113\/1990<\/p>\n<p>2000 \u2013 Le changement de la d\u00e9nomination, en devenant l\u2019Universit\u00e9 Maritime de Constan\u0163a.<\/p><\/div>\n<div class=\"ap_column ap-span2\"><h2>Le mot du Recteur &#8211; Cornel Panait<\/h2>\n<p><img loading=\"lazy\" decoding=\"async\" class=\"alignleft size-full\" src=\"https:\/\/cmu-edu.eu\/wp-content\/uploads\/2018\/09\/cornel-panait.jpg\" width=\"170\" height=\"220\" \/>\nLa fondation de l\u2019Universit\u00e9 Maritime de Constan\u0163a du 6 f\u00e9vrier 1990 c\u2019est le plus courageux et le plus important \u00e9v\u00e9nement de toute son histoire. Par la constitution de l\u2019universit\u00e9, on a incarn\u00e9 les espoirs des g\u00e9n\u00e9rations de jeunes \u00e9tudiants ou des futurs \u00e9tudiants et on a mat\u00e9rialis\u00e9 les efforts du personnel didactique qui a \u00e9t\u00e9 mis dans la situation de prendre des d\u00e9cisions responsables pour leur pr\u00e9sent et pour leur avenir.<\/p>\n<p>L\u2019Universit\u00e9 Maritime de Constan\u0163a continue d\u2019\u00eatre au pr\u00e9sent aussi une institution au service de la soci\u00e9t\u00e9 Roumaine, sa vocation assum\u00e9e \u00e9tant celle d\u2019\u00eatre le principal lieu de formation des sp\u00e9cialistes au domaine du transport maritime et fluvial, dans le domaine de l\u2019industrie maritime et connexes en m\u00eame temps, aussi qu\u2019un creuset du conna\u00eetre scientifique et de la cr\u00e9ation technique.<\/p>\n<div class=\"ap_toggle close\"><div class=\"ap_toggle_title\">lire la suite<\/div><div class=\"ap_toggle_content\"><p>\u00c0 l\u2019avenir, l\u2019Universit\u00e9 Maritime de Constan\u0163a se propose de devenir un p\u00f4le r\u00e9gional \u00e0 la Mer Noire, d\u2019excellence en \u00e9ducation et recherche au domaine du transport maritime et de contribuer \u00e0 faire consolider le r\u00f4le de l\u2019ing\u00e9nierie au domaine de l\u2019industrie maritime dans la soci\u00e9t\u00e9 de l\u2019avenir.<\/p>\n<p>\u00c0 l\u2019heure du bilan de l\u2019universit\u00e9, on peut seulement confirmer avec fiert\u00e9 que le mandat de ceux confiants dans notre institution a \u00e9t\u00e9 accompli.\nOn est confi\u00e9 qu\u2019\u00e0 l\u2019avenir, les grandes directions de d\u00e9veloppent propos\u00e9es nous permettront d\u2019occuper une position dans la hi\u00e9rarchie des universit\u00e9s de marine, qui correspondent \u00e0 nos d\u00e9sirs et \u00e0 nos aspirations!<\/p><\/div><\/div><\/div><\/div>\n","protected":false},"excerpt":{"rendered":"","protected":false},"author":4,"featured_media":0,"parent":0,"menu_order":0,"comment_status":"closed","ping_status":"closed","template":"","meta":{"footnotes":""},"class_list":["post-8","page","type-page","status-publish","hentry"],"_links":{"self":[{"href":"https:\/\/cmu-edu.eu\/fr\/wp-json\/wp\/v2\/pages\/8","targetHints":{"allow":["GET"]}}],"collection":[{"href":"https:\/\/cmu-edu.eu\/fr\/wp-json\/wp\/v2\/pages"}],"about":[{"href":"https:\/\/cmu-edu.eu\/fr\/wp-json\/wp\/v2\/types\/page"}],"author":[{"embeddable":true,"href":"https:\/\/cmu-edu.eu\/fr\/wp-json\/wp\/v2\/users\/4"}],"replies":[{"embeddable":true,"href":"https:\/\/cmu-edu.eu\/fr\/wp-json\/wp\/v2\/comments?post=8"}],"version-history":[{"count":4,"href":"https:\/\/cmu-edu.eu\/fr\/wp-json\/wp\/v2\/pages\/8\/revisions"}],"predecessor-version":[{"id":68,"href":"https:\/\/cmu-edu.eu\/fr\/wp-json\/wp\/v2\/pages\/8\/revisions\/68"}],"wp:attachment":[{"href":"https:\/\/cmu-edu.eu\/fr\/wp-json\/wp\/v2\/media?parent=8"}],"curies":[{"name":"wp","href":"https:\/\/api.w.org\/{rel}","templated":true}]}}