{"id":82,"date":"2021-07-19T10:27:24","date_gmt":"2021-07-19T10:27:24","guid":{"rendered":"https:\/\/cmu-edu.eu\/fr\/?page_id=82"},"modified":"2021-07-19T10:34:04","modified_gmt":"2021-07-19T10:34:04","slug":"electromecanique","status":"publish","type":"page","link":"https:\/\/cmu-edu.eu\/fr\/electromecanique\/","title":{"rendered":"Electrom\u00e9canique"},"content":{"rendered":"<div class=\"clearfix ap-row\"><div class=\"ap_column ap-span3\"><h2>Electrom\u00e9canique<\/h2>\n<p>Le secteur maritime est un facteur cl\u00e9 de la soci\u00e9t\u00e9 moderne. Ce secteur a un r\u00f4le cl\u00e9 \u00e0 jouer dans le d\u00e9veloppement social et \u00e9conomique et il est une source potentielle d&#8217;excellentes opportunit\u00e9s d&#8217;emploi et de carri\u00e8re pour les millions de personnes travaillant actuellement dans des activit\u00e9s et des entreprises maritimes \u00e0 travers le monde.<\/p>\n<p>L&#8217;industrie maritime comprend la fourniture de biens et services dans le secteur maritime, les chantiers navals, la construction navale, les ports, les infrastructures. Selon les statistiques de Koncept Analytics, le transport maritime est la branche dominante des secteurs de transport en termes de dimension.<\/p>\n<p>Le programme d&#8217;\u00e9tudes en \u00e9lectrom\u00e9canique navale s&#8217;adresse \u00e0 ceux qui souhaitent poursuivre une carri\u00e8re dans le domaine maritime-portuaire ou dans des secteurs connexes.<\/p>\n<p>Le programme a une dur\u00e9e de 4 ans et il est con\u00e7u pour fournir aux dipl\u00f4m\u00e9s des comp\u00e9tences d&#8217;ing\u00e9nierie sp\u00e9cifiques et sp\u00e9cialis\u00e9es, correspondant aux exigences de l&#8217;\u00e9conomie maritime internationale. Les dipl\u00f4m\u00e9s acquerront ainsi le niveau de connaissances scientifiques, d&#8217;ing\u00e9nierie et de management mais aussi les comp\u00e9tences pratiques adapt\u00e9es aux besoins actuels et futurs de l&#8217;industrie maritime, respectivement fluviale, maritime et offshore.<\/p><\/div>\n<div class=\"ap_column ap-span3\"><h2>QU&#8217;EST-CE QUE VOUS \u00c9TUDIEZ<\/h2>\n<p>Le cursus interdisciplinaire est align\u00e9 aux normes internationales STCW (Normes de formation, de certification et de veille), bas\u00e9 sur les mod\u00e8les de cours IMO 7.02 et 7.04 (Organisation maritime internationale) et il est certifi\u00e9 par l&#8217;ANR (autorit\u00e9 navale roumaine) pour contribuer \u00e0 la formation des comp\u00e9tences techniques et comp\u00e9tences manag\u00e9riales pour une carri\u00e8re r\u00e9ussie.<\/p>\n<ul class=\"lista-doi\">\n<li>Disciplines concernant l&#8217;environnement de navigation et le comportement de la coque du navire en support des installations, syst\u00e8mes et \u00e9quipements \u00e0 son bord.<\/li>\n<li>Disciplines principalement destin\u00e9es aux machines, installations, syst\u00e8mes et \u00e9quipements \u00e0 bord, poursuivant la formation de comp\u00e9tences pratiques dans le domaine ciblant \u00e0 la fois la construction et l\u2019exploitation navale.<\/li>\n<li>Disciplines principalement destin\u00e9es aux machines, installations, syst\u00e8mes et \u00e9quipements embarqu\u00e9s, initiation \u00e0 la gestion et au marketing naval, ach\u00e8vement de la formation de conception et comp\u00e9tences pratiques, pr\u00e9paration et passage au dipl\u00f4me.<\/li>\n<\/ul><\/div><\/div>\n<div style=\"background-color: #f5f5f5;padding: 10px;text-align: center\">\n<h1 style=\"padding-bottom: 30px\">AVANTAGES<\/h1>\n<p><div class=\"clearfix ap-row\"><div class=\"ap_column ap-span2\"><div style=\"background-color: #ffffff;padding: 10px;margin: 10px;height: 260px\">\n<h3>Reconnaissance internationale<\/h3>\n<p>Le dipl\u00f4me d&#8217;ing\u00e9nieur et le brevet d&#8217;officier sont reconnus internationalement, vous donnant la possibilit\u00e9 d&#8217;\u00eatre employ\u00e9 partout dans le monde.<\/p>\n<\/div><\/div>\n<div class=\"ap_column ap-span2\"><div style=\"background-color: #ffffff;padding: 10px;margin: 10px;height: 260px\">\n<h3>Flexibilit\u00e9<\/h3>\n<p>Si pendant vos \u00e9tudes universitaires vous effectuez votre stage \u00e0 bord du navire, nous vous offrons la possibilit\u00e9 d&#8217;\u00e9tudier online sur le campus virtuel. Vous b\u00e9n\u00e9ficierez d&#8217;une session ouverte et vous pourrez reprogrammer et passer les examens \u00e0 votre retour dans le pays.<\/p>\n<\/div><\/div>\n<div class=\"ap_column ap-span2\"><div style=\"background-color: #ffffff;padding: 10px;margin: 10px;height: 260px\">\n<h3>Possibilit\u00e9s d&#8217;\u00e9tudes \u00e0 l&#8217;\u00e9tranger<\/h3>\n<p>Beaucoup de nos \u00e9tudiants choisissent d&#8217;\u00e9tudier un semestre dans l&#8217;une des facult\u00e9s partenaires, b\u00e9n\u00e9ficiant de la bourse ERASMUS.<\/p>\n<\/div><\/div><\/div><br \/>\n<div class=\"clearfix ap-row\"><div class=\"ap_column ap-span2\"><div style=\"background-color: #ffffff;padding: 10px;margin: 10px;height: 260px\">\n<h3>Alternatives<\/h3>\n<p>Tous nos dipl\u00f4m\u00e9s ont le choix entre une carri\u00e8re en mer ou \u00e0 terre.<\/p>\n<\/div><\/div>\n<div class=\"ap_column ap-span2\"><div style=\"background-color: #ffffff;padding: 10px;margin: 10px;height: 260px\">\n<h3>Technologie moderne<\/h3>\n<p>Le domaine des TIC gagne de plus en plus de terrain et le secteur maritime suit cette tendance. Vous travaillerez sur les simulateurs de navigation les plus modernes.<\/p>\n<\/div><\/div>\n<div class=\"ap_column ap-span2\"><div style=\"background-color: #ffffff;padding: 10px;margin: 10px;height: 260px\">\n<h3>Pratique \u00e0 bord<\/h3>\n<p>Plus de 20 compagnies d&#8217;\u00e9quipage ont conclu des partenariats avec l&#8217;universit\u00e9, donnant aux \u00e9tudiants la chance d&#8217;effectuer leur stage dans un cadre multiculturel. Plus de 150 \u00e9tudiants voyagent chaque ann\u00e9e.<\/p>\n<\/div><\/div><\/div><\/p>\n<div style=\"background-color: #ffffff;padding: 10px;margin: 10px\">\n<h3>Pratique marine<\/h3>\n<p>Les deuxi\u00e8me et troisi\u00e8me ann\u00e9es du coll\u00e8ge fourniront le cadre parfait pour consolider les connaissances th\u00e9oriques et la formation des comp\u00e9tences, pour les appliquer conform\u00e9ment \u00e0 la sp\u00e9cialisation pour laquelle vous \u00eates form\u00e9, \u00e0 divers agents \u00e9conomiques de la zone portuaire avec lesquels l&#8217;universit\u00e9 a des partenariats dans des domaines sp\u00e9cialis\u00e9s et dans les laboratoires \u00e0 l&#8217;universit\u00e9.<\/p>\n<\/div>\n<\/div>\n<div class=\"clearfix ap-row\"><div class=\"ap_column ap-span6\"><a href=\"https:\/\/cmu-edu.eu\/electromecanica\/wp-content\/uploads\/sites\/19\/2020\/07\/banner-em.jpg\"><img loading=\"lazy\" decoding=\"async\" class=\"alignleft size-full wp-image-670\" src=\"https:\/\/cmu-edu.eu\/electromecanica\/wp-content\/uploads\/sites\/19\/2020\/07\/banner-em.jpg\" alt=\"\" width=\"1200\" height=\"300\" \/><\/a><\/div><\/div>\n<div style=\"background-color: #ffcb74;padding: 10px\">\n<h2>OPPORTUNIT\u00c9S DE CARRI\u00c8RE<\/h2>\n<p>Les dipl\u00f4m\u00e9s du programme d&#8217;\u00e9tudes en \u00e9lectrom\u00e9canique navale peuvent occuper les postes d&#8217;officier op\u00e9rationnel, d&#8217;officier de niveau de management (tel que l&#8217;officier m\u00e9canicien 1 ou le chef m\u00e9canicien) ou divers autres postes dans l&#8217;industrie maritime, notamment:<\/p>\n<ul>\n<li>Sp\u00e9cialiste de la maintenance \u00e9lectrom\u00e9canique-automatique des \u00e9quipements industriels<\/li>\n<li>Ing\u00e9nieur \u00e9lectrom\u00e9canique SCB<\/li>\n<li>Ing\u00e9nieur de design \/ sous-ing\u00e9nieur \u00e9lectrom\u00e9canique<\/li>\n<li>Ing\u00e9nieur \u00e9mission<\/li>\n<li>Ing\u00e9nieur d&#8217;installation en b\u00e2timent<\/li>\n<li>Expert dans la conduite et l&#8217;organisation des activit\u00e9s de maintenance<\/li>\n<\/ul>\n<p>Les dipl\u00f4m\u00e9s de la sp\u00e9cialisation \u00c9LECTROM\u00c9CANIQUE NAVALE ont de r\u00e9elles chances de s&#8217;int\u00e9grer et d&#8217;\u00e9voluer dans leur activit\u00e9 professionnelle &#8211; principalement dans l&#8217;industrie de la construction navale dans le pays et \u00e0 l&#8217;\u00e9tranger, ainsi que dans l&#8217;industrie navale et offshore<\/p>\n<\/div>\n<hr class=\"ap-spacing\" style=\"height:10px\"\/>\n<div class=\"clearfix ap-row\"><div class=\"ap_column ap-span3\"><h2>Admission<\/h2>\n<p>Nous sommes dans la troisi\u00e8me ann\u00e9e o\u00f9 nous organisons l&#8217;inscription online en utilisant un syst\u00e8me de cryptage SSL 128 bits.<\/p>\n<p><strong>L&#8217;admission aux \u00e9tudes se fait :<\/strong><\/p>\n<ul>\n<li>par concours d&#8217;admission dans lequel la moyenne d&#8217;admission est une moyenne pond\u00e9r\u00e9e entre la moyenne du baccalaur\u00e9at et la moyenne de l&#8217;examen de math\u00e9matiques<\/li>\n<li>par un concours de dossiers dont la moyenne d&#8217;admission repr\u00e9sente la moyenne du baccalaur\u00e9at<\/li>\n<\/ul>\n<p>Lors de la pand\u00e9mie g\u00e9n\u00e9r\u00e9e par le SRAS COV 2, l&#8217;admission s&#8217;est faite sur concours de dossier.<\/p>\n<p><div class=\"divider\" style=\"margin-top:2px; margin-bottom:2px; border-top:1px solid #CCCCCC;width:100%\"\/><\/div><\/div><\/p>\n<div class=\"ap_column ap-span3\"><h2>Contact<\/h2>\n<ul class=\"lista-doi\">\n<li>CONTACT<\/li>\n<li>E-mail: bcc@cmu-edu.eu<\/li>\n<li>Tel: +40241664740<\/li>\n<li>Mircea cel B\u0103tr\u00e2n, no 104<\/li>\n<li>Constanta<\/li>\n<\/ul><\/div><\/div>\n","protected":false},"excerpt":{"rendered":"<p>AVANTAGES Pratique marine Les deuxi\u00e8me et troisi\u00e8me ann\u00e9es du coll\u00e8ge fourniront le cadre parfait pour consolider les connaissances th\u00e9oriques et la formation des comp\u00e9tences, pour les appliquer conform\u00e9ment \u00e0 la sp\u00e9cialisation pour laquelle vous \u00eates form\u00e9, \u00e0 divers agents \u00e9conomiques de la zone portuaire avec lesquels l&#8217;universit\u00e9 a des partenariats dans des domaines sp\u00e9cialis\u00e9s et [&hellip;]<\/p>\n","protected":false},"author":4,"featured_media":0,"parent":0,"menu_order":0,"comment_status":"closed","ping_status":"closed","template":"","meta":{"footnotes":""},"class_list":["post-82","page","type-page","status-publish","hentry"],"_links":{"self":[{"href":"https:\/\/cmu-edu.eu\/fr\/wp-json\/wp\/v2\/pages\/82","targetHints":{"allow":["GET"]}}],"collection":[{"href":"https:\/\/cmu-edu.eu\/fr\/wp-json\/wp\/v2\/pages"}],"about":[{"href":"https:\/\/cmu-edu.eu\/fr\/wp-json\/wp\/v2\/types\/page"}],"author":[{"embeddable":true,"href":"https:\/\/cmu-edu.eu\/fr\/wp-json\/wp\/v2\/users\/4"}],"replies":[{"embeddable":true,"href":"https:\/\/cmu-edu.eu\/fr\/wp-json\/wp\/v2\/comments?post=82"}],"version-history":[{"count":4,"href":"https:\/\/cmu-edu.eu\/fr\/wp-json\/wp\/v2\/pages\/82\/revisions"}],"predecessor-version":[{"id":87,"href":"https:\/\/cmu-edu.eu\/fr\/wp-json\/wp\/v2\/pages\/82\/revisions\/87"}],"wp:attachment":[{"href":"https:\/\/cmu-edu.eu\/fr\/wp-json\/wp\/v2\/media?parent=82"}],"curies":[{"name":"wp","href":"https:\/\/api.w.org\/{rel}","templated":true}]}}