{"id":88,"date":"2021-07-19T10:35:46","date_gmt":"2021-07-19T10:35:46","guid":{"rendered":"https:\/\/cmu-edu.eu\/fr\/?page_id=88"},"modified":"2021-07-19T10:44:26","modified_gmt":"2021-07-19T10:44:26","slug":"88-2","status":"publish","type":"page","link":"https:\/\/cmu-edu.eu\/fr\/88-2\/","title":{"rendered":"\u00c9lectrotechnique"},"content":{"rendered":"<div class=\"clearfix ap-row\"><div class=\"ap_column ap-span4\"><h2>\u00c9lectrotechnique<\/h2>\n<p>Le programme d&#8217;\u00e9tudes &#8220;\u00c9lectrotechnique&#8221; est l&#8217;un des programmes d&#8217;\u00e9tudes que l&#8217;universit\u00e9 organise depuis sa cr\u00e9ation, en 1990.<\/p>\n<p>Dans son \u00e9volution, le programme d&#8217;\u00e9tudes &#8220;\u00c9lectrotechnique&#8221; a \u00e9t\u00e9 accr\u00e9dit\u00e9 en 2002 apr\u00e8s avoir constat\u00e9 le respect des normes de qualit\u00e9 obligatoires et des crit\u00e8res g\u00e9n\u00e9raux conform\u00e9ment \u00e0 la loi, puis, apr\u00e8s la cr\u00e9ation d&#8217;ARACIS, il a \u00e9t\u00e9 \u00e9valu\u00e9 et accr\u00e9dit\u00e9 en 2009 pour un nombre de 100 de \u00e9tudiants.<\/p>\n<p>Venant \u00e0 la rencontre du personnel navigant sans formation sup\u00e9rieure n\u00e9cessaire \u00e0 leur promotion sur des postes \u00e0 bord du navire, le programme d&#8217;\u00e9tudes \u00ab\u00c9lectrotechnique\u00bb sous forme d&#8217;enseignement \u00e0 temps partiel a \u00e9t\u00e9 accr\u00e9dit\u00e9.<\/p>\n<p>Le programme d&#8217;\u00e9tudes &#8221; \u00c9lectrotechnique &#8221; s&#8217;adresse aux bacheliers qui souhaitent ensuite travailler dans le domaine maritime avec le m\u00e9tier &#8220;officier \u00e9lectricien de marine&#8221; ou dans le vaste domaine des sciences de l&#8217;ing\u00e9nieur en tant qu&#8217;ing\u00e9nieur dans le domaine du g\u00e9nie \u00e9lectrique\u201d.<\/p>\n<p>Les dipl\u00f4m\u00e9s de ce programme d&#8217;\u00e9tudes peuvent acc\u00e9der aux programmes de ma\u00eetrise et acqu\u00e9rir la capacit\u00e9 d&#8217;utiliser des concepts, des th\u00e9ories et des mod\u00e8les descriptifs et \u00e9valuatifs pour expliquer et interpr\u00e9ter des solutions d&#8217;ing\u00e9nierie en g\u00e9nie \u00e9lectrique.<\/p>\n<p>Le programme de licence &#8220;\u00c9lectrotechnique&#8221; a une dur\u00e9e de 4 ans, 8 semestres, 240 cr\u00e9dits. La suppression de ce programme d&#8217;\u00e9tudes assure la formation des comp\u00e9tences sp\u00e9cifiques d&#8217;un ing\u00e9nieur \u00e9lectricien, l&#8217;utilisation des concepts fondamentaux en g\u00e9nie \u00e9lectrique, la simulation du fonctionnement des \u00e9quipements \u00e9lectriques, la surveillance et l&#8217;automatisation du fonctionnement des syst\u00e8mes \u00e9lectriques, la conception, l&#8217;exploitation et la gestion du d\u00e9pannage des \u00e9quipements \u00e9lectriques.<\/p><\/div>\n<div class=\"ap_column ap-span2\"><h2>QU&#8217;EST-CE QUE VOUS \u00c9TUDIEZ<\/h2>\n<p>Le programme interdisciplinaire est align\u00e9 aux normes internationales STCW (Normes de formation, de certification et de veille), bas\u00e9 sur le mod\u00e8le de cours IMO 7.08 Officier \u00e9lectrotechnique, 2014 (Organisation Maritime Internationale) et il est certifi\u00e9 par l&#8217;ANR (Autorit\u00e9 navale roumaine) pour contribuer \u00e0 la formation des comp\u00e9tences techniques et manag\u00e9riales pour une carri\u00e8re r\u00e9ussie d&#8217;officier maritime \u00e9lectrique.<\/p>\n<p>Disciplines \u00e9tudi\u00e9es: th\u00e9orie des circuits \u00e9lectriques, programmation informatique, machines \u00e9lectriques, actionneurs \u00e9lectriques, \u00e9lectronique de puissance, mesures \u00e9lectriques, installations \u00e9lectriques visant la formation dans le domaine du g\u00e9nie \u00e9lectrique.<\/p><\/div><\/div>\n<div style=\"background-color: #f5f5f5;padding: 10px;text-align: center\">\n<h1 style=\"padding-bottom: 30px\">AVANTAGES<\/h1>\n<p><div class=\"clearfix ap-row\"><div class=\"ap_column ap-span2\"><div style=\"background-color: #ffffff;padding: 10px;margin: 10px;height: 260px\">\n<h3>Reconnaissance internationale<\/h3>\n<p>Le dipl\u00f4me d&#8217;ing\u00e9nieur (mod\u00e8le compl\u00e9mentaire du dipl\u00f4me) et le certificat d&#8217;officier \u00e9lectricien maritime sont internationalement reconnus, vous offrant la possibilit\u00e9 d&#8217;un emploi partout dans le monde.<\/p>\n<\/div><\/div>\n<div class=\"ap_column ap-span2\"><div style=\"background-color: #ffffff;padding: 10px;margin: 10px;height: 260px\">\n<h3>Flexibilit\u00e9<\/h3>\n<p>Apr\u00e8s avoir fait la promotion des cours IMO et obtenu la carte de marin, vous pouvez partir faire votre stage \u00e0 bord du navire. Pendant le stage, vous pouvez participer \u00e0 des cours et \u00e0 des activit\u00e9s d&#8217;enseignement sur la plateforme d\u2019\u00e9tude online eCampus. Vous pouvez \u00e9galement participer aux examens si la p\u00e9riode de pratique co\u00efncide avec la session d&#8217;examen. Vous pouvez \u00e9galement b\u00e9n\u00e9ficier d&#8217;une session ouverte.<\/p>\n<\/div><\/div>\n<div class=\"ap_column ap-span2\"><div style=\"background-color: #ffffff;padding: 10px;margin: 10px;height: 260px\">\n<h3>Possibilit\u00e9s d&#8217;\u00e9tudes \u00e0 l&#8217;\u00e9tranger<\/h3>\n<p>Vous pouvez \u00e9tudier un semestre dans une universit\u00e9 partenaire de l&#8217;Universit\u00e9 Maritime en Europe en acc\u00e9dant \u00e0 une bourse ERASMUS.<\/p>\n<\/div><\/div><\/div><br \/>\n<div class=\"clearfix ap-row\"><div class=\"ap_column ap-span2\"><div style=\"background-color: #ffffff;padding: 10px;margin: 10px;height: 260px\">\n<h3>Alternatives<\/h3>\n<p>Apr\u00e8s avoir obtenu votre dipl\u00f4me de premier cycle, vous pouvez choisir entre une carri\u00e8re en mer ou une carri\u00e8re sur terre.<\/p>\n<\/div><\/div>\n<div class=\"ap_column ap-span2\"><div style=\"background-color: #ffffff;padding: 10px;margin: 10px;height: 260px\">\n<h3>Technologie moderne<\/h3>\n<p>L&#8217;\u00e9quipement de la base mat\u00e9rielle a \u00e9t\u00e9 un objectif important de la strat\u00e9gie de l&#8217;universit\u00e9. Pour l&#8217;application pratique des connaissances th\u00e9oriques acquises au cours de l&#8217;\u00e9tude, vous utiliserez des simulateurs modernes et \u00e0 la pointe de la technologie.<\/p>\n<\/div><\/div>\n<div class=\"ap_column ap-span2\"><div style=\"background-color: #ffffff;padding: 10px;margin: 10px;height: 260px\">\n<h3>Pratique \u00e0 bord<\/h3>\n<p>La plupart des \u00e9tudiants optent pour une carri\u00e8re en mer. Plus de 20 compagnies d&#8217;\u00e9quipage ont conclu des partenariats avec l&#8217;universit\u00e9, donnant aux \u00e9tudiants la chance d&#8217;effectuer leur stage dans un cadre multiculturel. Plus de 150 \u00e9tudiants voyagent chaque ann\u00e9e.<\/p>\n<\/div><\/div><\/div><\/p>\n<div style=\"background-color: #ffffff;padding: 10px;margin: 10px\">\n<h3>Pratique de l&#8217;ing\u00e9nierie<\/h3>\n<p>Selon le programme, dans les deuxi\u00e8me et troisi\u00e8me ann\u00e9es d&#8217;\u00e9tudes pour consolider les connaissances th\u00e9oriques et la formation des comp\u00e9tences, vous pouvez acc\u00e9der \u00e0 la pratique chez divers agents \u00e9conomiques de la zone m\u00e9tropolitaine de la ville o\u00f9 vous avez choisi d&#8217;\u00e9tudier mais aussi dans le port de Constanta avec le sp\u00e9cifique de l&#8217;ing\u00e9nierie, agents avec lesquels l&#8217;universit\u00e9 a conclu des partenariats.<\/p>\n<\/div>\n<\/div>\n<div class=\"clearfix ap-row\"><div class=\"ap_column ap-span6\"><a href=\"https:\/\/cmu-edu.eu\/electromecanica\/wp-content\/uploads\/sites\/19\/2021\/01\/banner-TAIE.jpg\"><img loading=\"lazy\" decoding=\"async\" class=\"aligncenter wp-image-756 size-full\" src=\"https:\/\/cmu-edu.eu\/electromecanica\/wp-content\/uploads\/sites\/19\/2021\/01\/banner-TAIE.jpg\" alt=\"\" width=\"1920\" height=\"443\" \/><\/a><\/div><\/div>\n<div style=\"background-color: #ffcb74;padding: 10px\">\n<h2>OPPORTUNIT\u00c9S DE CARRI\u00c8RE<\/h2>\n<p>Les dipl\u00f4m\u00e9s du programme d&#8217;\u00e9tudes \u00c9lectrotechnique ont de r\u00e9elles chances d&#8217;int\u00e9grer et d&#8217;\u00e9voluer dans leur activit\u00e9 professionnelle &#8211; principalement dans l&#8217;industrie \u00e9lectrique, dans le pays et \u00e0 l&#8217;\u00e9tranger, ainsi que dans la construction navale et l&#8217;industrie offshore.<\/p>\n<ul>\n<li>Officier \u00e9lectricien maritime,<\/li>\n<li>Ing\u00e9nieur \u00e9lectrotechnicien,<\/li>\n<li>concepteur d&#8217;installations \u00e9lectriques,<\/li>\n<li>Ing\u00e9nieur concevant des machines et \u00e9quipements \u00e9lectriques,<\/li>\n<li>Ing\u00e9nieur de mesure,<\/li>\n<li>Acquisition et traitement des donn\u00e9es,<\/li>\n<li>Ing\u00e9nieur concevant des syst\u00e8mes de commandement et de contr\u00f4le,<\/li>\n<li>Officier \u00e9lectricien maritime,<\/li>\n<li>Ing\u00e9nieur \u00e9lectrotechnicien,<\/li>\n<li>Ing\u00e9nieur de recherche \u00e9lectrom\u00e9canique,<\/li>\n<li>Officier \u00e9lectricien.<\/li>\n<\/ul>\n<p>Les dipl\u00f4m\u00e9s de la sp\u00e9cialisation \u00c9LECTROM\u00c9CANIQUE NAVALE ont de r\u00e9elles chances d&#8217;int\u00e9grer et d&#8217;\u00e9voluer dans leur activit\u00e9 professionnelle &#8211; principalement dans l&#8217;industrie de la construction navale dans le pays et \u00e0 l&#8217;\u00e9tranger, ainsi que dans l&#8217;industrie navale et offshore<\/p>\n<\/div>\n<hr class=\"ap-spacing\" style=\"height:10px\"\/>\n<div class=\"clearfix ap-row\"><div class=\"ap_column ap-span3\"><h2>Admission<\/h2>\n<p>Nous sommes dans la troisi\u00e8me ann\u00e9e o\u00f9 nous organisons l&#8217;inscription online en utilisant un syst\u00e8me de cryptage SSL 128 bits.<\/p>\n<p><strong>L&#8217;admission aux \u00e9tudes se fait :<\/strong><\/p>\n<ul>\n<li>par concours d&#8217;admission dans lequel la moyenne d&#8217;admission est une moyenne pond\u00e9r\u00e9e entre la moyenne du baccalaur\u00e9at et la moyenne de l&#8217;examen de math\u00e9matiques<\/li>\n<li>par un concours de dossiers dont la moyenne d&#8217;admission repr\u00e9sente la moyenne du baccalaur\u00e9at<\/li>\n<\/ul>\n<p>Lors de la pand\u00e9mie g\u00e9n\u00e9r\u00e9e par le SRAS COV 2, l&#8217;admission s&#8217;est faite sur concours de dossier.<\/p>\n<p><div class=\"divider\" style=\"margin-top:2px; margin-bottom:2px; border-top:1px solid #CCCCCC;width:100%\"\/><\/div><\/div><\/p>\n<div class=\"ap_column ap-span3\"><h2>Contact<\/h2>\n<ul class=\"lista-doi\">\n<li>CONTACT<\/li>\n<li>E-mail: bcc@cmu-edu.eu<\/li>\n<li>Tel: +40241664740<\/li>\n<li>Mircea cel B\u0103tr\u00e2n, no 104<\/li>\n<li>Constanta<\/li>\n<\/ul><\/div><\/div>\n","protected":false},"excerpt":{"rendered":"<p>AVANTAGES Pratique de l&#8217;ing\u00e9nierie Selon le programme, dans les deuxi\u00e8me et troisi\u00e8me ann\u00e9es d&#8217;\u00e9tudes pour consolider les connaissances th\u00e9oriques et la formation des comp\u00e9tences, vous pouvez acc\u00e9der \u00e0 la pratique chez divers agents \u00e9conomiques de la zone m\u00e9tropolitaine de la ville o\u00f9 vous avez choisi d&#8217;\u00e9tudier mais aussi dans le port de Constanta avec le [&hellip;]<\/p>\n","protected":false},"author":4,"featured_media":0,"parent":0,"menu_order":0,"comment_status":"closed","ping_status":"closed","template":"","meta":{"footnotes":""},"class_list":["post-88","page","type-page","status-publish","hentry"],"_links":{"self":[{"href":"https:\/\/cmu-edu.eu\/fr\/wp-json\/wp\/v2\/pages\/88","targetHints":{"allow":["GET"]}}],"collection":[{"href":"https:\/\/cmu-edu.eu\/fr\/wp-json\/wp\/v2\/pages"}],"about":[{"href":"https:\/\/cmu-edu.eu\/fr\/wp-json\/wp\/v2\/types\/page"}],"author":[{"embeddable":true,"href":"https:\/\/cmu-edu.eu\/fr\/wp-json\/wp\/v2\/users\/4"}],"replies":[{"embeddable":true,"href":"https:\/\/cmu-edu.eu\/fr\/wp-json\/wp\/v2\/comments?post=88"}],"version-history":[{"count":6,"href":"https:\/\/cmu-edu.eu\/fr\/wp-json\/wp\/v2\/pages\/88\/revisions"}],"predecessor-version":[{"id":96,"href":"https:\/\/cmu-edu.eu\/fr\/wp-json\/wp\/v2\/pages\/88\/revisions\/96"}],"wp:attachment":[{"href":"https:\/\/cmu-edu.eu\/fr\/wp-json\/wp\/v2\/media?parent=88"}],"curies":[{"name":"wp","href":"https:\/\/api.w.org\/{rel}","templated":true}]}}