{"id":97,"date":"2021-07-21T08:23:17","date_gmt":"2021-07-21T08:23:17","guid":{"rendered":"https:\/\/cmu-edu.eu\/fr\/?page_id=97"},"modified":"2022-06-27T09:38:22","modified_gmt":"2022-06-27T09:38:22","slug":"ingenierie-des-systemes-denergie-electrique","status":"publish","type":"page","link":"https:\/\/cmu-edu.eu\/fr\/ingenierie-des-systemes-denergie-electrique\/","title":{"rendered":"Ing\u00e9nierie des syst\u00e8mes d&#8217;\u00e9nergie \u00e9lectrique"},"content":{"rendered":"<div class=\"clearfix ap-row\"><div class=\"ap_column ap-span4\"><h2>Ing\u00e9nierie des syst\u00e8mes d&#8217;\u00e9nergie \u00e9lectrique<\/h2>\n<p>Le programme d&#8217;\u00e9tudes &#8220;Ing\u00e9nierie des syst\u00e8mes d&#8217;\u00e9nergie \u00e9lectrique&#8221; est un programme d&#8217;\u00e9tudes que l&#8217;universit\u00e9 organise depuis 2020.<\/p>\n<p>Le programme de licence &#8220;Ing\u00e9nierie des syst\u00e8mes d&#8217;\u00e9nergie \u00e9lectrique&#8221; s&#8217;adresse aux bacheliers qui souhaitent ensuite travailler dans le domaine du g\u00e9nie \u00e9nerg\u00e9tique, en tant qu'&#8221;ing\u00e9nieur dans le domaine du g\u00e9nie \u00e9nerg\u00e9tique&#8221;.<\/p>\n<p>Les dipl\u00f4m\u00e9s de ce programme d&#8217;\u00e9tudes &#8220;Ing\u00e9nierie des syst\u00e8mes d&#8217;\u00e9nergie \u00e9lectrique&#8221; peuvent acc\u00e9der aux programmes de ma\u00eetrise et acqu\u00e9rir la capacit\u00e9 d&#8217;utiliser des concepts, des th\u00e9ories et des mod\u00e8les descriptifs et \u00e9valuatifs pour expliquer et interpr\u00e9ter des solutions d&#8217;ing\u00e9nierie dans le domaine de l&#8217;\u00e9nergie.<\/p>\n<p>Les dipl\u00f4m\u00e9s de ce programme d&#8217;\u00e9tudes &#8220;Ing\u00e9nierie des syst\u00e8mes d&#8217;\u00e9nergie \u00e9lectrique&#8221; acqui\u00e8rent des comp\u00e9tences dans le domaine de la conception, de la construction, de l&#8217;exploitation, de la maintenance, de la gestion et de la planification des centrales \u00e9lectriques dans les centrales \u00e9lectriques conventionnelles, les centrales thermiques, les centrales hydro\u00e9lectriques, les centrales nucl\u00e9aires ou les centrales bas\u00e9es sur \u00e9nergies renouvelables, photo\u00e9lectriques, \u00e9oliennes, microcentrales hydro\u00e9lectriques ou fermes marines, mais aussi \u00e0 partir des syst\u00e8mes de transport et de distribution d&#8217;\u00e9lectricit\u00e9.<\/p>\n<p>Le programme de licence &#8220;Ing\u00e9nierie des syst\u00e8mes d&#8217;\u00e9nergie \u00e9lectrique&#8221; a une dur\u00e9e de 4 ans, 8 semestres, 240 cr\u00e9dits.<\/div>\n<div class=\"ap_column ap-span2\"><h2>QU&#8217;EST-CE QUE VOUS \u00c9TUDIEZ<\/h2>\n<p>Nous sommes soucieux de construire une carri\u00e8re solide dans ce domaine phare de l&#8217;\u00e9conomie roumaine.<\/p>\n<p>Disciplines \u00e9tudi\u00e9es: g\u00e9nie \u00e9lectrique, programmation informatique, machines \u00e9lectriques, actionneurs \u00e9lectriques, production d&#8217;\u00e9lectricit\u00e9, transport et distribution d&#8217;\u00e9lectricit\u00e9, m\u00e9thodes de conversion d&#8217;\u00e9lectricit\u00e9.<\/div><\/div>\n<div style=\"background-color: #f5f5f5;padding: 10px;text-align: center\">\n<h1 style=\"padding-bottom: 30px\">AVANTAGES<\/h1>\n<p><div class=\"clearfix ap-row\"><div class=\"ap_column ap-span2\"><div style=\"background-color: #ffffff;padding: 10px;margin: 10px;height: 260px\">\n<h3>Reconnaissance internationale<\/h3>\n<p><strong>Dipl\u00f4me d&#8217;ing\u00e9nieur<\/strong> reconnu internationalement (mod\u00e8le du dipl\u00f4me compl\u00e9mentaire), offrant la possibilit\u00e9 d&#8217;un emploi partout dans le monde.<\/p>\n<\/div><\/div>\n<div class=\"ap_column ap-span2\"><div style=\"background-color: #ffffff;padding: 10px;margin: 10px;height: 260px\">\n<h3>La flexibilit\u00e9<\/h3>\n<p>En tant qu&#8217;\u00e9tudiant dans un programme d&#8217;\u00e9tudes \u00e0 l&#8217;Universit\u00e9 Maritime, vous pouvez \u00e9tudier en parall\u00e8le une autre sp\u00e9cialisation ou obtenir un transfert vers un autre programme d&#8217;\u00e9tudes.<\/p>\n<\/div><\/div>\n<div class=\"ap_column ap-span2\"><div style=\"background-color: #ffffff;padding: 10px;margin: 10px;height: 260px\">\n<h3>Possibilit\u00e9s d&#8217;\u00e9tudes \u00e0 l&#8217;\u00e9tranger<\/h3>\n<p>Vous pouvez \u00e9tudier un semestre dans une universit\u00e9 partenaire de l&#8217;Universit\u00e9 Maritime en Europe en acc\u00e9dant \u00e0 une bourse ERASMUS<\/p>\n<\/div><\/div><\/div><br \/>\n<div class=\"clearfix ap-row\"><div class=\"ap_column ap-span3\"><div style=\"background-color: #ffffff;padding: 10px;margin: 10px;height: 260px\">\n<h3>Alternatives<\/h3>\n<p>Apr\u00e8s avoir obtenu votre dipl\u00f4me de premier cycle, vous pouvez choisir entre une carri\u00e8re d&#8217;ing\u00e9nieur dans le domaine de l&#8217;ing\u00e9nierie \u00e9nerg\u00e9tique ou apr\u00e8s avoir obtenu un dipl\u00f4me de ma\u00eetrise et de doctorat et un module psychop\u00e9dagogique, vous pouvez rejoindre la facult\u00e9 comme professeur. <\/p>\n<\/div><\/div>\n<div class=\"ap_column ap-span3\"><div style=\"background-color: #ffffff;padding: 10px;margin: 10px;height: 260px\">\n<h3>Technologie moderne<\/h3>\n<p>L&#8217;\u00e9quipement de la base mat\u00e9rielle \u00e9tait un objectif important de la strat\u00e9gie de l&#8217;universit\u00e9. Pour l&#8217;application pratique des connaissances th\u00e9oriques acquises au cours de l&#8217;\u00e9tude, vous utiliserez des simulateurs et des laboratoires modernes et \u00e0 la pointe de la technologie.<\/p>\n<\/div><\/div><\/div><\/p>\n<div style=\"background-color: #ffffff;padding: 10px;margin: 10px\">\n<h3>Pratique de l&#8217;ing\u00e9nierie<\/h3>\n<p>Selon le programme d&#8217;\u00e9tudes, pour consolider les connaissances th\u00e9oriques et la formation des comp\u00e9tences, vous pouvez acc\u00e9der \u00e0 la pratique de divers agents \u00e9conomiques dans la zone m\u00e9tropolitaine de la ville o\u00f9 vous avez choisi d&#8217;\u00e9tudier, la centrale nucl\u00e9aire de Cernavoda mais aussi dans le port de Constanta avec une \u00e9nergie sp\u00e9cifique ing\u00e9nierie, agents avec lesquels l&#8217;universit\u00e9 a conclu des partenariats.<\/p>\n<\/div>\n<\/div>\n<div class=\"clearfix ap-row\"><div class=\"ap_column ap-span6\"><a href=\"https:\/\/cmu-edu.eu\/electromecanica\/wp-content\/uploads\/sites\/19\/2021\/01\/banner-TAIE.jpg\"><img loading=\"lazy\" decoding=\"async\" class=\"aligncenter wp-image-756 size-full\" src=\"https:\/\/cmu-edu.eu\/electromecanica\/wp-content\/uploads\/sites\/19\/2021\/01\/banner-TAIE.jpg\" alt=\"\" width=\"1920\" height=\"443\" \/><\/a><\/div><\/div>\n<div style=\"background-color: #ffcb74;padding: 10px\">\n<h2>Perspectives apr\u00e8s l&#8217;obtention du dipl\u00f4me<\/h2>\n<p>Les dipl\u00f4m\u00e9s du programme d&#8217;\u00e9tudes &#8220;Ing\u00e9nierie des syst\u00e8mes d&#8217;\u00e9nergie \u00e9lectrique&#8221; ont de r\u00e9elles chances de s&#8217;int\u00e9grer et d&#8217;\u00e9voluer dans une activit\u00e9 professionnelle &#8211; principalement dans l&#8217;industrie de l&#8217;\u00e9nergie, dans le pays et \u00e0 l&#8217;\u00e9tranger;<\/p>\n<\/div>\n<hr class=\"ap-spacing\" style=\"height:10px\"\/>\n<h2>Contact<\/h2>\n<ul class=\"lista-doi\">\n<li>CONTACT<\/li>\n<li>E-mail: info@cmu-edu.eu<\/li>\n<li>Tel: +40241664740<\/li>\n<li>Mircea cel B\u0103tr\u00e2n, no 104<\/li>\n<li>Constanta<\/li>\n<\/ul>\n","protected":false},"excerpt":{"rendered":"<p>AVANTAGES Pratique de l&#8217;ing\u00e9nierie Selon le programme d&#8217;\u00e9tudes, pour consolider les connaissances th\u00e9oriques et la formation des comp\u00e9tences, vous pouvez acc\u00e9der \u00e0 la pratique de divers agents \u00e9conomiques dans la zone m\u00e9tropolitaine de la ville o\u00f9 vous avez choisi d&#8217;\u00e9tudier, la centrale nucl\u00e9aire de Cernavoda mais aussi dans le port de Constanta avec une \u00e9nergie [&hellip;]<\/p>\n","protected":false},"author":4,"featured_media":0,"parent":0,"menu_order":0,"comment_status":"closed","ping_status":"closed","template":"","meta":{"footnotes":""},"class_list":["post-97","page","type-page","status-publish","hentry"],"_links":{"self":[{"href":"https:\/\/cmu-edu.eu\/fr\/wp-json\/wp\/v2\/pages\/97","targetHints":{"allow":["GET"]}}],"collection":[{"href":"https:\/\/cmu-edu.eu\/fr\/wp-json\/wp\/v2\/pages"}],"about":[{"href":"https:\/\/cmu-edu.eu\/fr\/wp-json\/wp\/v2\/types\/page"}],"author":[{"embeddable":true,"href":"https:\/\/cmu-edu.eu\/fr\/wp-json\/wp\/v2\/users\/4"}],"replies":[{"embeddable":true,"href":"https:\/\/cmu-edu.eu\/fr\/wp-json\/wp\/v2\/comments?post=97"}],"version-history":[{"count":3,"href":"https:\/\/cmu-edu.eu\/fr\/wp-json\/wp\/v2\/pages\/97\/revisions"}],"predecessor-version":[{"id":201,"href":"https:\/\/cmu-edu.eu\/fr\/wp-json\/wp\/v2\/pages\/97\/revisions\/201"}],"wp:attachment":[{"href":"https:\/\/cmu-edu.eu\/fr\/wp-json\/wp\/v2\/media?parent=97"}],"curies":[{"name":"wp","href":"https:\/\/api.w.org\/{rel}","templated":true}]}}