{"id":186,"date":"2020-12-03T09:32:28","date_gmt":"2020-12-03T07:32:28","guid":{"rendered":"https:\/\/cmu-edu.eu\/horesec\/?page_id=186"},"modified":"2020-12-03T09:35:23","modified_gmt":"2020-12-03T07:35:23","slug":"etapa-iii-2020","status":"publish","type":"page","link":"https:\/\/cmu-edu.eu\/horesec\/etapa-iii-2020\/","title":{"rendered":"Etapa III 2020"},"content":{"rendered":"<h2>Raport \u0218tiin\u021bific \u0219i Tehnic<\/h2>\n<h3>Rezumatul etapei<\/h3>\n<p>Prezenta lucrare este elaborat\u0103 \u00een urma cercet\u0103rilor desf\u0103\u0219urate \u00een cadrul proiectului HORESEC, al c\u0103rui scop este de a dezvolta noi instrumente, metode, modele \u0219i tehnologii, prin care, pe baza evalu\u0103rii impactului cre\u0219terii ponderii surselor regenerabile de energie \u00een produc\u021bia de energie \u0219i a dinamicii raportului dintre energia termic\u0103 \u0219i electric\u0103 pentru o minimizare a costurilor \u0219i maximizare a eficien\u021bei. HORESEC sus\u021bine specializarea inteligent\u0103 \u00een domeniul energiei, prin analiza holistic\u0103 a impactului surselor de energie asupra schimb\u0103rilor climatice, realiz\u00e2nd evolu\u021bia, progresul cunoa\u0219terii, pentru o dezvoltare durabil\u0103 a Rom\u00e2niei.<\/p>\n<p><span style=\"font-size: 18px\"><em>Descar\u0103 <a href=\"https:\/\/cmu-edu.eu\/horesec\/wp-content\/uploads\/sites\/17\/2020\/12\/RST_etapa3_v3.pdf\">Raport \u0218tiin\u021bific \u0219i Tehnic<\/a> complet<\/em><\/span><\/p>\n<p><span style=\"font-size: 18px\"><a href=\"https:\/\/cmu-edu.eu\/horesec\/wp-content\/uploads\/sites\/17\/2020\/12\/Acord-colaborare-sustenabilitate-proiect-HORESEC.pdf\"><span style=\"color: #ff6600\"><strong>Acord colaborare-sustenabilitate proiect HORESEC<\/strong><\/span><\/a><\/span><\/p>\n<h2>Lista de Lucr\u0103ri<\/h2>\n<table width=\"964\">\n<tbody>\n<tr>\n<td width=\"36\">Nr. crt.<\/td>\n<td width=\"350\">Titlu<\/td>\n<td width=\"47\">An<\/td>\n<td width=\"133\">Tip<\/td>\n<td width=\"302\">Publica\u021bie<\/td>\n<td width=\"94\">ISSN\/ISBN<\/td>\n<\/tr>\n<tr>\n<td width=\"36\">1<\/td>\n<td width=\"350\">REAL-TIME STOCHASTIC POWER MANAGEMENT STRATEGIES IN HYBRID RENEWABLE ENERGY SYSTEMS: A REVIEW OF KEY APPLICATIONS AND PERSPECTIVES<\/td>\n<td width=\"47\">2020<\/td>\n<td width=\"133\">Articol<\/td>\n<td width=\"302\">ELECTRIC POWER SYSTEMS RESEARCH<\/td>\n<td width=\"94\">0378-7796<\/td>\n<\/tr>\n<tr>\n<td width=\"36\">2<\/td>\n<td width=\"350\">NUMERICAL ANALYSIS OF A SOLAR TOWER RECEIVER NOVEL DESIGN<\/td>\n<td width=\"47\">2020<\/td>\n<td width=\"133\">Articol<\/td>\n<td width=\"302\">SUSTAINABILITY<\/td>\n<td width=\"94\">2071-1050<\/td>\n<\/tr>\n<tr>\n<td width=\"36\">3<\/td>\n<td width=\"350\">COMPARATIVE ANALYSIS OF AC AND DC BUS CONFIGURATIONS FOR FLYWHEEL-BATTERY HESS INTEGRATION IN RESIDENTIAL MICRO-GRIDS<\/td>\n<td width=\"47\">2020<\/td>\n<td width=\"133\">Articol<\/td>\n<td width=\"302\">ENERGY<\/td>\n<td width=\"94\">0360-5442<\/td>\n<\/tr>\n<tr>\n<td width=\"36\">4<\/td>\n<td width=\"350\">Hydrogen\u2014An Alternative Fuel for Automotive Diesel Engines Used in Transportation<\/td>\n<td width=\"47\">2020<\/td>\n<td width=\"133\">Articol<\/td>\n<td width=\"302\">Sustainability<\/td>\n<td width=\"94\">2071-1050<\/td>\n<\/tr>\n<tr>\n<td width=\"36\">5<\/td>\n<td width=\"350\">ENERGY RECOVERY FROM POULTRY MANURE: A VIABLE SOLUTION TO REDUCE POULTRY INDUSTRY ENERGY CONSUMPTION<\/td>\n<td width=\"47\">2020<\/td>\n<td width=\"133\">Articol<\/td>\n<td width=\"302\">RENEWABLE ENERGY AND POWER QUALITY JOURNAL<\/td>\n<td width=\"94\">2172-038X<\/td>\n<\/tr>\n<tr>\n<td width=\"36\">6<\/td>\n<td width=\"350\">The Estimation of Regional Energy Consumption Based on the Energy Consumption Rate at National Level. Case study: The Romanian Danube Valley<\/td>\n<td width=\"47\">2020<\/td>\n<td width=\"133\">Articol<\/td>\n<td width=\"302\">ENERGIES<\/td>\n<td width=\"94\">1996-1073<\/td>\n<\/tr>\n<tr>\n<td width=\"36\">7<\/td>\n<td width=\"350\">Estimation of Future Changes in Aboveground Forest Carbon Stock in Romania. A Prediction Based on Forest-Cover Pattern Scenario<\/td>\n<td width=\"47\">2020<\/td>\n<td width=\"133\">Articol<\/td>\n<td width=\"302\">FORESTS<\/td>\n<td width=\"94\">1999-4907<\/td>\n<\/tr>\n<tr>\n<td width=\"36\">8<\/td>\n<td width=\"350\">Environmental and socio-economic impacts of photovoltaic farms in the Centre Development Region. Romania<\/td>\n<td width=\"47\">2020<\/td>\n<td width=\"133\">Articol<\/td>\n<td width=\"302\">Proceedings of the 6th International Scientific Conference GEOBALCANICA 2020, vol. Cartography, GIS &amp; Spatial Planning<\/td>\n<td width=\"94\">1857-7636<\/td>\n<\/tr>\n<tr>\n<td width=\"36\">9<\/td>\n<td width=\"350\">Land use\/cover changes related to forest cover in the Apuseni Mountains Natural Park. Romania<\/td>\n<td width=\"47\">2020<\/td>\n<td width=\"133\">Articol<\/td>\n<td width=\"302\">Proceedings of the 6th International Scientific Conference GEOBALCANICA 2020, vol. Cartography, GIS &amp; Spatial Planning<\/td>\n<td width=\"94\">\u00a01857-7636<\/td>\n<\/tr>\n<tr>\n<td width=\"36\">10<\/td>\n<td width=\"350\">Regional analyisis of environmental and socio-economic impacts of photovoltaic parks in Romania. A sowcase of West Development Region<\/td>\n<td width=\"47\">2020<\/td>\n<td width=\"133\">Articol<\/td>\n<td width=\"302\">GEOLINKS International Conference on Environmental Sciences, Book 2<\/td>\n<td width=\"94\">2603-5472<\/td>\n<\/tr>\n<tr>\n<td width=\"36\">11<\/td>\n<td width=\"350\">The impact of climate change on agricultural productivity in Romania. A country-scale assessment based on the relationship between climatic water balance and maize yields in recent decades.<\/td>\n<td width=\"47\">2020<\/td>\n<td width=\"133\">Articol<\/td>\n<td width=\"302\">Agricultural Systems<\/td>\n<td width=\"94\">0308-521x<\/td>\n<\/tr>\n<tr>\n<td width=\"36\">12<\/td>\n<td width=\"350\">Recent spatio-temporal changes of land sensitivity to degradation in Romania due to climate change and human activities: An approach based on multiple environmental quality indicators<\/td>\n<td width=\"47\">2020<\/td>\n<td width=\"133\">Articol<\/td>\n<td width=\"302\">Ecological Indicators<\/td>\n<td width=\"94\">1470-160x<\/td>\n<\/tr>\n<tr>\n<td width=\"36\">13<\/td>\n<td width=\"350\">Hybrid Load Forecasting Using Gaussian Process Regression and Novel Residual Prediction<\/td>\n<td width=\"47\">2020<\/td>\n<td width=\"133\">Articol<\/td>\n<td width=\"302\">Applied Sciences-Basel<\/td>\n<td width=\"94\">\/<\/td>\n<\/tr>\n<tr>\n<td width=\"36\">14<\/td>\n<td width=\"350\">Indoor air quality monitoring universal device<\/td>\n<td width=\"47\">2020<\/td>\n<td width=\"133\">Prezentare oral\u0103<\/td>\n<td width=\"302\">MODTECH 2020<\/td>\n<td width=\"94\">\/<\/td>\n<\/tr>\n<tr>\n<td width=\"36\">15<\/td>\n<td width=\"350\">T3-1 A Modified Physical Optics Approach for Extrapolating Fresnel Region RCS Measurements at High Incidence Angles<\/td>\n<td width=\"47\">2020<\/td>\n<td width=\"133\">Prezentare oral\u0103<\/td>\n<td width=\"302\">2020 IEEE INTERNATIONAL WORKSHOP FOR ANTENNA TECHNLOLOGY<\/td>\n<td width=\"94\">\/<\/td>\n<\/tr>\n<tr>\n<td width=\"36\">16<\/td>\n<td width=\"350\">F-TI 3-P27 Characterization of a Meander Line Antenna in a Non-anechoic Environment<\/td>\n<td width=\"47\">2020<\/td>\n<td width=\"133\">Poster<\/td>\n<td width=\"302\">2020 IEEE INTERNATIONAL WORKSHOP FOR ANTENNA TECHNLOLOGY<\/td>\n<td width=\"94\">\/<\/td>\n<\/tr>\n<tr>\n<td width=\"36\">17<\/td>\n<td width=\"350\">T-TI 2-P3 (SC) Influence of the Substrate Material on the Radar Cross Section of Square Loop Unit Cells for Frequency Selective Surfaces<\/td>\n<td width=\"47\">2020<\/td>\n<td width=\"133\">Poster<\/td>\n<td width=\"302\">2020 Conferinta IEEE INTERNATIONAL WORKSHOP FOR ANTENNA TECHNLOLOGY<\/td>\n<td width=\"94\">\/<\/td>\n<\/tr>\n<tr>\n<td width=\"36\">18<\/td>\n<td width=\"350\">W-TI 1-P3 (SC) A Distance Averaging Approach for Measuring the Radiation from Common Mode Currents on Antenna Feeders<\/td>\n<td width=\"47\">2020<\/td>\n<td width=\"133\">Poster<\/td>\n<td width=\"302\">2020 Conferinta IEEE INTERNATIONAL WORKSHOP FOR ANTENNA TECHNLOLOGY<\/td>\n<td width=\"94\">\/<\/td>\n<\/tr>\n<tr>\n<td width=\"36\">19<\/td>\n<td width=\"350\">OMN100-113, Operation and diagnosis of electrically operated valves<\/td>\n<td width=\"47\">2020<\/td>\n<td width=\"133\">Poster<\/td>\n<td width=\"302\">ATOM-N 2020<\/td>\n<td width=\"94\">\/<\/td>\n<\/tr>\n<tr>\n<td width=\"36\">20<\/td>\n<td width=\"350\">OMN100-114, Operation and diagnosis of pneumatically operated valves<\/td>\n<td width=\"47\">2020<\/td>\n<td width=\"133\">Poster<\/td>\n<td width=\"302\">ATOM-N 2020<\/td>\n<td width=\"94\">\/<\/td>\n<\/tr>\n<tr>\n<td width=\"36\">21<\/td>\n<td width=\"350\">An accurate and fast iterative scheme for estimating the ship rolling and capsizing in regular waves<\/td>\n<td width=\"47\">2020<\/td>\n<td width=\"133\">Prezentare oral\u0103<\/td>\n<td width=\"302\">MODTECH 2020<\/td>\n<td width=\"94\">\/<\/td>\n<\/tr>\n<tr>\n<td width=\"36\">22<\/td>\n<td width=\"350\">OMN100-20, Efficiency of using a hybrid marine propulsion system vs. conventional system<\/td>\n<td width=\"47\">2020<\/td>\n<td width=\"133\">Prezentare Orala<\/td>\n<td width=\"302\">ATOM-N 2020<\/td>\n<td width=\"94\">1044-5110<\/td>\n<\/tr>\n<tr>\n<td width=\"36\">23<\/td>\n<td width=\"350\">MN100-22, Choose the best electricity sources for a container ship, by using a hybrid optimization model for electric renewable<\/td>\n<td width=\"47\">2020<\/td>\n<td width=\"133\">Prezentare Orala<\/td>\n<td width=\"302\">ATOM-N 2020<\/td>\n<td width=\"94\">\/<\/td>\n<\/tr>\n<tr>\n<td width=\"36\">24<\/td>\n<td width=\"350\">OMN100-12, Electromagnetic radiation monitoring universal device<\/td>\n<td width=\"47\">2020<\/td>\n<td width=\"133\">Prezentare Orala<\/td>\n<td width=\"302\">ATOM-N 2020<\/td>\n<td width=\"94\">\/<\/td>\n<\/tr>\n<tr>\n<td width=\"36\">25<\/td>\n<td width=\"350\">Assessment and risk prevention of air pollution in urban sites<\/td>\n<td width=\"47\">2020<\/td>\n<td width=\"133\">Prezentare Orala<\/td>\n<td width=\"302\">TE-RE-RD 2020<\/td>\n<td width=\"94\">\/<\/td>\n<\/tr>\n<tr>\n<td width=\"36\">26<\/td>\n<td width=\"350\">Influence of four modern Flettner rotors, used as wind energy capturing system, on container ship stability<\/td>\n<td width=\"47\">2020<\/td>\n<td width=\"133\">Prezentare Orala<\/td>\n<td width=\"302\">TE-RE-RD 2020<\/td>\n<td width=\"94\">\/<\/td>\n<\/tr>\n<tr>\n<td width=\"36\">27<\/td>\n<td width=\"350\">The remotely controlled underwater robot system<\/td>\n<td width=\"47\">2020<\/td>\n<td width=\"133\">Prezentare Orala<\/td>\n<td width=\"302\">TE-RE-RD 2020<\/td>\n<td width=\"94\">\/<\/td>\n<\/tr>\n<tr>\n<td width=\"36\">28<\/td>\n<td width=\"350\">The influence of the vitiated air from the treatment plants on the urban and rural development<\/td>\n<td width=\"47\">2020<\/td>\n<td width=\"133\">Prezentare Orala<\/td>\n<td width=\"302\">TE-RE-RD 2020<\/td>\n<td width=\"94\">\/<\/td>\n<\/tr>\n<tr>\n<td width=\"36\">29<\/td>\n<td width=\"350\">ADAPTIVE VOLTAGE CONTROL OF ISLANDED RES-BASED RESIDENTIAL MICROGRID WITH INTEGRATED FLYWHEEL\/BATTERY HYBRID ENERGY STORAGE SYSTEM<\/td>\n<td width=\"47\">2020<\/td>\n<td width=\"133\">Articol<\/td>\n<td width=\"302\">22nd European Conference on Power Electronics and Applications, EPE 2020 ECCE Europe<\/td>\n<td width=\"94\">ISBN 978-907581536-8<\/td>\n<\/tr>\n<tr>\n<td width=\"36\">30<\/td>\n<td width=\"350\">RESEARCHES ON BIOFUELS GASIFICATION USING THE LURGI PROCESS WITH HOMOGENEOUS AIR INLET OVER THE COMBUSTION SPACE<\/td>\n<td width=\"47\">2020<\/td>\n<td width=\"133\">Articol<\/td>\n<td width=\"302\">TE-RE-RD 2020, E3S Web of Conferences<\/td>\n<td width=\"94\">ISSN 25550403<\/td>\n<\/tr>\n<tr>\n<td width=\"36\">31<\/td>\n<td width=\"350\">HIGHLIGHTS OF RENEWABLE ENERGY INTEGRATION IMPACT: EVOLUTION AND PERSPECTIVES IN ROMANIA<\/td>\n<td width=\"47\">2020<\/td>\n<td width=\"133\">Articol<\/td>\n<td width=\"302\">21st International Symposium on Electrical Apparatus and Technologies, SIELA 2020<\/td>\n<td width=\"94\">ISBN978-172814346-0<\/td>\n<\/tr>\n<tr>\n<td width=\"36\">32<\/td>\n<td width=\"350\">COMPARATIVE ANALYSIS OF CARBON DIOXIDE METHANATION TECHNOLOGIES FOR LOW CARBON SOCIETY DEVELOPMENT<\/td>\n<td width=\"47\">2020<\/td>\n<td width=\"133\">Prezentare Orala<\/td>\n<td width=\"302\">8th International Conference on Advanced Materials and Systems (ICAMS \u030120)<\/td>\n<td width=\"94\">\/<\/td>\n<\/tr>\n<tr>\n<td width=\"36\">33<\/td>\n<td width=\"350\">EFFICIENT POULTRY INDUSTRY WASTE MANAGEMENT APPROACH IN THE BIOECONOMY FRAMEWORK<\/p>\n<p>&nbsp;<\/td>\n<td width=\"47\">2020<\/td>\n<td width=\"133\">Prezentare Oral<\/td>\n<td width=\"302\">8th International Conference on Advanced Materials and Systems (ICAMS \u030120)<\/td>\n<td width=\"94\">\/<\/td>\n<\/tr>\n<tr>\n<td width=\"36\">34<\/td>\n<td width=\"350\">RENEWABLE ENERGY EMPLOYMENT IN ROMANIA: AN ENVIRONMENTAL IMPACT DISCUSSION<\/td>\n<td width=\"47\">2020<\/td>\n<td width=\"133\">Prezentare Orala<\/td>\n<td width=\"302\">20th International Multidisciplinary Scientific Geoconference SGEM2020<\/td>\n<td width=\"94\">\/<\/td>\n<\/tr>\n<tr>\n<td width=\"36\">35<\/td>\n<td width=\"350\">DESIGN OF AN ENHANCED PERFORMANCE HYBRID AUTONOMUS SYSTEM<\/td>\n<td width=\"47\">2020<\/td>\n<td width=\"133\">Prezentare Orala<\/td>\n<td width=\"302\">20th International Multidisciplinary Scientific Geoconference SGEM2020<\/td>\n<td width=\"94\">\/<\/td>\n<\/tr>\n<tr>\n<td width=\"36\">36<\/td>\n<td width=\"350\">NEW DESIGN OF A FLAME-TUBE STEAM GENERATOR BASED-ON A HOT WATER BOILER BURNING AGRICULTURAL WASTE<\/td>\n<td width=\"47\">2020<\/td>\n<td width=\"133\">Prezentare orala<\/td>\n<td width=\"302\">7th International Conference on Energy Efficiency and Agricultural Engineering (EE&amp;AE)<\/td>\n<td width=\"94\">\/<\/td>\n<\/tr>\n<tr>\n<td width=\"36\">37<\/td>\n<td width=\"350\">Environmental and socio-economic impacts of photovoltaic farms in the Centre Development Region. Romania<\/td>\n<td width=\"47\">2020<\/td>\n<td width=\"133\">Prezentare orala<\/td>\n<td width=\"302\">Proceedings of the 6th International Scientific Conference GEOBALCANICA 2020, vol. Cartography, GIS &amp; Spatial Planning<\/td>\n<td width=\"94\">\/<\/td>\n<\/tr>\n<tr>\n<td width=\"36\">38<\/td>\n<td width=\"350\">Land use\/cover changes related to forest cover in the Apuseni Mountains Natural Park. Romania<\/td>\n<td width=\"47\">2020<\/td>\n<td width=\"133\">Prezentare orala<\/td>\n<td width=\"302\">Proceedings of the 6th International Scientific Conference GEOBALCANICA 2020, vol. Cartography, GIS &amp; Spatial Planning<\/td>\n<td width=\"94\">\/<\/td>\n<\/tr>\n<tr>\n<td width=\"36\">39<\/td>\n<td width=\"350\">Regional analyisis of environmental and socio-economic impacts of photovoltaic parks in Romania. A sowcase of West Development Region<\/td>\n<td width=\"47\">2020<\/td>\n<td width=\"133\">Prezentare Orala<\/td>\n<td width=\"302\">Proceedings of the GEOLINKS Conference Vision for new horizons<\/td>\n<td width=\"94\">\/<\/td>\n<\/tr>\n<tr>\n<td width=\"36\">40<\/td>\n<td width=\"350\">MULTI-PERSPECTIVE ANALYSIS OF RENEWABLE-BASED MICROGRIDS SUSTAINABLE INTEGRATION<\/td>\n<td width=\"47\">2020<\/td>\n<td width=\"133\">Prezentare Orala<\/td>\n<td width=\"302\">1st Asia and Pacific Sustainable Development of Energy, Water and Environment Systems Conference \u2013 1st AP SDEWES<\/td>\n<td width=\"94\">\/<\/td>\n<\/tr>\n<tr>\n<td width=\"36\">41<\/td>\n<td width=\"350\">Modeling of distributed generation<\/td>\n<td width=\"47\">2020<\/td>\n<td width=\"133\">Prezentare Orala<\/td>\n<td width=\"302\">WEC CENTRAL &amp; EASTERN EUROPE REGIONAL ENERGY FORUM \u2013 FOREN 2020<\/td>\n<td width=\"94\">\/<\/td>\n<\/tr>\n<tr>\n<td width=\"36\">42<\/td>\n<td width=\"350\">Design of a renewable energy supply system for a student dormitory<\/td>\n<td width=\"47\">2020<\/td>\n<td width=\"133\">Prezentare Orala<\/td>\n<td width=\"302\">WEC CENTRAL &amp; EASTERN EUROPE REGIONAL ENERGY FORUM \u2013 FOREN 2020<\/td>\n<td width=\"94\">\/<\/td>\n<\/tr>\n<tr>\n<td width=\"36\">43<\/td>\n<td width=\"350\">Research on the realization of a nitinol clutch thermocouples<\/td>\n<td width=\"47\">2020<\/td>\n<td width=\"133\">Prezentare Orala<\/td>\n<td width=\"302\">The 11th International Conference and Exposition on Electrical and Power Engineering (EPE 2020)<\/td>\n<td width=\"94\">\/<\/td>\n<\/tr>\n<tr>\n<td width=\"36\">44<\/td>\n<td width=\"350\">Effects of Connecting Photovoltaic Power Plants on a Long Electrical Line<\/td>\n<td width=\"47\">2020<\/td>\n<td width=\"133\">Prezentare Orala<\/td>\n<td width=\"302\">Proceedings of the International Conference and Exposition on Electrical and Power Engineering<\/td>\n<td width=\"94\">\/<\/td>\n<\/tr>\n<tr>\n<td width=\"36\">45<\/td>\n<td width=\"350\">Influence of Soil Resistivity on 110 kV Substation Grounding System<\/td>\n<td width=\"47\">2020<\/td>\n<td width=\"133\">Prezentare Orala<\/td>\n<td width=\"302\">Proceedings of the International Conference and Exposition on Electrical and Power Engineering<\/td>\n<td width=\"94\">\/<\/td>\n<\/tr>\n<tr>\n<td width=\"36\">46<\/td>\n<td width=\"350\">The Impact of Multiple Small PV Units on Distribution Networks. Romanian Case-study<\/td>\n<td width=\"47\">2020<\/td>\n<td width=\"133\">Prezentare Orala<\/td>\n<td width=\"302\">Proceedings of the International Conference and Exposition on Electrical and Power Engineering<\/td>\n<td width=\"94\">\/<\/td>\n<\/tr>\n<tr>\n<td width=\"36\">47<\/td>\n<td width=\"350\">Study Regarding Implementation of a Monitoring and Control System for a Small Hydropower Plant<\/td>\n<td width=\"47\">2020<\/td>\n<td width=\"133\">Prezentare Orala<\/td>\n<td width=\"302\">Proceedings of the International Conference and Exposition on Electrical and Power Engineering<\/td>\n<td width=\"94\">\/<\/td>\n<\/tr>\n<\/tbody>\n<\/table>\n","protected":false},"excerpt":{"rendered":"<p>Raport \u0218tiin\u021bific \u0219i Tehnic Rezumatul etapei Prezenta lucrare este elaborat\u0103 \u00een urma cercet\u0103rilor desf\u0103\u0219urate \u00een cadrul proiectului HORESEC, al c\u0103rui scop este de a dezvolta noi instrumente, metode, modele \u0219i tehnologii, prin care, pe baza evalu\u0103rii impactului cre\u0219terii ponderii surselor regenerabile de energie \u00een produc\u021bia de energie \u0219i a dinamicii raportului dintre energia termic\u0103 \u0219i [&hellip;]<\/p>\n","protected":false},"author":4,"featured_media":0,"parent":0,"menu_order":0,"comment_status":"closed","ping_status":"closed","template":"","meta":{"footnotes":""},"class_list":["post-186","page","type-page","status-publish","hentry"],"_links":{"self":[{"href":"https:\/\/cmu-edu.eu\/horesec\/wp-json\/wp\/v2\/pages\/186","targetHints":{"allow":["GET"]}}],"collection":[{"href":"https:\/\/cmu-edu.eu\/horesec\/wp-json\/wp\/v2\/pages"}],"about":[{"href":"https:\/\/cmu-edu.eu\/horesec\/wp-json\/wp\/v2\/types\/page"}],"author":[{"embeddable":true,"href":"https:\/\/cmu-edu.eu\/horesec\/wp-json\/wp\/v2\/users\/4"}],"replies":[{"embeddable":true,"href":"https:\/\/cmu-edu.eu\/horesec\/wp-json\/wp\/v2\/comments?post=186"}],"version-history":[{"count":4,"href":"https:\/\/cmu-edu.eu\/horesec\/wp-json\/wp\/v2\/pages\/186\/revisions"}],"predecessor-version":[{"id":192,"href":"https:\/\/cmu-edu.eu\/horesec\/wp-json\/wp\/v2\/pages\/186\/revisions\/192"}],"wp:attachment":[{"href":"https:\/\/cmu-edu.eu\/horesec\/wp-json\/wp\/v2\/media?parent=186"}],"curies":[{"name":"wp","href":"https:\/\/api.w.org\/{rel}","templated":true}]}}