{"id":194,"date":"2021-04-29T09:27:19","date_gmt":"2021-04-29T06:27:19","guid":{"rendered":"https:\/\/cmu-edu.eu\/horesec\/?page_id=194"},"modified":"2021-05-11T10:30:50","modified_gmt":"2021-05-11T07:30:50","slug":"etapa-iv-2021","status":"publish","type":"page","link":"https:\/\/cmu-edu.eu\/horesec\/etapa-iv-2021\/","title":{"rendered":"Etapa IV 2021"},"content":{"rendered":"<h2>Raport \u0218tiin\u021bific \u0219i Tehnic<\/h2>\n<h3>Rezumatul etapei<\/h3>\n<p>Prezenta lucrare este elaborat\u0103 \u00een urma cercet\u0103rilor desf\u0103\u0219urate \u00een cadrul proiectului HORESEC, al c\u0103rui scop este de a dezvolta noi instrumente, metode, modele \u0219i tehnologii, prin care, pe baza evalu\u0103rii impactului cre\u0219terii ponderii surselor regenerabile de energie \u00een produc\u021bia de energie \u0219i a dinamicii raportului dintre energia termic\u0103 \u0219i electric\u0103 pentru o minimizare a costurilor \u0219i maximizare a eficien\u021bei. HORESEC sus\u021bine specializarea inteligent\u0103 \u00een domeniul energiei, prin analiza holistic\u0103 a impactului surselor de energie asupra schimb\u0103rilor climatice, realiz\u00e2nd evolu\u021bia, progresul cunoa\u0219terii, pentru o dezvoltare durabil\u0103 a Rom\u00e2niei.<\/p>\n<p><span style=\"font-size: 18px\"><em>Descar\u0103 <a href=\"https:\/\/cmu-edu.eu\/horesec\/wp-content\/uploads\/sites\/17\/2021\/04\/RAPORTARE-STIINTIFICA-anul-2021.pdf\">Raport \u0218tiin\u021bific \u0219i Tehnic<\/a> complet<\/em><\/span><\/p>\n<p><span style=\"font-size: 18px\"><em>Descar\u0103 <a href=\"https:\/\/cmu-edu.eu\/horesec\/wp-content\/uploads\/sites\/17\/2021\/05\/11.-05.-RST2021_PCCDI-31-2018.pdf\">Raport \u0218tiin\u021bific Tehnic<\/a> 2018 &#8211; 2021\u00a0<\/em><\/span><\/p>\n<p><span style=\"font-size: 18px\"><em>Descar\u0103<\/em><a href=\"https:\/\/cmu-edu.eu\/horesec\/wp-content\/uploads\/sites\/17\/2020\/12\/Acord-colaborare-sustenabilitate-proiect-HORESEC.pdf\"><span style=\"color: #ff6600\"><strong>\u00a0Program comun CDI<\/strong><\/span><\/a><\/span><\/p>\n<h3>Lista Lucr\u0103rilor<\/h3>\n<table width=\"97%\">\n<tbody>\n<tr>\n<td width=\"37\"><strong>Nr. Crt.<\/strong><\/td>\n<td width=\"310\"><strong>Titlu<\/strong><\/td>\n<td width=\"66\"><strong>An<\/strong><\/td>\n<td width=\"113\"><strong>Tip<\/strong><\/td>\n<td width=\"377\"><strong>Publicatie<\/strong><\/td>\n<\/tr>\n<tr>\n<td width=\"37\"><strong>1<\/strong><\/td>\n<td width=\"310\">COMPARATIVE STUDY OF AIRFOIL PROFILE EFFECT ON THE AERODYNAMIC PERFORMANCE OF SMALL SCALE WIND TURBINES<\/td>\n<td width=\"66\">2021<\/td>\n<td width=\"113\">Prezentare Orala<\/td>\n<td width=\"377\">12th International Symposium on Advanced Topics In Electrical Engineering \u2013 ATEE<\/td>\n<\/tr>\n<tr>\n<td width=\"37\"><strong>2<\/strong><\/td>\n<td width=\"310\">MODELING AND CONTROL OF A DC\/DC CONVERTER FOR A PV\/BATTERY STAND-ALONE APPLICATION,<\/td>\n<td width=\"66\">2021<\/td>\n<td width=\"113\">Poster<\/td>\n<td width=\"377\">International Conference on ENERGY and ENVIRONMENT \u2013 CIEM2021<\/td>\n<\/tr>\n<tr>\n<td width=\"37\"><strong>3<\/strong><\/td>\n<td width=\"310\">EXPERIMENTAL RESEARCHES ON POULTRY MANURE COMBUSTION IN CO-COMBUSTION WITH BIOMASS<\/td>\n<td width=\"66\">2021<\/td>\n<td width=\"113\">Prezentare Orala<\/td>\n<td width=\"377\">10th International Conference on Thermal Equipment, Renewable Energy and Rural Revelopment TE-RE-RD 2021<\/td>\n<\/tr>\n<tr>\n<td width=\"37\"><strong>4<\/strong><\/td>\n<td width=\"310\">DEFINING OF CRITERIA FOR FLUE GAS DECARBONIZATION EFFICIENCY IN METHANATION REACTORS WITH MEMBRANE TECHNOLOGY<\/td>\n<td width=\"66\">2021<\/td>\n<td width=\"113\">Prezentare Orala<\/td>\n<td width=\"377\">10th International Conference on Thermal Equipment, Renewable Energy and Rural Revelopment TE-RE-RD 2021<\/td>\n<\/tr>\n<tr>\n<td width=\"37\"><strong>5<\/strong><\/td>\n<td width=\"310\">PARTICULARITIES OF HIGH OXYGEN CONTENT BIOFUELS PYROLYSIS PROCESS<\/td>\n<td width=\"66\">2021<\/td>\n<td width=\"113\">Prezentare Orala<\/td>\n<td width=\"377\">19th International Conference on Renewable Energies and Power Quality \u2013 ICREPQ&#8217;21<\/td>\n<\/tr>\n<tr>\n<td width=\"37\"><strong>6<\/strong><\/td>\n<td width=\"310\">Determination of the effective capacity of lead-acid batteries using the least squares method<\/td>\n<td width=\"66\">2021<\/td>\n<td width=\"113\">Articol<\/td>\n<td width=\"377\">PROCEEDINGS OF 2021 9TH INTERNATIONAL CONFERENCE ON MODERN POWER SYSTEMS (MPS)<\/td>\n<\/tr>\n<tr>\n<td width=\"37\"><strong>7<\/strong><\/td>\n<td width=\"310\">FACTS DEVICES INTEGRATION TO INCREASE RENEWABLE ENERGY PARTICIPATION IN SUDAN<\/td>\n<td width=\"66\">2021<\/td>\n<td width=\"113\">Prezentare Orala<\/td>\n<td width=\"377\">XXIth International Multidisciplinary Scientific GeoConference on Surveying, Geology and Mining, Ecology and Management \u2013 SGEM 2021<\/td>\n<\/tr>\n<tr>\n<td width=\"37\"><strong>8<\/strong><\/td>\n<td width=\"310\">Method for optimizing isolated power grids<\/td>\n<td width=\"66\">2021<\/td>\n<td width=\"113\">Articol<\/td>\n<td width=\"377\">PROCEEDINGS OF 2021 9TH INTERNATIONAL CONFERENCE ON MODERN POWER SYSTEMS (MPS)<\/td>\n<\/tr>\n<tr>\n<td width=\"37\"><strong>9<\/strong><\/td>\n<td width=\"310\">HYDROGEN USE TO REDUCE CARBON DIOXIDE EMISSIONS THROUGH METHANATION OF FLUE GAS<\/td>\n<td width=\"66\">2021<\/td>\n<td width=\"113\">Prezentare Orala<\/td>\n<td width=\"377\">IEEE PES Innovative Smart Grid Technologies \u2013 ISGT Europe 2021<\/td>\n<\/tr>\n<tr>\n<td width=\"37\"><strong>10<\/strong><\/td>\n<td width=\"310\">A review of residential micro Combined Heat and Power systems based on renewable energy<\/td>\n<td width=\"66\">2021<\/td>\n<td width=\"113\">Articol<\/td>\n<td width=\"377\">PROCEEDINGS OF 2021 9TH INTERNATIONAL CONFERENCE ON MODERN POWER SYSTEMS (MPS)<\/td>\n<\/tr>\n<tr>\n<td width=\"37\"><strong>11<\/strong><\/td>\n<td width=\"310\">POWER-TO-GAS TECHNOLOGY INTEGRATION IN RENEWABLE SMART GRIDS<\/td>\n<td width=\"66\">2020<\/td>\n<td width=\"113\">Prezentare Orala<\/td>\n<td width=\"377\">IEEE PES Innovative Smart Grid Technologies \u2013 ISGT Europe 2021<\/td>\n<\/tr>\n<tr>\n<td width=\"37\"><strong>12<\/strong><\/td>\n<td width=\"310\">About grid scale battery storage in Romania-an overview<\/td>\n<td width=\"66\">2021<\/td>\n<td width=\"113\">Articol<\/td>\n<td width=\"377\">PROCEEDINGS OF 2021 9TH INTERNATIONAL CONFERENCE ON MODERN POWER SYSTEMS (MPS)<\/td>\n<\/tr>\n<tr>\n<td width=\"37\"><strong>13<\/strong><\/td>\n<td width=\"310\">SENSITIVITY ANALYSIS OF HYBRID RENEWABLE ENERGY SYSTEMS INTEGRATION IMPACT ON CARBON DIOXIDE EMISSIONS<\/td>\n<td width=\"66\">2021<\/td>\n<td width=\"113\">Prezentare Orala<\/td>\n<td width=\"377\">6th International Conference on Smart and Sustainable Technologies<\/td>\n<\/tr>\n<tr>\n<td width=\"37\"><strong>14<\/strong><\/td>\n<td width=\"310\">Monitoring and data aquisition for a consumption system based on renewable energies<\/td>\n<td width=\"66\">2021<\/td>\n<td width=\"113\">Prezentare Orala<\/td>\n<td width=\"377\">MODTECH 2021<\/td>\n<\/tr>\n<tr>\n<td width=\"37\"><strong>15<\/strong><\/td>\n<td width=\"310\">The effect of use of unconventional power generation systems on the safety of navigation<\/td>\n<td width=\"66\">2021<\/td>\n<td width=\"113\">Prezentare Orala<\/td>\n<td width=\"377\">MODTECH 2021<\/td>\n<\/tr>\n<tr>\n<td width=\"37\"><strong>16<\/strong><\/td>\n<td width=\"310\">Fast Steady-State Computation of Electrical Networks Involving Nonlinear and Photovoltaic Components<\/td>\n<td width=\"66\">2021<\/td>\n<td width=\"113\">TRANSACTIONS ON SMART GRID<\/td>\n<td width=\"377\"><\/td>\n<\/tr>\n<tr>\n<td width=\"37\"><strong>17<\/strong><\/td>\n<td width=\"310\">THE INFLUENCE OF HYDROGEN ON VAPORIZATION, MIXTURE FORMATION AND COMBUSTION OF DIESEL FUEL AT AN AUTOMOTIVE DIESEL ENGINE<\/td>\n<td width=\"66\">2021<\/td>\n<td width=\"113\">SUSTAINABILITY<\/td>\n<td width=\"377\"><\/td>\n<\/tr>\n<\/tbody>\n<\/table>\n","protected":false},"excerpt":{"rendered":"<p>Raport \u0218tiin\u021bific \u0219i Tehnic Rezumatul etapei Prezenta lucrare este elaborat\u0103 \u00een urma cercet\u0103rilor desf\u0103\u0219urate \u00een cadrul proiectului HORESEC, al c\u0103rui scop este de a dezvolta noi instrumente, metode, modele \u0219i tehnologii, prin care, pe baza evalu\u0103rii impactului cre\u0219terii ponderii surselor regenerabile de energie \u00een produc\u021bia de energie \u0219i a dinamicii raportului dintre energia termic\u0103 \u0219i [&hellip;]<\/p>\n","protected":false},"author":4,"featured_media":0,"parent":0,"menu_order":0,"comment_status":"closed","ping_status":"closed","template":"","meta":{"footnotes":""},"class_list":["post-194","page","type-page","status-publish","hentry"],"_links":{"self":[{"href":"https:\/\/cmu-edu.eu\/horesec\/wp-json\/wp\/v2\/pages\/194","targetHints":{"allow":["GET"]}}],"collection":[{"href":"https:\/\/cmu-edu.eu\/horesec\/wp-json\/wp\/v2\/pages"}],"about":[{"href":"https:\/\/cmu-edu.eu\/horesec\/wp-json\/wp\/v2\/types\/page"}],"author":[{"embeddable":true,"href":"https:\/\/cmu-edu.eu\/horesec\/wp-json\/wp\/v2\/users\/4"}],"replies":[{"embeddable":true,"href":"https:\/\/cmu-edu.eu\/horesec\/wp-json\/wp\/v2\/comments?post=194"}],"version-history":[{"count":8,"href":"https:\/\/cmu-edu.eu\/horesec\/wp-json\/wp\/v2\/pages\/194\/revisions"}],"predecessor-version":[{"id":207,"href":"https:\/\/cmu-edu.eu\/horesec\/wp-json\/wp\/v2\/pages\/194\/revisions\/207"}],"wp:attachment":[{"href":"https:\/\/cmu-edu.eu\/horesec\/wp-json\/wp\/v2\/media?parent=194"}],"curies":[{"name":"wp","href":"https:\/\/api.w.org\/{rel}","templated":true}]}}