{"id":29,"date":"2018-09-03T11:58:20","date_gmt":"2018-09-03T08:58:20","guid":{"rendered":"https:\/\/cmu-edu.eu\/horesec\/?page_id=29"},"modified":"2018-09-03T12:00:12","modified_gmt":"2018-09-03T09:00:12","slug":"obiective","status":"publish","type":"page","link":"https:\/\/cmu-edu.eu\/horesec\/obiective\/","title":{"rendered":"Obiective"},"content":{"rendered":"<p><strong><img loading=\"lazy\" decoding=\"async\" class=\"alignleft size-full wp-image-11\" src=\"https:\/\/cmu-edu.eu\/horesec\/wp-content\/uploads\/sites\/17\/2018\/09\/banne-hore.jpg\" alt=\"\" width=\"1600\" height=\"400\" srcset=\"https:\/\/cmu-edu.eu\/horesec\/wp-content\/uploads\/sites\/17\/2018\/09\/banne-hore.jpg 1600w, https:\/\/cmu-edu.eu\/horesec\/wp-content\/uploads\/sites\/17\/2018\/09\/banne-hore-300x75.jpg 300w, https:\/\/cmu-edu.eu\/horesec\/wp-content\/uploads\/sites\/17\/2018\/09\/banne-hore-768x192.jpg 768w, https:\/\/cmu-edu.eu\/horesec\/wp-content\/uploads\/sites\/17\/2018\/09\/banne-hore-1024x256.jpg 1024w\" sizes=\"auto, (max-width: 1600px) 100vw, 1600px\" \/><\/strong><\/p>\n<p>&nbsp;<\/p>\n<p><strong>Obiectivul general<\/strong> al proiectului HORESEC const\u0103 \u00een dezvoltarea de noi instrumente, metode, modele \u0219i tehnologii, prin care, pe baza evalu\u0103rii impactului cre\u0219terii ponderii SRE \u00een produc\u0163ia de energie \u0219i a dinamicii raportului dintre energia termic\u0103 \u0219i electric\u0103 pentru o minimizare a costurilor \u0219i maximizare a eficien\u021bei. Proiectul urmeaz\u0103 s\u0103 prezinte solu\u021bii testate pe o instala\u0163ie pilot pentru adaptarea sistemului SRE, la dinamica cre\u015fterii energiei regenerabile \u00een produc\u0163ia total\u0103 de energie, inclusiv prin solu\u0163ii de stocare pe termen lung.<\/p>\n<p><strong>Principalele obiective sunt:<\/strong><\/p>\n<ul class=\"ap-list ap-list3\"><li>Influen\u021ba cre\u0219terii ponderii surselor regeneralbile de energie, asupra evolu\u0163iei mediului \u015fi climei. Scopul principal este de a stabili principalii parametrii climatologici \u0219i de mediu cu impact asupra surselor regenerabile \u015fi invers.<\/li>\n<li>Adaptarea surselor de producere a energiei fotovoltaice \u015fi eoliene la dinamica cre\u015fterii energiei regenerabile \u00een produc\u0163ia total\u0103 de energie. Scopul este de a eficientiza aceasta energie prin noi tehnologii \u015fi algoritmi de optimizare a r\u0103spunsului SRE, dezvolt\u00e2nd metode \u0219i modele noi de m\u0103surare \u0219i senzori adecva\u021bi de monitorizare.<\/li>\n<li>Dinamica raportului dintre energia termic\u0103 \u0219i electric\u0103 produs\u0103 din biomas\u0103. Pentru a analiza posibilit\u0103\u0163ile viitoare de includere a biomasei \u00een balan\u0163a na\u0163ional\u0103 de SRE se va realiza o baz\u0103 de date la nivelul \u0163\u0103rii cu prec\u0103dere pentru biomasa agricol\u0103 \u0219i forestier\u0103 secundar\u0103, iar prin analiza complex\u0103 a amestecurilor de biocombustibili, se va defini o matrice a gamei biocombustibililor viitorului, care vor fi testa\u021bi pe o instala\u021bie pilot de ardere \u0219i pe un motor diesel, viz\u00e2nd ob\u021binerea de noi tehnologii brevetabile, c\u00e2t \u015fi valorificarea biomasei \u020bntr-un flux integrat cu cel de produc\u021bie \u0219i stocare a hidrogenului de metanizare \u0219i astfel o reducere durabil\u0103 a emisiei de CO2.<\/li>\n<li>Evolu\u0163ia solu\u0163iilor de stocare pe termen lung pentru o energie sustenabil\u0103 din punct de vedere ecologic. Cre\u015fterea ponderii SRE are ca efect transform\u0103ri puternice ale sistemului energetic, pentru a putea absorbi varia\u0163iile de produc\u0163ie a diverselor componente SRE \u015fi implicit de g\u0103sire a solu\u0163iilor de stocare pe termen mediu \u0219i lung. Noile tehnologii de electroliz\u0103 \u015fi metanizare, fig. 1, produc hidrogen \u0219i metan, care apoi pot fi utilizate pentru producerea de energie.<\/li>\n<li>Transform\u0103ri ale sistemului energetic prin maximizarea produc\u0163iei de energie din surse regenerabile \u2013 verificarea pe baza unei instala\u0163ii pilot. Scopul esen\u0163ial este de a demonstra fezabilitatea proiectului prin determin\u0103ri experimentale pe o instala\u0163ie pilot, facilit\u00e2nd preluarea rezultatelor cercet\u0103rilor de mediul industrial.<\/li><\/ul>\n","protected":false},"excerpt":{"rendered":"<p>&nbsp; Obiectivul general al proiectului HORESEC const\u0103 \u00een dezvoltarea de noi instrumente, metode, modele \u0219i tehnologii, prin care, pe baza evalu\u0103rii impactului cre\u0219terii ponderii SRE \u00een produc\u0163ia de energie \u0219i a dinamicii raportului dintre energia termic\u0103 \u0219i electric\u0103 pentru o minimizare a costurilor \u0219i maximizare a eficien\u021bei. Proiectul urmeaz\u0103 s\u0103 prezinte solu\u021bii testate pe o [&hellip;]<\/p>\n","protected":false},"author":4,"featured_media":0,"parent":0,"menu_order":0,"comment_status":"closed","ping_status":"closed","template":"","meta":{"footnotes":""},"class_list":["post-29","page","type-page","status-publish","hentry"],"_links":{"self":[{"href":"https:\/\/cmu-edu.eu\/horesec\/wp-json\/wp\/v2\/pages\/29","targetHints":{"allow":["GET"]}}],"collection":[{"href":"https:\/\/cmu-edu.eu\/horesec\/wp-json\/wp\/v2\/pages"}],"about":[{"href":"https:\/\/cmu-edu.eu\/horesec\/wp-json\/wp\/v2\/types\/page"}],"author":[{"embeddable":true,"href":"https:\/\/cmu-edu.eu\/horesec\/wp-json\/wp\/v2\/users\/4"}],"replies":[{"embeddable":true,"href":"https:\/\/cmu-edu.eu\/horesec\/wp-json\/wp\/v2\/comments?post=29"}],"version-history":[{"count":4,"href":"https:\/\/cmu-edu.eu\/horesec\/wp-json\/wp\/v2\/pages\/29\/revisions"}],"predecessor-version":[{"id":33,"href":"https:\/\/cmu-edu.eu\/horesec\/wp-json\/wp\/v2\/pages\/29\/revisions\/33"}],"wp:attachment":[{"href":"https:\/\/cmu-edu.eu\/horesec\/wp-json\/wp\/v2\/media?parent=29"}],"curies":[{"name":"wp","href":"https:\/\/api.w.org\/{rel}","templated":true}]}}