{"id":35,"date":"2018-09-03T12:44:21","date_gmt":"2018-09-03T09:44:21","guid":{"rendered":"https:\/\/cmu-edu.eu\/horesec\/?page_id=35"},"modified":"2018-09-06T11:41:28","modified_gmt":"2018-09-06T08:41:28","slug":"detali-proiect","status":"publish","type":"page","link":"https:\/\/cmu-edu.eu\/horesec\/detali-proiect\/","title":{"rendered":"Activit\u0103\u021bi Proiect"},"content":{"rendered":"<p><strong>PN-III-P1-1.2-PCCDI-2017-0404 \/ 31PCCDI\/2018<\/strong><br \/>\n<div class=\"divider\" style=\"margin-top:1px; margin-bottom:1px; border-top:1px solid #CCCCCC;width:100%\"\/><\/div><br \/>\n<strong>Finantare<\/strong>: bugetul de stat<br \/>\n<div class=\"divider\" style=\"margin-top:1px; margin-bottom:1px; border-top:1px solid #CCCCCC;width:100%\"\/><\/div><br \/>\n<strong>Denumirea programului din PN III:<\/strong> Programul 1:Dezvoltarea sistemului national de cercetare-dezvoltare<br \/>\n<div class=\"divider\" style=\"margin-top:1px; margin-bottom:1px; border-top:1px solid #CCCCCC;width:100%\"\/><\/div><br \/>\n<strong>Denumirea subprogramului:<\/strong> Subprogramul 1.2: Performan\u021b\u0103 institu\u021bional\u0103<br \/>\n<div class=\"divider\" style=\"margin-top:1px; margin-bottom:1px; border-top:1px solid #CCCCCC;width:100%\"\/><\/div><br \/>\n<strong>Tip de proiect:<\/strong> Proiecte complexe realizate \u00een consor\u0163ii CDI<br \/>\n<div class=\"divider\" style=\"margin-top:1px; margin-bottom:1px; border-top:1px solid #CCCCCC;width:100%\"\/><\/div><br \/>\n<strong>Titlul proiectului complex:<\/strong> HOLISTICA IMPACTULUI SURSELOR REGENERABILE DE ENERGIE ASUPRA MEDIULUI \u015eI CLIMEI<br \/>\n<div class=\"divider\" style=\"margin-top:1px; margin-bottom:1px; border-top:1px solid #CCCCCC;width:100%\"\/><\/div><br \/>\n<strong>Acronim proiect:<\/strong> HORESEC<br \/>\n<div class=\"divider\" style=\"margin-top:1px; margin-bottom:1px; border-top:1px solid #CCCCCC;width:100%\"\/><\/div><br \/>\n<strong>Valoarea total\u0103 a contractului:<\/strong> 5.287.500 lei<br \/>\n<div class=\"divider\" style=\"margin-top:1px; margin-bottom:1px; border-top:1px solid #CCCCCC;width:100%\"\/><\/div><br \/>\n<strong>Durata contractului:<\/strong> 33 luni<br \/>\n<div class=\"divider\" style=\"margin-top:1px; margin-bottom:1px; border-top:1px solid #CCCCCC;width:100%\"\/><\/div><br \/>\n<strong>Prioada de realizare<\/strong>: 01.03.2018-30.11.2020<br \/>\n<div class=\"divider\" style=\"margin-top:1px; margin-bottom:1px; border-top:1px solid #CCCCCC;width:100%\"\/><\/div><br \/>\n<strong>Autoritatea Contractant\u0103:<\/strong> Unitatea Executiv\u0103 pentru Finan\u021barea \u00cenv\u0103\u021b\u0103m\u00e2ntului Superior, a Cercet\u0103rii, Dezvolt\u0103rii \u0219i Inov\u0103rii<br \/>\n<div class=\"divider\" style=\"margin-top:1px; margin-bottom:1px; border-top:1px solid #CCCCCC;width:100%\"\/><\/div><br \/>\n<strong>Director de proiect:<\/strong> Prof.univ.dr.ing. Cornel PANAIT<\/p>\n<p>&nbsp;<\/p>\n","protected":false},"excerpt":{"rendered":"<p>PN-III-P1-1.2-PCCDI-2017-0404 \/ 31PCCDI\/2018 Finantare: bugetul de stat Denumirea programului din PN III: Programul 1:Dezvoltarea sistemului national de cercetare-dezvoltare Denumirea subprogramului: Subprogramul 1.2: Performan\u021b\u0103 institu\u021bional\u0103 Tip de proiect: Proiecte complexe realizate \u00een consor\u0163ii CDI Titlul proiectului complex: HOLISTICA IMPACTULUI SURSELOR REGENERABILE DE ENERGIE ASUPRA MEDIULUI \u015eI CLIMEI Acronim proiect: HORESEC Valoarea total\u0103 a contractului: 5.287.500 lei [&hellip;]<\/p>\n","protected":false},"author":4,"featured_media":0,"parent":0,"menu_order":0,"comment_status":"closed","ping_status":"closed","template":"","meta":{"footnotes":""},"class_list":["post-35","page","type-page","status-publish","hentry"],"_links":{"self":[{"href":"https:\/\/cmu-edu.eu\/horesec\/wp-json\/wp\/v2\/pages\/35","targetHints":{"allow":["GET"]}}],"collection":[{"href":"https:\/\/cmu-edu.eu\/horesec\/wp-json\/wp\/v2\/pages"}],"about":[{"href":"https:\/\/cmu-edu.eu\/horesec\/wp-json\/wp\/v2\/types\/page"}],"author":[{"embeddable":true,"href":"https:\/\/cmu-edu.eu\/horesec\/wp-json\/wp\/v2\/users\/4"}],"replies":[{"embeddable":true,"href":"https:\/\/cmu-edu.eu\/horesec\/wp-json\/wp\/v2\/comments?post=35"}],"version-history":[{"count":8,"href":"https:\/\/cmu-edu.eu\/horesec\/wp-json\/wp\/v2\/pages\/35\/revisions"}],"predecessor-version":[{"id":53,"href":"https:\/\/cmu-edu.eu\/horesec\/wp-json\/wp\/v2\/pages\/35\/revisions\/53"}],"wp:attachment":[{"href":"https:\/\/cmu-edu.eu\/horesec\/wp-json\/wp\/v2\/media?parent=35"}],"curies":[{"name":"wp","href":"https:\/\/api.w.org\/{rel}","templated":true}]}}