{"id":92,"date":"2019-07-01T09:11:23","date_gmt":"2019-07-01T06:11:23","guid":{"rendered":"https:\/\/cmu-edu.eu\/horesec\/?page_id=92"},"modified":"2020-11-11T11:28:14","modified_gmt":"2020-11-11T09:28:14","slug":"prezentarea-sistem-energii-regenerabile","status":"publish","type":"page","link":"https:\/\/cmu-edu.eu\/horesec\/prezentarea-sistem-energii-regenerabile\/","title":{"rendered":"Prezentare sistem de energii regenerabile"},"content":{"rendered":"<p>In cadrul proiectului <strong><em>\u201cInstalatie complexa cu surse diferite de energii regenerabile cu functionalitate on si off-grid in scopul analizei calitatii energiei electrice intr-o retea de tip smart-grid\u201d<\/em><\/strong> cod CPV 31682000-0, acronim <strong><em>HORESEC<\/em><\/strong>, a fost realizat la Baza Nautica a Universitatii un sistem combinat de energii regenerabile eolian-fotovoltaic-motogenerator. Sistemul a fost in intregime proiectat si realizat la UMC in scopul testarii combinate a eficientei functionarii in mod on-grid si off-grid.<br \/>\n<div class=\"clearfix ap-row\"><div class=\"ap_column ap-span4\">Generatorul fotovoltaic este compus din 21 panouri fotovoltaice policristaline totalizand 5000w, care alimenteaza direct un invertor on grid de tip Sunny Tripower de 5,5kW tip STP 500TL-20 produs de SMA , si furnizeaza in mod normal energie in ret eaua trifazata a UMC. Acest invertor lucreaza impreuna cu un sistem de trei invertoare off-grid Sunny Island 4.4M-12 de 3,5kW fiecare, permitand astfel functionarea in sistem trifazat in mod on-grid si off-grid. Managementul intregului system de invertoare este realizat de primul invertor Sunny Island din partea stanga, care este configurat ca Master.<\/div>\n<div class=\"ap_column ap-span2\"><a href=\"https:\/\/cmu-edu.eu\/horesec\/wp-content\/uploads\/sites\/17\/2019\/07\/2.jpg\"><img loading=\"lazy\" decoding=\"async\" class=\"alignleft wp-image-94 size-large\" src=\"https:\/\/cmu-edu.eu\/horesec\/wp-content\/uploads\/sites\/17\/2019\/07\/2-1024x768.jpg\" alt=\"\" width=\"640\" height=\"480\" srcset=\"https:\/\/cmu-edu.eu\/horesec\/wp-content\/uploads\/sites\/17\/2019\/07\/2-1024x768.jpg 1024w, https:\/\/cmu-edu.eu\/horesec\/wp-content\/uploads\/sites\/17\/2019\/07\/2-300x225.jpg 300w, https:\/\/cmu-edu.eu\/horesec\/wp-content\/uploads\/sites\/17\/2019\/07\/2-768x576.jpg 768w, https:\/\/cmu-edu.eu\/horesec\/wp-content\/uploads\/sites\/17\/2019\/07\/2-135x100.jpg 135w, https:\/\/cmu-edu.eu\/horesec\/wp-content\/uploads\/sites\/17\/2019\/07\/2.jpg 1300w\" sizes=\"auto, (max-width: 640px) 100vw, 640px\" \/><\/a><\/div><\/div><br \/>\n<div class=\"divider\" style=\"margin-top:5px; margin-bottom:5px; border-top:1px solid #CCCCCC;width:100%\"\/><\/div><br \/>\n<span style=\"font-size: 26px\"><strong><a href=\"https:\/\/cmu-edu.eu\/horesec\/wp-content\/uploads\/sites\/17\/2019\/07\/Un-sistem-combinat-de-energii-regenerabile-eolian.pdf\" target=\"_blank\" rel=\"noopener noreferrer\">Descarc\u0103 descrierea complet\u0103<\/a><\/strong><\/span><br \/>\n<div class=\"divider\" style=\"margin-top:5px; margin-bottom:5px; border-top:1px solid #CCCCCC;width:100%\"\/><\/div><\/p>\n<p><div class=\"clearfix ap-row\"><div class=\"ap_column ap-span2\">Generatorul eolian este o turbina de 3 kW\/220 V de la Bornay (Spania) , care poate sa lucreze fie cu un controller de baterii pentru BMZ battery bank, fie cu un invertor on grid trifazat, caz in care poate furniza energie in reteaua trifazata. Turbina eoliana este amplasata pe un stalp de 12m inaltime si este situata in apropierea unei statii meteorologice profesionale executata de Logotronic\u00a0 si care furnizeaza valoarea vitezei si directiei vantului cu mare precizie, in scopul analizelor de randament al turbine eoliene.<\/div>\n<div class=\"ap_column ap-span2\"><a href=\"https:\/\/cmu-edu.eu\/horesec\/wp-content\/uploads\/sites\/17\/2019\/07\/5.jpg\"><img loading=\"lazy\" decoding=\"async\" class=\"alignleft wp-image-97 size-large\" src=\"https:\/\/cmu-edu.eu\/horesec\/wp-content\/uploads\/sites\/17\/2019\/07\/5-1024x768.jpg\" alt=\"\" width=\"640\" height=\"480\" srcset=\"https:\/\/cmu-edu.eu\/horesec\/wp-content\/uploads\/sites\/17\/2019\/07\/5-1024x768.jpg 1024w, https:\/\/cmu-edu.eu\/horesec\/wp-content\/uploads\/sites\/17\/2019\/07\/5-300x225.jpg 300w, https:\/\/cmu-edu.eu\/horesec\/wp-content\/uploads\/sites\/17\/2019\/07\/5-768x576.jpg 768w, https:\/\/cmu-edu.eu\/horesec\/wp-content\/uploads\/sites\/17\/2019\/07\/5-135x100.jpg 135w, https:\/\/cmu-edu.eu\/horesec\/wp-content\/uploads\/sites\/17\/2019\/07\/5.jpg 1300w\" sizes=\"auto, (max-width: 640px) 100vw, 640px\" \/><\/a><\/div>\n<div class=\"ap_column ap-span2\"><a href=\"https:\/\/cmu-edu.eu\/horesec\/wp-content\/uploads\/sites\/17\/2019\/07\/9.jpg\"><img loading=\"lazy\" decoding=\"async\" class=\"alignleft wp-image-102 size-large\" src=\"https:\/\/cmu-edu.eu\/horesec\/wp-content\/uploads\/sites\/17\/2019\/07\/9-1024x768.jpg\" alt=\"\" width=\"640\" height=\"480\" srcset=\"https:\/\/cmu-edu.eu\/horesec\/wp-content\/uploads\/sites\/17\/2019\/07\/9-1024x768.jpg 1024w, https:\/\/cmu-edu.eu\/horesec\/wp-content\/uploads\/sites\/17\/2019\/07\/9-300x225.jpg 300w, https:\/\/cmu-edu.eu\/horesec\/wp-content\/uploads\/sites\/17\/2019\/07\/9-768x576.jpg 768w, https:\/\/cmu-edu.eu\/horesec\/wp-content\/uploads\/sites\/17\/2019\/07\/9-135x100.jpg 135w, https:\/\/cmu-edu.eu\/horesec\/wp-content\/uploads\/sites\/17\/2019\/07\/9.jpg 1302w\" sizes=\"auto, (max-width: 640px) 100vw, 640px\" \/><\/a><\/div><\/div><br \/>\n<hr class=\"ap-spacing\" style=\"height:30px\"\/><\/p>\n<p>Pentru varianta off grid s-a optat pentru un banc de baterii\u00a0 Li-Ion produs de\u00a0 firma BMZ, cu tensiunea nominala de 55.5 Vcc si lucrand intre 61.5 V si 45V, cu capacitate de stocare nominala de 6,74 kWh si utilizabila de 5.5 kWh.<\/p>\n<p><div class=\"clearfix ap-row\"><div class=\"ap_column ap-span2\"><a href=\"https:\/\/cmu-edu.eu\/horesec\/wp-content\/uploads\/sites\/17\/2019\/07\/8.jpg\"><img loading=\"lazy\" decoding=\"async\" class=\"alignleft wp-image-101 size-large\" src=\"https:\/\/cmu-edu.eu\/horesec\/wp-content\/uploads\/sites\/17\/2019\/07\/8-1024x768.jpg\" alt=\"\" width=\"640\" height=\"480\" srcset=\"https:\/\/cmu-edu.eu\/horesec\/wp-content\/uploads\/sites\/17\/2019\/07\/8-1024x768.jpg 1024w, https:\/\/cmu-edu.eu\/horesec\/wp-content\/uploads\/sites\/17\/2019\/07\/8-300x225.jpg 300w, https:\/\/cmu-edu.eu\/horesec\/wp-content\/uploads\/sites\/17\/2019\/07\/8-768x576.jpg 768w, https:\/\/cmu-edu.eu\/horesec\/wp-content\/uploads\/sites\/17\/2019\/07\/8-135x100.jpg 135w, https:\/\/cmu-edu.eu\/horesec\/wp-content\/uploads\/sites\/17\/2019\/07\/8.jpg 1379w\" sizes=\"auto, (max-width: 640px) 100vw, 640px\" \/><\/a><\/div>\n<div class=\"ap_column ap-span2\"><a href=\"https:\/\/cmu-edu.eu\/horesec\/wp-content\/uploads\/sites\/17\/2019\/07\/3.jpg\"><img loading=\"lazy\" decoding=\"async\" class=\"alignleft wp-image-95 size-large\" src=\"https:\/\/cmu-edu.eu\/horesec\/wp-content\/uploads\/sites\/17\/2019\/07\/3-1024x768.jpg\" alt=\"\" width=\"640\" height=\"480\" srcset=\"https:\/\/cmu-edu.eu\/horesec\/wp-content\/uploads\/sites\/17\/2019\/07\/3-1024x768.jpg 1024w, https:\/\/cmu-edu.eu\/horesec\/wp-content\/uploads\/sites\/17\/2019\/07\/3-300x225.jpg 300w, https:\/\/cmu-edu.eu\/horesec\/wp-content\/uploads\/sites\/17\/2019\/07\/3-768x576.jpg 768w, https:\/\/cmu-edu.eu\/horesec\/wp-content\/uploads\/sites\/17\/2019\/07\/3-135x100.jpg 135w, https:\/\/cmu-edu.eu\/horesec\/wp-content\/uploads\/sites\/17\/2019\/07\/3.jpg 1300w\" sizes=\"auto, (max-width: 640px) 100vw, 640px\" \/><\/a><\/div>\n<div class=\"ap_column ap-span2\"><a href=\"https:\/\/cmu-edu.eu\/horesec\/wp-content\/uploads\/sites\/17\/2019\/07\/4.jpg\"><img loading=\"lazy\" decoding=\"async\" class=\"alignleft wp-image-96 size-large\" src=\"https:\/\/cmu-edu.eu\/horesec\/wp-content\/uploads\/sites\/17\/2019\/07\/4-1024x768.jpg\" alt=\"\" width=\"640\" height=\"480\" srcset=\"https:\/\/cmu-edu.eu\/horesec\/wp-content\/uploads\/sites\/17\/2019\/07\/4-1024x768.jpg 1024w, https:\/\/cmu-edu.eu\/horesec\/wp-content\/uploads\/sites\/17\/2019\/07\/4-300x225.jpg 300w, https:\/\/cmu-edu.eu\/horesec\/wp-content\/uploads\/sites\/17\/2019\/07\/4-768x576.jpg 768w, https:\/\/cmu-edu.eu\/horesec\/wp-content\/uploads\/sites\/17\/2019\/07\/4-135x100.jpg 135w, https:\/\/cmu-edu.eu\/horesec\/wp-content\/uploads\/sites\/17\/2019\/07\/4.jpg 1302w\" sizes=\"auto, (max-width: 640px) 100vw, 640px\" \/><\/a><\/div><\/div><br \/>\n<hr class=\"ap-spacing\" style=\"height:10px\"\/><br \/>\nSistemul a fost completat cu pila de combustie de la NEDSTACK care furnizeaz\u0103 maxim 6,7 kW energie electric\u0103 (curent continuu) prin compunerea hidrogenului cu oxigenul din aer rezult\u00e2nd apa, deci nu degaj\u0103 gaze cu efect de ser\u0103; hidrogenul este ob\u021binut \u00een perioadele \u00een care energia furnizat\u0103 de turbin\u0103 eolian\u0103\/panourile fotovoltaice este \u00een exces. Hidrogenul este produs cu electrolizorul \u0219i stocat la presiune joas\u0103 (max 0,4 MPa) \u00een sistemul de 3 butelii. Sistemul de pil\u0103 de combustie s-a proiectat ca variant\u0103 sta\u021bionar\u0103 dar \u0219i ca variant\u0103 mobil\u0103, pentru utilizarea sa ulterioar\u0103 ca propulsie pentru ambarca\u021biuni ecologice.<br \/>\n<hr class=\"ap-spacing\" style=\"height:10px\"\/><br \/>\n<div class=\"clearfix ap-row\"><div class=\"ap_column ap-span1\"><a href=\"https:\/\/cmu-edu.eu\/horesec\/wp-content\/uploads\/sites\/17\/2020\/11\/11.jpg\"><img loading=\"lazy\" decoding=\"async\" class=\"alignleft size-full wp-image-168\" src=\"https:\/\/cmu-edu.eu\/horesec\/wp-content\/uploads\/sites\/17\/2020\/11\/11.jpg\" alt=\"\" width=\"1069\" height=\"1902\" \/><\/a><\/div>\n<div class=\"ap_column ap-span1\"><a href=\"https:\/\/cmu-edu.eu\/horesec\/wp-content\/uploads\/sites\/17\/2020\/11\/20201110_121801.jpg\"><img loading=\"lazy\" decoding=\"async\" class=\"alignleft size-full wp-image-170\" src=\"https:\/\/cmu-edu.eu\/horesec\/wp-content\/uploads\/sites\/17\/2020\/11\/20201110_121801.jpg\" alt=\"\" width=\"896\" height=\"1593\" \/><\/a><\/div>\n<div class=\"ap_column ap-span1\"><a href=\"https:\/\/cmu-edu.eu\/horesec\/wp-content\/uploads\/sites\/17\/2020\/11\/20201110_121137.jpg\"><img loading=\"lazy\" decoding=\"async\" class=\"alignleft size-full wp-image-170\" src=\"https:\/\/cmu-edu.eu\/horesec\/wp-content\/uploads\/sites\/17\/2020\/11\/20201110_121137.jpg\" alt=\"\" width=\"896\" height=\"1593\" \/><\/a><\/div>\n<div class=\"ap_column ap-span1\"><a href=\"https:\/\/cmu-edu.eu\/horesec\/wp-content\/uploads\/sites\/17\/2020\/11\/20201110_123140.jpg\"><img loading=\"lazy\" decoding=\"async\" class=\"alignleft size-full wp-image-171\" src=\"https:\/\/cmu-edu.eu\/horesec\/wp-content\/uploads\/sites\/17\/2020\/11\/20201110_123140.jpg\" alt=\"\" width=\"1937\" height=\"1089\" \/><\/a><\/div>\n<div class=\"ap_column ap-span1\"><a href=\"https:\/\/cmu-edu.eu\/horesec\/wp-content\/uploads\/sites\/17\/2020\/11\/55.jpg\"><img loading=\"lazy\" decoding=\"async\" class=\"alignleft size-full wp-image-171\" src=\"https:\/\/cmu-edu.eu\/horesec\/wp-content\/uploads\/sites\/17\/2020\/11\/55.jpg\" alt=\"\" width=\"1937\" height=\"1089\" \/><\/a><\/div>\n<div class=\"ap_column ap-span1\"><a href=\"https:\/\/cmu-edu.eu\/horesec\/wp-content\/uploads\/sites\/17\/2020\/11\/33.jpg\"><img loading=\"lazy\" decoding=\"async\" class=\"alignleft size-full wp-image-171\" src=\"https:\/\/cmu-edu.eu\/horesec\/wp-content\/uploads\/sites\/17\/2020\/11\/33.jpg\" alt=\"\" width=\"1937\" height=\"1089\" \/><\/a><\/div><\/div><br \/>\n<hr class=\"ap-spacing\" style=\"height:10px\"\/><br \/>\n<div class=\"clearfix ap-row\"><div class=\"ap_column ap-span4\">Metanizatorul de produc\u021bie rom\u00e2neasc\u0103, \u00eencearca sa rezolve una dintre problemele arzatoare ale zilei, \u0219i anume efectul de sera produs de gazele de evacuare ale echipamentelor care ard combustibili fosili. Dispozitivul, produce metan, utiliz\u00e2nd catalizatori speciali, neconsumabili. Pentru producerea metanului se utilizeaz\u0103 hidrogenul produs a\u0219a cum am descris anterior, \u0219i bioxidul de carbon de la evacuarea motorului diesel. Metanul reprezint\u0103 o variant\u0103 mult mai sigur\u0103 de stocare fa\u021b\u0103 de hidrogen. Metanizatorul a fost produs \u00een cadrul proiectului Horesec, de c\u0103tre colectivul condus de Dr.chim. Ionel BALCU de la Institutul Na\u021bional De Cercetare \u2013 Dezvoltare pentru Electrochimie \u0219i Materie Condensat\u0103 Timi\u0219oara.<\/div>\n<div class=\"ap_column ap-span2\"><div style=\"text-align: center;margin: auto\"><a href=\"https:\/\/cmu-edu.eu\/horesec\/wp-content\/uploads\/sites\/17\/2020\/11\/aaa.png\"><img loading=\"lazy\" decoding=\"async\" class=\"\" src=\"https:\/\/cmu-edu.eu\/horesec\/wp-content\/uploads\/sites\/17\/2020\/11\/aaa.png\" alt=\"\" width=\"447\" height=\"312\" \/><\/a><\/div><\/div><\/div><\/p>\n","protected":false},"excerpt":{"rendered":"<p>In cadrul proiectului \u201cInstalatie complexa cu surse diferite de energii regenerabile cu functionalitate on si off-grid in scopul analizei calitatii energiei electrice intr-o retea de tip smart-grid\u201d cod CPV 31682000-0, acronim HORESEC, a fost realizat la Baza Nautica a Universitatii un sistem combinat de energii regenerabile eolian-fotovoltaic-motogenerator. Sistemul a fost in intregime proiectat si realizat [&hellip;]<\/p>\n","protected":false},"author":4,"featured_media":0,"parent":0,"menu_order":0,"comment_status":"closed","ping_status":"closed","template":"","meta":{"footnotes":""},"class_list":["post-92","page","type-page","status-publish","hentry"],"_links":{"self":[{"href":"https:\/\/cmu-edu.eu\/horesec\/wp-json\/wp\/v2\/pages\/92","targetHints":{"allow":["GET"]}}],"collection":[{"href":"https:\/\/cmu-edu.eu\/horesec\/wp-json\/wp\/v2\/pages"}],"about":[{"href":"https:\/\/cmu-edu.eu\/horesec\/wp-json\/wp\/v2\/types\/page"}],"author":[{"embeddable":true,"href":"https:\/\/cmu-edu.eu\/horesec\/wp-json\/wp\/v2\/users\/4"}],"replies":[{"embeddable":true,"href":"https:\/\/cmu-edu.eu\/horesec\/wp-json\/wp\/v2\/comments?post=92"}],"version-history":[{"count":43,"href":"https:\/\/cmu-edu.eu\/horesec\/wp-json\/wp\/v2\/pages\/92\/revisions"}],"predecessor-version":[{"id":184,"href":"https:\/\/cmu-edu.eu\/horesec\/wp-json\/wp\/v2\/pages\/92\/revisions\/184"}],"wp:attachment":[{"href":"https:\/\/cmu-edu.eu\/horesec\/wp-json\/wp\/v2\/media?parent=92"}],"curies":[{"name":"wp","href":"https:\/\/api.w.org\/{rel}","templated":true}]}}