{"id":48,"date":"2024-03-26T12:08:24","date_gmt":"2024-03-26T12:08:24","guid":{"rendered":"https:\/\/cmu-edu.eu\/marehc\/?page_id=48"},"modified":"2025-02-26T12:00:39","modified_gmt":"2025-02-26T12:00:39","slug":"rezultate2024","status":"publish","type":"page","link":"https:\/\/cmu-edu.eu\/marehc\/indicatori-de-rezultat\/rezultate2024\/","title":{"rendered":"Rezultate Iulie 2024"},"content":{"rendered":"<h3><strong>Livrabile Realizate<\/strong><\/h3>\n<ul class=\"lista-doi\">\n<li>Raport de progres prezentat tehnic \u015fi financiar;<\/li>\n<li>Plan de management proprietate intelectual\u0103<\/li>\n<li>Pagin\u0103 web updatat\u0103 la adresa:<\/li>\n<li>Articole elaborate: sus\u021binute \u015fi publicate<\/li>\n<li>Depunerea a 3 proiecte de cercetare depuse la competi\u021bia PED 2024, la adresa <a href=\"https:\/\/uefiscdi.gov.ro\/proiect-experimental-demonstrativ\">Proiect experimental demonstrativ<\/a>, respectiv:<\/li>\n<\/ul>\n<p style=\"text-align: center; margin-top: 20px;\"><span style=\"font-size: 18px;\">PROIECT EXPERIMENTAL DEMONSTRATIV (PED 2024)<\/span><\/p>\n<p style=\"text-align: center;\"><span style=\"font-size: 18px;\">&#8211; propuneri proiecte depuse &#8211;<\/span><\/p>\n<table width=\"107%\">\n<tbody>\n<tr>\n<td width=\"9%\"><strong>Cod Depunere<\/strong><\/td>\n<td width=\"12%\"><strong>Domeniul de \u00eencadrare<\/strong><\/td>\n<td width=\"14%\"><strong>Titlu proiect<\/strong><\/td>\n<td width=\"13%\"><strong>Prenume<\/strong><\/td>\n<td width=\"13%\"><strong>Nume<\/strong><\/td>\n<td width=\"16%\"><strong>Institu\u021bie Coordonatoare<\/strong><\/td>\n<td width=\"16%\"><strong>Partener<\/strong><\/td>\n<\/tr>\n<tr>\n<td width=\"9%\">PN-IV-P7-7.1-PED-2024-0014<\/td>\n<td width=\"12%\">3. Hran\u0103, bioeconomie, resurse naturale, biodiversitate, agricultur\u0103 \u0219i mediu (ASC); Bioeconomie (DSIN); Mediu \u0219i Eco-tehnologii (DSIN)<\/td>\n<td width=\"14%\">Sistem holistic de management bazat pe algoritmi avansati de predictie dinamica a productiei si consumului de energie<\/td>\n<td width=\"13%\">MARIANA<\/td>\n<td width=\"13%\">PANAITESCU<\/td>\n<td width=\"16%\">UNIVERSITATEA MARITIMA DIN CONSTANTA<\/td>\n<td width=\"16%\">BLACK SEA OFFSHORE CENTRE S.R.L.<\/td>\n<\/tr>\n<tr>\n<td width=\"9%\">PN-IV-P7-7.1-PED-2024-0058<\/td>\n<td width=\"12%\">2. Clim\u0103, energie \u0219i mobilitate (ASC); Energie \u0219i mobilitate (DSIN)<\/td>\n<td width=\"14%\">Spa\u021bii de lucru hibride pentru oameni \u0219i vehicule (semi-)autonome<\/td>\n<td width=\"13%\">ANDREEA<\/td>\n<td width=\"13%\">PLATICA<\/td>\n<td width=\"16%\">UNIVERSITATEA MARITIMA DIN CONSTANTA<\/td>\n<td width=\"16%\">BEIA CONSULT INTERNATIONAL S.R.L.<\/td>\n<\/tr>\n<tr>\n<td width=\"9%\">PN-IV-P7-7.1-PED-2024-0263<\/td>\n<td width=\"12%\">2. Clim\u0103, energie \u0219i mobilitate (ASC); Energie \u0219i mobilitate (DSIN)<\/td>\n<td width=\"14%\">MODUL ARZATOR CH4-H2 PENTRU INSTALATII REZIDENTIALE DINTR-UN ORAS INTELIGENT<\/td>\n<td width=\"13%\">GHEORGHE<\/td>\n<td width=\"13%\">LAZAROIU<\/td>\n<td width=\"16%\">UNIVERSITATEA MARITIMA DIN CONSTANTA<\/td>\n<td width=\"16%\">B &amp; C TECH SOLUTIONS SRL<\/td>\n<\/tr>\n<\/tbody>\n<\/table>\n<p>&nbsp;<\/p>\n<h3><strong>Articole publicate<\/strong><\/h3>\n<ul class=\"lista-doi\">\n<li>Lazaroiu, A. C., Panait, C., Seri\u021ban, G., Popescu, C. L., Roscia, M. (2024), MAXIMIZING RENEWABLE ENERGY AND STORAGE INTEGRATION IN UNIVERSITY CAMPUSES. Renewable Energy, ISSN: , Volume 230,sept 2024, 120871, <a href=\"https:\/\/doi.org\/10.1016\/j.renene.2024.120871\">https:\/\/doi.org\/10.1016\/j.renene.2024.120871<\/a>, Q1.<\/li>\n<li>Zhou, S., Han, Y., Zalhaf, A. S., Lehtonen, M., Darwish, M. M., Mahmoud, K., (2024), A NOVEL STOCHASTIC MULTISTAGE DISPATCHING MODEL OF HYBRID BATTERY-ELECTRIC VEHICLE-SUPERCAPACITOR STORAGE SYSTEM TO MINIMIZE THREE-PHASE UNBALANCE, Energy, ISSN: 1873-6785, Volume 296, June 2024, 131174, <a href=\"https:\/\/doi.org\/10.1016\/j.energy.2024.131174\">https:\/\/doi.org\/10.1016\/j.energy.2024.131174<\/a>, Q1.<\/li>\n<li>Mousa, H. H., Mahmoud, K., Lehtonen, M., (2024), RECENT DEVELOPMENTS OF DEMAND\u2010SIDE MANAGEMENT TOWARDS FLEXIBLE DER\u2010RICH POWER SYSTEMS: A SYSTEMATIC REVIEW, IET Generation, Transmission &amp; Distribution, ISSN:2995-5629, Vol 18, Issue 13, pages: 2259-2381, <a href=\"https:\/\/doi.org\/10.1049\/gtd2.13204\">https:\/\/doi.org\/10.1049\/gtd2.13204<\/a><\/li>\n<li>Strejoiu, C, Osman, M. G., Panait, C., Lazaroiu, G., Stoica D., 2024, EFFICIENCY EVALUATION AND PERFORMANCE ANALYSIS OF A PHOTOVOLTAIC PARK CONNECTED TO A 20 KV DISTRIBUTION NETWORK IN GALATI COUNTY, ROMANIA, 9th International Conference on Energy Efficiency and Agricultural Engineering (EE&amp;AE), ISBN: 979-8-3503-6938-0\/24\/$31.00, 27-29 June 2024, Ruse, Bulgaria.<\/li>\n<li>Panaitescu, F-V., Panaitescu, M., Voicu I., Panait P-G., Chircor M., 2024, AUTOMATION SYSTEM FOR WIND TURBINES, 9th International Conference on Energy Efficiency and Agricultural Engineering (EE&amp;AE), ISBN: 979-8-3503-6938-0\/24\/$31.00, 27-29 June 2024, Ruse, Bulgaria.<\/li>\n<li>Zhou, S., Han, Y., Zalhaf, A. S., LEHTONEN, M., Darwish, M. M., &amp; Mahmoud, K <em>RISK-AVERSE BI-LEVEL PLANNING MODEL FOR MAXIMIZING RENEWABLE ENERGY HOSTING CAPACITY VIA EMPOWERING SEASONAL HYDROGEN STORAGE<\/em>, Applied Energy, 2024, 361: 122853, <a href=\"https:\/\/doi.org\/10.1016\/j.apenergy.2024.122853\">https:\/\/doi.org\/10.1016\/j.apenergy.2024.122853<\/a>, Q1.<\/li>\n<li>Malik, F. H., Khan, M. W., Rahman, T. U., Ehtisham, M., Faheem, M., Haider, Z. M., LEHTONEN, M., 2024, <em>A COMPREHENSIVE REVIEW ON VOLTAGE STABILITY IN WIND-INTEGRATED POWER SYSTEMS<\/em>, IEEE Acces, Energies, 17(3), 644, <a href=\"https:\/\/www.mdpi.com\/1996-1073\/17\/3\/644\">https:\/\/www.mdpi.com\/1996-1073\/17\/3\/644<\/a>.<\/li>\n<li>MOUSA, Hossam HH; MAHMOUD, Karar; LEHTONEN, Matti, <em>A COMPREHENSIVE REVIEW ON RECENT DEVELOPMENTS OF HOSTING CAPACITY ESTIMATION AND OPTIMIZATION FOR ACTIVE DISTRIBUTION NETWORKS<\/em>, IEEE Access, (Volume 12) 2024, eISSN: 2169-3536, pages: 18545-18593, DOI: 10.1109\/ACCESS.2024.3359431.<\/li>\n<li>MOUSA, Hossam HH; MAHMOUD, Karar; LEHTONEN, Matti, <em>A COMPREHENSIVE STUDY OF POWER DISTRIBUTION PLANNING PERSPECTIVES: MODELLING, TOOLS, GOALS, AND CRITERIA<\/em>, SVU-International Journal of Engineering Sciences and Applications (2024) 5(2): 7-17, ISSN 2785-9967, eISSN 2735-4571, DOI 10.21608\/svusrc.2024.258169.1169.<\/li>\n<li>Osman, M. G., Strejoiu, C. V., Panait, C., Sima, C. A., Lazaroiu, G., 2024, <em>MICROGRID MODEL FOR EVALUATING THE OPERATIONAL DYNAMICS OF SOLAR-POWERED HYDROGEN PRODUCTION<\/em>, Preprint, doi: 10.20944\/preprints202401.0349.v1. &#8211; 9th International Conference on Energy Efficiency and Agricultural Engineering (EE&amp;AE), ISBN: 979-8-3503-6938-0\/24\/$31.00, 27-29 June 2024, Ruse, Bulgaria<\/li>\n<\/ul>\n<p>&nbsp;<\/p>\n<h3><strong>Indicatori de rezultat<\/strong><\/h3>\n<ul class=\"lista-doi\">\n<li>Particip\u0103ri la conferin\u021be \u0219tiin\u021bifice interna\u021bionale pentru diseminarea rezultatelor: 5<\/li>\n<li>Studen\u021bi PhD implica\u021bi \u020bn proiect: 7<\/li>\n<li>Post doctoranzi implica\u021bi \u020bn proiect: 5<\/li>\n<\/ul>\n","protected":false},"excerpt":{"rendered":"<p>Livrabile Realizate Raport de progres prezentat tehnic \u015fi financiar; Plan de management proprietate intelectual\u0103 Pagin\u0103 web updatat\u0103 la adresa: Articole elaborate: sus\u021binute \u015fi publicate Depunerea a 3 proiecte de cercetare depuse la competi\u021bia PED 2024, la adresa Proiect experimental demonstrativ, respectiv: PROIECT EXPERIMENTAL DEMONSTRATIV (PED 2024) &#8211; propuneri proiecte depuse &#8211; Cod Depunere Domeniul de [&hellip;]<\/p>\n","protected":false},"author":4,"featured_media":0,"parent":11,"menu_order":0,"comment_status":"closed","ping_status":"closed","template":"","meta":{"footnotes":""},"class_list":["post-48","page","type-page","status-publish","hentry"],"_links":{"self":[{"href":"https:\/\/cmu-edu.eu\/marehc\/wp-json\/wp\/v2\/pages\/48","targetHints":{"allow":["GET"]}}],"collection":[{"href":"https:\/\/cmu-edu.eu\/marehc\/wp-json\/wp\/v2\/pages"}],"about":[{"href":"https:\/\/cmu-edu.eu\/marehc\/wp-json\/wp\/v2\/types\/page"}],"author":[{"embeddable":true,"href":"https:\/\/cmu-edu.eu\/marehc\/wp-json\/wp\/v2\/users\/4"}],"replies":[{"embeddable":true,"href":"https:\/\/cmu-edu.eu\/marehc\/wp-json\/wp\/v2\/comments?post=48"}],"version-history":[{"count":23,"href":"https:\/\/cmu-edu.eu\/marehc\/wp-json\/wp\/v2\/pages\/48\/revisions"}],"predecessor-version":[{"id":104,"href":"https:\/\/cmu-edu.eu\/marehc\/wp-json\/wp\/v2\/pages\/48\/revisions\/104"}],"up":[{"embeddable":true,"href":"https:\/\/cmu-edu.eu\/marehc\/wp-json\/wp\/v2\/pages\/11"}],"wp:attachment":[{"href":"https:\/\/cmu-edu.eu\/marehc\/wp-json\/wp\/v2\/media?parent=48"}],"curies":[{"name":"wp","href":"https:\/\/api.w.org\/{rel}","templated":true}]}}