{"id":7,"date":"2023-10-03T08:11:56","date_gmt":"2023-10-03T08:11:56","guid":{"rendered":"https:\/\/cmu-edu.eu\/marehc\/?page_id=7"},"modified":"2024-07-31T08:02:10","modified_gmt":"2024-07-31T08:02:10","slug":"informatii-proiect","status":"publish","type":"page","link":"https:\/\/cmu-edu.eu\/marehc\/informatii-proiect\/","title":{"rendered":"Informa\u021bii proiect"},"content":{"rendered":"<p>Beneficiar: Universitatea Maritim\u0103 din Constan\u021ba<br \/>\nAdres\u0103: Str. Mircea cel B\u0103tr\u00een, No. 104, Constanta 900663, Romania<br \/>\n<strong>Contract de finan\u021bare nr. 760111\/23.05.2023, cod CF 48\/14.11.2022, PNRR<\/strong><\/p>\n<p>Persoan\u0103 de contact\/ Responsabil proiect din partea Beneficiar: Prof.dr.ing. Cornel PANAIT<\/p>\n<p>Durat\u0103 proiect: 36 de luni<\/p>\n<p>Buget proiect: 6 995 000 Lei<\/p>\n<p>Cuvinte cheie: decarbonizarea sectorului energetic, stocare circular\u0103, surse regenerabile de energie, integrare<\/p>\n","protected":false},"excerpt":{"rendered":"<p>Beneficiar: Universitatea Maritim\u0103 din Constan\u021ba Adres\u0103: Str. Mircea cel B\u0103tr\u00een, No. 104, Constanta 900663, Romania Contract de finan\u021bare nr. 760111\/23.05.2023, cod CF 48\/14.11.2022, PNRR Persoan\u0103 de contact\/ Responsabil proiect din partea Beneficiar: Prof.dr.ing. Cornel PANAIT Durat\u0103 proiect: 36 de luni Buget proiect: 6 995 000 Lei Cuvinte cheie: decarbonizarea sectorului energetic, stocare circular\u0103, surse regenerabile [&hellip;]<\/p>\n","protected":false},"author":4,"featured_media":0,"parent":0,"menu_order":0,"comment_status":"closed","ping_status":"closed","template":"","meta":{"footnotes":""},"class_list":["post-7","page","type-page","status-publish","hentry"],"_links":{"self":[{"href":"https:\/\/cmu-edu.eu\/marehc\/wp-json\/wp\/v2\/pages\/7","targetHints":{"allow":["GET"]}}],"collection":[{"href":"https:\/\/cmu-edu.eu\/marehc\/wp-json\/wp\/v2\/pages"}],"about":[{"href":"https:\/\/cmu-edu.eu\/marehc\/wp-json\/wp\/v2\/types\/page"}],"author":[{"embeddable":true,"href":"https:\/\/cmu-edu.eu\/marehc\/wp-json\/wp\/v2\/users\/4"}],"replies":[{"embeddable":true,"href":"https:\/\/cmu-edu.eu\/marehc\/wp-json\/wp\/v2\/comments?post=7"}],"version-history":[{"count":4,"href":"https:\/\/cmu-edu.eu\/marehc\/wp-json\/wp\/v2\/pages\/7\/revisions"}],"predecessor-version":[{"id":88,"href":"https:\/\/cmu-edu.eu\/marehc\/wp-json\/wp\/v2\/pages\/7\/revisions\/88"}],"wp:attachment":[{"href":"https:\/\/cmu-edu.eu\/marehc\/wp-json\/wp\/v2\/media?parent=7"}],"curies":[{"name":"wp","href":"https:\/\/api.w.org\/{rel}","templated":true}]}}