{"id":1427,"date":"2025-05-12T14:43:32","date_gmt":"2025-05-12T11:43:32","guid":{"rendered":"https:\/\/cmu-edu.eu\/navigatie\/?page_id=1427"},"modified":"2025-05-12T14:44:52","modified_gmt":"2025-05-12T11:44:52","slug":"str-cons","status":"publish","type":"page","link":"https:\/\/cmu-edu.eu\/navigatie\/despre-facultate\/str-cons\/","title":{"rendered":"Structura Consiliilor departamentelor didactice"},"content":{"rendered":"<div>CONSILIUL DEPARTAMENTULUI DE NAVIGA\u021aIE<\/div>\n<ul class=\"lista-doi\">\n<li class=\"x_elementToProof\" data-ogsc=\"rgb(0, 0, 0)\"><strong>Director Departament<\/strong><\/li>\n<li class=\"x_elementToProof\" data-ogsc=\"rgb(0, 0, 0)\">Conf.univ.dr. Anastasia Elena DU\u0218E<\/li>\n<li class=\"x_elementToProof\" data-ogsc=\"rgb(0, 0, 0)\"><strong>Membri: \u00a0\u00a0<\/strong><\/li>\n<li class=\"x_elementToProof\" data-ogsc=\"rgb(0, 0, 0)\">\u0218.l.univ.dr Alina BUSL\u0102<\/li>\n<li class=\"x_elementToProof\" data-ogsc=\"rgb(0, 0, 0)\">\u0218.l.univ.dr. Ramona TROMIADIS<\/li>\n<\/ul>\n<hr class=\"ap-spacing\" style=\"height:10px\"\/>\n<div>CONSILIUL DEPARTAMENTULUI DE \u0218TIIN\u021aE FUNDAMENTALE \u0218I UMANISTE<\/div>\n<ul class=\"lista-doi\">\n<li class=\"x_elementToProof\" data-ogsc=\"rgb(0, 0, 0)\"><strong>Director Departament<\/strong><\/li>\n<li class=\"x_elementToProof\" data-ogsc=\"rgb(0, 0, 0)\">Conf.univ.dr. Anca S\u00ceRBU<\/li>\n<li class=\"x_elementToProof\" data-ogsc=\"rgb(0, 0, 0)\"><strong>Membri:<\/strong><\/li>\n<li class=\"x_elementToProof\" data-ogsc=\"rgb(0, 0, 0)\">Prof.univ.dr. Eliodor CONSTANTINESCU<\/li>\n<li class=\"x_elementToProof\" data-ogsc=\"rgb(0, 0, 0)\">Lect.univ.dr. Sabina Z\u0102GAN<\/li>\n<\/ul>\n<hr class=\"ap-spacing\" style=\"height:10px\"\/>\n<div>CONSILIUL DEPARTAMENTULUI DE MANAGEMENT \u00ceN TRANSPORTURI<\/div>\n<ul class=\"lista-doi\">\n<li class=\"x_elementToProof\" data-ogsc=\"rgb(0, 0, 0)\"><strong>Director Departament<\/strong><\/li>\n<li class=\"x_elementToProof\" data-ogsc=\"rgb(0, 0, 0)\">Lect.univ.dr. Ana Cornelia OLTEANU<\/li>\n<li class=\"x_elementToProof\" data-ogsc=\"rgb(0, 0, 0)\"><strong>Membri:<\/strong><\/li>\n<li class=\"x_elementToProof\" data-ogsc=\"rgb(0, 0, 0)\">Conf.univ.dr. Cristina Maria DRAGOMIR<\/li>\n<li class=\"x_elementToProof\" data-ogsc=\"rgb(0, 0, 0)\">Lect.univ.dr. Alexandru Octavian MICU<\/li>\n<\/ul>\n","protected":false},"excerpt":{"rendered":"<p>CONSILIUL DEPARTAMENTULUI DE NAVIGA\u021aIE Director Departament Conf.univ.dr. Anastasia Elena DU\u0218E Membri: \u00a0\u00a0 \u0218.l.univ.dr Alina BUSL\u0102 \u0218.l.univ.dr. Ramona TROMIADIS CONSILIUL DEPARTAMENTULUI DE \u0218TIIN\u021aE FUNDAMENTALE \u0218I UMANISTE Director Departament Conf.univ.dr. Anca S\u00ceRBU Membri: Prof.univ.dr. Eliodor CONSTANTINESCU Lect.univ.dr. Sabina Z\u0102GAN CONSILIUL DEPARTAMENTULUI DE MANAGEMENT \u00ceN TRANSPORTURI Director Departament Lect.univ.dr. Ana Cornelia OLTEANU Membri: Conf.univ.dr. Cristina Maria DRAGOMIR Lect.univ.dr. [&hellip;]<\/p>\n","protected":false},"author":4,"featured_media":0,"parent":20,"menu_order":0,"comment_status":"closed","ping_status":"closed","template":"","meta":{"footnotes":""},"class_list":["post-1427","page","type-page","status-publish","hentry"],"_links":{"self":[{"href":"https:\/\/cmu-edu.eu\/navigatie\/wp-json\/wp\/v2\/pages\/1427","targetHints":{"allow":["GET"]}}],"collection":[{"href":"https:\/\/cmu-edu.eu\/navigatie\/wp-json\/wp\/v2\/pages"}],"about":[{"href":"https:\/\/cmu-edu.eu\/navigatie\/wp-json\/wp\/v2\/types\/page"}],"author":[{"embeddable":true,"href":"https:\/\/cmu-edu.eu\/navigatie\/wp-json\/wp\/v2\/users\/4"}],"replies":[{"embeddable":true,"href":"https:\/\/cmu-edu.eu\/navigatie\/wp-json\/wp\/v2\/comments?post=1427"}],"version-history":[{"count":3,"href":"https:\/\/cmu-edu.eu\/navigatie\/wp-json\/wp\/v2\/pages\/1427\/revisions"}],"predecessor-version":[{"id":1430,"href":"https:\/\/cmu-edu.eu\/navigatie\/wp-json\/wp\/v2\/pages\/1427\/revisions\/1430"}],"up":[{"embeddable":true,"href":"https:\/\/cmu-edu.eu\/navigatie\/wp-json\/wp\/v2\/pages\/20"}],"wp:attachment":[{"href":"https:\/\/cmu-edu.eu\/navigatie\/wp-json\/wp\/v2\/media?parent=1427"}],"curies":[{"name":"wp","href":"https:\/\/api.w.org\/{rel}","templated":true}]}}