{"id":1495,"date":"2025-10-14T13:53:35","date_gmt":"2025-10-14T10:53:35","guid":{"rendered":"https:\/\/cmu-edu.eu\/navigatie\/?page_id=1495"},"modified":"2025-10-15T08:48:41","modified_gmt":"2025-10-15T05:48:41","slug":"marilog-innov-hub","status":"publish","type":"page","link":"https:\/\/cmu-edu.eu\/navigatie\/marilog-innov-hub\/","title":{"rendered":"Cercetare"},"content":{"rendered":"<h1 style=\"text-align: center;\">Centrul de cercetare Maritime Logistics Innovation HUB<\/h1>\n<h3>Despre noi<\/h3>\n<p>Maritime Logistics Innovation HUB (MLIH) este un centru de excelen\u021b\u0103 \u00een cercetare \u0219i inovare fondat \u00een anul 2025 prin Hot\u0103r\u00e2rea Senatului Universit\u0103\u021bii Maritime din Constan\u021ba (nr. A.13\/24.07.2025). HUB-ul func\u021bioneaz\u0103 \u00een cadrul Facult\u0103\u021bii de Naviga\u021bie \u0219i Transport Naval \u0219i are misiunea de a genera, disemina \u0219i pune \u00een aplicare cuno\u0219tin\u021be avansate \u00een domeniul transporturilor maritime \u0219i logisticii.<br \/>\nCentrul este o punte \u00eentre mediul academic, industrie, autorit\u0103\u021bi \u0219i comunitatea \u0219tiin\u021bific\u0103, sus\u021bin\u00e2nd colaborarea interdisciplinar\u0103 pentru un transport maritim mai inteligent, sigur \u0219i sustenabil.<\/p>\n<h3>Misiune<\/h3>\n<p>S\u0103 devenim un pol regional de referin\u021b\u0103 \u00een cercetarea aplicativ\u0103 \u0219i transferul tehnologic \u00een domeniul logisticii \u0219i transporturilor inteligente, contribuind la dezvoltarea unei economii albastre sustenabile.<\/p>\n<h3>Viziune<\/h3>\n<p>Crearea unui ecosistem integrat de cercetare \u0219i inovare \u00een domeniul maritim, capabil s\u0103 sus\u021bin\u0103 tranzi\u021bia digital\u0103, siguran\u021ba cibernetic\u0103, reducerea emisiilor \u0219i optimizarea lan\u021burilor de aprovizionare, \u00een acord cu standardele interna\u021bionale.<\/p>\n<p><hr class=\"ap-spacing\" style=\"height:20px\"\/><br \/>\n<div class=\"clearfix ap-row\"><div class=\"ap_column ap-span3\"><p><a class=\"but1\" href=\"https:\/\/cmu-edu.eu\/navigatie\/marilog-innov-hub\/domenii-si-directii-de-cercetare-stiintifica\/\"><strong>Domenii \u015fi direc\u0163ii de cercetare \u015ftiin\u0163ific\u0103<\/strong><\/a>\n<a class=\"but1\" href=\"https:\/\/cmu-edu.eu\/navigatie\/marilog-innov-hub\/baza-materiala-cercetare\/\"><strong>Baza material\u0103<\/strong><\/a>\n<a class=\"but1\" href=\"https:\/\/cmu-edu.eu\/navigatie\/marilog-innov-hub\/realizari-si-performante\/\"><strong>Realiz\u0103ri \u015fi performan\u0163e<\/strong><\/a>\n<a class=\"but1\" href=\"https:\/\/cmu-edu.eu\/navigatie\/marilog-innov-hub\/membri\/\"><strong>Membri<\/strong><\/a><\/div>\n<div class=\"ap_column ap-span3\"><h3><strong>Contact<\/strong><\/h3>\n<ul class=\"lista-doi\">\n<li><strong>Coordonator centru:<\/strong> Conf.univ.dr.ing. Nicoleta Acomi<\/li>\n<li><strong>Adresa:<\/strong> Str. Mircea cel B\u0103tr\u00e2n, Nr 104<\/li>\n<li><strong>E-mail:<\/strong> nicoleta.acomi@cmu-edu.eu<\/li>\n<li><strong>Telefon:<\/strong> 0721287877<\/li>\n<\/ul><\/div><\/div><\/p>\n<p>&nbsp;<\/p>\n","protected":false},"excerpt":{"rendered":"<p>Centrul de cercetare Maritime Logistics Innovation HUB Despre noi Maritime Logistics Innovation HUB (MLIH) este un centru de excelen\u021b\u0103 \u00een cercetare \u0219i inovare fondat \u00een anul 2025 prin Hot\u0103r\u00e2rea Senatului Universit\u0103\u021bii Maritime din Constan\u021ba (nr. A.13\/24.07.2025). HUB-ul func\u021bioneaz\u0103 \u00een cadrul Facult\u0103\u021bii de Naviga\u021bie \u0219i Transport Naval \u0219i are misiunea de a genera, disemina \u0219i pune [&hellip;]<\/p>\n","protected":false},"author":4,"featured_media":0,"parent":0,"menu_order":0,"comment_status":"closed","ping_status":"closed","template":"","meta":{"footnotes":""},"class_list":["post-1495","page","type-page","status-publish","hentry"],"_links":{"self":[{"href":"https:\/\/cmu-edu.eu\/navigatie\/wp-json\/wp\/v2\/pages\/1495","targetHints":{"allow":["GET"]}}],"collection":[{"href":"https:\/\/cmu-edu.eu\/navigatie\/wp-json\/wp\/v2\/pages"}],"about":[{"href":"https:\/\/cmu-edu.eu\/navigatie\/wp-json\/wp\/v2\/types\/page"}],"author":[{"embeddable":true,"href":"https:\/\/cmu-edu.eu\/navigatie\/wp-json\/wp\/v2\/users\/4"}],"replies":[{"embeddable":true,"href":"https:\/\/cmu-edu.eu\/navigatie\/wp-json\/wp\/v2\/comments?post=1495"}],"version-history":[{"count":4,"href":"https:\/\/cmu-edu.eu\/navigatie\/wp-json\/wp\/v2\/pages\/1495\/revisions"}],"predecessor-version":[{"id":1514,"href":"https:\/\/cmu-edu.eu\/navigatie\/wp-json\/wp\/v2\/pages\/1495\/revisions\/1514"}],"wp:attachment":[{"href":"https:\/\/cmu-edu.eu\/navigatie\/wp-json\/wp\/v2\/media?parent=1495"}],"curies":[{"name":"wp","href":"https:\/\/api.w.org\/{rel}","templated":true}]}}